{"id":27,"date":"2026-04-29T06:47:28","date_gmt":"2026-04-29T06:47:28","guid":{"rendered":"https:\/\/airmezvip.com\/?post_type=product&#038;p=27"},"modified":"2026-04-29T06:56:43","modified_gmt":"2026-04-29T06:56:43","slug":"airmez-20k","status":"publish","type":"product","link":"https:\/\/airmezvip.com\/pl\/produkt\/airmez-20k\/","title":{"rendered":"Airmez 20K"},"content":{"rendered":"<h3 data-section-id=\"v3byhu\" data-start=\"125\" data-end=\"204\">Vape jednorazowe Airmez 20K - elegancki wygl\u0105d, wysoka wydajno\u015b\u0107, g\u0142adki smak<\/h3>\n<p data-start=\"206\" data-end=\"464\">The <strong data-start=\"210\" data-end=\"224\">Airmez 20K<\/strong> zosta\u0142 zaprojektowany dla u\u017cytkownik\u00f3w, kt\u00f3rzy oczekuj\u0105 zar\u00f3wno stylu, jak i wydajno\u015bci w jednym urz\u0105dzeniu. Z <strong data-start=\"303\" data-end=\"323\">20 ml e-cieczy<\/strong>, <strong data-start=\"325\" data-end=\"349\">Moc nikotyny 2%<\/strong>, oraz <strong data-start=\"357\" data-end=\"388\">Akumulator o pojemno\u015bci 650 mAh<\/strong>, Ten vape oferuje d\u0142ugotrwa\u0142\u0105 satysfakcj\u0119 w kompaktowej i przeno\u015bnej obudowie.<\/p>\n<p data-start=\"466\" data-end=\"754\">Jego <strong data-start=\"470\" data-end=\"500\">Elegancki i luksusowy design<\/strong> w po\u0142\u0105czeniu z <strong data-start=\"517\" data-end=\"545\">Polerowane metaliczne wyko\u0144czenie<\/strong> nadaje urz\u0105dzeniu wygl\u0105d i styl premium. Wbudowany <strong data-start=\"601\" data-end=\"631\">Wy\u015bwietlacz do precyzyjnego waporyzowania<\/strong> sprawia, \u017ce u\u017cytkowanie jest wygodniejsze, podczas gdy <strong data-start=\"671\" data-end=\"696\">Cewka siatkowa GEN II 1,2\u03a9<\/strong> pomaga zapewni\u0107 p\u0142ynniejsze zaci\u0105ganie i bogat\u0105 konsystencj\u0119 smaku.<\/p>\n<p data-start=\"756\" data-end=\"934\">Niezale\u017cnie od tego, czy szukasz niezawodnego produktu do sprzeda\u017cy detalicznej czy hurtowej, Airmez 20K to dobry wyb\u00f3r z atrakcyjnymi smakami i konkurencyjnymi cenami hurtowymi.<\/p>\n<h3 data-section-id=\"1ma7m6t\" data-start=\"936\" data-end=\"951\">Kluczowe cechy<\/h3>\n<ul data-start=\"953\" data-end=\"1226\">\n<li data-section-id=\"p08j36\" data-start=\"953\" data-end=\"970\"><strong data-start=\"955\" data-end=\"970\">2% Nikotyna<\/strong><\/li>\n<li data-section-id=\"hqoyfa\" data-start=\"971\" data-end=\"993\"><strong data-start=\"973\" data-end=\"993\">20 ml p\u0142ynu E-liquid<\/strong><\/li>\n<li data-section-id=\"16004ji\" data-start=\"994\" data-end=\"1018\"><strong data-start=\"996\" data-end=\"1018\">Do 20 000 zaci\u0105gni\u0119\u0107<\/strong><\/li>\n<li data-section-id=\"k3awsj\" data-start=\"1019\" data-end=\"1051\"><strong data-start=\"1021\" data-end=\"1051\">Elegancki i luksusowy design<\/strong><\/li>\n<li data-section-id=\"1japhl8\" data-start=\"1052\" data-end=\"1082\"><strong data-start=\"1054\" data-end=\"1082\">Polerowane metaliczne wyko\u0144czenie<\/strong><\/li>\n<li data-section-id=\"ewnt4n\" data-start=\"1083\" data-end=\"1109\"><strong data-start=\"1085\" data-end=\"1109\">Kompaktowy i przeno\u015bny<\/strong><\/li>\n<li data-section-id=\"9ys471\" data-start=\"1110\" data-end=\"1142\"><strong data-start=\"1112\" data-end=\"1142\">Wy\u015bwietlacz do precyzyjnego waporyzowania<\/strong><\/li>\n<li data-section-id=\"n98xtm\" data-start=\"1143\" data-end=\"1170\"><strong data-start=\"1145\" data-end=\"1170\">Cewka siatkowa GEN II 1,2\u03a9<\/strong><\/li>\n<li data-section-id=\"h21cut\" data-start=\"1171\" data-end=\"1204\"><strong data-start=\"1173\" data-end=\"1204\">Akumulator o pojemno\u015bci 650 mAh<\/strong><\/li>\n<li data-section-id=\"z0l1d\" data-start=\"1205\" data-end=\"1226\"><strong data-start=\"1207\" data-end=\"1226\">\u0141adowanie typu C<\/strong><\/li>\n<\/ul>\n<h3 data-section-id=\"6904wl\" data-start=\"1228\" data-end=\"1245\">Opcje smakowe<\/h3>\n<ol data-start=\"1247\" data-end=\"1445\">\n<li data-section-id=\"1yp7mvo\" data-start=\"1247\" data-end=\"1261\">L\u00f3d winogronowy<\/li>\n<li data-section-id=\"ogs2a3\" data-start=\"1262\" data-end=\"1281\">L\u00f3d truskawkowy<\/li>\n<li data-section-id=\"10ykjzq\" data-start=\"1282\" data-end=\"1303\">Jagoda na lodzie<\/li>\n<li data-section-id=\"73m7gq\" data-start=\"1304\" data-end=\"1320\">Brzoskwinia Mango<\/li>\n<li data-section-id=\"hjtp7t\" data-start=\"1321\" data-end=\"1332\">Wi\u015bnia<\/li>\n<li data-section-id=\"rvrugg\" data-start=\"1333\" data-end=\"1359\">Arbuz truskawkowy<\/li>\n<li data-section-id=\"1uqm5fd\" data-start=\"1360\" data-end=\"1378\">Jagody mieszane<\/li>\n<li data-section-id=\"1jwhc6m\" data-start=\"1379\" data-end=\"1408\">Kiwi Passion Fruit Guava<\/li>\n<li data-section-id=\"m4zimy\" data-start=\"1409\" data-end=\"1421\">Dr Blue<\/li>\n<li data-section-id=\"1qvcy6s\" data-start=\"1422\" data-end=\"1445\">Banan truskawkowy<\/li>\n<\/ol>\n<h3 data-section-id=\"5ij8zi\" data-start=\"1447\" data-end=\"1465\">Szczeg\u00f3\u0142y pakowania<\/h3>\n<ul data-start=\"1467\" data-end=\"1515\">\n<li data-section-id=\"1f7v8nx\" data-start=\"1467\" data-end=\"1492\"><strong data-start=\"1469\" data-end=\"1492\">5 sztuk \/ pude\u0142ko ekspozycyjne<\/strong><\/li>\n<li data-section-id=\"34qg1c\" data-start=\"1493\" data-end=\"1515\"><strong data-start=\"1495\" data-end=\"1515\">200 sztuk \/ karton<\/strong><\/li>\n<\/ul>\n<h3 data-section-id=\"3o5mz7\" data-start=\"1517\" data-end=\"1534\">Ilo\u015b\u0107 Cena<\/h3>\n<ul data-start=\"1536\" data-end=\"1696\">\n<li data-section-id=\"tslr8i\" data-start=\"1536\" data-end=\"1565\"><strong data-start=\"1538\" data-end=\"1551\">1-15 szt:<\/strong> $33,99 \/ szt.<\/li>\n<li data-section-id=\"utf3kr\" data-start=\"1566\" data-end=\"1596\"><strong data-start=\"1568\" data-end=\"1582\">16-99 szt:<\/strong> $29,99 \/ szt.<\/li>\n<li data-section-id=\"1msy31c\" data-start=\"1597\" data-end=\"1630\"><strong data-start=\"1599\" data-end=\"1616\">100-1000 szt:<\/strong> $25,99 \/ szt.<\/li>\n<li data-section-id=\"1xffat1\" data-start=\"1631\" data-end=\"1665\"><strong data-start=\"1633\" data-end=\"1651\">1001-2000 szt:<\/strong> $22,99 \/ szt.<\/li>\n<li data-section-id=\"qwlaf9\" data-start=\"1666\" data-end=\"1696\"><strong data-start=\"1668\" data-end=\"1682\">2000+ szt:<\/strong> $19,99 \/ szt.<\/li>\n<\/ul>\n<h3 data-section-id=\"at30e7\" data-start=\"1698\" data-end=\"1722\">Dlaczego warto wybra\u0107 Airmez 20K<\/h3>\n<p data-start=\"1724\" data-end=\"2041\">Airmez 20K wyr\u00f3\u017cnia si\u0119 eleganckim wygl\u0105dem, wygodn\u0105 funkcj\u0105 wy\u015bwietlania, p\u0142ynnym dzia\u0142aniem cewki siatkowej i szerok\u0105 gam\u0105 popularnych smak\u00f3w owocowych. Jest on odpowiedni dla dystrybutor\u00f3w, hurtownik\u00f3w i sprzedawc\u00f3w vape poszukuj\u0105cych urz\u0105dzenia \u0142\u0105cz\u0105cego atrakcyjny wygl\u0105d z niezawodn\u0105 wydajno\u015bci\u0105 waporyzacji.<\/p>","protected":false},"excerpt":{"rendered":"<p>&nbsp;<\/p>\n<p>2% Nikotyna<br \/>\n20 ml e-liquidu.<br \/>\nElegancki i luksusowy design<br \/>\nPolerowane metaliczne wyko\u0144czenie<br \/>\nKompaktowy i przeno\u015bny<br \/>\nWy\u015bwietlacz dla precyzyjnego Vape<br \/>\nCewka siatkowa GEN II 1,2\u03a9<br \/>\n650mAh<br \/>\nAkumulator typu C<br \/>\n5 sztuk w pude\u0142ku ekspozycyjnym.<br \/>\n200 sztuk w kartonie<\/p>","protected":false},"featured_media":117,"comment_status":"open","ping_status":"closed","template":"","meta":{"_joinchat":[]},"product_brand":[],"product_cat":[17],"product_tag":[],"class_list":{"0":"post-27","1":"product","2":"type-product","3":"status-publish","4":"has-post-thumbnail","6":"product_cat-e-cigarettes-australia","8":"first","9":"instock","10":"shipping-taxable","11":"purchasable","12":"product-type-variable"},"_links":{"self":[{"href":"https:\/\/airmezvip.com\/pl\/wp-json\/wp\/v2\/product\/27","targetHints":{"allow":["GET"]}}],"collection":[{"href":"https:\/\/airmezvip.com\/pl\/wp-json\/wp\/v2\/product"}],"about":[{"href":"https:\/\/airmezvip.com\/pl\/wp-json\/wp\/v2\/types\/product"}],"replies":[{"embeddable":true,"href":"https:\/\/airmezvip.com\/pl\/wp-json\/wp\/v2\/comments?post=27"}],"wp:featuredmedia":[{"embeddable":true,"href":"https:\/\/airmezvip.com\/pl\/wp-json\/wp\/v2\/media\/117"}],"wp:attachment":[{"href":"https:\/\/airmezvip.com\/pl\/wp-json\/wp\/v2\/media?parent=27"}],"wp:term":[{"taxonomy":"product_brand","embeddable":true,"href":"https:\/\/airmezvip.com\/pl\/wp-json\/wp\/v2\/product_brand?post=27"},{"taxonomy":"product_cat","embeddable":true,"href":"https:\/\/airmezvip.com\/pl\/wp-json\/wp\/v2\/product_cat?post=27"},{"taxonomy":"product_tag","embeddable":true,"href":"https:\/\/airmezvip.com\/pl\/wp-json\/wp\/v2\/product_tag?post=27"}],"curies":[{"name":"wp","href":"https:\/\/api.w.org\/{rel}","templated":true}]}}