{"id":26,"date":"2026-04-29T06:47:27","date_gmt":"2026-04-29T06:47:27","guid":{"rendered":"https:\/\/airmezvip.com\/?post_type=product&#038;p=26"},"modified":"2026-04-29T06:56:43","modified_gmt":"2026-04-29T06:56:43","slug":"airmez-xbeat-40k%ef%bc%882-nicotine-%ef%bc%89","status":"publish","type":"product","link":"https:\/\/airmezvip.com\/pl\/produkt\/airmez-xbeat-40k%ef%bc%882-nicotine-%ef%bc%89\/","title":{"rendered":"Airmez Xbeat 40K \uff082% Nikotyna \uff09"},"content":{"rendered":"<p data-start=\"58\" data-end=\"433\"><strong data-start=\"58\" data-end=\"92\">Airmez Xbeat 40K (2% Nikotyna)<\/strong> to jednorazowe urz\u0105dzenie akumulatorowe o du\u017cej pojemno\u015bci, zaprojektowane z my\u015bl\u0105 zar\u00f3wno o funkcjonalno\u015bci, jak i wygodzie. W zestawie <strong data-start=\"215\" data-end=\"235\">22 ml e-cieczy<\/strong>, <strong data-start=\"237\" data-end=\"261\">Moc nikotyny 2%<\/strong>, oraz <strong data-start=\"269\" data-end=\"288\">Akumulator 1000 mAh<\/strong> do d\u0142ugotrwa\u0142ego u\u017cytkowania. Model ten posiada r\u00f3wnie\u017c <strong data-start=\"339\" data-end=\"368\">wbudowane s\u0142uchawki Hi-Fi<\/strong> oraz <strong data-start=\"373\" data-end=\"390\">Bluetooth 5.0<\/strong>, \u0142\u0105cz\u0105c waporyzacj\u0119 i d\u017awi\u0119k w jednym urz\u0105dzeniu.<\/p>\n<p data-start=\"435\" data-end=\"763\">The <strong data-start=\"439\" data-end=\"462\">System podw\u00f3jnego przep\u0142ywu powietrza<\/strong> umo\u017cliwia bardziej regulowany ci\u0105g, podczas gdy <strong data-start=\"504\" data-end=\"529\">Cewka siatkowa 0,8\u03a9 Gen II<\/strong> zosta\u0142 zaprojektowany, aby zapewni\u0107 sp\u00f3jny smak. Jego <strong data-start=\"588\" data-end=\"607\">konstrukcja magnetyczna<\/strong>, <strong data-start=\"609\" data-end=\"633\">Eleganckie lakierowane wyko\u0144czenie<\/strong>, oraz <strong data-start=\"639\" data-end=\"667\">Port \u0142adowania USB typu C<\/strong> dodaj\u0105 praktyczno\u015bci i nowoczesnego wygl\u0105du, dzi\u0119ki czemu nadaj\u0105 si\u0119 do ekspozycji detalicznej i dostaw hurtowych.<\/p>\n<p data-start=\"765\" data-end=\"845\">Ka\u017cde pude\u0142ko ekspozycyjne zawiera <strong data-start=\"791\" data-end=\"803\">5 sztuk<\/strong>, a ka\u017cdy karton zawiera <strong data-start=\"830\" data-end=\"844\">200 sztuk<\/strong>.<\/p>\n<h2 data-section-id=\"1ma7m6t\" data-start=\"847\" data-end=\"862\">Kluczowe cechy<\/h2>\n<ul data-start=\"863\" data-end=\"1139\">\n<li data-section-id=\"4gp6ec\" data-start=\"863\" data-end=\"883\">22 ml e-cieczy<\/li>\n<li data-section-id=\"ha7itj\" data-start=\"884\" data-end=\"908\">Moc nikotyny 2%<\/li>\n<li data-section-id=\"lhywqo\" data-start=\"909\" data-end=\"938\">Wbudowane s\u0142uchawki Hi-Fi<\/li>\n<li data-section-id=\"fo1ta4\" data-start=\"939\" data-end=\"955\">Podw\u00f3jny przep\u0142yw powietrza<\/li>\n<li data-section-id=\"16bpvvo\" data-start=\"956\" data-end=\"975\">Konstrukcja magnetyczna<\/li>\n<li data-section-id=\"f07fjp\" data-start=\"976\" data-end=\"993\">Bluetooth 5.0<\/li>\n<li data-section-id=\"1qqdcsd\" data-start=\"994\" data-end=\"1020\">Cewka siatkowa II generacji, 0,8\u03a9<\/li>\n<li data-section-id=\"6hy93g\" data-start=\"1021\" data-end=\"1043\">Elegancki wygl\u0105d lakieru<\/li>\n<li data-section-id=\"f56uxo\" data-start=\"1044\" data-end=\"1072\">Port \u0142adowania USB typu C<\/li>\n<li data-section-id=\"5mulwg\" data-start=\"1073\" data-end=\"1092\">Akumulator 1000 mAh<\/li>\n<li data-section-id=\"g66iyd\" data-start=\"1093\" data-end=\"1117\">5 sztuk na pude\u0142ko ekspozycyjne<\/li>\n<li data-section-id=\"wpbol4\" data-start=\"1118\" data-end=\"1139\">200 sztuk w kartonie<\/li>\n<\/ul>\n<h2 data-section-id=\"1nlnn3j\" data-start=\"1141\" data-end=\"1161\">Dost\u0119pne smaki<\/h2>\n<ul data-start=\"1162\" data-end=\"1445\">\n<li data-section-id=\"8r84jo\" data-start=\"1162\" data-end=\"1193\">Truskawka Arbuz Winogrono<\/li>\n<li data-section-id=\"vwyvja\" data-start=\"1194\" data-end=\"1210\">Letni sen<\/li>\n<li data-section-id=\"ivo8wr\" data-start=\"1211\" data-end=\"1235\">Kiwi Grape Raspberry<\/li>\n<li data-section-id=\"ecwm14\" data-start=\"1236\" data-end=\"1257\">Fizzy Cherry Cola<\/li>\n<li data-section-id=\"m5il49\" data-start=\"1258\" data-end=\"1269\">Mr Blue<\/li>\n<li data-section-id=\"1woytqh\" data-start=\"1270\" data-end=\"1289\">Truskawka Kiwi<\/li>\n<li data-section-id=\"1gnje5n\" data-start=\"1290\" data-end=\"1310\">Banan z jagodami<\/li>\n<li data-section-id=\"1ofayj9\" data-start=\"1311\" data-end=\"1327\">Podw\u00f3jne jab\u0142ko<\/li>\n<li data-section-id=\"1d64ckn\" data-start=\"1328\" data-end=\"1345\">L\u00f3d jagodowy<\/li>\n<li data-section-id=\"dk8g8n\" data-start=\"1346\" data-end=\"1364\">Arbuzowy l\u00f3d<\/li>\n<li data-section-id=\"lare8m\" data-start=\"1365\" data-end=\"1383\">Tropical Punch<\/li>\n<li data-section-id=\"1aknb17\" data-start=\"1384\" data-end=\"1399\">Soczysta brzoskwinia<\/li>\n<li data-section-id=\"1idy393\" data-start=\"1400\" data-end=\"1413\">Cola Mint<\/li>\n<li data-section-id=\"1203gfx\" data-start=\"1414\" data-end=\"1431\">L\u00f3d ananasowy<\/li>\n<li data-section-id=\"1sx7sq5\" data-start=\"1432\" data-end=\"1445\">Mango Ice<\/li>\n<\/ul>\n<h2 data-section-id=\"750x4d\" data-start=\"1447\" data-end=\"1457\">Wycena<\/h2>\n<ul data-start=\"1458\" data-end=\"1635\">\n<li data-section-id=\"1swc7pw\" data-start=\"1458\" data-end=\"1494\"><strong data-start=\"1460\" data-end=\"1476\">Poni\u017cej 16 sztuk<\/strong> \u2014 <strong data-start=\"1479\" data-end=\"1492\">$39,99\/szt.<\/strong><\/li>\n<li data-section-id=\"115wau1\" data-start=\"1495\" data-end=\"1528\"><strong data-start=\"1497\" data-end=\"1510\">16-99 szt.<\/strong> \u2014 <strong data-start=\"1513\" data-end=\"1526\">$34,99\/szt.<\/strong><\/li>\n<li data-section-id=\"1w8j6q\" data-start=\"1529\" data-end=\"1565\"><strong data-start=\"1531\" data-end=\"1547\">100-1000 szt.<\/strong> \u2014 <strong data-start=\"1550\" data-end=\"1563\">$29,99\/szt.<\/strong><\/li>\n<li data-section-id=\"1pwdwqk\" data-start=\"1566\" data-end=\"1603\"><strong data-start=\"1568\" data-end=\"1585\">1001-2000 szt.<\/strong> \u2014 <strong data-start=\"1588\" data-end=\"1601\">$25,99\/szt.<\/strong><\/li>\n<li data-section-id=\"1u7hggy\" data-start=\"1604\" data-end=\"1635\"><strong data-start=\"1606\" data-end=\"1619\">2000+ szt.<\/strong> \u2014 <strong data-start=\"1622\" data-end=\"1635\">$23,99\/szt.<\/strong><\/li>\n<\/ul>\n<h2 data-section-id=\"1xw21at\" data-start=\"1637\" data-end=\"1644\">Uwaga<\/h2>\n<p data-start=\"1645\" data-end=\"1832\">Ten produkt zawiera nikotyn\u0119. Nikotyna jest uzale\u017cniaj\u0105c\u0105 substancj\u0105 chemiczn\u0105. Tylko dla doros\u0142ych klient\u00f3w. Nale\u017cy przestrzega\u0107 lokalnych przepis\u00f3w i regulacji dotycz\u0105cych sprzeda\u017cy i u\u017cywania produkt\u00f3w nikotynowych.<\/p>","protected":false},"excerpt":{"rendered":"<h3>Specyfikacja produktu<\/h3>\n<p>22 ml e-liquidu.<br \/>\nWbudowane s\u0142uchawki Hi-Fi.<br \/>\nPodw\u00f3jny przep\u0142yw powietrza.<br \/>\nKonstrukcja magnetyczna<br \/>\nBluetooth 5.0<br \/>\nCewka siatkowa II generacji, 0,8\u03a9.<br \/>\nElegancki wygl\u0105d lakieru.<br \/>\nPort \u0142adowania USB typu C<br \/>\n1000mAh<br \/>\n5 sztuk w pude\u0142ku ekspozycyjnym.<br \/>\n200 sztuk w kartonie<\/p>","protected":false},"featured_media":116,"comment_status":"open","ping_status":"closed","template":"","meta":{"_joinchat":[]},"product_brand":[],"product_cat":[17],"product_tag":[],"class_list":{"0":"post-26","1":"product","2":"type-product","3":"status-publish","4":"has-post-thumbnail","6":"product_cat-e-cigarettes-australia","8":"first","9":"instock","10":"shipping-taxable","11":"purchasable","12":"product-type-variable"},"_links":{"self":[{"href":"https:\/\/airmezvip.com\/pl\/wp-json\/wp\/v2\/product\/26","targetHints":{"allow":["GET"]}}],"collection":[{"href":"https:\/\/airmezvip.com\/pl\/wp-json\/wp\/v2\/product"}],"about":[{"href":"https:\/\/airmezvip.com\/pl\/wp-json\/wp\/v2\/types\/product"}],"replies":[{"embeddable":true,"href":"https:\/\/airmezvip.com\/pl\/wp-json\/wp\/v2\/comments?post=26"}],"wp:featuredmedia":[{"embeddable":true,"href":"https:\/\/airmezvip.com\/pl\/wp-json\/wp\/v2\/media\/116"}],"wp:attachment":[{"href":"https:\/\/airmezvip.com\/pl\/wp-json\/wp\/v2\/media?parent=26"}],"wp:term":[{"taxonomy":"product_brand","embeddable":true,"href":"https:\/\/airmezvip.com\/pl\/wp-json\/wp\/v2\/product_brand?post=26"},{"taxonomy":"product_cat","embeddable":true,"href":"https:\/\/airmezvip.com\/pl\/wp-json\/wp\/v2\/product_cat?post=26"},{"taxonomy":"product_tag","embeddable":true,"href":"https:\/\/airmezvip.com\/pl\/wp-json\/wp\/v2\/product_tag?post=26"}],"curies":[{"name":"wp","href":"https:\/\/api.w.org\/{rel}","templated":true}]}}