{"id":25,"date":"2026-04-29T06:47:26","date_gmt":"2026-04-29T06:47:26","guid":{"rendered":"https:\/\/airmezvip.com\/?post_type=product&#038;p=25"},"modified":"2026-04-29T06:55:39","modified_gmt":"2026-04-29T06:55:39","slug":"airmez-xbeat-40k%ef%bc%885-nicotine%ef%bc%89","status":"publish","type":"product","link":"https:\/\/airmezvip.com\/pl\/produkt\/airmez-xbeat-40k%ef%bc%885-nicotine%ef%bc%89\/","title":{"rendered":"Airmez Xbeat 40K\uff085% nikotyna\uff09"},"content":{"rendered":"<p data-start=\"51\" data-end=\"454\"><strong data-start=\"51\" data-end=\"71\">Airmez Xbeat 40K<\/strong> to jednorazowe urz\u0105dzenie vape o du\u017cej pojemno\u015bci przeznaczone dla u\u017cytkownik\u00f3w, kt\u00f3rzy oczekuj\u0105 zar\u00f3wno wydajno\u015bci, jak i stylu. Posiada ono nast\u0119puj\u0105ce funkcje <strong data-start=\"182\" data-end=\"202\">22 ml e-cieczy<\/strong>, <strong data-start=\"204\" data-end=\"228\">Moc nikotyny 5%<\/strong>, oraz <strong data-start=\"236\" data-end=\"268\">Akumulator o pojemno\u015bci 1000 mAh<\/strong> dla d\u0142ugotrwa\u0142ego u\u017cytkowania. To, co wyr\u00f3\u017cnia ten model, to jego <strong data-start=\"330\" data-end=\"359\">wbudowane s\u0142uchawki Hi-Fi<\/strong> z <strong data-start=\"365\" data-end=\"382\">Bluetooth 5.0<\/strong>, oferuj\u0105c unikalne po\u0142\u0105czenie waporyzacji i muzyki w jednym eleganckim urz\u0105dzeniu.<\/p>\n<p data-start=\"456\" data-end=\"748\">Zbudowany z <strong data-start=\"469\" data-end=\"488\">konstrukcja magnetyczna<\/strong>, <strong data-start=\"490\" data-end=\"513\">System podw\u00f3jnego przep\u0142ywu powietrza<\/strong>, oraz <strong data-start=\"519\" data-end=\"544\">Cewka siatkowa 0,8\u03a9 Gen II<\/strong>, Airmez Xbeat 40K zapewnia g\u0142adk\u0105 par\u0119, bogaty smak i satysfakcjonuj\u0105ce zaci\u0105ganie. Model <strong data-start=\"630\" data-end=\"652\">Eleganckie wyko\u0144czenie farb\u0105<\/strong> dodaje nowoczesnego wygl\u0105du, podczas gdy <strong data-start=\"683\" data-end=\"711\">Port \u0142adowania USB typu C<\/strong> sprawia, \u017ce \u0142adowanie jest szybkie i wygodne.<\/p>\n<p data-start=\"750\" data-end=\"888\">Ka\u017cde pude\u0142ko ekspozycyjne zawiera <strong data-start=\"776\" data-end=\"788\">5 sztuk<\/strong>, a ka\u017cdy karton zawiera <strong data-start=\"815\" data-end=\"829\">200 sztuk<\/strong>, Dzi\u0119ki temu jest to \u015bwietna opcja zar\u00f3wno dla zam\u00f3wie\u0144 detalicznych, jak i hurtowych.<\/p>\n<h3 data-section-id=\"pm8yra\" data-start=\"890\" data-end=\"910\"><span role=\"text\"><strong data-start=\"894\" data-end=\"910\">Kluczowe cechy<\/strong><\/span><\/h3>\n<ul data-start=\"911\" data-end=\"1178\">\n<li data-section-id=\"4gp6ec\" data-start=\"911\" data-end=\"931\">22 ml e-cieczy<\/li>\n<li data-section-id=\"1hhctmt\" data-start=\"932\" data-end=\"947\">5% nikotyna<\/li>\n<li data-section-id=\"lhywqo\" data-start=\"948\" data-end=\"977\">Wbudowane s\u0142uchawki Hi-Fi<\/li>\n<li data-section-id=\"f07fjp\" data-start=\"978\" data-end=\"995\">Bluetooth 5.0<\/li>\n<li data-section-id=\"fo1ta4\" data-start=\"996\" data-end=\"1012\">Podw\u00f3jny przep\u0142yw powietrza<\/li>\n<li data-section-id=\"16bpvvo\" data-start=\"1013\" data-end=\"1032\">Konstrukcja magnetyczna<\/li>\n<li data-section-id=\"1qqdcsd\" data-start=\"1033\" data-end=\"1059\">Cewka siatkowa II generacji, 0,8\u03a9<\/li>\n<li data-section-id=\"6hy93g\" data-start=\"1060\" data-end=\"1082\">Elegancki wygl\u0105d lakieru<\/li>\n<li data-section-id=\"f56uxo\" data-start=\"1083\" data-end=\"1111\">Port \u0142adowania USB typu C<\/li>\n<li data-section-id=\"5mulwg\" data-start=\"1112\" data-end=\"1131\">Akumulator 1000 mAh<\/li>\n<li data-section-id=\"g66iyd\" data-start=\"1132\" data-end=\"1156\">5 sztuk na pude\u0142ko ekspozycyjne<\/li>\n<li data-section-id=\"wpbol4\" data-start=\"1157\" data-end=\"1178\">200 sztuk w kartonie<\/li>\n<\/ul>\n<h3 data-section-id=\"piodt8\" data-start=\"1180\" data-end=\"1205\"><span role=\"text\"><strong data-start=\"1184\" data-end=\"1205\">Dost\u0119pne smaki<\/strong><\/span><\/h3>\n<ul data-start=\"1206\" data-end=\"1464\">\n<li data-section-id=\"1tc490q\" data-start=\"1206\" data-end=\"1223\">Blue Razz Ice<\/li>\n<li data-section-id=\"1ab0p9z\" data-start=\"1224\" data-end=\"1238\">Miami Mint<\/li>\n<li data-section-id=\"dk8g8n\" data-start=\"1239\" data-end=\"1257\">Arbuzowy l\u00f3d<\/li>\n<li data-section-id=\"1q5ylm7\" data-start=\"1258\" data-end=\"1270\">ATL Mint<\/li>\n<li data-section-id=\"u0geyc\" data-start=\"1271\" data-end=\"1289\">L\u00f3d z kwa\u015bnego jab\u0142ka<\/li>\n<li data-section-id=\"i3ow24\" data-start=\"1290\" data-end=\"1313\">Banana Taffy Freeze<\/li>\n<li data-section-id=\"185wshd\" data-start=\"1314\" data-end=\"1334\">Blackberry B-Pop<\/li>\n<li data-section-id=\"168f2fc\" data-start=\"1335\" data-end=\"1346\">Ice Pop<\/li>\n<li data-section-id=\"jrjylz\" data-start=\"1347\" data-end=\"1363\">Blue Rancher<\/li>\n<li data-section-id=\"8wdv10\" data-start=\"1364\" data-end=\"1388\">Malina Brzoskwinia Limonka<\/li>\n<li data-section-id=\"aojwzn\" data-start=\"1389\" data-end=\"1413\">Kwa\u015bny ananas z mango<\/li>\n<li data-section-id=\"fniel5\" data-start=\"1414\" data-end=\"1427\">Cool Mint<\/li>\n<li data-section-id=\"qo03cd\" data-start=\"1428\" data-end=\"1448\">Sour Fcuking Fab<\/li>\n<li data-section-id=\"kbg8xi\" data-start=\"1449\" data-end=\"1464\">Lemon Heads<\/li>\n<\/ul>\n<h3 data-section-id=\"1j85qjy\" data-start=\"1466\" data-end=\"1481\"><span role=\"text\"><strong data-start=\"1470\" data-end=\"1481\">Wycena<\/strong><\/span><\/h3>\n<ul data-start=\"1482\" data-end=\"1661\">\n<li data-section-id=\"1swc7pw\" data-start=\"1482\" data-end=\"1518\"><strong data-start=\"1484\" data-end=\"1500\">Poni\u017cej 16 sztuk<\/strong> \u2014 <strong data-start=\"1503\" data-end=\"1516\">$39,99\/szt.<\/strong><\/li>\n<li data-section-id=\"115wau1\" data-start=\"1519\" data-end=\"1552\"><strong data-start=\"1521\" data-end=\"1534\">16-99 szt.<\/strong> \u2014 <strong data-start=\"1537\" data-end=\"1550\">$34,99\/szt.<\/strong><\/li>\n<li data-section-id=\"1w8j6q\" data-start=\"1553\" data-end=\"1589\"><strong data-start=\"1555\" data-end=\"1571\">100-1000 szt.<\/strong> \u2014 <strong data-start=\"1574\" data-end=\"1587\">$29,99\/szt.<\/strong><\/li>\n<li data-section-id=\"1pwdwqk\" data-start=\"1590\" data-end=\"1627\"><strong data-start=\"1592\" data-end=\"1609\">1001-2000 szt.<\/strong> \u2014 <strong data-start=\"1612\" data-end=\"1625\">$25,99\/szt.<\/strong><\/li>\n<li data-section-id=\"41riua\" data-start=\"1628\" data-end=\"1661\"><strong data-start=\"1630\" data-end=\"1643\">2000+ szt.<\/strong> \u2014 <strong data-start=\"1646\" data-end=\"1659\">$23,99\/szt.<\/strong><\/li>\n<\/ul>\n<p data-start=\"1663\" data-end=\"1759\"><strong data-start=\"1663\" data-end=\"1672\">Uwaga:<\/strong> Ten produkt zawiera nikotyn\u0119. Nikotyna jest uzale\u017cniaj\u0105c\u0105 substancj\u0105 chemiczn\u0105. Wy\u0142\u0105cznie do u\u017cytku przez osoby doros\u0142e.<\/p>","protected":false},"excerpt":{"rendered":"<h3>Specyfikacja produktu<\/h3>\n<p>22 ml e-liquidu.<br \/>\nWbudowane s\u0142uchawki Hi-Fi.<br \/>\nPodw\u00f3jny przep\u0142yw powietrza.<br \/>\nKonstrukcja magnetyczna<br \/>\nBluetooth 5.0<br \/>\nCewka siatkowa II generacji, 0,8\u03a9.<br \/>\nElegancki wygl\u0105d lakieru.<br \/>\nPort \u0142adowania USB typu C<br \/>\n1000mAh<br \/>\n5 sztuk w pude\u0142ku ekspozycyjnym.<br \/>\n200 sztuk w kartonie<\/p>","protected":false},"featured_media":115,"comment_status":"open","ping_status":"closed","template":"","meta":{"_joinchat":[]},"product_brand":[],"product_cat":[17],"product_tag":[],"class_list":{"0":"post-25","1":"product","2":"type-product","3":"status-publish","4":"has-post-thumbnail","6":"product_cat-e-cigarettes-australia","8":"first","9":"instock","10":"shipping-taxable","11":"purchasable","12":"product-type-variable"},"_links":{"self":[{"href":"https:\/\/airmezvip.com\/pl\/wp-json\/wp\/v2\/product\/25","targetHints":{"allow":["GET"]}}],"collection":[{"href":"https:\/\/airmezvip.com\/pl\/wp-json\/wp\/v2\/product"}],"about":[{"href":"https:\/\/airmezvip.com\/pl\/wp-json\/wp\/v2\/types\/product"}],"replies":[{"embeddable":true,"href":"https:\/\/airmezvip.com\/pl\/wp-json\/wp\/v2\/comments?post=25"}],"wp:featuredmedia":[{"embeddable":true,"href":"https:\/\/airmezvip.com\/pl\/wp-json\/wp\/v2\/media\/115"}],"wp:attachment":[{"href":"https:\/\/airmezvip.com\/pl\/wp-json\/wp\/v2\/media?parent=25"}],"wp:term":[{"taxonomy":"product_brand","embeddable":true,"href":"https:\/\/airmezvip.com\/pl\/wp-json\/wp\/v2\/product_brand?post=25"},{"taxonomy":"product_cat","embeddable":true,"href":"https:\/\/airmezvip.com\/pl\/wp-json\/wp\/v2\/product_cat?post=25"},{"taxonomy":"product_tag","embeddable":true,"href":"https:\/\/airmezvip.com\/pl\/wp-json\/wp\/v2\/product_tag?post=25"}],"curies":[{"name":"wp","href":"https:\/\/api.w.org\/{rel}","templated":true}]}}