{"id":24,"date":"2026-04-29T06:47:25","date_gmt":"2026-04-29T06:47:25","guid":{"rendered":"https:\/\/airmezvip.com\/?post_type=product&#038;p=24"},"modified":"2026-04-29T06:54:37","modified_gmt":"2026-04-29T06:54:37","slug":"airmez-25k","status":"publish","type":"product","link":"https:\/\/airmezvip.com\/pl\/produkt\/airmez-25k\/","title":{"rendered":"Airmez 25K"},"content":{"rendered":"<p data-start=\"172\" data-end=\"452\"><strong data-start=\"172\" data-end=\"196\">Airmez Tornado 25000<\/strong> to jednorazowy waporyzator o du\u017cej pojemno\u015bci, zaprojektowany z my\u015bl\u0105 o u\u017cytkownikach oczekuj\u0105cych p\u0142ynnego dzia\u0142ania, d\u0142ugotrwa\u0142ego u\u017cytkowania i szerokiego wyboru popularnych smak\u00f3w. Dzi\u0119ki praktycznej konstrukcji i solidnej specyfikacji jest to dobry wyb\u00f3r zar\u00f3wno dla klient\u00f3w detalicznych, jak i hurtowych.<\/p>\n<p data-start=\"454\" data-end=\"779\">Ten model jest wyposa\u017cony w <strong data-start=\"476\" data-end=\"496\">25 ml e-liquidu<\/strong>, a <strong data-start=\"500\" data-end=\"513\">cewka siatkowa<\/strong>, i <strong data-start=\"518\" data-end=\"549\">Akumulator o pojemno\u015bci 850 mAh<\/strong>, oraz <strong data-start=\"557\" data-end=\"581\">Port \u0142adowania typu C<\/strong> zapewniaj\u0105c p\u0142ynne i niezawodne doznania podczas waporyzacji. Z <strong data-start=\"632\" data-end=\"647\">5% nikotyna<\/strong> i do <strong data-start=\"658\" data-end=\"673\">25000 zaci\u0105gni\u0119\u0107<\/strong>, Jest on odpowiedni dla u\u017cytkownik\u00f3w, kt\u00f3rzy potrzebuj\u0105 urz\u0105dzenia o du\u017cej pojemno\u015bci, sta\u0142ym smaku i wygodnym \u0142adowaniu.<\/p>\n<h3 data-section-id=\"bfe9be\" data-start=\"781\" data-end=\"801\">Cechy produktu<\/h3>\n<ul data-start=\"803\" data-end=\"1070\">\n<li data-section-id=\"7qfcy4\" data-start=\"803\" data-end=\"841\">Nazwa produktu: Airmez Tornado 25000<\/li>\n<li data-section-id=\"dq2tqt\" data-start=\"842\" data-end=\"869\">Liczba puff\u00f3w: 25000 puff\u00f3w<\/li>\n<li data-section-id=\"143z8wq\" data-start=\"870\" data-end=\"895\">Moc nikotyny: 5%<\/li>\n<li data-section-id=\"o6zcec\" data-start=\"896\" data-end=\"923\">Pojemno\u015b\u0107 e-liquidu: 25 ml<\/li>\n<li data-section-id=\"8u54nt\" data-start=\"924\" data-end=\"948\">Typ cewki: Cewka siatkowa<\/li>\n<li data-section-id=\"znchb6\" data-start=\"949\" data-end=\"974\">Port \u0142adowania: Type-C<\/li>\n<li data-section-id=\"1felt4i\" data-start=\"975\" data-end=\"1003\">Pojemno\u015b\u0107 baterii: 850 mAh<\/li>\n<li data-section-id=\"is15ib\" data-start=\"1004\" data-end=\"1039\">Pakowanie: 10 sztuk w pude\u0142ku ekspozycyjnym<\/li>\n<li data-section-id=\"1sl4p9o\" data-start=\"1040\" data-end=\"1070\">Karton: 100 sztuk w ka\u017cdym kartonie<\/li>\n<\/ul>\n<h3 data-section-id=\"10ynmgm\" data-start=\"1072\" data-end=\"1090\">Opcje smakowe<\/h3>\n<ol data-start=\"1092\" data-end=\"1382\">\n<li data-section-id=\"lt51p3\" data-start=\"1092\" data-end=\"1118\">Arbuz truskawkowy<\/li>\n<li data-section-id=\"1w2xu5g\" data-start=\"1119\" data-end=\"1148\">Kiwi Passion Fruit Guava<\/li>\n<li data-section-id=\"10ykjzq\" data-start=\"1149\" data-end=\"1170\">Jagoda na lodzie<\/li>\n<li data-section-id=\"73m7gq\" data-start=\"1171\" data-end=\"1187\">Brzoskwinia Mango<\/li>\n<li data-section-id=\"1hi9xho\" data-start=\"1188\" data-end=\"1207\">L\u00f3d truskawkowy<\/li>\n<li data-section-id=\"11khiag\" data-start=\"1208\" data-end=\"1226\">Jagody mieszane<\/li>\n<li data-section-id=\"1w3hcpd\" data-start=\"1227\" data-end=\"1240\">Lush Ice<\/li>\n<li data-section-id=\"2x29tp\" data-start=\"1241\" data-end=\"1255\">L\u00f3d winogronowy<\/li>\n<li data-section-id=\"vuyd6q\" data-start=\"1256\" data-end=\"1270\">L\u00f3d brzoskwiniowy<\/li>\n<li data-section-id=\"1b2xab5\" data-start=\"1271\" data-end=\"1291\">Lemoniada jagodowa<\/li>\n<li data-section-id=\"xmjkw9\" data-start=\"1292\" data-end=\"1314\">Dragon Fruit Ice<\/li>\n<li data-section-id=\"iwpzmu\" data-start=\"1315\" data-end=\"1333\">Cytryna i limonka<\/li>\n<li data-section-id=\"1vqyzhd\" data-start=\"1334\" data-end=\"1352\">Triple Berry<\/li>\n<li data-section-id=\"2cz00p\" data-start=\"1353\" data-end=\"1365\">Wi\u015bnia<\/li>\n<li data-section-id=\"citwu4\" data-start=\"1366\" data-end=\"1382\">Kwa\u015bne jab\u0142ko<\/li>\n<\/ol>\n<h3 data-section-id=\"p6nu3z\" data-start=\"1384\" data-end=\"1419\">Dlaczego warto wybra\u0107 Airmez Tornado 25000?<\/h3>\n<ul data-start=\"1421\" data-end=\"1713\">\n<li data-section-id=\"1nsk1rm\" data-start=\"1421\" data-end=\"1457\">Do 25000 zaci\u0105gni\u0119\u0107 dla d\u0142u\u017cszego u\u017cytkowania<\/li>\n<li data-section-id=\"1h0si85\" data-start=\"1458\" data-end=\"1492\">25 ml e-liquidu z nikotyn\u0105 5%<\/li>\n<li data-section-id=\"ib0yw8\" data-start=\"1493\" data-end=\"1524\">G\u0142adka para dzi\u0119ki cewce siatkowej<\/li>\n<li data-section-id=\"1g8zwq1\" data-start=\"1525\" data-end=\"1570\">Akumulator z funkcj\u0105 \u0142adowania typu C<\/li>\n<li data-section-id=\"1xyauod\" data-start=\"1571\" data-end=\"1606\">Wiele popularnych opcji smakowych<\/li>\n<li data-section-id=\"uqqhx\" data-start=\"1607\" data-end=\"1659\">Nadaje si\u0119 do ekspozycji detalicznej i dostaw hurtowych<\/li>\n<li data-section-id=\"160n9vs\" data-start=\"1660\" data-end=\"1713\">Praktyczne pakowanie na potrzeby sprzeda\u017cy sklepowej i zam\u00f3wie\u0144 hurtowych<\/li>\n<\/ul>\n<h3 data-section-id=\"hwjiak\" data-start=\"1715\" data-end=\"1725\">Zawiadomienie<\/h3>\n<p data-start=\"1727\" data-end=\"1795\">Cena <strong data-start=\"1740\" data-end=\"1764\">Airmez Tornado 25000<\/strong> zale\u017cy od ilo\u015bci zam\u00f3wienia:<\/p>\n<ul data-start=\"1797\" data-end=\"1902\">\n<li data-section-id=\"130wclv\" data-start=\"1797\" data-end=\"1832\"><strong data-start=\"1799\" data-end=\"1812\">1-15 szt:<\/strong> <strong data-start=\"1813\" data-end=\"1830\">US$26,99 za sztuk\u0119<\/strong><\/li>\n<li data-section-id=\"o602fh\" data-start=\"1833\" data-end=\"1869\"><strong data-start=\"1835\" data-end=\"1850\">16-199 szt:<\/strong> <strong data-start=\"1851\" data-end=\"1867\">US$9,99 za sztuk\u0119<\/strong><\/li>\n<li data-section-id=\"15m7rhb\" data-start=\"1870\" data-end=\"1902\"><strong data-start=\"1872\" data-end=\"1885\">200+ szt:<\/strong> <strong data-start=\"1886\" data-end=\"1902\">US$7,99 za sztuk\u0119<\/strong><\/li>\n<\/ul>\n<p data-start=\"1904\" data-end=\"2010\"><strong data-start=\"1904\" data-end=\"2010\">Cena r\u00f3\u017cni si\u0119 w zale\u017cno\u015bci od ilo\u015bci zam\u00f3wienia. Prosimy o potwierdzenie zakresu ilo\u015bci przed z\u0142o\u017ceniem zam\u00f3wienia.<\/strong><\/p>","protected":false},"excerpt":{"rendered":"<h3>Specyfikacja produktu<\/h3>\n<p>25 ml e-liquidu<br \/>\nSiatkowa cewka<br \/>\nPort typu C<br \/>\n850mAh<br \/>\n10 sztuk w pude\u0142ku ekspozycyjnym<br \/>\n100 sztuk w ka\u017cdym kartonie<\/p>","protected":false},"featured_media":97,"comment_status":"open","ping_status":"closed","template":"","meta":{"_joinchat":[]},"product_brand":[],"product_cat":[16],"product_tag":[],"class_list":{"0":"post-24","1":"product","2":"type-product","3":"status-publish","4":"has-post-thumbnail","6":"product_cat-e-cigarettes-europe","8":"first","9":"instock","10":"shipping-taxable","11":"purchasable","12":"product-type-variable"},"_links":{"self":[{"href":"https:\/\/airmezvip.com\/pl\/wp-json\/wp\/v2\/product\/24","targetHints":{"allow":["GET"]}}],"collection":[{"href":"https:\/\/airmezvip.com\/pl\/wp-json\/wp\/v2\/product"}],"about":[{"href":"https:\/\/airmezvip.com\/pl\/wp-json\/wp\/v2\/types\/product"}],"replies":[{"embeddable":true,"href":"https:\/\/airmezvip.com\/pl\/wp-json\/wp\/v2\/comments?post=24"}],"wp:featuredmedia":[{"embeddable":true,"href":"https:\/\/airmezvip.com\/pl\/wp-json\/wp\/v2\/media\/97"}],"wp:attachment":[{"href":"https:\/\/airmezvip.com\/pl\/wp-json\/wp\/v2\/media?parent=24"}],"wp:term":[{"taxonomy":"product_brand","embeddable":true,"href":"https:\/\/airmezvip.com\/pl\/wp-json\/wp\/v2\/product_brand?post=24"},{"taxonomy":"product_cat","embeddable":true,"href":"https:\/\/airmezvip.com\/pl\/wp-json\/wp\/v2\/product_cat?post=24"},{"taxonomy":"product_tag","embeddable":true,"href":"https:\/\/airmezvip.com\/pl\/wp-json\/wp\/v2\/product_tag?post=24"}],"curies":[{"name":"wp","href":"https:\/\/api.w.org\/{rel}","templated":true}]}}