{"id":23,"date":"2026-04-29T06:47:24","date_gmt":"2026-04-29T06:47:24","guid":{"rendered":"https:\/\/airmezvip.com\/?post_type=product&#038;p=23"},"modified":"2026-04-29T06:53:59","modified_gmt":"2026-04-29T06:53:59","slug":"airmez-matrix-30k","status":"publish","type":"product","link":"https:\/\/airmezvip.com\/pl\/produkt\/airmez-matrix-30k\/","title":{"rendered":"Airmez Matrix 30K"},"content":{"rendered":"<p data-start=\"153\" data-end=\"424\"><strong data-start=\"153\" data-end=\"174\">Airmez Matrix 30K<\/strong> to jednorazowy waporyzator o du\u017cej pojemno\u015bci zaprojektowany z my\u015bl\u0105 o u\u017cytkownikach oczekuj\u0105cych wysokiej wydajno\u015bci, nowoczesnych funkcji i szerokiej gamy popularnych smak\u00f3w. Dzi\u0119ki zaawansowanej konfiguracji i stylowemu wygl\u0105dowi jest to dobry wyb\u00f3r zar\u00f3wno dla klient\u00f3w detalicznych, jak i hurtowych.<\/p>\n<p data-start=\"426\" data-end=\"824\">Ten model jest wyposa\u017cony w <strong data-start=\"448\" data-end=\"463\">5% nikotyna<\/strong>, <strong data-start=\"465\" data-end=\"485\">22 ml e-cieczy<\/strong>, <strong data-start=\"487\" data-end=\"509\">regulowany przep\u0142yw powietrza<\/strong>, oraz <strong data-start=\"518\" data-end=\"549\">Akumulator o pojemno\u015bci 800 mAh<\/strong> zapewniaj\u0105c p\u0142ynne i d\u0142ugotrwa\u0142e doznania podczas waporyzacji. Posiada r\u00f3wnie\u017c <strong data-start=\"618\" data-end=\"641\">Du\u017cy ekran o przek\u0105tnej 2,1 cala<\/strong>, <strong data-start=\"643\" data-end=\"667\">czu\u0142y panel dotykowy<\/strong>, <strong data-start=\"669\" data-end=\"687\">Cewka o oczkach 1,2\u03a9<\/strong>, <strong data-start=\"689\" data-end=\"702\">podw\u00f3jna siatka<\/strong>, oraz <strong data-start=\"708\" data-end=\"727\">\u0141adowanie typu C<\/strong>, Dzi\u0119ki temu jest to praktyczna opcja dla u\u017cytkownik\u00f3w, kt\u00f3rzy chc\u0105 zar\u00f3wno wygody, jak i wydajno\u015bci w jednym urz\u0105dzeniu.<\/p>\n<h3 data-section-id=\"bfe9be\" data-start=\"826\" data-end=\"846\">Cechy produktu<\/h3>\n<ul data-start=\"848\" data-end=\"1223\">\n<li data-section-id=\"1vm47np\" data-start=\"848\" data-end=\"883\">Nazwa produktu: Airmez Matrix 30K<\/li>\n<li data-section-id=\"143z8wq\" data-start=\"884\" data-end=\"909\">Moc nikotyny: 5%<\/li>\n<li data-section-id=\"o52k5f\" data-start=\"910\" data-end=\"937\">Pojemno\u015b\u0107 e-liquidu: 22 ml<\/li>\n<li data-section-id=\"16elqd\" data-start=\"938\" data-end=\"969\">Przep\u0142yw powietrza: Regulowany przep\u0142yw powietrza<\/li>\n<li data-section-id=\"1wnjlof\" data-start=\"970\" data-end=\"1001\">Ekran: Du\u017cy ekran o przek\u0105tnej 2,1 cala<\/li>\n<li data-section-id=\"1tsg2kc\" data-start=\"1002\" data-end=\"1041\">Sterowanie dotykowe: Responsywny panel dotykowy<\/li>\n<li data-section-id=\"lc3anl\" data-start=\"1042\" data-end=\"1072\">Typ cewki: Cewka siatkowa, 1,2\u03a9<\/li>\n<li data-section-id=\"edjbv\" data-start=\"1073\" data-end=\"1102\">Struktura siatki: Podw\u00f3jna siatka<\/li>\n<li data-section-id=\"znchb6\" data-start=\"1103\" data-end=\"1128\">Port \u0142adowania: Type-C<\/li>\n<li data-section-id=\"sy48qf\" data-start=\"1129\" data-end=\"1157\">Pojemno\u015b\u0107 baterii: 800 mAh<\/li>\n<li data-section-id=\"8nblp3\" data-start=\"1158\" data-end=\"1192\">Pakowanie: 5 sztuk w pude\u0142ku ekspozycyjnym<\/li>\n<li data-section-id=\"w65gnj\" data-start=\"1193\" data-end=\"1223\">Karton: 200 sztuk w ka\u017cdym kartonie<\/li>\n<\/ul>\n<h3 data-section-id=\"10ynmgm\" data-start=\"1225\" data-end=\"1243\">Opcje smakowe<\/h3>\n<ol data-start=\"1245\" data-end=\"1495\">\n<li data-section-id=\"pt49fp\" data-start=\"1245\" data-end=\"1264\">Arbuzowy l\u00f3d<\/li>\n<li data-section-id=\"ttb2yf\" data-start=\"1265\" data-end=\"1286\">Jagoda na lodzie<\/li>\n<li data-section-id=\"1536zp2\" data-start=\"1287\" data-end=\"1311\">Bor\u00f3wka Malina<\/li>\n<li data-section-id=\"1rwhy4t\" data-start=\"1312\" data-end=\"1331\">L\u00f3d truskawkowy<\/li>\n<li data-section-id=\"1jyp4b4\" data-start=\"1332\" data-end=\"1346\">L\u00f3d winogronowy<\/li>\n<li data-section-id=\"l61m9q\" data-start=\"1347\" data-end=\"1363\">Mixed Berry<\/li>\n<li data-section-id=\"1q6bpo1\" data-start=\"1364\" data-end=\"1381\">Smoczy owoc<\/li>\n<li data-section-id=\"mjlscy\" data-start=\"1382\" data-end=\"1402\">Truskawka Kiwi<\/li>\n<li data-section-id=\"8bupgv\" data-start=\"1403\" data-end=\"1432\">Kiwi Passion Fruit Guava<\/li>\n<li data-section-id=\"lgtytd\" data-start=\"1433\" data-end=\"1458\">Niebieska kwa\u015bna malina<\/li>\n<li data-section-id=\"1mlhdq5\" data-start=\"1459\" data-end=\"1476\">Cherry Cola<\/li>\n<li data-section-id=\"iwpzmu\" data-start=\"1477\" data-end=\"1495\">Cytryna i limonka<\/li>\n<\/ol>\n<h3 data-section-id=\"md2tja\" data-start=\"1497\" data-end=\"1529\">Dlaczego warto wybra\u0107 Airmez Matrix 30K<\/h3>\n<ul data-start=\"1531\" data-end=\"1870\">\n<li data-section-id=\"126jtc8\" data-start=\"1531\" data-end=\"1570\">Konstrukcja o du\u017cej pojemno\u015bci dla d\u0142u\u017cszego u\u017cytkowania<\/li>\n<li data-section-id=\"1g7fj2a\" data-start=\"1571\" data-end=\"1605\">22 ml e-liquidu z nikotyn\u0105 5%<\/li>\n<li data-section-id=\"1fun8lk\" data-start=\"1606\" data-end=\"1656\">G\u0142adka para dzi\u0119ki cewce siatkowej 1,2\u03a9 i podw\u00f3jnej siatce<\/li>\n<li data-section-id=\"ywezxg\" data-start=\"1657\" data-end=\"1710\">Regulowany przep\u0142yw powietrza dla lepszych wra\u017ce\u0144 z waporyzacji<\/li>\n<li data-section-id=\"1oju6m6\" data-start=\"1711\" data-end=\"1771\">Du\u017cy ekran i czu\u0142y panel dotykowy dla nowoczesnej obs\u0142ugi<\/li>\n<li data-section-id=\"1g8zwq1\" data-start=\"1772\" data-end=\"1817\">Akumulator z funkcj\u0105 \u0142adowania typu C<\/li>\n<li data-section-id=\"uqqhx\" data-start=\"1818\" data-end=\"1870\">Nadaje si\u0119 do ekspozycji detalicznej i dostaw hurtowych<\/li>\n<\/ul>\n<h3 data-section-id=\"hwjiak\" data-start=\"1872\" data-end=\"1882\">Zawiadomienie<\/h3>\n<p data-start=\"1884\" data-end=\"1949\">Cena <strong data-start=\"1897\" data-end=\"1918\">Airmez Matrix 30K<\/strong> zale\u017cy od ilo\u015bci zam\u00f3wienia:<\/p>\n<ul data-start=\"1951\" data-end=\"2057\">\n<li data-section-id=\"l2x9i5\" data-start=\"1951\" data-end=\"1986\"><strong data-start=\"1953\" data-end=\"1966\">1-15 szt:<\/strong> <strong data-start=\"1967\" data-end=\"1984\">US$28,99 za sztuk\u0119<\/strong><\/li>\n<li data-section-id=\"1r9nuet\" data-start=\"1987\" data-end=\"2024\"><strong data-start=\"1989\" data-end=\"2004\">16-199 szt:<\/strong> <strong data-start=\"2005\" data-end=\"2022\">US$10,99 za sztuk\u0119<\/strong><\/li>\n<li data-section-id=\"1vgu9w0\" data-start=\"2025\" data-end=\"2057\"><strong data-start=\"2027\" data-end=\"2040\">200+ szt:<\/strong> <strong data-start=\"2041\" data-end=\"2057\">US$8,99 za sztuk\u0119<\/strong><\/li>\n<\/ul>\n<p data-start=\"2059\" data-end=\"2165\"><strong data-start=\"2059\" data-end=\"2165\">Cena r\u00f3\u017cni si\u0119 w zale\u017cno\u015bci od ilo\u015bci zam\u00f3wienia. Prosimy o potwierdzenie zakresu ilo\u015bci przed z\u0142o\u017ceniem zam\u00f3wienia.<\/strong><\/p>","protected":false},"excerpt":{"rendered":"<h3>Specyfikacja produktu<\/h3>\n<p>5% Nikotyna<br \/>\n22 ml e-liquidu.<br \/>\nRegulowany przep\u0142yw powietrza.<br \/>\nLucky Room to Play<br \/>\nDu\u017cy ekran o przek\u0105tnej 2,1 cala<br \/>\n\u2611 Responsywny panel dotykowy<br \/>\nCewka siatkowa, 1,2\u03a9.<br \/>\nPodw\u00f3jna siatka<br \/>\nBateria wielokrotnego \u0142adowania typu C<br \/>\n800mAh<br \/>\n5 sztuk w pude\u0142ku ekspozycyjnym.<br \/>\n200 sztuk w kartonie<\/p>","protected":false},"featured_media":96,"comment_status":"open","ping_status":"closed","template":"","meta":{"_joinchat":[]},"product_brand":[],"product_cat":[16],"product_tag":[],"class_list":{"0":"post-23","1":"product","2":"type-product","3":"status-publish","4":"has-post-thumbnail","6":"product_cat-e-cigarettes-europe","8":"first","9":"instock","10":"shipping-taxable","11":"purchasable","12":"product-type-variable"},"_links":{"self":[{"href":"https:\/\/airmezvip.com\/pl\/wp-json\/wp\/v2\/product\/23","targetHints":{"allow":["GET"]}}],"collection":[{"href":"https:\/\/airmezvip.com\/pl\/wp-json\/wp\/v2\/product"}],"about":[{"href":"https:\/\/airmezvip.com\/pl\/wp-json\/wp\/v2\/types\/product"}],"replies":[{"embeddable":true,"href":"https:\/\/airmezvip.com\/pl\/wp-json\/wp\/v2\/comments?post=23"}],"wp:featuredmedia":[{"embeddable":true,"href":"https:\/\/airmezvip.com\/pl\/wp-json\/wp\/v2\/media\/96"}],"wp:attachment":[{"href":"https:\/\/airmezvip.com\/pl\/wp-json\/wp\/v2\/media?parent=23"}],"wp:term":[{"taxonomy":"product_brand","embeddable":true,"href":"https:\/\/airmezvip.com\/pl\/wp-json\/wp\/v2\/product_brand?post=23"},{"taxonomy":"product_cat","embeddable":true,"href":"https:\/\/airmezvip.com\/pl\/wp-json\/wp\/v2\/product_cat?post=23"},{"taxonomy":"product_tag","embeddable":true,"href":"https:\/\/airmezvip.com\/pl\/wp-json\/wp\/v2\/product_tag?post=23"}],"curies":[{"name":"wp","href":"https:\/\/api.w.org\/{rel}","templated":true}]}}