{"id":22,"date":"2026-04-29T06:47:23","date_gmt":"2026-04-29T06:47:23","guid":{"rendered":"https:\/\/airmezvip.com\/?post_type=product&#038;p=22"},"modified":"2026-04-29T06:52:41","modified_gmt":"2026-04-29T06:52:41","slug":"airmez-fox-2-in-1","status":"publish","type":"product","link":"https:\/\/airmezvip.com\/pl\/produkt\/airmez-fox-2-in-1\/","title":{"rendered":"Airmez FOX 2 IN 1"},"content":{"rendered":"<p data-start=\"175\" data-end=\"470\"><strong data-start=\"175\" data-end=\"207\">Airmez FOX 2 IN 1 8000 Puffs<\/strong> to kompaktowy i praktyczny jednorazowy waporyzator zaprojektowany z my\u015bl\u0105 o u\u017cytkownikach oczekuj\u0105cych p\u0142ynnego dzia\u0142ania, wygodnego \u0142adowania i dw\u00f3ch opcji smakowych w jednym urz\u0105dzeniu. Dzi\u0119ki stylowemu wygl\u0105dowi i \u0142atwej obs\u0142udze jest to dobry wyb\u00f3r zar\u00f3wno dla klient\u00f3w detalicznych, jak i hurtowych.<\/p>\n<p data-start=\"472\" data-end=\"776\">Ten model jest wyposa\u017cony w <strong data-start=\"494\" data-end=\"515\">15ML \u00d7 2 e-liquidy<\/strong>, a <strong data-start=\"519\" data-end=\"532\">cewka siatkowa<\/strong>, a <strong data-start=\"536\" data-end=\"567\">Akumulator o pojemno\u015bci 650 mAh<\/strong>, oraz <strong data-start=\"575\" data-end=\"599\">Port \u0142adowania typu C<\/strong> dla p\u0142ynnej i niezawodnej waporyzacji. Podw\u00f3jna konstrukcja smakowa 2 w 1 zapewnia u\u017cytkownikom wi\u0119ksz\u0105 r\u00f3\u017cnorodno\u015b\u0107 w jednym urz\u0105dzeniu, dzi\u0119ki czemu jest to praktyczna opcja do codziennego u\u017cytku i masowych dostaw.<\/p>\n<h3 data-section-id=\"bfe9be\" data-start=\"778\" data-end=\"798\">Cechy produktu<\/h3>\n<ul data-start=\"800\" data-end=\"1044\">\n<li data-section-id=\"zsvy0z\" data-start=\"800\" data-end=\"835\">Nazwa produktu: Airmez FOX 2 IN 1<\/li>\n<li data-section-id=\"ol9jre\" data-start=\"836\" data-end=\"862\">Liczba puff\u00f3w: 8000 puff\u00f3w<\/li>\n<li data-section-id=\"1x4v26a\" data-start=\"863\" data-end=\"894\">Pojemno\u015b\u0107 e-liquidu: 15 ml \u00d7 2<\/li>\n<li data-section-id=\"8u54nt\" data-start=\"895\" data-end=\"919\">Typ cewki: Cewka siatkowa<\/li>\n<li data-section-id=\"znchb6\" data-start=\"920\" data-end=\"945\">Port \u0142adowania: Type-C<\/li>\n<li data-section-id=\"106p858\" data-start=\"946\" data-end=\"974\">Pojemno\u015b\u0107 baterii: 650 mAh<\/li>\n<li data-section-id=\"bex9qa\" data-start=\"975\" data-end=\"1009\">Pakowanie: 10 sztuk w pude\u0142ku ekspozycyjnym<\/li>\n<li data-section-id=\"zkx00j\" data-start=\"1010\" data-end=\"1044\">Karton: Mix 200szt w ka\u017cdym kartonie<\/li>\n<\/ul>\n<h3 data-section-id=\"10ynmgm\" data-start=\"1046\" data-end=\"1064\">Opcje smakowe<\/h3>\n<ol data-start=\"1066\" data-end=\"1416\">\n<li data-section-id=\"rc4948\" data-start=\"1066\" data-end=\"1114\">Arbuz truskawkowy, malina truskawkowa<\/li>\n<li data-section-id=\"19uz65s\" data-start=\"1115\" data-end=\"1149\">Lemoniada Blue Razz, Blue Razz<\/li>\n<li data-section-id=\"9rvxxw\" data-start=\"1150\" data-end=\"1192\">Jagoda na lodzie, jagoda z malin\u0105<\/li>\n<li data-section-id=\"q4v41s\" data-start=\"1193\" data-end=\"1229\">Strawberry Kiwi, Strawberry Ice<\/li>\n<li data-section-id=\"1mbl7hv\" data-start=\"1230\" data-end=\"1271\">L\u00f3d arbuzowy, arbuz malinowy<\/li>\n<li data-section-id=\"1x1ls8y\" data-start=\"1272\" data-end=\"1303\">Lemoniada jagodowa, limonka cytrynowa<\/li>\n<li data-section-id=\"1rfnxaa\" data-start=\"1304\" data-end=\"1332\">Owoce tropikalne, Love 66<\/li>\n<li data-section-id=\"fx0ypm\" data-start=\"1333\" data-end=\"1360\">Peach Ice, Mango Peach<\/li>\n<li data-section-id=\"yeos7x\" data-start=\"1361\" data-end=\"1389\">Jagody mieszane, Dr. Blue<\/li>\n<li data-section-id=\"1h25bpc\" data-start=\"1390\" data-end=\"1416\">Grape Ice, Black Ice<\/li>\n<\/ol>\n<h3 data-section-id=\"98yzgg\" data-start=\"1418\" data-end=\"1450\">Dlaczego warto wybra\u0107 Airmez FOX 2 IN 1?<\/h3>\n<ul data-start=\"1452\" data-end=\"1717\">\n<li data-section-id=\"15nx2ez\" data-start=\"1452\" data-end=\"1492\">Kompaktowa i wygodna konstrukcja 2 w 1<\/li>\n<li data-section-id=\"ib0yw8\" data-start=\"1493\" data-end=\"1524\">G\u0142adka para dzi\u0119ki cewce siatkowej<\/li>\n<li data-section-id=\"1g8zwq1\" data-start=\"1525\" data-end=\"1570\">Akumulator z funkcj\u0105 \u0142adowania typu C<\/li>\n<li data-section-id=\"1a9minq\" data-start=\"1571\" data-end=\"1610\">Podw\u00f3jne opcje smakowe w jednym urz\u0105dzeniu<\/li>\n<li data-section-id=\"uqqhx\" data-start=\"1611\" data-end=\"1663\">Nadaje si\u0119 do ekspozycji detalicznej i dostaw hurtowych<\/li>\n<li data-section-id=\"160n9vs\" data-start=\"1664\" data-end=\"1717\">Praktyczne pakowanie na potrzeby sprzeda\u017cy sklepowej i zam\u00f3wie\u0144 hurtowych<\/li>\n<\/ul>\n<h3 data-section-id=\"hwjiak\" data-start=\"1719\" data-end=\"1729\">Zawiadomienie<\/h3>\n<p data-start=\"1731\" data-end=\"1807\">Cena <strong data-start=\"1744\" data-end=\"1776\">Airmez FOX 2 IN 1 8000 Puffs<\/strong> zale\u017cy od ilo\u015bci zam\u00f3wienia:<\/p>\n<ul data-start=\"1809\" data-end=\"1914\">\n<li data-section-id=\"130wclv\" data-start=\"1809\" data-end=\"1844\"><strong data-start=\"1811\" data-end=\"1824\">1-15 szt:<\/strong> <strong data-start=\"1825\" data-end=\"1842\">US$26,99 za sztuk\u0119<\/strong><\/li>\n<li data-section-id=\"o602fh\" data-start=\"1845\" data-end=\"1881\"><strong data-start=\"1847\" data-end=\"1862\">16-199 szt:<\/strong> <strong data-start=\"1863\" data-end=\"1879\">US$9,99 za sztuk\u0119<\/strong><\/li>\n<li data-section-id=\"15m7rhb\" data-start=\"1882\" data-end=\"1914\"><strong data-start=\"1884\" data-end=\"1897\">200+ szt:<\/strong> <strong data-start=\"1898\" data-end=\"1914\">US$7,99 za sztuk\u0119<\/strong><\/li>\n<\/ul>\n<p data-start=\"1916\" data-end=\"2022\"><strong data-start=\"1916\" data-end=\"2022\">Cena r\u00f3\u017cni si\u0119 w zale\u017cno\u015bci od ilo\u015bci zam\u00f3wienia. Prosimy o potwierdzenie zakresu ilo\u015bci przed z\u0142o\u017ceniem zam\u00f3wienia.<\/strong><\/p>","protected":false},"excerpt":{"rendered":"<h3>Specyfikacja produktu<\/h3>\n<p>15ML*2 E-liquidu<br \/>\nSiatkowa cewka<br \/>\nPort typu C<br \/>\n650mAh<br \/>\n10 sztuk w pude\u0142ku ekspozycyjnym<br \/>\nMieszanka 200 sztuk w ka\u017cdym kartonie<\/p>","protected":false},"featured_media":84,"comment_status":"open","ping_status":"closed","template":"","meta":{"_joinchat":[]},"product_brand":[],"product_cat":[16],"product_tag":[],"class_list":{"0":"post-22","1":"product","2":"type-product","3":"status-publish","4":"has-post-thumbnail","6":"product_cat-e-cigarettes-europe","8":"first","9":"instock","10":"shipping-taxable","11":"purchasable","12":"product-type-variable"},"_links":{"self":[{"href":"https:\/\/airmezvip.com\/pl\/wp-json\/wp\/v2\/product\/22","targetHints":{"allow":["GET"]}}],"collection":[{"href":"https:\/\/airmezvip.com\/pl\/wp-json\/wp\/v2\/product"}],"about":[{"href":"https:\/\/airmezvip.com\/pl\/wp-json\/wp\/v2\/types\/product"}],"replies":[{"embeddable":true,"href":"https:\/\/airmezvip.com\/pl\/wp-json\/wp\/v2\/comments?post=22"}],"wp:featuredmedia":[{"embeddable":true,"href":"https:\/\/airmezvip.com\/pl\/wp-json\/wp\/v2\/media\/84"}],"wp:attachment":[{"href":"https:\/\/airmezvip.com\/pl\/wp-json\/wp\/v2\/media?parent=22"}],"wp:term":[{"taxonomy":"product_brand","embeddable":true,"href":"https:\/\/airmezvip.com\/pl\/wp-json\/wp\/v2\/product_brand?post=22"},{"taxonomy":"product_cat","embeddable":true,"href":"https:\/\/airmezvip.com\/pl\/wp-json\/wp\/v2\/product_cat?post=22"},{"taxonomy":"product_tag","embeddable":true,"href":"https:\/\/airmezvip.com\/pl\/wp-json\/wp\/v2\/product_tag?post=22"}],"curies":[{"name":"wp","href":"https:\/\/api.w.org\/{rel}","templated":true}]}}