{"id":21,"date":"2026-04-29T06:47:22","date_gmt":"2026-04-29T06:47:22","guid":{"rendered":"https:\/\/airmezvip.com\/?post_type=product&#038;p=21"},"modified":"2026-04-29T06:52:41","modified_gmt":"2026-04-29T06:52:41","slug":"airmez-fox-8-in-1","status":"publish","type":"product","link":"https:\/\/airmezvip.com\/pl\/produkt\/airmez-fox-8-in-1\/","title":{"rendered":"Airmez FOX 8 IN 1"},"content":{"rendered":"<p data-start=\"177\" data-end=\"466\"><strong data-start=\"177\" data-end=\"210\">Airmez FOX 8 IN 1 16000 Puff\u00f3w<\/strong> to jednorazowy waporyzator o du\u017cej pojemno\u015bci zaprojektowany z my\u015bl\u0105 o u\u017cytkownikach oczekuj\u0105cych p\u0142ynnego dzia\u0142ania, wygodnego \u0142adowania i wielu opcji smakowych w jednym urz\u0105dzeniu. Dzi\u0119ki stylowemu wygl\u0105dowi i praktycznym funkcjom jest to dobry wyb\u00f3r zar\u00f3wno dla klient\u00f3w detalicznych, jak i hurtowych.<\/p>\n<p data-start=\"468\" data-end=\"772\">Ten model jest wyposa\u017cony w <strong data-start=\"490\" data-end=\"511\">15ML \u00d7 4 e-liquidy<\/strong>, a <strong data-start=\"515\" data-end=\"528\">cewka siatkowa<\/strong>, a <strong data-start=\"532\" data-end=\"563\">Akumulator o pojemno\u015bci 650 mAh<\/strong>, oraz <strong data-start=\"571\" data-end=\"595\">Port \u0142adowania typu C<\/strong> zapewniaj\u0105c p\u0142ynne i niezawodne doznania podczas waporyzacji. Z maksymalnie <strong data-start=\"652\" data-end=\"667\">16000 zaci\u0105gni\u0119\u0107<\/strong>, Zapewnia d\u0142u\u017csze u\u017cytkowanie i lepsz\u0105 warto\u015b\u0107 dla klient\u00f3w, kt\u00f3rzy preferuj\u0105 jednorazowe waporyzatory o du\u017cej pojemno\u015bci.<\/p>\n<h3 data-section-id=\"bfe9be\" data-start=\"774\" data-end=\"794\">Cechy produktu<\/h3>\n<ul data-start=\"796\" data-end=\"1041\">\n<li data-section-id=\"18fzkuh\" data-start=\"796\" data-end=\"831\">Nazwa produktu: Airmez FOX 8 IN 1<\/li>\n<li data-section-id=\"1isooqd\" data-start=\"832\" data-end=\"859\">Liczba puff\u00f3w: 16000 puff\u00f3w<\/li>\n<li data-section-id=\"1x4v3us\" data-start=\"860\" data-end=\"891\">Pojemno\u015b\u0107 e-liquidu: 15 ml \u00d7 4<\/li>\n<li data-section-id=\"8u54nt\" data-start=\"892\" data-end=\"916\">Typ cewki: Cewka siatkowa<\/li>\n<li data-section-id=\"znchb6\" data-start=\"917\" data-end=\"942\">Port \u0142adowania: Type-C<\/li>\n<li data-section-id=\"106p858\" data-start=\"943\" data-end=\"971\">Pojemno\u015b\u0107 baterii: 650 mAh<\/li>\n<li data-section-id=\"bex9qa\" data-start=\"972\" data-end=\"1006\">Pakowanie: 10 sztuk w pude\u0142ku ekspozycyjnym<\/li>\n<li data-section-id=\"9y0ots\" data-start=\"1007\" data-end=\"1041\">Karton: Mix 100szt w ka\u017cdym kartonie<\/li>\n<\/ul>\n<h3 data-section-id=\"10ynmgm\" data-start=\"1043\" data-end=\"1061\">Opcje smakowe<\/h3>\n<ol data-start=\"1063\" data-end=\"1716\">\n<li data-section-id=\"1z0bia\" data-start=\"1063\" data-end=\"1124\">Bingo Crush, Triple Mango, Mixed Berries, Watermelon Ice<\/li>\n<li data-section-id=\"10bh9e2\" data-start=\"1125\" data-end=\"1188\">Love 66, Strawberry Ice, Blue Razz Lemonade, Pineapple Ice<\/li>\n<li data-section-id=\"hzvpf7\" data-start=\"1189\" data-end=\"1244\">Watermelon Ice, Love 66, Double Apple, Mango Peach<\/li>\n<li data-section-id=\"1h39415\" data-start=\"1245\" data-end=\"1310\">Mieszane jagody, jagody i maliny, l\u00f3d arbuzowy, l\u00f3d cola<\/li>\n<li data-section-id=\"1n0hzcj\" data-start=\"1311\" data-end=\"1382\">Brzoskwinia z mango, owoce tropikalne, lemoniada jagodowa, arbuz truskawkowy<\/li>\n<li data-section-id=\"ki1fag\" data-start=\"1383\" data-end=\"1448\">Cherry Ice, Strawberry Dragon Fruit, Triple Mango, Blue Razz<\/li>\n<li data-section-id=\"1xbhvun\" data-start=\"1449\" data-end=\"1515\">Dragon Fruit Ice, Bingo Crush, Love 66, Pineapple Mango Peach<\/li>\n<li data-section-id=\"fa9qbg\" data-start=\"1516\" data-end=\"1579\">Dr. Blue, Cherry Berry, Strawberry Watermelon, Peach Berry<\/li>\n<li data-section-id=\"1cg85o7\" data-start=\"1580\" data-end=\"1644\">Peach Ice, Mixed Berries, Melon Passion Fruit, Triple Mango<\/li>\n<li data-section-id=\"emmyr9\" data-start=\"1645\" data-end=\"1716\">Mango Ice, Fizzy Cherry Cola, Strawberry Raspberry, Mixed Berries<\/li>\n<\/ol>\n<h3 data-section-id=\"d4iyiy\" data-start=\"1718\" data-end=\"1750\">Dlaczego warto wybra\u0107 Airmez FOX 8 IN 1?<\/h3>\n<ul data-start=\"1752\" data-end=\"2015\">\n<li data-section-id=\"1lgb11u\" data-start=\"1752\" data-end=\"1788\">Do 16000 zaci\u0105gni\u0119\u0107 dla d\u0142u\u017cszego u\u017cytkowania<\/li>\n<li data-section-id=\"ib0yw8\" data-start=\"1789\" data-end=\"1820\">G\u0142adka para dzi\u0119ki cewce siatkowej<\/li>\n<li data-section-id=\"1g8zwq1\" data-start=\"1821\" data-end=\"1866\">Akumulator z funkcj\u0105 \u0142adowania typu C<\/li>\n<li data-section-id=\"1mpnmyb\" data-start=\"1867\" data-end=\"1908\">Wiele opcji smakowych w jednym urz\u0105dzeniu<\/li>\n<li data-section-id=\"uqqhx\" data-start=\"1909\" data-end=\"1961\">Nadaje si\u0119 do ekspozycji detalicznej i dostaw hurtowych<\/li>\n<li data-section-id=\"160n9vs\" data-start=\"1962\" data-end=\"2015\">Praktyczne pakowanie na potrzeby sprzeda\u017cy sklepowej i zam\u00f3wie\u0144 hurtowych<\/li>\n<\/ul>\n<h3 data-section-id=\"hwjiak\" data-start=\"2017\" data-end=\"2027\">Zawiadomienie<\/h3>\n<p data-start=\"2029\" data-end=\"2106\">Cena <strong data-start=\"2042\" data-end=\"2075\">Airmez FOX 8 IN 1 16000 Puff\u00f3w<\/strong> zale\u017cy od ilo\u015bci zam\u00f3wienia:<\/p>\n<ul data-start=\"2108\" data-end=\"2214\">\n<li data-section-id=\"l2x9i5\" data-start=\"2108\" data-end=\"2143\"><strong data-start=\"2110\" data-end=\"2123\">1-15 szt:<\/strong> <strong data-start=\"2124\" data-end=\"2141\">US$28,99 za sztuk\u0119<\/strong><\/li>\n<li data-section-id=\"1r9nuet\" data-start=\"2144\" data-end=\"2181\"><strong data-start=\"2146\" data-end=\"2161\">16-199 szt:<\/strong> <strong data-start=\"2162\" data-end=\"2179\">US$10,99 za sztuk\u0119<\/strong><\/li>\n<li data-section-id=\"1vgu9w0\" data-start=\"2182\" data-end=\"2214\"><strong data-start=\"2184\" data-end=\"2197\">200+ szt:<\/strong> <strong data-start=\"2198\" data-end=\"2214\">US$8,99 za sztuk\u0119<\/strong><\/li>\n<\/ul>\n<p data-start=\"2216\" data-end=\"2322\"><strong data-start=\"2216\" data-end=\"2322\">Cena r\u00f3\u017cni si\u0119 w zale\u017cno\u015bci od ilo\u015bci zam\u00f3wienia. Prosimy o potwierdzenie zakresu ilo\u015bci przed z\u0142o\u017ceniem zam\u00f3wienia.<\/strong><\/p>","protected":false},"excerpt":{"rendered":"<h3>Specyfikacja produktu<\/h3>\n<p>15ML*4 E-liquidu<br \/>\nSiatkowa cewka<br \/>\nPort typu C<br \/>\n650mAh<br \/>\n10 sztuk w pude\u0142ku ekspozycyjnym<br \/>\nMix 100 sztuk w ka\u017cdym kartonie<\/p>","protected":false},"featured_media":72,"comment_status":"open","ping_status":"closed","template":"","meta":{"_joinchat":[]},"product_brand":[],"product_cat":[16],"product_tag":[],"class_list":{"0":"post-21","1":"product","2":"type-product","3":"status-publish","4":"has-post-thumbnail","6":"product_cat-e-cigarettes-europe","8":"first","9":"instock","10":"shipping-taxable","11":"purchasable","12":"product-type-variable"},"_links":{"self":[{"href":"https:\/\/airmezvip.com\/pl\/wp-json\/wp\/v2\/product\/21","targetHints":{"allow":["GET"]}}],"collection":[{"href":"https:\/\/airmezvip.com\/pl\/wp-json\/wp\/v2\/product"}],"about":[{"href":"https:\/\/airmezvip.com\/pl\/wp-json\/wp\/v2\/types\/product"}],"replies":[{"embeddable":true,"href":"https:\/\/airmezvip.com\/pl\/wp-json\/wp\/v2\/comments?post=21"}],"wp:featuredmedia":[{"embeddable":true,"href":"https:\/\/airmezvip.com\/pl\/wp-json\/wp\/v2\/media\/72"}],"wp:attachment":[{"href":"https:\/\/airmezvip.com\/pl\/wp-json\/wp\/v2\/media?parent=21"}],"wp:term":[{"taxonomy":"product_brand","embeddable":true,"href":"https:\/\/airmezvip.com\/pl\/wp-json\/wp\/v2\/product_brand?post=21"},{"taxonomy":"product_cat","embeddable":true,"href":"https:\/\/airmezvip.com\/pl\/wp-json\/wp\/v2\/product_cat?post=21"},{"taxonomy":"product_tag","embeddable":true,"href":"https:\/\/airmezvip.com\/pl\/wp-json\/wp\/v2\/product_tag?post=21"}],"curies":[{"name":"wp","href":"https:\/\/api.w.org\/{rel}","templated":true}]}}