{"id":20,"date":"2026-04-29T06:47:21","date_gmt":"2026-04-29T06:47:21","guid":{"rendered":"https:\/\/airmezvip.com\/?post_type=product&#038;p=20"},"modified":"2026-04-29T06:52:41","modified_gmt":"2026-04-29T06:52:41","slug":"airmez-fox-6-in-1","status":"publish","type":"product","link":"https:\/\/airmezvip.com\/pl\/produkt\/airmez-fox-6-in-1\/","title":{"rendered":"Airmez FOX 6 IN 1"},"content":{"rendered":"<p data-start=\"91\" data-end=\"386\">Airmez FOX 6 IN 1 14000 Puffs to jednorazowy waporyzator o du\u017cej pojemno\u015bci przeznaczony dla u\u017cytkownik\u00f3w, kt\u00f3rzy oczekuj\u0105 p\u0142ynnego dzia\u0142ania, wygodnego \u0142adowania i wielu popularnych smak\u00f3w w jednym urz\u0105dzeniu. Dzi\u0119ki praktycznej konstrukcji i mieszanym kombinacjom smak\u00f3w jest to dobry wyb\u00f3r zar\u00f3wno dla klient\u00f3w detalicznych, jak i hurtowych.<\/p>\n<p data-start=\"388\" data-end=\"650\">Model ten wyposa\u017cony jest w 15 ml \u00d7 3 e-cieczy, cewk\u0119 siatkow\u0105, akumulator 650 mAh i port \u0142adowania typu C, co zapewnia p\u0142ynne i niezawodne doznania podczas waporyzacji. Zapewnia do 14000 zaci\u0105gni\u0119\u0107, dzi\u0119ki czemu jest odpowiedni dla u\u017cytkownik\u00f3w, kt\u00f3rzy chc\u0105 d\u0142u\u017cszego u\u017cytkowania i lepszej warto\u015bci.<\/p>\n<h3 data-section-id=\"bfe9be\" data-start=\"652\" data-end=\"672\">Cechy produktu<\/h3>\n<ul data-start=\"674\" data-end=\"903\">\n<li data-section-id=\"pczjev\" data-start=\"674\" data-end=\"707\">Nazwa produktu: Airmez FOX 6 IN 1<\/li>\n<li data-section-id=\"1rgexyv\" data-start=\"708\" data-end=\"733\">Liczba puff\u00f3w: 14000 puff\u00f3w<\/li>\n<li data-section-id=\"1drk5kz\" data-start=\"734\" data-end=\"763\">Pojemno\u015b\u0107 e-liquidu: 15 ml \u00d7 3<\/li>\n<li data-section-id=\"x0g1cp\" data-start=\"764\" data-end=\"786\">Typ cewki: Cewka siatkowa<\/li>\n<li data-section-id=\"y0jxnm\" data-start=\"787\" data-end=\"810\">Port \u0142adowania: Type-C<\/li>\n<li data-section-id=\"mjatto\" data-start=\"811\" data-end=\"837\">Pojemno\u015b\u0107 baterii: 650 mAh<\/li>\n<li data-section-id=\"18fgbgi\" data-start=\"838\" data-end=\"870\">Pakowanie: 10 sztuk w pude\u0142ku ekspozycyjnym<\/li>\n<li data-section-id=\"99rgz4\" data-start=\"871\" data-end=\"903\">Karton: Mix 100szt w ka\u017cdym kartonie<\/li>\n<\/ul>\n<h3 data-section-id=\"1qo24uk\" data-start=\"905\" data-end=\"928\">Kombinacje smak\u00f3w<\/h3>\n<ol data-start=\"930\" data-end=\"1406\">\n<li data-section-id=\"19ikqnk\" data-start=\"930\" data-end=\"972\">Love 66, Berry Lemonade, Fizzy Cherry<\/li>\n<li data-section-id=\"5mbq4d\" data-start=\"973\" data-end=\"1025\">Mixed Berries, Blue Razz Lemonade, Cherry Berry<\/li>\n<li data-section-id=\"f338eh\" data-start=\"1026\" data-end=\"1083\">Dragonfruit Ice, Fruity Fusion, Raspberry Watermelon<\/li>\n<li data-section-id=\"g1o5k3\" data-start=\"1084\" data-end=\"1116\">Cherry, Cola Ice, Mango Ice<\/li>\n<li data-section-id=\"2yrmnh\" data-start=\"1117\" data-end=\"1152\">Peach Ice, Mango Ice, Dr. Blue<\/li>\n<li data-section-id=\"1hrwql9\" data-start=\"1153\" data-end=\"1210\">Truskawka, banan, Vimto, jagoda, wi\u015bnia, \u017curawina<\/li>\n<li data-section-id=\"hhhicl\" data-start=\"1211\" data-end=\"1258\">Strawberry Ice, Pink Lemonade, Bingo Crush<\/li>\n<li data-section-id=\"1oban9z\" data-start=\"1259\" data-end=\"1301\">Love 66, Truskawka Kiwi, Brzoskwinia Mango<\/li>\n<li data-section-id=\"t7k3u6\" data-start=\"1302\" data-end=\"1357\">Arbuz truskawkowy, potr\u00f3jny melon, l\u00f3d Blue Razz<\/li>\n<li data-section-id=\"11hogoy\" data-start=\"1358\" data-end=\"1406\">Arbuzowy l\u00f3d, Bingo Crush, mieszane jagody<\/li>\n<\/ol>\n<h3 data-section-id=\"6nrxxg\" data-start=\"1408\" data-end=\"1440\">Dlaczego warto wybra\u0107 Airmez FOX 6 IN 1?<\/h3>\n<ul data-start=\"1442\" data-end=\"1700\">\n<li data-section-id=\"141ppu8\" data-start=\"1442\" data-end=\"1476\">Do 14000 zaci\u0105gni\u0119\u0107 dla d\u0142u\u017cszego u\u017cytkowania<\/li>\n<li data-section-id=\"lenhua\" data-start=\"1477\" data-end=\"1507\">G\u0142adki smak dzi\u0119ki cewce siatkowej<\/li>\n<li data-section-id=\"1h53rah\" data-start=\"1508\" data-end=\"1551\">Akumulator z funkcj\u0105 \u0142adowania typu C<\/li>\n<li data-section-id=\"1jubsp5\" data-start=\"1552\" data-end=\"1596\">Wiele kombinacji smakowych w jednym urz\u0105dzeniu<\/li>\n<li data-section-id=\"okkd7v\" data-start=\"1597\" data-end=\"1647\">Nadaje si\u0119 do ekspozycji detalicznej i zam\u00f3wie\u0144 hurtowych<\/li>\n<li data-section-id=\"1ir3bm2\" data-start=\"1648\" data-end=\"1700\">Atrakcyjne opakowanie do sprzeda\u017cy sklepowej i dostaw hurtowych<\/li>\n<\/ul>\n<h3 data-section-id=\"hwjiak\" data-start=\"1702\" data-end=\"1712\">Zawiadomienie<\/h3>\n<p data-start=\"1714\" data-end=\"1787\">Cena Airmez FOX 6 IN 1 14000 Puffs zale\u017cy od ilo\u015bci zam\u00f3wienia:<\/p>\n<ul data-start=\"1789\" data-end=\"1867\">\n<li data-section-id=\"us7ftp\" data-start=\"1789\" data-end=\"1814\">1-15 szt: US$28,99 za sztuk\u0119<\/li>\n<li data-section-id=\"4iw75h\" data-start=\"1815\" data-end=\"1842\">16-199 szt: US$10,99\/szt.<\/li>\n<li data-section-id=\"1f1g2s0\" data-start=\"1843\" data-end=\"1867\">200+ szt: US$8,99 za sztuk\u0119<\/li>\n<\/ul>\n<p data-start=\"1869\" data-end=\"1971\">Cena r\u00f3\u017cni si\u0119 w zale\u017cno\u015bci od ilo\u015bci zam\u00f3wienia. Prosimy o potwierdzenie zakresu ilo\u015bci przed z\u0142o\u017ceniem zam\u00f3wienia.<\/p>","protected":false},"excerpt":{"rendered":"<h3>Specyfikacja produktu<\/h3>\n<p>15ML*3 E-liquidu<br \/>\nSiatkowa cewka<br \/>\nPort typu C<br \/>\n650mAh<br \/>\n10 sztuk w pude\u0142ku ekspozycyjnym<br \/>\nMix 100 sztuk w ka\u017cdym kartonie<\/p>","protected":false},"featured_media":62,"comment_status":"open","ping_status":"closed","template":"","meta":{"_joinchat":[]},"product_brand":[],"product_cat":[16],"product_tag":[],"class_list":{"0":"post-20","1":"product","2":"type-product","3":"status-publish","4":"has-post-thumbnail","6":"product_cat-e-cigarettes-europe","8":"first","9":"instock","10":"shipping-taxable","11":"purchasable","12":"product-type-variable"},"_links":{"self":[{"href":"https:\/\/airmezvip.com\/pl\/wp-json\/wp\/v2\/product\/20","targetHints":{"allow":["GET"]}}],"collection":[{"href":"https:\/\/airmezvip.com\/pl\/wp-json\/wp\/v2\/product"}],"about":[{"href":"https:\/\/airmezvip.com\/pl\/wp-json\/wp\/v2\/types\/product"}],"replies":[{"embeddable":true,"href":"https:\/\/airmezvip.com\/pl\/wp-json\/wp\/v2\/comments?post=20"}],"wp:featuredmedia":[{"embeddable":true,"href":"https:\/\/airmezvip.com\/pl\/wp-json\/wp\/v2\/media\/62"}],"wp:attachment":[{"href":"https:\/\/airmezvip.com\/pl\/wp-json\/wp\/v2\/media?parent=20"}],"wp:term":[{"taxonomy":"product_brand","embeddable":true,"href":"https:\/\/airmezvip.com\/pl\/wp-json\/wp\/v2\/product_brand?post=20"},{"taxonomy":"product_cat","embeddable":true,"href":"https:\/\/airmezvip.com\/pl\/wp-json\/wp\/v2\/product_cat?post=20"},{"taxonomy":"product_tag","embeddable":true,"href":"https:\/\/airmezvip.com\/pl\/wp-json\/wp\/v2\/product_tag?post=20"}],"curies":[{"name":"wp","href":"https:\/\/api.w.org\/{rel}","templated":true}]}}