{"id":19,"date":"2026-04-29T06:47:20","date_gmt":"2026-04-29T06:47:20","guid":{"rendered":"https:\/\/airmezvip.com\/?post_type=product&#038;p=19"},"modified":"2026-04-29T06:52:11","modified_gmt":"2026-04-29T06:52:11","slug":"airmez-fox-4-in-1","status":"publish","type":"product","link":"https:\/\/airmezvip.com\/pl\/produkt\/airmez-fox-4-in-1\/","title":{"rendered":"Airmez FOX 4 IN 1"},"content":{"rendered":"<p data-start=\"110\" data-end=\"372\"><strong data-start=\"110\" data-end=\"143\">Airmez FOX 4 IN 1 12000 Puff\u00f3w<\/strong> to jednorazowy waporyzator o du\u017cej pojemno\u015bci, zaprojektowany z my\u015bl\u0105 o u\u017cytkownikach oczekuj\u0105cych d\u0142u\u017cszego u\u017cytkowania, g\u0142adkiego smaku i wi\u0119kszej r\u00f3\u017cnorodno\u015bci w jednym urz\u0105dzeniu. \u0141\u0105czy w sobie praktyczn\u0105 wydajno\u015b\u0107 ze stylowym wygl\u0105dem, dzi\u0119ki czemu nadaje si\u0119 zar\u00f3wno do sprzeda\u017cy detalicznej, jak i hurtowej.<\/p>\n<p data-start=\"374\" data-end=\"684\">Ten model jest wyposa\u017cony w <strong data-start=\"396\" data-end=\"417\">15ML \u00d7 4 e-liquidy<\/strong>, a <strong data-start=\"421\" data-end=\"434\">cewka siatkowa<\/strong>, a <strong data-start=\"438\" data-end=\"469\">Akumulator o pojemno\u015bci 650 mAh<\/strong>, oraz <strong data-start=\"475\" data-end=\"494\">\u0141adowanie typu C<\/strong> dla p\u0142ynnej i wygodnej waporyzacji. Smak 4 w 1 daje u\u017cytkownikom wi\u0119kszy wyb\u00f3r w jednym urz\u0105dzeniu, co czyni go bardziej atrakcyjnym dla klient\u00f3w, kt\u00f3rzy lubi\u0105 r\u00f3\u017cne smaki.<\/p>\n<h3 data-section-id=\"bfe9be\" data-start=\"686\" data-end=\"706\">Cechy produktu<\/h3>\n<ul data-start=\"708\" data-end=\"985\">\n<li data-section-id=\"hlldc5\" data-start=\"708\" data-end=\"747\"><strong data-start=\"710\" data-end=\"727\">Nazwa produktu:<\/strong> Airmez FOX 4 IN 1<\/li>\n<li data-section-id=\"1jko59t\" data-start=\"748\" data-end=\"779\"><strong data-start=\"750\" data-end=\"765\">Liczba zaci\u0105gni\u0119\u0107:<\/strong> 12000 Puff\u00f3w<\/li>\n<li data-section-id=\"abzjgk\" data-start=\"780\" data-end=\"815\"><strong data-start=\"782\" data-end=\"804\">Pojemno\u015b\u0107 e-liquidu:<\/strong> 15ML \u00d7 4<\/li>\n<li data-section-id=\"18s3gm1\" data-start=\"816\" data-end=\"844\"><strong data-start=\"818\" data-end=\"832\">Typ cewki:<\/strong> Siatkowa cewka<\/li>\n<li data-section-id=\"13l8j6q\" data-start=\"845\" data-end=\"874\"><strong data-start=\"847\" data-end=\"865\">Port \u0142adowania:<\/strong> Typ-C<\/li>\n<li data-section-id=\"1ykqfi4\" data-start=\"875\" data-end=\"907\"><strong data-start=\"877\" data-end=\"898\">Pojemno\u015b\u0107 akumulatora:<\/strong> 650mAh<\/li>\n<li data-section-id=\"14onshu\" data-start=\"908\" data-end=\"946\"><strong data-start=\"910\" data-end=\"922\">Pakowanie:<\/strong> 10 sztuk w pude\u0142ku ekspozycyjnym<\/li>\n<li data-section-id=\"gtsdgw\" data-start=\"947\" data-end=\"985\"><strong data-start=\"949\" data-end=\"960\">Karton:<\/strong> Mix 100 sztuk w kartonie<\/li>\n<\/ul>\n<h3 data-section-id=\"1qo24uk\" data-start=\"987\" data-end=\"1010\">Kombinacje smak\u00f3w<\/h3>\n<ol data-start=\"1012\" data-end=\"1715\">\n<li data-section-id=\"1c0rr3k\" data-start=\"1012\" data-end=\"1097\">Truskawka Malina \/ Truskawka Kiwi \/ Truskawka L\u00f3d \/ Brzoskwinia Mango Arbuz<\/li>\n<li data-section-id=\"o8dc9g\" data-start=\"1098\" data-end=\"1186\">L\u00f3d arbuzowy \/ arbuz truskawkowy \/ arbuz malinowy \/ malina jagodowa<\/li>\n<li data-section-id=\"1gbggyg\" data-start=\"1187\" data-end=\"1251\">Pink Lemonade \/ Passion Kiss \/ Mixed Berries \/ Triple Berry<\/li>\n<li data-section-id=\"rf3fnm\" data-start=\"1252\" data-end=\"1302\">Cherry \/ Love 66 \/ Berry Lemonade \/ Grape Ice<\/li>\n<li data-section-id=\"1tlb9ml\" data-start=\"1303\" data-end=\"1371\">Mango z brzoskwini\u0105 \/ Owoce tropikalne \/ L\u00f3d brzoskwiniowy \/ Kwa\u015bne mango z ananasem<\/li>\n<li data-section-id=\"1a1kye8\" data-start=\"1372\" data-end=\"1433\">Grape Ice \/ Love 66 \/ Blueberry on Ice \/ Dragonfruit Ice<\/li>\n<li data-section-id=\"f5i4yv\" data-start=\"1434\" data-end=\"1501\">Love 66 \/ Cherry \/ Blueberry on Ice \/ Kiwi Passion Fruit Guava<\/li>\n<li data-section-id=\"b5klbg\" data-start=\"1502\" data-end=\"1560\">Peach Ice \/ Pink Lemonade \/ Watermelon Ice \/ Dr. Blue<\/li>\n<li data-section-id=\"1m47zzg\" data-start=\"1561\" data-end=\"1626\">Red Mojito \/ Love 66 \/ Mixed Berries \/ Strawberry Watermelon<\/li>\n<li data-section-id=\"ms5egh\" data-start=\"1627\" data-end=\"1715\">Brzoskwinia Mango Arbuz \/ Jagoda Wi\u015bnia \/ Arbuz Smoczy Owoc \/ Passion Kiss<\/li>\n<\/ol>\n<h3 data-section-id=\"5d9epy\" data-start=\"1717\" data-end=\"1749\">Dlaczego warto wybra\u0107 Airmez FOX 4 IN 1?<\/h3>\n<ul data-start=\"1751\" data-end=\"1951\">\n<li data-section-id=\"hccfoh\" data-start=\"1751\" data-end=\"1789\">Du\u017ca pojemno\u015b\u0107 dmuchawy dla d\u0142u\u017cszego u\u017cytkowania<\/li>\n<li data-section-id=\"ib0yw8\" data-start=\"1790\" data-end=\"1821\">G\u0142adka para dzi\u0119ki cewce siatkowej<\/li>\n<li data-section-id=\"1g8zwq1\" data-start=\"1822\" data-end=\"1867\">Akumulator z funkcj\u0105 \u0142adowania typu C<\/li>\n<li data-section-id=\"1o2cxww\" data-start=\"1868\" data-end=\"1902\">Wiele smak\u00f3w w jednym urz\u0105dzeniu<\/li>\n<li data-section-id=\"1w7lcbd\" data-start=\"1903\" data-end=\"1951\">Dobry do ekspozycji detalicznej i zam\u00f3wie\u0144 hurtowych<\/li>\n<\/ul>\n<h3 data-section-id=\"hwjiak\" data-start=\"1702\" data-end=\"1712\">Zawiadomienie<\/h3>\n<p data-start=\"1714\" data-end=\"1787\">Cena Airmez FOX 6 IN 1 14000 Puffs zale\u017cy od ilo\u015bci zam\u00f3wienia:<\/p>\n<ul data-start=\"1789\" data-end=\"1867\">\n<li data-section-id=\"us7ftp\" data-start=\"1789\" data-end=\"1814\">1-15 szt: US$28,99 za sztuk\u0119<\/li>\n<li data-section-id=\"4iw75h\" data-start=\"1815\" data-end=\"1842\">16-199 szt: US$10,99\/szt.<\/li>\n<li data-section-id=\"1f1g2s0\" data-start=\"1843\" data-end=\"1867\">200+ szt: US$8,99 za sztuk\u0119<\/li>\n<\/ul>\n<p data-start=\"1869\" data-end=\"1971\">Cena r\u00f3\u017cni si\u0119 w zale\u017cno\u015bci od ilo\u015bci zam\u00f3wienia. Prosimy o potwierdzenie zakresu ilo\u015bci przed z\u0142o\u017ceniem zam\u00f3wienia.<\/p>\n<p data-start=\"1953\" data-end=\"2130\">The <strong data-start=\"1957\" data-end=\"1990\">Airmez FOX 4 IN 1 12000 Puff\u00f3w<\/strong> to dobra opcja dla sprzedawc\u00f3w poszukuj\u0105cych waporyzatora o du\u017cej pojemno\u015bci z mieszanymi kombinacjami smakowymi, praktycznymi funkcjami i atrakcyjnym opakowaniem.<\/p>","protected":false},"excerpt":{"rendered":"<h3>Specyfikacja produktu<\/h3>\n<p>15ML*4 E-liquidu<br \/>\nSiatkowa cewka<br \/>\nPort typu C<br \/>\n650mAh<br \/>\n10 sztuk w pude\u0142ku ekspozycyjnym<br \/>\nMix 100 sztuk w ka\u017cdym kartonie<\/p>","protected":false},"featured_media":49,"comment_status":"open","ping_status":"closed","template":"","meta":{"_joinchat":[]},"product_brand":[],"product_cat":[16],"product_tag":[],"class_list":{"0":"post-19","1":"product","2":"type-product","3":"status-publish","4":"has-post-thumbnail","6":"product_cat-e-cigarettes-europe","8":"first","9":"instock","10":"shipping-taxable","11":"purchasable","12":"product-type-variable"},"_links":{"self":[{"href":"https:\/\/airmezvip.com\/pl\/wp-json\/wp\/v2\/product\/19","targetHints":{"allow":["GET"]}}],"collection":[{"href":"https:\/\/airmezvip.com\/pl\/wp-json\/wp\/v2\/product"}],"about":[{"href":"https:\/\/airmezvip.com\/pl\/wp-json\/wp\/v2\/types\/product"}],"replies":[{"embeddable":true,"href":"https:\/\/airmezvip.com\/pl\/wp-json\/wp\/v2\/comments?post=19"}],"wp:featuredmedia":[{"embeddable":true,"href":"https:\/\/airmezvip.com\/pl\/wp-json\/wp\/v2\/media\/49"}],"wp:attachment":[{"href":"https:\/\/airmezvip.com\/pl\/wp-json\/wp\/v2\/media?parent=19"}],"wp:term":[{"taxonomy":"product_brand","embeddable":true,"href":"https:\/\/airmezvip.com\/pl\/wp-json\/wp\/v2\/product_brand?post=19"},{"taxonomy":"product_cat","embeddable":true,"href":"https:\/\/airmezvip.com\/pl\/wp-json\/wp\/v2\/product_cat?post=19"},{"taxonomy":"product_tag","embeddable":true,"href":"https:\/\/airmezvip.com\/pl\/wp-json\/wp\/v2\/product_tag?post=19"}],"curies":[{"name":"wp","href":"https:\/\/api.w.org\/{rel}","templated":true}]}}