{"id":18,"date":"2026-04-29T06:47:19","date_gmt":"2026-04-29T06:47:19","guid":{"rendered":"https:\/\/airmezvip.com\/?post_type=product&#038;p=18"},"modified":"2026-04-29T06:52:10","modified_gmt":"2026-04-29T06:52:10","slug":"airmez-lux-60k","status":"publish","type":"product","link":"https:\/\/airmezvip.com\/pl\/produkt\/airmez-lux-60k\/","title":{"rendered":"Airmez LUX 60k"},"content":{"rendered":"<p data-start=\"106\" data-end=\"410\"><strong data-start=\"106\" data-end=\"123\">Airmez LUX 60K<\/strong> to stylowe jednorazowe urz\u0105dzenie vape o du\u017cej pojemno\u015bci, zaprojektowane z my\u015bl\u0105 o u\u017cytkownikach oczekuj\u0105cych p\u0142ynnego dzia\u0142ania, bogatego smaku i nowoczesnej wygody w jednym kompaktowym produkcie. Dzi\u0119ki przyci\u0105gaj\u0105cemu wzrok wzornictwu i praktycznym funkcjom, jest to doskona\u0142y wyb\u00f3r zar\u00f3wno do sprzeda\u017cy detalicznej, jak i hurtowej.<\/p>\n<p data-start=\"412\" data-end=\"700\">To urz\u0105dzenie jest dostarczane z <strong data-start=\"435\" data-end=\"455\">30 ml e-liquidu<\/strong>, a <strong data-start=\"459\" data-end=\"472\">cewka siatkowa<\/strong> dla lepszego dostarczania smaku <strong data-start=\"505\" data-end=\"536\">Akumulator o pojemno\u015bci 650 mAh<\/strong>, oraz <strong data-start=\"544\" data-end=\"568\">Port \u0142adowania typu C<\/strong> dla \u0142atwego \u0142adowania. Airmez LUX60K zosta\u0142 zbudowany, aby zapewni\u0107 satysfakcjonuj\u0105ce wra\u017cenia z waporyzacji ze sta\u0142\u0105 moc\u0105 wyj\u015bciow\u0105 i p\u0142ynnym zaci\u0105ganiem.<\/p>\n<p data-start=\"702\" data-end=\"972\">Jego wysokiej jako\u015bci wygl\u0105d sprawia, \u017ce wyr\u00f3\u017cnia si\u0119 na wystawie, a wyb\u00f3r smak\u00f3w daje klientom wi\u0119cej opcji dopasowania do r\u00f3\u017cnych preferencji. Niezale\u017cnie od tego, czy prowadzisz sprzeda\u017c w sklepie stacjonarnym, czy online, ten model oferuje mocne po\u0142\u0105czenie wzornictwa, funkcjonalno\u015bci i r\u00f3\u017cnorodno\u015bci smak\u00f3w.<\/p>\n<h3 data-section-id=\"1iz91iu\" data-start=\"974\" data-end=\"990\">Kluczowe cechy<\/h3>\n<ul data-start=\"991\" data-end=\"1179\">\n<li data-section-id=\"j07jqf\" data-start=\"991\" data-end=\"1009\">30 ml e-liquidu<\/li>\n<li data-section-id=\"1u6cj9s\" data-start=\"1010\" data-end=\"1048\">Siatkowa cewka zapewniaj\u0105ca g\u0142adki i bogaty smak<\/li>\n<li data-section-id=\"nozpp4\" data-start=\"1049\" data-end=\"1071\">Port \u0142adowania typu C<\/li>\n<li data-section-id=\"suaevp\" data-start=\"1072\" data-end=\"1101\">Akumulator o pojemno\u015bci 650 mAh<\/li>\n<li data-section-id=\"1jitody\" data-start=\"1102\" data-end=\"1136\">Nowoczesny i stylowy wygl\u0105d urz\u0105dzenia<\/li>\n<li data-section-id=\"1turvr3\" data-start=\"1137\" data-end=\"1179\">Nadaje si\u0119 do sprzeda\u017cy detalicznej i hurtowej<\/li>\n<\/ul>\n<h3 data-section-id=\"1cjeezw\" data-start=\"1181\" data-end=\"1202\">Dost\u0119pne smaki<\/h3>\n<ol data-start=\"1203\" data-end=\"1383\">\n<li data-section-id=\"1j2zj60\" data-start=\"1203\" data-end=\"1222\">L\u00f3d truskawkowy<\/li>\n<li data-section-id=\"ct7xja\" data-start=\"1223\" data-end=\"1242\">Arbuzowy l\u00f3d<\/li>\n<li data-section-id=\"ueawe5\" data-start=\"1243\" data-end=\"1261\">Jagody mieszane<\/li>\n<li data-section-id=\"1ojqpom\" data-start=\"1262\" data-end=\"1285\">Passion Fruit Kiwi<\/li>\n<li data-section-id=\"1qbhb4m\" data-start=\"1286\" data-end=\"1298\">Dr Blue<\/li>\n<li data-section-id=\"j5g2y5\" data-start=\"1299\" data-end=\"1311\">Love 66<\/li>\n<li data-section-id=\"trqg9s\" data-start=\"1312\" data-end=\"1329\">Potr\u00f3jne Mango<\/li>\n<li data-section-id=\"puwced\" data-start=\"1330\" data-end=\"1346\">Cherry Cola<\/li>\n<li data-section-id=\"sit6kg\" data-start=\"1347\" data-end=\"1363\">Bingo Crush<\/li>\n<li data-section-id=\"al94j7\" data-start=\"1364\" data-end=\"1383\">R\u00f3\u017cowa Lemoniada<\/li>\n<\/ol>\n<h3 data-section-id=\"7vssn1\" data-start=\"1385\" data-end=\"1404\">Szczeg\u00f3\u0142y pakowania<\/h3>\n<ul data-start=\"1405\" data-end=\"1456\">\n<li data-section-id=\"xe8pr5\" data-start=\"1405\" data-end=\"1429\">10 sztuk w pude\u0142ku ekspozycyjnym<\/li>\n<li data-section-id=\"wdljr9\" data-start=\"1430\" data-end=\"1456\">Mieszane 200 sztuk w kartonie<\/li>\n<\/ul>\n<h3 data-section-id=\"hwjiak\" data-start=\"1702\" data-end=\"1712\">Zawiadomienie<\/h3>\n<p data-start=\"1714\" data-end=\"1787\">Cena Airmez FOX 6 IN 1 14000 Puffs zale\u017cy od ilo\u015bci zam\u00f3wienia:<\/p>\n<ul data-start=\"1789\" data-end=\"1867\">\n<li data-section-id=\"us7ftp\" data-start=\"1789\" data-end=\"1814\">1-15 szt: US$28,99 za sztuk\u0119<\/li>\n<li data-section-id=\"4iw75h\" data-start=\"1815\" data-end=\"1842\">16-199 szt: US$10,99\/szt.<\/li>\n<li data-section-id=\"1f1g2s0\" data-start=\"1843\" data-end=\"1867\">200+ szt: US$8,99 za sztuk\u0119<\/li>\n<\/ul>\n<p data-start=\"1869\" data-end=\"1971\">Cena r\u00f3\u017cni si\u0119 w zale\u017cno\u015bci od ilo\u015bci zam\u00f3wienia. Prosimy o potwierdzenie zakresu ilo\u015bci przed z\u0142o\u017ceniem zam\u00f3wienia.<\/p>\n<p data-start=\"1458\" data-end=\"1727\">The <strong data-start=\"1462\" data-end=\"1479\">Airmez LUX60K<\/strong> to doskona\u0142a opcja dla sprzedawc\u00f3w poszukuj\u0105cych wysokiej jako\u015bci jednorazowego waporyzatora z atrakcyjnym opakowaniem i popularnym wyborem smak\u00f3w. Jest ona szczeg\u00f3lnie odpowiednia dla hurtownik\u00f3w, dystrybutor\u00f3w i sklep\u00f3w vape, kt\u00f3rzy poszukuj\u0105 produktu o szerokim zainteresowaniu rynkowym.<\/p>","protected":false},"excerpt":{"rendered":"<h2>Specyfikacja produktu\uff1a<\/h2>\n<p>30 ml e-liquidu<br \/>\nSiatkowa cewka<br \/>\nPort typu C<br \/>\n650mAh<br \/>\n10 sztuk w pude\u0142ku ekspozycyjnym<br \/>\nMieszanka 200 sztuk w ka\u017cdym kartonie<\/p>","protected":false},"featured_media":48,"comment_status":"open","ping_status":"closed","template":"","meta":{"_joinchat":[]},"product_brand":[],"product_cat":[16],"product_tag":[],"class_list":{"0":"post-18","1":"product","2":"type-product","3":"status-publish","4":"has-post-thumbnail","6":"product_cat-e-cigarettes-europe","8":"first","9":"instock","10":"shipping-taxable","11":"purchasable","12":"product-type-variable"},"_links":{"self":[{"href":"https:\/\/airmezvip.com\/pl\/wp-json\/wp\/v2\/product\/18","targetHints":{"allow":["GET"]}}],"collection":[{"href":"https:\/\/airmezvip.com\/pl\/wp-json\/wp\/v2\/product"}],"about":[{"href":"https:\/\/airmezvip.com\/pl\/wp-json\/wp\/v2\/types\/product"}],"replies":[{"embeddable":true,"href":"https:\/\/airmezvip.com\/pl\/wp-json\/wp\/v2\/comments?post=18"}],"wp:featuredmedia":[{"embeddable":true,"href":"https:\/\/airmezvip.com\/pl\/wp-json\/wp\/v2\/media\/48"}],"wp:attachment":[{"href":"https:\/\/airmezvip.com\/pl\/wp-json\/wp\/v2\/media?parent=18"}],"wp:term":[{"taxonomy":"product_brand","embeddable":true,"href":"https:\/\/airmezvip.com\/pl\/wp-json\/wp\/v2\/product_brand?post=18"},{"taxonomy":"product_cat","embeddable":true,"href":"https:\/\/airmezvip.com\/pl\/wp-json\/wp\/v2\/product_cat?post=18"},{"taxonomy":"product_tag","embeddable":true,"href":"https:\/\/airmezvip.com\/pl\/wp-json\/wp\/v2\/product_tag?post=18"}],"curies":[{"name":"wp","href":"https:\/\/api.w.org\/{rel}","templated":true}]}}