{"id":650,"date":"2026-05-04T07:24:18","date_gmt":"2026-05-04T07:24:18","guid":{"rendered":"https:\/\/airmezvip.com\/?page_id=650"},"modified":"2026-05-04T07:24:18","modified_gmt":"2026-05-04T07:24:18","slug":"refund-policy","status":"publish","type":"page","link":"https:\/\/airmezvip.com\/pl\/refund-policy\/","title":{"rendered":"Polityka zwrot\u00f3w"},"content":{"rendered":"<p><strong>Ostatnia aktualizacja: 4 maja 2026 r.<\/strong><\/p>\n\n\n\n<p>Dzi\u0119kujemy za zakupy w <strong>Airmezvip.com<\/strong>.<\/p>\n\n\n\n<p>Niniejsza Polityka zwrot\u00f3w wyja\u015bnia, w jaki spos\u00f3b obs\u0142ugiwane s\u0105 zwroty, refundacje, wymiany i wnioski posprzeda\u017cowe dotycz\u0105ce produkt\u00f3w e-papierosowych Airmez zakupionych na naszej stronie internetowej.<\/p>\n\n\n\n<p>Airmezvip.com obs\u0142uguje g\u0142\u00f3wnie klient\u00f3w doros\u0142ych i nabywc\u00f3w hurtowych w <strong>Europa, Wielka Brytania i Australia<\/strong>. Prosimy o uwa\u017cne zapoznanie si\u0119 z tymi zasadami przed z\u0142o\u017ceniem zam\u00f3wienia.<\/p>\n\n\n\n<p>Sk\u0142adaj\u0105c zam\u00f3wienie na Airmezvip.com, u\u017cytkownik wyra\u017ca zgod\u0119 na niniejsz\u0105 Polityk\u0119 zwrot\u00f3w.<\/p>\n\n\n\n<h2 class=\"wp-block-heading\">1. Okno powrotu<\/h2>\n\n\n\n<p>Klienci mog\u0105 za\u017c\u0105da\u0107 zwrotu w ci\u0105gu <strong>7 dni po otrzymaniu towaru<\/strong>.<\/p>\n\n\n\n<p>Aby za\u017c\u0105da\u0107 zwrotu, nale\u017cy skontaktowa\u0107 si\u0119 z naszym dzia\u0142em obs\u0142ugi klienta w ci\u0105gu 7 dni od daty dostawy.<\/p>\n\n\n\n<p>Wnioski o zwrot z\u0142o\u017cone po up\u0142ywie 7 dni mog\u0105 nie zosta\u0107 zaakceptowane, chyba \u017ce jest to wymagane przez obowi\u0105zuj\u0105ce prawo lub zatwierdzone przez nasz zesp\u00f3\u0142 obs\u0142ugi klienta.<\/p>\n\n\n\n<h2 class=\"wp-block-heading\">2. Jak za\u017c\u0105da\u0107 zwrotu<\/h2>\n\n\n\n<p>Aby za\u017c\u0105da\u0107 zwrotu, skontaktuj si\u0119 z nami przez WhatsApp, e-mail lub Facebook Messenger.<\/p>\n\n\n\n<p><strong>WhatsApp:<\/strong> +44 7922291211<br><strong>E-mail:<\/strong> <a>chunghwashop11@gmail.com<\/a><br><strong>Facebook Messenger:<\/strong> <a href=\"https:\/\/m.me\/Chunghwashop\">https:\/\/m.me\/Chunghwashop<\/a><\/p>\n\n\n\n<p>Prosimy o podanie nast\u0119puj\u0105cych informacji:<\/p>\n\n\n\n<ul class=\"wp-block-list\">\n<li>Numer zam\u00f3wienia<\/li>\n\n\n\n<li>Nazwa lub model produktu<\/li>\n\n\n\n<li>Ilo\u015b\u0107<\/li>\n\n\n\n<li>Pow\u00f3d zwrotu<\/li>\n\n\n\n<li>Zdj\u0119cia lub filmy przedstawiaj\u0105ce produkt i opakowanie<\/li>\n\n\n\n<li>Data dostawy<\/li>\n\n\n\n<li>Twoje dane kontaktowe<\/li>\n<\/ul>\n\n\n\n<p>W przypadku problem\u00f3w z jako\u015bci\u0105 produktu mog\u0105 by\u0107 wymagane zdj\u0119cia lub filmy, aby nasz zesp\u00f3\u0142 m\u00f3g\u0142 wyra\u017anie sprawdzi\u0107 problem.<\/p>\n\n\n\n<h2 class=\"wp-block-heading\">3. Kwalifikowalno\u015b\u0107 zwrotu<\/h2>\n\n\n\n<p>Zwrot mo\u017ce zosta\u0107 przyj\u0119ty, je\u015bli produkt spe\u0142nia nast\u0119puj\u0105ce warunki:<\/p>\n\n\n\n<ul class=\"wp-block-list\">\n<li>Wniosek o zwrot nale\u017cy z\u0142o\u017cy\u0107 w ci\u0105gu 7 dni od daty dostawy.<\/li>\n\n\n\n<li>Produkt jest nieu\u017cywany.<\/li>\n\n\n\n<li>W stosownych przypadkach produkt jest nieotwarty.<\/li>\n\n\n\n<li>Produkt znajduje si\u0119 w oryginalnym opakowaniu.<\/li>\n\n\n\n<li>W zestawie znajduj\u0105 si\u0119 wszystkie etykiety, akcesoria i materia\u0142y opakowaniowe.<\/li>\n\n\n\n<li>Produkt nie zosta\u0142 uszkodzony przez klienta.<\/li>\n\n\n\n<li>Produkt mo\u017ce zosta\u0107 legalnie zwr\u00f3cony zgodnie z typem produktu i lokalnymi przepisami.<\/li>\n<\/ul>\n\n\n\n<p>Ze wzgl\u0119d\u00f3w higienicznych, bezpiecze\u0144stwa i integralno\u015bci produktu, produkty e-papierosowe mog\u0105 nie kwalifikowa\u0107 si\u0119 do zwrotu po otwarciu, u\u017cyciu, uszkodzeniu lub braku oryginalnego opakowania.<\/p>\n\n\n\n<h2 class=\"wp-block-heading\">4. Produkty nie podlegaj\u0105ce zwrotowi<\/h2>\n\n\n\n<p>Niekt\u00f3re produkty mog\u0105 nie kwalifikowa\u0107 si\u0119 do zwrotu.<\/p>\n\n\n\n<p>Sytuacje niepodlegaj\u0105ce zwrotowi mog\u0105 obejmowa\u0107:<\/p>\n\n\n\n<ul class=\"wp-block-list\">\n<li>Produkty, kt\u00f3re zosta\u0142y otwarte<\/li>\n\n\n\n<li>Produkty, kt\u00f3re by\u0142y u\u017cywane<\/li>\n\n\n\n<li>Produkty z uszkodzonym opakowaniem<\/li>\n\n\n\n<li>Brak etykiet, akcesori\u00f3w lub oryginalnego opakowania produkt\u00f3w<\/li>\n\n\n\n<li>Produkty uszkodzone w wyniku niew\u0142a\u015bciwego u\u017cytkowania przez klienta<\/li>\n\n\n\n<li>Produkty zwr\u00f3cone po up\u0142ywie 7-dniowego okresu zwrotu<\/li>\n\n\n\n<li>Produkty dotkni\u0119te niew\u0142a\u015bciwym przechowywaniem po dostawie<\/li>\n\n\n\n<li>Produkty odrzucone lub op\u00f3\u017anione z przyczyn le\u017c\u0105cych po stronie klienta<\/li>\n\n\n\n<li>Produkty, kt\u00f3rych nie mo\u017cna zwr\u00f3ci\u0107 ze wzgl\u0119d\u00f3w higienicznych lub bezpiecze\u0144stwa<\/li>\n<\/ul>\n\n\n\n<p>Poniewa\u017c e-papierosy mog\u0105 zawiera\u0107 nikotyn\u0119 i wi\u0105za\u0107 si\u0119 z higienicznym u\u017cytkowaniem, musimy uwa\u017cnie rozpatrywa\u0107 wnioski o zwrot.<\/p>\n\n\n\n<h2 class=\"wp-block-heading\">5. Kwestie jako\u015bci produkt\u00f3w<\/h2>\n\n\n\n<p>Je\u015bli uwa\u017casz, \u017ce produkt ma wad\u0119 jako\u015bciow\u0105, skontaktuj si\u0119 z obs\u0142ug\u0105 klienta w ci\u0105gu 7 dni od otrzymania towaru.<\/p>\n\n\n\n<p>Prosimy o podanie:<\/p>\n\n\n\n<ul class=\"wp-block-list\">\n<li>Numer zam\u00f3wienia<\/li>\n\n\n\n<li>Model produktu<\/li>\n\n\n\n<li>Wyra\u017ane zdj\u0119cia lub filmy<\/li>\n\n\n\n<li>Opis problemu<\/li>\n\n\n\n<li>Stan opakowania<\/li>\n\n\n\n<li>Wp\u0142yw na ilo\u015b\u0107<\/li>\n<\/ul>\n\n\n\n<p>Po zapoznaniu si\u0119 z informacjami, nasz zesp\u00f3\u0142 mo\u017ce zaproponowa\u0107 jedno z poni\u017cszych rozwi\u0105za\u0144:<\/p>\n\n\n\n<ul class=\"wp-block-list\">\n<li>Wymiana<\/li>\n\n\n\n<li>Cz\u0119\u015bciowy zwrot koszt\u00f3w<\/li>\n\n\n\n<li>Pe\u0142ny zwrot pieni\u0119dzy<\/li>\n\n\n\n<li>Zwrot i refundacja<\/li>\n\n\n\n<li>Inne rozs\u0105dne wsparcie posprzeda\u017cowe<\/li>\n<\/ul>\n\n\n\n<p>Ostateczne rozwi\u0105zanie zale\u017cy od stanu produktu, dostarczonych dowod\u00f3w, szczeg\u00f3\u0142\u00f3w zam\u00f3wienia i rzeczywistej sytuacji.<\/p>\n\n\n\n<h2 class=\"wp-block-heading\">6. Niew\u0142a\u015bciwy element lub brakuj\u0105cy element<\/h2>\n\n\n\n<p>Je\u015bli otrzymasz niew\u0142a\u015bciwy przedmiot lub stwierdzisz, \u017ce w paczce brakuje element\u00f3w, skontaktuj si\u0119 z nami w ci\u0105gu 7 dni od dostawy.<\/p>\n\n\n\n<p>Prosimy o podanie:<\/p>\n\n\n\n<ul class=\"wp-block-list\">\n<li>Numer zam\u00f3wienia<\/li>\n\n\n\n<li>Zdj\u0119cia produkt\u00f3w<\/li>\n\n\n\n<li>Zdj\u0119cia pakietu<\/li>\n\n\n\n<li>Zdj\u0119cie etykiety wysy\u0142kowej<\/li>\n\n\n\n<li>Film z rozpakowywania, je\u015bli jest dost\u0119pny<\/li>\n\n\n\n<li>Lista brakuj\u0105cych lub nieprawid\u0142owych element\u00f3w<\/li>\n<\/ul>\n\n\n\n<p>Przeanalizujemy spraw\u0119 i pomo\u017cemy znale\u017a\u0107 odpowiednie rozwi\u0105zanie.<\/p>\n\n\n\n<p>Prosimy o sprawdzenie przesy\u0142ki jak najszybciej po jej otrzymaniu. Op\u00f3\u017anione reklamacje mog\u0105 by\u0107 trudne do zweryfikowania.<\/p>\n\n\n\n<h2 class=\"wp-block-heading\">7. Cz\u0119\u015bciowa utrata produktu podczas dostawy lokalnej<\/h2>\n\n\n\n<p>Je\u015bli paczka zostanie dostarczona, ale w \u015brodku brakuje niekt\u00f3rych produkt\u00f3w z powodu lokalnej obs\u0142ugi dostawy, uszkodze\u0144 kurierskich, kradzie\u017cy lub problem\u00f3w z dostaw\u0105 na ostatnim etapie, Airmezvip.com mo\u017ce nie by\u0107 w stanie zapewni\u0107 rekompensaty posprzeda\u017cowej.<\/p>\n\n\n\n<p>Klienci powinni sprawdzi\u0107 paczk\u0119 natychmiast po jej otrzymaniu.<\/p>\n\n\n\n<p>Je\u015bli opakowanie zewn\u0119trzne jest uszkodzone, otwarte, ponownie zamkni\u0119te lub podejrzane, przed jego otwarciem nale\u017cy zrobi\u0107 zdj\u0119cia lub nagra\u0107 wideo i jak najszybciej skontaktowa\u0107 si\u0119 z lokalnym kurierem.<\/p>\n\n\n\n<h2 class=\"wp-block-heading\">8. Przyczyny zwrot\u00f3w po stronie klienta<\/h2>\n\n\n\n<p>Je\u015bli zwrot jest spowodowany przyczynami le\u017c\u0105cymi po stronie klienta, klient mo\u017ce by\u0107 odpowiedzialny za op\u0142aty za przesy\u0142k\u0119 zwrotn\u0105 i powi\u0105zane koszty.<\/p>\n\n\n\n<p>Powody le\u017c\u0105ce po stronie klienta mog\u0105 obejmowa\u0107:<\/p>\n\n\n\n<ul class=\"wp-block-list\">\n<li>Zam\u00f3wiono niew\u0142a\u015bciwy produkt<\/li>\n\n\n\n<li>Wyb\u00f3r niew\u0142a\u015bciwego smaku<\/li>\n\n\n\n<li>Zmieniono zdanie po z\u0142o\u017ceniu zam\u00f3wienia<\/li>\n\n\n\n<li>Podano nieprawid\u0142owe informacje o wysy\u0142ce<\/li>\n\n\n\n<li>Odmowa przyj\u0119cia paczki<\/li>\n\n\n\n<li>Nie uda\u0142o si\u0119 odebra\u0107 paczki na czas<\/li>\n\n\n\n<li>By\u0142 niedost\u0119pny podczas dostawy<\/li>\n\n\n\n<li>Zmieniony adres lub numer telefonu po wysy\u0142ce<\/li>\n\n\n\n<li>Nie sprawdzono lokalnych zasad importu przed z\u0142o\u017ceniem zam\u00f3wienia<\/li>\n<\/ul>\n\n\n\n<p>W takich przypadkach Airmezvip.com mo\u017ce odliczy\u0107 koszty wysy\u0142ki, op\u0142aty za p\u0142atno\u015b\u0107, op\u0142aty manipulacyjne lub inne rzeczywiste koszty od zwrotu, je\u015bli ma to zastosowanie.<\/p>\n\n\n\n<h2 class=\"wp-block-heading\">9. Nieprawid\u0142owe informacje o wysy\u0142ce<\/h2>\n\n\n\n<p>Klienci musz\u0105 poda\u0107 dok\u0142adne informacje o wysy\u0142ce przed z\u0142o\u017ceniem zam\u00f3wienia.<\/p>\n\n\n\n<p>Obejmuje to:<\/p>\n\n\n\n<ul class=\"wp-block-list\">\n<li>Pe\u0142na nazwa odbiorcy<\/li>\n\n\n\n<li>Prawid\u0142owy numer telefonu<\/li>\n\n\n\n<li>Pe\u0142ny adres<\/li>\n\n\n\n<li>Miasto<\/li>\n\n\n\n<li>Pa\u0144stwo lub prowincja<\/li>\n\n\n\n<li>Kod pocztowy<\/li>\n\n\n\n<li>Kraj<\/li>\n\n\n\n<li>Numer mieszkania, lokalu lub budynku, je\u015bli dotyczy<\/li>\n<\/ul>\n\n\n\n<p>Airmezvip.com nie ponosi odpowiedzialno\u015bci za utrat\u0119 paczki, nieudan\u0105 dostaw\u0119, op\u00f3\u017anienie lub brak podpisu spowodowane nieprawid\u0142owymi lub niekompletnymi danymi klienta.<\/p>\n\n\n\n<p>Je\u015bli paczka nie mo\u017ce zosta\u0107 dostarczona z powodu nieprawid\u0142owych danych klienta, bezp\u0142atna ponowna wysy\u0142ka lub zwrot pieni\u0119dzy mog\u0105 nie by\u0107 dost\u0119pne.<\/p>\n\n\n\n<h2 class=\"wp-block-heading\">10. Zasady dotycz\u0105ce zagubionych paczek<\/h2>\n\n\n\n<p>Airmezvip.com pomo\u017ce klientom sprawdzi\u0107 informacje o \u015bledzeniu, gdy paczka oka\u017ce si\u0119 op\u00f3\u017aniona lub zagubiona.<\/p>\n\n\n\n<h3 class=\"wp-block-heading\">10.1 Utrata przed lokaln\u0105 odpraw\u0105 celn\u0105<\/h3>\n\n\n\n<p>Je\u015bli \u015bledzenie lub potwierdzenie logistyczne wskazuje, \u017ce paczka zosta\u0142a utracona <strong>przed lokaln\u0105 odpraw\u0105 celn\u0105<\/strong>, Airmezvip.com mo\u017ce zorganizowa\u0107 przesy\u0142k\u0119 zast\u0119pcz\u0105.<\/p>\n\n\n\n<p>Proces wymiany zale\u017cy od wynik\u00f3w badania logistycznego i potwierdzenia od dostawcy us\u0142ug transportowych.<\/p>\n\n\n\n<h3 class=\"wp-block-heading\">10.2 Utracone po lokalnej odprawie celnej<\/h3>\n\n\n\n<p>Je\u015bli paczka przesz\u0142a ju\u017c lokaln\u0105 odpraw\u0119 celn\u0105 i rozpocz\u0119\u0142a lokalny proces dostawy ostatniej mili, Airmezvip.com nie ponosi odpowiedzialno\u015bci za utrat\u0119, kradzie\u017c, nieudan\u0105 dostaw\u0119 lub problemy z dostaw\u0105 spowodowane przez lokalnego kuriera.<\/p>\n\n\n\n<p>Jest to ma\u0142o prawdopodobna sytuacja, ale klienci musz\u0105 dok\u0142adnie potwierdzi\u0107 adres odbioru przed z\u0142o\u017ceniem zam\u00f3wienia.<\/p>\n\n\n\n<p>Gdy paczka zostanie przekazana lokalnemu kurierowi po odprawie celnej, ryzyko dostawy mo\u017ce zale\u017ce\u0107 od lokalnego dostawcy i lokalnego \u015brodowiska dostawy.<\/p>\n\n\n\n<h2 class=\"wp-block-heading\">11. Kwestie zgodno\u015bci z przepisami celnymi, importowymi i lokalnymi<\/h2>\n\n\n\n<p>Klienci s\u0105 odpowiedzialni za zrozumienie i przestrzeganie prawa, przepis\u00f3w celnych, wymog\u00f3w importowych, przepis\u00f3w podatkowych i przepis\u00f3w dotycz\u0105cych e-papieros\u00f3w w swoim kraju lub regionie.<\/p>\n\n\n\n<p>Airmezvip.com nie ponosi odpowiedzialno\u015bci za zwrot, refundacj\u0119, wymian\u0119 lub rekompensat\u0119, je\u015bli problem jest spowodowany przez:<\/p>\n\n\n\n<ul class=\"wp-block-list\">\n<li>Op\u00f3\u017anienie w odprawie celnej<\/li>\n\n\n\n<li>Odmowa organ\u00f3w celnych<\/li>\n\n\n\n<li>Ograniczenie importu<\/li>\n\n\n\n<li>Lokalne dzia\u0142ania regulacyjne<\/li>\n\n\n\n<li>Zaj\u0119cie produktu<\/li>\n\n\n\n<li>Niedostarczenie przez klienta wymaganych informacji dotycz\u0105cych importu<\/li>\n\n\n\n<li>Nieprzestrzeganie lokalnych przepis\u00f3w przez klienta<\/li>\n\n\n\n<li>Lokalne kwestie podatkowe lub celne<\/li>\n<\/ul>\n\n\n\n<p>Przed z\u0142o\u017ceniem zam\u00f3wienia klienci powinni potwierdzi\u0107, czy produkt mo\u017ce by\u0107 legalnie zakupiony, importowany, otrzymany, posiadany lub odsprzedany w kraju lub regionie docelowym.<\/p>\n\n\n\n<h2 class=\"wp-block-heading\">12. Wysy\u0142ka zwrotna<\/h2>\n\n\n\n<p>Ustalenia dotycz\u0105ce wysy\u0142ki zwrotnej musz\u0105 zosta\u0107 potwierdzone z dzia\u0142em obs\u0142ugi klienta przed odes\u0142aniem jakiegokolwiek produktu.<\/p>\n\n\n\n<p>Prosimy o niezwracanie produkt\u00f3w bez uprzedniego skontaktowania si\u0119 z nami.<\/p>\n\n\n\n<p>Je\u015bli zwrot zostanie zatwierdzony, nasz zesp\u00f3\u0142 obs\u0142ugi klienta przeka\u017ce instrukcje dotycz\u0105ce zwrotu.<\/p>\n\n\n\n<p>Op\u0142aty za przesy\u0142k\u0119 zwrotn\u0105 mog\u0105 zale\u017ce\u0107 od przyczyny zwrotu:<\/p>\n\n\n\n<h3 class=\"wp-block-heading\">Problem z jako\u015bci\u0105 produktu lub nasz b\u0142\u0105d<\/h3>\n\n\n\n<p>Je\u015bli zwrot jest spowodowany potwierdzon\u0105 kwesti\u0105 jako\u015bci produktu lub b\u0142\u0119dem w przetwarzaniu zam\u00f3wienia, mo\u017cemy zapewni\u0107 rozs\u0105dne wsparcie w zakresie zwrotu lub wymiany w zale\u017cno\u015bci od rzeczywistego przypadku.<\/p>\n\n\n\n<h3 class=\"wp-block-heading\">Pow\u00f3d po stronie klienta<\/h3>\n\n\n\n<p>Je\u015bli zwrot jest spowodowany przyczynami le\u017c\u0105cymi po stronie klienta, klient mo\u017ce by\u0107 zobowi\u0105zany do uiszczenia op\u0142at za przesy\u0142k\u0119 zwrotn\u0105 i powi\u0105zanych koszt\u00f3w.<\/p>\n\n\n\n<p>Przyczyny le\u017c\u0105ce po stronie klienta obejmuj\u0105 niew\u0142a\u015bciwy wyb\u00f3r, zmian\u0119 zdania, nieprawid\u0142owy adres, odmow\u0119 dostawy lub niesprawdzenie lokalnych przepis\u00f3w.<\/p>\n\n\n\n<h2 class=\"wp-block-heading\">13. Czas przetwarzania zwrotu<\/h2>\n\n\n\n<p>Po zatwierdzeniu zwrotu, zostanie on zazwyczaj przetworzony w ci\u0105gu <strong>3-10 dni roboczych<\/strong>.<\/p>\n\n\n\n<p>W wi\u0119kszo\u015bci przypadk\u00f3w zwrot zostanie zwr\u00f3cony na pierwotn\u0105 metod\u0119 p\u0142atno\u015bci.<\/p>\n\n\n\n<p>Obs\u0142ugiwane metody p\u0142atno\u015bci mog\u0105 obejmowa\u0107:<\/p>\n\n\n\n<ul class=\"wp-block-list\">\n<li>PayPal<\/li>\n\n\n\n<li>Pasek<\/li>\n\n\n\n<li>Karta kredytowa<\/li>\n\n\n\n<li>USDT<\/li>\n\n\n\n<li>Przelew bankowy<\/li>\n\n\n\n<li>Western Union<\/li>\n\n\n\n<li>Alipay<\/li>\n\n\n\n<li>WeChat Pay<\/li>\n\n\n\n<li>UnionPay<\/li>\n<\/ul>\n\n\n\n<p>Rzeczywisty czas pojawienia si\u0119 zwrotu na koncie mo\u017ce zale\u017ce\u0107 od dostawcy p\u0142atno\u015bci, banku, wydawcy karty, sieci blockchain lub metody przelewu.<\/p>\n\n\n\n<h2 class=\"wp-block-heading\">14. Zwroty USDT, przelew\u00f3w bankowych i przelew\u00f3w bankowych<\/h2>\n\n\n\n<p>W przypadku zwrot\u00f3w obejmuj\u0105cych <strong>USDT<\/strong>, <strong>przelew bankowy<\/strong>, lub <strong>przelew bankowy<\/strong>, Klienci musz\u0105 skontaktowa\u0107 si\u0119 z dzia\u0142em obs\u0142ugi klienta i poda\u0107 prawid\u0142owe dane konta odbiorczego.<\/p>\n\n\n\n<p>W przypadku zwrot\u00f3w USDT klienci musz\u0105 poda\u0107:<\/p>\n\n\n\n<ul class=\"wp-block-list\">\n<li>Prawid\u0142owy adres portfela<\/li>\n\n\n\n<li>Prawid\u0142owa sie\u0107 blockchain<\/li>\n\n\n\n<li>Potwierdzenie odbiorcy<\/li>\n<\/ul>\n\n\n\n<p>W przypadku zwrot\u00f3w przelewem bankowym lub przelewem bankowym klienci musz\u0105 poda\u0107 dok\u0142adne informacje o koncie bankowym.<\/p>\n\n\n\n<p>Airmezvip.com nie ponosi odpowiedzialno\u015bci za nieudane zwroty, op\u00f3\u017anione zwroty lub utracone \u015brodki spowodowane nieprawid\u0142owymi danymi konta odbiorczego podanymi przez klienta.<\/p>\n\n\n\n<p>W zale\u017cno\u015bci od metody zwrotu mog\u0105 obowi\u0105zywa\u0107 op\u0142aty bankowe, op\u0142aty za przelew, r\u00f3\u017cnice kursowe, op\u0142aty za sie\u0107 blockchain lub op\u0142aty za przetwarzanie p\u0142atno\u015bci przez strony trzecie.<\/p>\n\n\n\n<h2 class=\"wp-block-heading\">15. Potr\u0105cenia z tytu\u0142u zwrotu koszt\u00f3w<\/h2>\n\n\n\n<p>W niekt\u00f3rych przypadkach pewne koszty mog\u0105 zosta\u0107 odliczone od kwoty zwrotu.<\/p>\n\n\n\n<p>Mo\u017cliwe odliczenia mog\u0105 obejmowa\u0107:<\/p>\n\n\n\n<ul class=\"wp-block-list\">\n<li>Oryginalny koszt wysy\u0142ki<\/li>\n\n\n\n<li>Koszt wysy\u0142ki zwrotnej<\/li>\n\n\n\n<li>Op\u0142ata za przetwarzanie p\u0142atno\u015bci<\/li>\n\n\n\n<li>Op\u0142ata za przelew bankowy<\/li>\n\n\n\n<li>Op\u0142ata za sie\u0107 blockchain<\/li>\n\n\n\n<li>Op\u0142ata manipulacyjna<\/li>\n\n\n\n<li>Koszty zwi\u0105zane z uzupe\u0142nianiem zapas\u00f3w, w stosownych przypadkach<\/li>\n\n\n\n<li>Koszt spowodowany b\u0142\u0119dem po stronie klienta<\/li>\n<\/ul>\n\n\n\n<p>Wszelkie potr\u0105cenia b\u0119d\u0105 zale\u017ce\u0107 od sytuacji zam\u00f3wienia i przyczyny zwrotu.<\/p>\n\n\n\n<h2 class=\"wp-block-heading\">16. Anulowanie zam\u00f3wienia przed wysy\u0142k\u0105<\/h2>\n\n\n\n<p>W przypadku konieczno\u015bci anulowania zam\u00f3wienia nale\u017cy jak najszybciej skontaktowa\u0107 si\u0119 z dzia\u0142em obs\u0142ugi klienta.<\/p>\n\n\n\n<p>Je\u015bli zam\u00f3wienie nie zosta\u0142o przetworzone lub wys\u0142ane, mo\u017cemy pom\u00f3c w anulowaniu zam\u00f3wienia i zorganizowaniu zwrotu pieni\u0119dzy.<\/p>\n\n\n\n<p>Je\u015bli zam\u00f3wienie zosta\u0142o ju\u017c przetworzone, zapakowane lub wys\u0142ane, anulowanie mo\u017ce nie by\u0107 ju\u017c mo\u017cliwe.<\/p>\n\n\n\n<p>Zwrot \u015brodk\u00f3w za zam\u00f3wienia z p\u0142atno\u015bci\u0105 r\u0119czn\u0105 mo\u017ce potrwa\u0107 d\u0142u\u017cej w zale\u017cno\u015bci od metody p\u0142atno\u015bci.<\/p>\n\n\n\n<h2 class=\"wp-block-heading\">17. Anulowanie zam\u00f3wienia po wysy\u0142ce<\/h2>\n\n\n\n<p>Po wys\u0142aniu zam\u00f3wienia anulowanie mo\u017ce nie by\u0107 mo\u017cliwe.<\/p>\n\n\n\n<p>Je\u015bli klient odm\u00f3wi dostawy lub poprosi o anulowanie po wysy\u0142ce, zam\u00f3wienie mo\u017ce zosta\u0107 potraktowane zgodnie z nasz\u0105 procedur\u0105 zwrotu.<\/p>\n\n\n\n<p>Op\u0142aty za wysy\u0142k\u0119, op\u0142aty za zwrot, op\u0142aty za p\u0142atno\u015b\u0107 i inne powi\u0105zane koszty mog\u0105 zosta\u0107 odliczone od kwoty zwrotu w stosownych przypadkach.<\/p>\n\n\n\n<h2 class=\"wp-block-heading\">18. Wymiana i zast\u0105pienie<\/h2>\n\n\n\n<p>W niekt\u00f3rych przypadkach Airmezvip.com mo\u017ce zapewni\u0107 wsparcie zast\u0119pcze.<\/p>\n\n\n\n<p>Wymiana mo\u017ce by\u0107 dost\u0119pna, je\u015bli<\/p>\n\n\n\n<ul class=\"wp-block-list\">\n<li>Produkt ma potwierdzon\u0105 wad\u0119 jako\u015bciow\u0105<\/li>\n\n\n\n<li>Wys\u0142ano niew\u0142a\u015bciwy przedmiot<\/li>\n\n\n\n<li>Potwierdzono, \u017ce paczka zagin\u0119\u0142a przed lokaln\u0105 odpraw\u0105 celn\u0105<\/li>\n\n\n\n<li>Obs\u0142uga klienta zatwierdza wymian\u0119 po dokonaniu przegl\u0105du<\/li>\n<\/ul>\n\n\n\n<p>Wymiana nie jest gwarantowana z powod\u00f3w le\u017c\u0105cych po stronie klienta, nieprawid\u0142owych informacji o wysy\u0142ce, lokalnej utraty dostawy po odprawie celnej lub kwestii zwi\u0105zanych z c\u0142em.<\/p>\n\n\n\n<h2 class=\"wp-block-heading\">19. Termin sk\u0142adania wniosk\u00f3w posprzeda\u017cowych<\/h2>\n\n\n\n<p>Klienci powinni skontaktowa\u0107 si\u0119 z nami jak najszybciej po otrzymaniu zam\u00f3wienia.<\/p>\n\n\n\n<p>W przypadku zwrot\u00f3w klienci musz\u0105 skontaktowa\u0107 si\u0119 z nami w ci\u0105gu <strong>7 dni po dostawie<\/strong>.<\/p>\n\n\n\n<p>W przypadku brakuj\u0105cych produkt\u00f3w, niew\u0142a\u015bciwych produkt\u00f3w, uszkodzonych paczek lub problem\u00f3w z jako\u015bci\u0105, klienci powinni skontaktowa\u0107 si\u0119 z nami w ci\u0105gu 7 dni i dostarczy\u0107 zdj\u0119cia lub filmy.<\/p>\n\n\n\n<p>Op\u00f3\u017anione reklamacje mog\u0105 nie zosta\u0107 zaakceptowane, poniewa\u017c stan opakowania i produktu mo\u017ce by\u0107 trudny do zweryfikowania.<\/p>\n\n\n\n<h2 class=\"wp-block-heading\">20. Kontakt<\/h2>\n\n\n\n<p>Je\u015bli potrzebujesz pomocy w zakresie zwrot\u00f3w, refundacji, wymiany lub wsparcia posprzeda\u017cowego, skontaktuj si\u0119 z nami.<\/p>\n\n\n\n<p><strong>Strona internetowa:<\/strong> airmezvip.com<br><strong>E-mail:<\/strong> <a>chunghwashop11@gmail.com<\/a><br><strong>WhatsApp:<\/strong> +44 7922291211<br><strong>Facebook Messenger:<\/strong> <a href=\"https:\/\/m.me\/Chunghwashop\">https:\/\/m.me\/Chunghwashop<\/a><\/p>\n\n\n\n<p><strong>Godziny pracy dzia\u0142u obs\u0142ugi klienta:<\/strong><br>Poniedzia\u0142ek - pi\u0105tek: 09:00 - 18:00<br>Sobota - niedziela: 10:00 - 17:00<br>Strefa czasowa: Czas brytyjski<\/p>\n\n\n\n<p><strong>Nazwa firmy:<\/strong> WORLDWIDE TRADING LIMITEDVANTAGE<\/p>\n\n\n\n<p><strong>Adres firmy:<\/strong><br>Room I-1, 4\/F, Golden Dragon Industrial Centre Phase II, 162-170 Tai Lin Pai Road, Kwai Chung, New Territories, Hong Kong<\/p>\n\n\n\n<p><strong>Adres magazynu w Wielkiej Brytanii:<\/strong><br>Suite 12, 48 High Street, Birmingham, B4 7SR, Wielka Brytania<\/p>\n\n\n\n<p><\/p>","protected":false},"excerpt":{"rendered":"<p>Last Updated: May 4, 2026 Thank you for shopping at Airmezvip.com. This Return \/ Refund Policy explains how returns, refunds, replacements, and after-sales requests are handled for Airmez e-cigarette products purchased from our website. Airmezvip.com mainly serves adult customers and wholesale buyers in Europe, the United Kingdom, and Australia. Please read this policy carefully before [&hellip;]<\/p>\n","protected":false},"author":1,"featured_media":0,"parent":0,"menu_order":0,"comment_status":"closed","ping_status":"closed","template":"","meta":{"_joinchat":[],"footnotes":""},"class_list":["post-650","page","type-page","status-publish","hentry"],"_links":{"self":[{"href":"https:\/\/airmezvip.com\/pl\/wp-json\/wp\/v2\/pages\/650","targetHints":{"allow":["GET"]}}],"collection":[{"href":"https:\/\/airmezvip.com\/pl\/wp-json\/wp\/v2\/pages"}],"about":[{"href":"https:\/\/airmezvip.com\/pl\/wp-json\/wp\/v2\/types\/page"}],"author":[{"embeddable":true,"href":"https:\/\/airmezvip.com\/pl\/wp-json\/wp\/v2\/users\/1"}],"replies":[{"embeddable":true,"href":"https:\/\/airmezvip.com\/pl\/wp-json\/wp\/v2\/comments?post=650"}],"version-history":[{"count":1,"href":"https:\/\/airmezvip.com\/pl\/wp-json\/wp\/v2\/pages\/650\/revisions"}],"predecessor-version":[{"id":651,"href":"https:\/\/airmezvip.com\/pl\/wp-json\/wp\/v2\/pages\/650\/revisions\/651"}],"wp:attachment":[{"href":"https:\/\/airmezvip.com\/pl\/wp-json\/wp\/v2\/media?parent=650"}],"curies":[{"name":"wp","href":"https:\/\/api.w.org\/{rel}","templated":true}]}}