{"id":648,"date":"2026-05-04T07:20:21","date_gmt":"2026-05-04T07:20:21","guid":{"rendered":"https:\/\/airmezvip.com\/?page_id=648"},"modified":"2026-05-04T07:20:21","modified_gmt":"2026-05-04T07:20:21","slug":"shipping","status":"publish","type":"page","link":"https:\/\/airmezvip.com\/pl\/shipping\/","title":{"rendered":"Wysy\u0142ka"},"content":{"rendered":"<p><strong>Ostatnia aktualizacja: 4 maja 2026 r.<\/strong><\/p>\n\n\n\n<p>Dzi\u0119kujemy za zakupy w <strong>Airmezvip.com<\/strong>.<\/p>\n\n\n\n<p>Niniejsze Zasady wysy\u0142ki wyja\u015bniaj\u0105, w jaki spos\u00f3b przetwarzamy, wysy\u0142amy i dostarczamy zam\u00f3wienia na e-papierosy Airmez. Airmezvip.com obs\u0142uguje g\u0142\u00f3wnie klient\u00f3w doros\u0142ych i nabywc\u00f3w hurtowych w <strong>Europa, Wielka Brytania i Australia<\/strong>, z obs\u0142ug\u0105 magazyn\u00f3w zagranicznych w celu szybszej dostawy w wybranych regionach.<\/p>\n\n\n\n<p>Przed z\u0142o\u017ceniem zam\u00f3wienia nale\u017cy uwa\u017cnie przeczyta\u0107 niniejsze Zasady wysy\u0142ki. Sk\u0142adaj\u0105c zam\u00f3wienie na Airmezvip.com, zgadzasz si\u0119 na poni\u017csze warunki.<\/p>\n\n\n\n<h2 class=\"wp-block-heading\">1. Regiony wysy\u0142kowe<\/h2>\n\n\n\n<p>Airmezvip.com zapewnia g\u0142\u00f3wnie wsparcie wysy\u0142kowe dla:<\/p>\n\n\n\n<ul class=\"wp-block-list\">\n<li>Europa<\/li>\n\n\n\n<li>Wielka Brytania<\/li>\n\n\n\n<li>Australia<\/li>\n<\/ul>\n\n\n\n<p>Mo\u017cemy r\u00f3wnie\u017c obs\u0142ugiwa\u0107 inne miejsca docelowe w zale\u017cno\u015bci od dost\u0119pno\u015bci produktu, stanu zapas\u00f3w, tras wysy\u0142ki i lokalnych warunk\u00f3w dostawy.<\/p>\n\n\n\n<p>Je\u015bli Tw\u00f3j kraj znajduje si\u0119 poza Europ\u0105, Wielk\u0105 Brytani\u0105 lub Australi\u0105, skontaktuj si\u0119 z naszym dzia\u0142em obs\u0142ugi klienta przed z\u0142o\u017ceniem zam\u00f3wienia.<\/p>\n\n\n\n<h2 class=\"wp-block-heading\">2. Wysy\u0142ka do magazyn\u00f3w zagranicznych<\/h2>\n\n\n\n<p>Airmezvip.com obs\u0142uguje wysy\u0142k\u0119 do magazyn\u00f3w zagranicznych w wybranych regionach.<\/p>\n\n\n\n<p>Nasz magazyn w Europie i Australii mo\u017ce obs\u0142ugiwa\u0107 zam\u00f3wienia dropshipping pojedynczych produkt\u00f3w.<\/p>\n\n\n\n<h3 class=\"wp-block-heading\">Minimalna ilo\u015b\u0107 wysy\u0142ek<\/h3>\n\n\n\n<p>W przypadku zagranicznych zam\u00f3wie\u0144 magazynowych:<\/p>\n\n\n\n<ul class=\"wp-block-list\">\n<li>Minimalna ilo\u015b\u0107 zam\u00f3wienia: <strong>1 szt.<\/strong><\/li>\n\n\n\n<li>Zalecana ilo\u015b\u0107 zam\u00f3wienia: <strong>15 sztuk lub wi\u0119cej<\/strong><\/li>\n<\/ul>\n\n\n\n<p>Chocia\u017c mo\u017cemy wys\u0142a\u0107 od 1 sztuki, zalecamy zam\u00f3wienie 15 sztuk lub wi\u0119cej w celu uzyskania lepszej efektywno\u015bci kosztowej, szczeg\u00f3lnie dla sta\u0142ych nabywc\u00f3w, sprzedawc\u00f3w detalicznych, odsprzedawc\u00f3w i klient\u00f3w hurtowych.<\/p>\n\n\n\n<h2 class=\"wp-block-heading\">3. Kraje dropshippingu w Europie i Wielkiej Brytanii<\/h2>\n\n\n\n<p>Nasz magazyn w Europie obs\u0142uguje dropshipping pojedynczych sztuk do wybranych kraj\u00f3w europejskich, w tym do Wielkiej Brytanii.<\/p>\n\n\n\n<p>Dost\u0119pne europejskie miejsca wysy\u0142ki obejmuj\u0105:<\/p>\n\n\n\n<ul class=\"wp-block-list\">\n<li>Wielka Brytania<\/li>\n\n\n\n<li>Hiszpania<\/li>\n\n\n\n<li>Portugalia<\/li>\n\n\n\n<li>Francja<\/li>\n\n\n\n<li>Niemcy<\/li>\n\n\n\n<li>W\u0142ochy<\/li>\n\n\n\n<li>Austria<\/li>\n\n\n\n<li>Luksemburg<\/li>\n\n\n\n<li>Holandia<\/li>\n\n\n\n<li>Belgia<\/li>\n\n\n\n<li>Dania<\/li>\n\n\n\n<li>Polska<\/li>\n\n\n\n<li>S\u0142owenia<\/li>\n\n\n\n<li>S\u0142owacja<\/li>\n\n\n\n<li>Estonia<\/li>\n\n\n\n<li>\u0141otwa<\/li>\n\n\n\n<li>Litwa<\/li>\n\n\n\n<li>Bu\u0142garia<\/li>\n\n\n\n<li>Chorwacja<\/li>\n\n\n\n<li>Finlandia<\/li>\n\n\n\n<li>Rumunia<\/li>\n\n\n\n<li>Szwecja<\/li>\n\n\n\n<li>Republika Czeska<\/li>\n\n\n\n<li>W\u0119gry<\/li>\n\n\n\n<li>Grecja<\/li>\n\n\n\n<li>Irlandia<\/li>\n<\/ul>\n\n\n\n<p>Dost\u0119pno\u015b\u0107 wysy\u0142ki mo\u017ce ulec zmianie w zale\u017cno\u015bci od stanu magazynowego produktu, ogranicze\u0144 dotycz\u0105cych miejsca docelowego, lokalnych warunk\u00f3w dostawy i ustale\u0144 dostawcy us\u0142ug logistycznych.<\/p>\n\n\n\n<p>Je\u015bli nie masz pewno\u015bci, czy Twoje miejsce docelowe jest obs\u0142ugiwane, skontaktuj si\u0119 z nami przed z\u0142o\u017ceniem zam\u00f3wienia.<\/p>\n\n\n\n<h2 class=\"wp-block-heading\">4. Australia Shipping<\/h2>\n\n\n\n<p>Airmezvip.com obs\u0142uguje wysy\u0142k\u0119 przez <strong>ca\u0142a Australia<\/strong>.<\/p>\n\n\n\n<p>Wysy\u0142ka z magazynu w Australii mo\u017ce by\u0107 dost\u0119pna dla wybranych produkt\u00f3w Airmez, w zale\u017cno\u015bci od aktualnych stan\u00f3w magazynowych i warunk\u00f3w wysy\u0142ki.<\/p>\n\n\n\n<p>Klienci z Australii mog\u0105 sk\u0142ada\u0107 zam\u00f3wienia osobiste lub hurtowe, ale klienci s\u0105 odpowiedzialni za zrozumienie i przestrzeganie wszystkich obowi\u0105zuj\u0105cych przepis\u00f3w lokalnych, zasad importu i przepis\u00f3w dotycz\u0105cych produkt\u00f3w do waporyzacji przed z\u0142o\u017ceniem zam\u00f3wienia.<\/p>\n\n\n\n<p>W przypadku pyta\u0144 dotycz\u0105cych wysy\u0142ki w Australii prosimy o kontakt z naszym dzia\u0142em obs\u0142ugi klienta przed z\u0142o\u017ceniem du\u017cego zam\u00f3wienia.<\/p>\n\n\n\n<h2 class=\"wp-block-heading\">5. Czas przetwarzania zam\u00f3wienia<\/h2>\n\n\n\n<p>Zam\u00f3wienia s\u0105 zazwyczaj przetwarzane po potwierdzeniu p\u0142atno\u015bci.<\/p>\n\n\n\n<p>Po potwierdzeniu p\u0142atno\u015bci zam\u00f3wienia s\u0105 zazwyczaj wysy\u0142ane w ci\u0105gu:<\/p>\n\n\n\n<p><strong>1-3 dni robocze<\/strong><\/p>\n\n\n\n<p>Czas przetwarzania mo\u017ce zale\u017ce\u0107 od:<\/p>\n\n\n\n<ul class=\"wp-block-list\">\n<li>Dost\u0119pno\u015b\u0107 produktu<\/li>\n\n\n\n<li>Ilo\u015b\u0107 zam\u00f3wienia<\/li>\n\n\n\n<li>Potwierdzenie p\u0142atno\u015bci<\/li>\n\n\n\n<li>Lokalizacja magazynu<\/li>\n\n\n\n<li>Wyb\u00f3r smaku<\/li>\n\n\n\n<li>Dok\u0142adno\u015b\u0107 adresu wysy\u0142ki<\/li>\n\n\n\n<li>Wymagania dotycz\u0105ce zam\u00f3wie\u0144 hurtowych<\/li>\n<\/ul>\n\n\n\n<p>W przypadku ma\u0142ych zam\u00f3wie\u0144 przetwarzanie jest zwykle szybsze.<\/p>\n\n\n\n<p>W przypadku zam\u00f3wie\u0144 hurtowych lub du\u017cych ilo\u015bci realizacja mo\u017ce potrwa\u0107 d\u0142u\u017cej, poniewa\u017c musimy potwierdzi\u0107 stan magazynowy, opcje smakowe, opakowanie i ustalenia logistyczne.<\/p>\n\n\n\n<h2 class=\"wp-block-heading\">6. Szacowany czas dostawy<\/h2>\n\n\n\n<p>Szacowany czas dostawy mo\u017ce si\u0119 r\u00f3\u017cni\u0107 w zale\u017cno\u015bci od miejsca docelowego, przetwarzania magazynowego, dost\u0119pno\u015bci produktu, lokalnej us\u0142ugi kurierskiej, odprawy celnej i innych warunk\u00f3w.<\/p>\n\n\n\n<p>Nasz zwyk\u0142y szacowany czas dostawy to:<\/p>\n\n\n\n<figure class=\"wp-block-table\"><table class=\"has-fixed-layout\"><thead><tr><th>Region<\/th><th>Szacowany czas dostawy<\/th><\/tr><\/thead><tbody><tr><td>Europa<\/td><td>3-7 dni roboczych<\/td><\/tr><tr><td>Wielka Brytania<\/td><td>3-7 dni roboczych<\/td><\/tr><tr><td>Australia<\/td><td>5-12 dni roboczych<\/td><\/tr><\/tbody><\/table><\/figure>\n\n\n\n<p>Nale\u017cy pami\u0119ta\u0107, \u017ce terminy dostaw s\u0105 jedynie szacunkowe. Nie s\u0105 to gwarantowane daty dostawy.<\/p>\n\n\n\n<p>Op\u00f3\u017anienia mog\u0105 by\u0107 spowodowane kontrolami celnymi, op\u00f3\u017anieniami lokalnych kurier\u00f3w, \u015bwi\u0119tami pa\u0144stwowymi, pogod\u0105, problemami z adresem, dostaw\u0105 do odleg\u0142ych obszar\u00f3w lub innymi czynnikami pozostaj\u0105cymi poza nasz\u0105 kontrol\u0105.<\/p>\n\n\n\n<h2 class=\"wp-block-heading\">7. Metody wysy\u0142ki i dostawcy us\u0142ug logistycznych<\/h2>\n\n\n\n<p>Airmezvip.com mo\u017ce korzysta\u0107 z us\u0142ug r\u00f3\u017cnych dostawc\u00f3w us\u0142ug logistycznych w zale\u017cno\u015bci od kraju docelowego, rodzaju produktu, lokalizacji magazynu i ilo\u015bci zam\u00f3wienia.<\/p>\n\n\n\n<p>Typowi dostawcy us\u0142ug logistycznych mog\u0105 obejmowa\u0107:<\/p>\n\n\n\n<ul class=\"wp-block-list\">\n<li>Royal Mail<\/li>\n\n\n\n<li>DPD<\/li>\n\n\n\n<li>Evri<\/li>\n\n\n\n<li>DHL<\/li>\n\n\n\n<li>UPS<\/li>\n\n\n\n<li>Inni lokalni lub mi\u0119dzynarodowi partnerzy<\/li>\n<\/ul>\n\n\n\n<p>Ostateczny przewo\u017anik mo\u017ce si\u0119 r\u00f3\u017cni\u0107 w zale\u017cno\u015bci od trasy wysy\u0142ki i lokalnych ustale\u0144 dotycz\u0105cych dostawy.<\/p>\n\n\n\n<h2 class=\"wp-block-heading\">8. Dostawa ekspresowa i lokalna dostawa towar\u00f3w<\/h2>\n\n\n\n<p>Domy\u015blna cena wysy\u0142ki z magazynu zagranicznego zwykle odnosi si\u0119 do standardowej ekspresowej przesy\u0142ki kurierskiej.<\/p>\n\n\n\n<p>Je\u015bli wymagana jest lokalna dostawa ci\u0119\u017car\u00f3wk\u0105, dostawa paletowa, dostawa frachtowa lub specjalna dostawa lokalnym przewo\u017anikiem, koszt wysy\u0142ki mo\u017ce zosta\u0107 obliczony osobno.<\/p>\n\n\n\n<p>W przypadku wi\u0119kszych zam\u00f3wie\u0144 hurtowych prosimy o kontakt z dzia\u0142em obs\u0142ugi klienta przed z\u0142o\u017ceniem zam\u00f3wienia, aby\u015bmy mogli sprawdzi\u0107 dost\u0119pn\u0105 metod\u0119 wysy\u0142ki i koszt wysy\u0142ki.<\/p>\n\n\n\n<p>Lokalne op\u0142aty za dostaw\u0119 nie zawsze s\u0105 wliczone w domy\u015bln\u0105 cen\u0119 produktu lub wysy\u0142ki.<\/p>\n\n\n\n<h2 class=\"wp-block-heading\">9. Dop\u0142ata za obszar oddalony<\/h2>\n\n\n\n<p>Niekt\u00f3re adresy mog\u0105 znajdowa\u0107 si\u0119 w odleg\u0142ych obszarach.<\/p>\n\n\n\n<p>Je\u015bli adres dostawy zostanie sklasyfikowany przez dostawc\u0119 us\u0142ug logistycznych jako obszar oddalony, mo\u017ce obowi\u0105zywa\u0107 dodatkowa op\u0142ata za obszar oddalony.<\/p>\n\n\n\n<p>Dop\u0142aty dla obszar\u00f3w oddalonych s\u0105 obliczane zgodnie z <strong>wycena w czasie rzeczywistym od dostawcy us\u0142ug logistycznych<\/strong>.<\/p>\n\n\n\n<p>Dok\u0142adna op\u0142ata mo\u017ce si\u0119 r\u00f3\u017cni\u0107 w zale\u017cno\u015bci od<\/p>\n\n\n\n<ul class=\"wp-block-list\">\n<li>Kraj<\/li>\n\n\n\n<li>Kod pocztowy<\/li>\n\n\n\n<li>Trasa kurierska<\/li>\n\n\n\n<li>Waga opakowania<\/li>\n\n\n\n<li>Pojemno\u015b\u0107 opakowania<\/li>\n\n\n\n<li>Lokalne warunki dostawy<\/li>\n<\/ul>\n\n\n\n<p>W celu uzyskania szczeg\u00f3\u0142owych informacji prosimy o kontakt z naszym dzia\u0142em obs\u0142ugi klienta przed z\u0142o\u017ceniem zam\u00f3wienia.<\/p>\n\n\n\n<h2 class=\"wp-block-heading\">10. Wymagane s\u0105 prawid\u0142owe informacje o wysy\u0142ce<\/h2>\n\n\n\n<p>Klienci musz\u0105 poda\u0107 dok\u0142adne i kompletne informacje dotycz\u0105ce wysy\u0142ki podczas sk\u0142adania zam\u00f3wienia.<\/p>\n\n\n\n<p>Obejmuje to:<\/p>\n\n\n\n<ul class=\"wp-block-list\">\n<li>Pe\u0142na nazwa odbiorcy<\/li>\n\n\n\n<li>Prawid\u0142owy numer telefonu<\/li>\n\n\n\n<li>Pe\u0142ny adres ulicy<\/li>\n\n\n\n<li>Miasto<\/li>\n\n\n\n<li>Pa\u0144stwo lub prowincja<\/li>\n\n\n\n<li>Kod pocztowy<\/li>\n\n\n\n<li>Kraj<\/li>\n\n\n\n<li>Numer mieszkania, lokalu lub budynku, je\u015bli dotyczy<\/li>\n<\/ul>\n\n\n\n<p>Airmezvip.com nie ponosi odpowiedzialno\u015bci za niepowodzenie dostawy, op\u00f3\u017anienie, utrat\u0119 paczki lub brak podpisu spowodowany nieprawid\u0142owymi lub niekompletnymi informacjami o wysy\u0142ce.<\/p>\n\n\n\n<p>Prosimy o dok\u0142adne sprawdzenie adresu wysy\u0142ki przed z\u0142o\u017ceniem zam\u00f3wienia.<\/p>\n\n\n\n<h2 class=\"wp-block-heading\">11. Problemy z wysy\u0142k\u0105 niekwalifikuj\u0105ce si\u0119 do wsparcia posprzeda\u017cowego<\/h2>\n\n\n\n<p>W przypadku zagranicznych przesy\u0142ek magazynowych poni\u017csze problemy logistyczne nie kwalifikuj\u0105 si\u0119 do wsparcia posprzeda\u017cowego, je\u015bli s\u0105 spowodowane przez klienta lub lokalne problemy z dostaw\u0105.<\/p>\n\n\n\n<p>Sk\u0142adaj\u0105c zam\u00f3wienie, klienci wyra\u017caj\u0105 zgod\u0119 na te warunki.<\/p>\n\n\n\n<h3 class=\"wp-block-heading\">11.1 Nieprawid\u0142owe informacje o wysy\u0142ce<\/h3>\n\n\n\n<p>Je\u015bli klient poda nieprawid\u0142owe lub niekompletne informacje o odbiorcy, a paczka zostanie zgubiona, op\u00f3\u017aniona, zwr\u00f3cona lub nie b\u0119dzie mo\u017cna jej podpisa\u0107, Airmezvip.com nie ponosi odpowiedzialno\u015bci za odszkodowanie.<\/p>\n\n\n\n<p>Obejmuje to nieprawid\u0142owo\u015bci:<\/p>\n\n\n\n<ul class=\"wp-block-list\">\n<li>Nazwa<\/li>\n\n\n\n<li>Numer telefonu<\/li>\n\n\n\n<li>Adres<\/li>\n\n\n\n<li>Kod pocztowy<\/li>\n\n\n\n<li>Miasto<\/li>\n\n\n\n<li>Kraj<\/li>\n\n\n\n<li>Numer mieszkania lub jednostki<\/li>\n<\/ul>\n\n\n\n<h3 class=\"wp-block-heading\">11.2 Zatrzymanie \u015bledzenia z powodu wt\u00f3rnej odprawy celnej<\/h3>\n\n\n\n<p>Je\u015bli \u015bledzenie paczki przestanie by\u0107 aktualizowane z powodu wt\u00f3rnej odprawy celnej, kontroli celnej, op\u00f3\u017anienia celnego lub lokalnych kontroli regulacyjnych, Airmezvip.com nie mo\u017ce zagwarantowa\u0107 rekompensaty posprzeda\u017cowej.<\/p>\n\n\n\n<p>Obs\u0142uga celna jest kontrolowana przez w\u0142adze lokalne i dostawc\u00f3w us\u0142ug logistycznych.<\/p>\n\n\n\n<h3 class=\"wp-block-heading\">11.3 Odbiorca niedost\u0119pny podczas dostawy<\/h3>\n\n\n\n<p>Je\u015bli odbiorca nie jest dost\u0119pny podczas dostawy, a paczka zostanie zgubiona, skradziona, zwr\u00f3cona lub oznaczona jako dostarczona przez lokalnego kuriera, Airmezvip.com nie ponosi odpowiedzialno\u015bci za odszkodowanie.<\/p>\n\n\n\n<p>Klienci powinni monitorowa\u0107 aktualizacje \u015bledzenia przesy\u0142ek i upewni\u0107 si\u0119, \u017ce kto\u015b mo\u017ce odebra\u0107 paczk\u0119 w przewidywanym terminie dostawy.<\/p>\n\n\n\n<h3 class=\"wp-block-heading\">11.4 Cz\u0119\u015bciowa utrata produktu podczas dostawy lokalnej<\/h3>\n\n\n\n<p>Je\u015bli paczka zostanie dostarczona, ale brakuje w niej niekt\u00f3rych produkt\u00f3w z powodu lokalnej obs\u0142ugi dostawy, uszkodze\u0144 kurierskich, kradzie\u017cy lub problem\u00f3w z dostaw\u0105 na ostatnim etapie, Airmezvip.com mo\u017ce nie by\u0107 w stanie zapewni\u0107 rekompensaty posprzeda\u017cowej.<\/p>\n\n\n\n<p>Klienci powinni sprawdzi\u0107 paczk\u0119 natychmiast po jej otrzymaniu.<\/p>\n\n\n\n<p>Je\u015bli opakowanie zewn\u0119trzne jest uszkodzone, otwarte, ponownie zamkni\u0119te lub podejrzane, przed jego otwarciem nale\u017cy zrobi\u0107 zdj\u0119cia lub nagra\u0107 wideo i jak najszybciej skontaktowa\u0107 si\u0119 z lokalnym kurierem.<\/p>\n\n\n\n<h3 class=\"wp-block-heading\">11.5 Zmiana adresu lub numeru telefonu po wysy\u0142ce<\/h3>\n\n\n\n<p>Je\u015bli klient zmieni adres wysy\u0142ki, numer telefonu, instrukcje dostawy lub dane odbiorcy po wysy\u0142ce, a paczka zostanie zgubiona, op\u00f3\u017aniona lub dostarczona nieprawid\u0142owo, Airmezvip.com nie ponosi odpowiedzialno\u015bci za odszkodowanie.<\/p>\n\n\n\n<p>Przed z\u0142o\u017ceniem zam\u00f3wienia nale\u017cy upewni\u0107 si\u0119, \u017ce wszystkie dane dotycz\u0105ce wysy\u0142ki s\u0105 prawid\u0142owe.<\/p>\n\n\n\n<h2 class=\"wp-block-heading\">12. Zasady dotycz\u0105ce zagubionych paczek<\/h2>\n\n\n\n<p>Airmezvip.com pomo\u017ce klientom sprawdzi\u0107 informacje logistyczne, gdy paczka oka\u017ce si\u0119 op\u00f3\u017aniona lub zagubiona.<\/p>\n\n\n\n<h3 class=\"wp-block-heading\">Zagubione przed lokaln\u0105 odpraw\u0105 celn\u0105<\/h3>\n\n\n\n<p>Je\u015bli \u015bledzenie lub potwierdzenie logistyczne wskazuje, \u017ce paczka zosta\u0142a utracona <strong>przed lokaln\u0105 odpraw\u0105 celn\u0105<\/strong>, Airmezvip.com mo\u017ce zorganizowa\u0107 przesy\u0142k\u0119 zast\u0119pcz\u0105.<\/p>\n\n\n\n<p>Proces wymiany zale\u017cy od wynik\u00f3w badania logistycznego i potwierdzenia od dostawcy us\u0142ug transportowych.<\/p>\n\n\n\n<h3 class=\"wp-block-heading\">Utracone po lokalnej odprawie celnej<\/h3>\n\n\n\n<p>Je\u015bli paczka przesz\u0142a ju\u017c lokaln\u0105 odpraw\u0119 celn\u0105 i rozpocz\u0119\u0142a lokalny proces dostawy ostatniej mili, Airmezvip.com nie ponosi odpowiedzialno\u015bci za utrat\u0119, kradzie\u017c, nieudan\u0105 dostaw\u0119 lub problemy z dostaw\u0105 spowodowane przez lokalnego kuriera.<\/p>\n\n\n\n<p>Jest to ma\u0142o prawdopodobna sytuacja, ale klienci musz\u0105 dok\u0142adnie potwierdzi\u0107 adres odbioru przed z\u0142o\u017ceniem zam\u00f3wienia.<\/p>\n\n\n\n<p>Gdy paczka zostanie przekazana lokalnemu kurierowi po odprawie celnej, ryzyko dostawy mo\u017ce zale\u017ce\u0107 od lokalnego dostawcy i lokalnego \u015brodowiska dostawy.<\/p>\n\n\n\n<h2 class=\"wp-block-heading\">13. C\u0142a, op\u0142aty i zasady importu<\/h2>\n\n\n\n<p>Klienci s\u0105 odpowiedzialni za zrozumienie i przestrzeganie przepis\u00f3w celnych, przepis\u00f3w importowych, przepis\u00f3w dotycz\u0105cych produkt\u00f3w do waporyzacji, wymog\u00f3w podatkowych i lokalnych wymog\u00f3w dotycz\u0105cych dostaw w swoim kraju lub regionie.<\/p>\n\n\n\n<p>W zale\u017cno\u015bci od miejsca docelowego, zam\u00f3wienie mo\u017ce podlega\u0107:<\/p>\n\n\n\n<ul class=\"wp-block-list\">\n<li>Kontrola celna<\/li>\n\n\n\n<li>VAT lub GST<\/li>\n\n\n\n<li>Nale\u017cno\u015bci celne przywozowe<\/li>\n\n\n\n<li>Podatki lokalne<\/li>\n\n\n\n<li>Op\u0142aty za obs\u0142ug\u0119 dostawy<\/li>\n\n\n\n<li>Ograniczenia importowe<\/li>\n\n\n\n<li>Kontrole zgodno\u015bci produkt\u00f3w<\/li>\n<\/ul>\n\n\n\n<p>Airmezvip.com nie ponosi odpowiedzialno\u015bci za op\u00f3\u017anienia celne, odmow\u0119 importu, zaj\u0119cie, op\u0142aty podatkowe lub niepowodzenie dostawy spowodowane lokalnymi przepisami lub kwestiami zgodno\u015bci po stronie klienta.<\/p>\n\n\n\n<p>Przed z\u0142o\u017ceniem zam\u00f3wienia nale\u017cy upewni\u0107 si\u0119, \u017ce produkty mog\u0105 by\u0107 legalnie kupowane, importowane, odbierane, posiadane lub odsprzedawane w kraju lub regionie docelowym.<\/p>\n\n\n\n<h2 class=\"wp-block-heading\">14. Wysy\u0142ka hurtowa<\/h2>\n\n\n\n<p>Airmezvip.com obs\u0142uguje zam\u00f3wienia hurtowe na e-papierosy Airmez.<\/p>\n\n\n\n<p>W przypadku wysy\u0142ki hurtowej prosimy o kontakt z dzia\u0142em obs\u0142ugi klienta przed z\u0142o\u017ceniem du\u017cego zam\u00f3wienia.<\/p>\n\n\n\n<p>Koszt wysy\u0142ki hurtowej mo\u017ce zale\u017ce\u0107 od:<\/p>\n\n\n\n<ul class=\"wp-block-list\">\n<li>Model produktu<\/li>\n\n\n\n<li>Ilo\u015b\u0107 zam\u00f3wienia<\/li>\n\n\n\n<li>Wyb\u00f3r smaku<\/li>\n\n\n\n<li>Kraj docelowy<\/li>\n\n\n\n<li>Lokalizacja magazynu<\/li>\n\n\n\n<li>Metoda wysy\u0142ki<\/li>\n\n\n\n<li>Waga paczki<\/li>\n\n\n\n<li>Wielko\u015b\u0107 paczki<\/li>\n\n\n\n<li>Status obszaru zdalnego<\/li>\n\n\n\n<li>Lokalne wymagania dotycz\u0105ce frachtu<\/li>\n<\/ul>\n\n\n\n<p>Wi\u0119ksze zam\u00f3wienia hurtowe mog\u0105 wymaga\u0107 osobnej wyceny wysy\u0142ki.<\/p>\n\n\n\n<p>Je\u015bli potrzebujesz specjalnych ustale\u0144 dotycz\u0105cych dostawy, lokalnej dostawy towar\u00f3w lub wysy\u0142ki palet, skontaktuj si\u0119 z nami z wyprzedzeniem.<\/p>\n\n\n\n<h2 class=\"wp-block-heading\">15. Informacje o \u015bledzeniu<\/h2>\n\n\n\n<p>Po wys\u0142aniu zam\u00f3wienia mo\u017cemy dostarczy\u0107 informacje o \u015bledzeniu, je\u015bli s\u0105 one dost\u0119pne.<\/p>\n\n\n\n<p>Aktualizacje \u015bledzenia mog\u0105 pojawi\u0107 si\u0119 po pewnym czasie od przekazania paczki kurierowi.<\/p>\n\n\n\n<p>Op\u00f3\u017anienia w \u015bledzeniu mog\u0105 by\u0107 spowodowane<\/p>\n\n\n\n<ul class=\"wp-block-list\">\n<li>Op\u00f3\u017anienie skanowania magazynu<\/li>\n\n\n\n<li>Op\u00f3\u017anienie systemu kurierskiego<\/li>\n\n\n\n<li>Obs\u0142uga celna<\/li>\n\n\n\n<li>Transfer lokalny<\/li>\n\n\n\n<li>Op\u00f3\u017anienie w weekend lub \u015bwi\u0119to<\/li>\n\n\n\n<li>Odprawa wt\u00f3rna<\/li>\n\n\n\n<li>Dostawa do obszar\u00f3w oddalonych<\/li>\n<\/ul>\n\n\n\n<p>Je\u015bli \u015bledzenie nie zostanie zaktualizowane przez kilka dni, skontaktuj si\u0119 z naszym zespo\u0142em obs\u0142ugi klienta. W miar\u0119 mo\u017cliwo\u015bci pomo\u017cemy sprawdzi\u0107 status przesy\u0142ki.<\/p>\n\n\n\n<h2 class=\"wp-block-heading\">16. Awaria dostawy<\/h2>\n\n\n\n<p>B\u0142\u0105d dostawy mo\u017ce wyst\u0105pi\u0107, je\u015bli<\/p>\n\n\n\n<ul class=\"wp-block-list\">\n<li>Adres jest nieprawid\u0142owy<\/li>\n\n\n\n<li>Numer telefonu jest nieprawid\u0142owy<\/li>\n\n\n\n<li>Odbiorca jest niedost\u0119pny<\/li>\n\n\n\n<li>Przesy\u0142ka zosta\u0142a odrzucona<\/li>\n\n\n\n<li>Kurier nie mo\u017ce uzyska\u0107 dost\u0119pu do adresu<\/li>\n\n\n\n<li>Odprawa celna nie powiod\u0142a si\u0119<\/li>\n\n\n\n<li>Klient nie wsp\u00f3\u0142pracuje z lokalnymi dostawami lub wymogami celnymi<\/li>\n\n\n\n<li>Paczka nie zosta\u0142a odebrana z punktu odbioru w okre\u015blonym czasie<\/li>\n<\/ul>\n\n\n\n<p>Je\u015bli niepowodzenie dostawy jest spowodowane przyczynami le\u017c\u0105cymi po stronie klienta, Airmezvip.com mo\u017ce nie zapewni\u0107 bezp\u0142atnej ponownej wysy\u0142ki lub zwrotu pieni\u0119dzy.<\/p>\n\n\n\n<p>W przypadku konieczno\u015bci ponownego wys\u0142ania paczki mog\u0105 obowi\u0105zywa\u0107 dodatkowe op\u0142aty za wysy\u0142k\u0119.<\/p>\n\n\n\n<h2 class=\"wp-block-heading\">17. Zmiany zam\u00f3wienia po wysy\u0142ce<\/h2>\n\n\n\n<p>Po wys\u0142aniu zam\u00f3wienia nie mo\u017cemy zagwarantowa\u0107, \u017ce zmiany adresu, zmiany numeru telefonu, zmiany produktu lub pro\u015bby o anulowanie mog\u0105 zosta\u0107 zrealizowane.<\/p>\n\n\n\n<p>W przypadku konieczno\u015bci zmiany szczeg\u00f3\u0142\u00f3w zam\u00f3wienia prosimy o jak najszybszy kontakt z dzia\u0142em obs\u0142ugi klienta przed wysy\u0142k\u0105.<\/p>\n\n\n\n<p>Po wysy\u0142ce wszelkie zmiany zale\u017c\u0105 od zasad kuriera i mog\u0105 wi\u0105za\u0107 si\u0119 z dodatkowymi op\u0142atami lub ryzykiem dostawy.<\/p>\n\n\n\n<h2 class=\"wp-block-heading\">18. Polityka wysy\u0142kowa i polityka zwrot\u00f3w<\/h2>\n\n\n\n<p>Kwestie zwi\u0105zane z wysy\u0142k\u0105 i \u017c\u0105daniami zwrotu mog\u0105 by\u0107 rozpatrywane wraz z naszymi powi\u0105zanymi zasadami.<\/p>\n\n\n\n<p>Przeczytaj r\u00f3wnie\u017c:<\/p>\n\n\n\n<ul class=\"wp-block-list\">\n<li>Polityka zwrot\u00f3w<\/li>\n\n\n\n<li>Warunki \u015bwiadczenia us\u0142ug<\/li>\n\n\n\n<li>Polityka prywatno\u015bci<\/li>\n<\/ul>\n\n\n\n<p>Na tych stronach wyja\u015bniono wi\u0119cej szczeg\u00f3\u0142\u00f3w dotycz\u0105cych zwrot\u00f3w, refundacji, obowi\u0105zk\u00f3w klienta i zasad witryny.<\/p>\n\n\n\n<h2 class=\"wp-block-heading\">19. Kontakt<\/h2>\n\n\n\n<p>Je\u015bli masz pytania dotycz\u0105ce wysy\u0142ki, dostawy, wysy\u0142ki hurtowej, op\u0142at za obszary zdalne lub aktualizacji \u015bledzenia, skontaktuj si\u0119 z nami.<\/p>\n\n\n\n<p><strong>Strona internetowa:<\/strong> airmezvip.com<br><strong>E-mail:<\/strong> <a>chunghwashop11@gmail.com<\/a><br><strong>WhatsApp:<\/strong> +44 7922291211<br><strong>Facebook Messenger:<\/strong> <a href=\"https:\/\/m.me\/Chunghwashop\">https:\/\/m.me\/Chunghwashop<\/a><\/p>\n\n\n\n<p><strong>Godziny pracy dzia\u0142u obs\u0142ugi klienta:<\/strong><br>Poniedzia\u0142ek - pi\u0105tek: 09:00 - 18:00<br>Sobota - niedziela: 10:00 - 17:00<br>Strefa czasowa: Czas brytyjski<\/p>\n\n\n\n<p><strong>Nazwa firmy:<\/strong> WORLDWIDE TRADING LIMITEDVANTAGE<\/p>\n\n\n\n<p><strong>Adres firmy:<\/strong><br>Room I-1, 4\/F, Golden Dragon Industrial Centre Phase II, 162-170 Tai Lin Pai Road, Kwai Chung, New Territories, Hong Kong<\/p>\n\n\n\n<p><strong>Adres magazynu w Wielkiej Brytanii:<\/strong><br>Suite 12, 48 High Street, Birmingham, B4 7SR, Wielka Brytania<\/p>","protected":false},"excerpt":{"rendered":"<p>Last Updated: May 4, 2026 Thank you for shopping at Airmezvip.com. This Shipping Policy explains how we process, ship, and deliver Airmez e-cigarette orders. Airmezvip.com mainly serves adult customers and wholesale buyers in Europe, the United Kingdom, and Australia, with overseas warehouse support for faster delivery in selected regions. Please read this Shipping Policy carefully [&hellip;]<\/p>\n","protected":false},"author":1,"featured_media":0,"parent":0,"menu_order":0,"comment_status":"closed","ping_status":"closed","template":"","meta":{"_joinchat":[],"footnotes":""},"class_list":["post-648","page","type-page","status-publish","hentry"],"_links":{"self":[{"href":"https:\/\/airmezvip.com\/pl\/wp-json\/wp\/v2\/pages\/648","targetHints":{"allow":["GET"]}}],"collection":[{"href":"https:\/\/airmezvip.com\/pl\/wp-json\/wp\/v2\/pages"}],"about":[{"href":"https:\/\/airmezvip.com\/pl\/wp-json\/wp\/v2\/types\/page"}],"author":[{"embeddable":true,"href":"https:\/\/airmezvip.com\/pl\/wp-json\/wp\/v2\/users\/1"}],"replies":[{"embeddable":true,"href":"https:\/\/airmezvip.com\/pl\/wp-json\/wp\/v2\/comments?post=648"}],"version-history":[{"count":1,"href":"https:\/\/airmezvip.com\/pl\/wp-json\/wp\/v2\/pages\/648\/revisions"}],"predecessor-version":[{"id":649,"href":"https:\/\/airmezvip.com\/pl\/wp-json\/wp\/v2\/pages\/648\/revisions\/649"}],"wp:attachment":[{"href":"https:\/\/airmezvip.com\/pl\/wp-json\/wp\/v2\/media?parent=648"}],"curies":[{"name":"wp","href":"https:\/\/api.w.org\/{rel}","templated":true}]}}