{"id":634,"date":"2026-05-04T06:40:48","date_gmt":"2026-05-04T06:40:48","guid":{"rendered":"https:\/\/airmezvip.com\/?page_id=634"},"modified":"2026-05-04T06:45:16","modified_gmt":"2026-05-04T06:45:16","slug":"contact-us","status":"publish","type":"page","link":"https:\/\/airmezvip.com\/pl\/contact-us\/","title":{"rendered":"Kontakt"},"content":{"rendered":"<p>Masz pytanie dotycz\u0105ce e-papieros\u00f3w Airmez, zam\u00f3wie\u0144 hurtowych, wysy\u0142ki lub dost\u0119pno\u015bci produkt\u00f3w?<\/p>\n\n\n\n<p><a href=\"https:\/\/airmezvip.com\/pl\/\">Airmezvip.com<\/a> jest tutaj, aby pom\u00f3c doros\u0142ym klientom, sprzedawcom detalicznym, odsprzedawcom i nabywcom hurtowym, zw\u0142aszcza w <strong>Europa i Australia<\/strong>. Niezale\u017cnie od tego, czy chcesz zapyta\u0107 o modele produkt\u00f3w Airmez, opcje smakowe, ceny hurtowe, szczeg\u00f3\u0142y dostawy czy wsparcie dotycz\u0105ce zam\u00f3wienia, nasz zesp\u00f3\u0142 obs\u0142ugi klienta do\u0142o\u017cy wszelkich stara\u0144, aby odpowiedzie\u0107 jasno i szybko.<\/p>\n\n\n\n<h2 class=\"wp-block-heading\">Informacje kontaktowe<\/h2>\n\n\n\n<p>Mo\u017cesz skontaktowa\u0107 si\u0119 z Airmezvip przez WhatsApp, e-mail lub Facebook Messenger.<\/p>\n\n\n\n<h3 class=\"wp-block-heading\">WhatsApp<\/h3>\n\n\n\n<p><strong>+44 7922291211<\/strong><\/p>\n\n\n\n<p>Aby uzyska\u0107 szybsze wsparcie, zalecamy skontaktowanie si\u0119 z nami przez WhatsApp.<\/p>\n\n\n\n<p>Wysy\u0142aj\u0105c wiadomo\u015b\u0107 WhatsApp, nale\u017cy do\u0142\u0105czy\u0107:<\/p>\n\n\n\n<ul class=\"wp-block-list\">\n<li>Model produktu<\/li>\n\n\n\n<li>Wymagana ilo\u015b\u0107<\/li>\n\n\n\n<li>\u017b\u0105danie smaku<\/li>\n\n\n\n<li>Kraj docelowy<\/li>\n\n\n\n<li>Cel detaliczny lub hurtowy<\/li>\n<\/ul>\n\n\n\n<p>Pomaga to naszemu zespo\u0142owi sprawdzi\u0107 dost\u0119pno\u015b\u0107 produktu i udzieli\u0107 szybszej odpowiedzi.<\/p>\n\n\n\n<h3 class=\"wp-block-heading\">E-mail<\/h3>\n\n\n\n<p><strong><a>chunghwashop11@gmail.com<\/a><\/strong><\/p>\n\n\n\n<p>Mo\u017cesz r\u00f3wnie\u017c skontaktowa\u0107 si\u0119 z nami za po\u015brednictwem poczty elektronicznej w celu uzyskania odpowiedzi na pytania dotycz\u0105ce produkt\u00f3w, wsp\u00f3\u0142pracy hurtowej, szczeg\u00f3\u0142\u00f3w zam\u00f3wienia lub wsparcia w zakresie wysy\u0142ki.<\/p>\n\n\n\n<p>Wysy\u0142aj\u0105c wiadomo\u015b\u0107 e-mail, podaj swoje imi\u0119 i nazwisko, kraj, model produktu, ilo\u015b\u0107 i wszelkie specjalne \u017cyczenia. W przypadku zapyta\u0144 hurtowych prosimy r\u00f3wnie\u017c o podanie rodzaju dzia\u0142alno\u015bci, np. sklep vape, odsprzedawca, dystrybutor lub sprzedawca internetowy.<\/p>\n\n\n\n<h3 class=\"wp-block-heading\">Facebook Messenger<\/h3>\n\n\n\n<p><strong>Facebook Messenger:<\/strong> <a href=\"https:\/\/m.me\/Chunghwashop\">https:\/\/m.me\/Chunghwashop<\/a><\/p>\n\n\n\n<p>Mo\u017cesz r\u00f3wnie\u017c skontaktowa\u0107 si\u0119 z nami za po\u015brednictwem Facebook Messenger w celu uzyskania szybkich pyta\u0144 dotycz\u0105cych produkt\u00f3w, wsparcia zam\u00f3wie\u0144 i zapyta\u0144 hurtowych.<\/p>\n\n\n\n<p>Aby uzyska\u0107 lepsze wsparcie, prosimy o przes\u0142anie nam nazwy produktu, ilo\u015bci, kraju docelowego i wymaga\u0144 smakowych.<\/p>\n\n\n\n<h2 class=\"wp-block-heading\">Godziny obs\u0142ugi klienta<\/h2>\n\n\n\n<p>Nasz zesp\u00f3\u0142 obs\u0142ugi klienta jest dost\u0119pny w nast\u0119puj\u0105cych godzinach:<\/p>\n\n\n\n<p><strong>Od poniedzia\u0142ku do pi\u0105tku:<\/strong> 09:00 - 18:00<br><strong>Sobota - niedziela:<\/strong> 10:00 - 17:00<br><strong>Strefa czasowa:<\/strong> Czas brytyjski<\/p>\n\n\n\n<p>Odpowiedzi na wiadomo\u015bci otrzymane poza godzinami pracy zostan\u0105 udzielone tak szybko, jak to mo\u017cliwe w nast\u0119pnym okresie \u015bwiadczenia us\u0142ugi.<\/p>\n\n\n\n<h2 class=\"wp-block-heading\">Zapytania hurtowe<\/h2>\n\n\n\n<p>Airmezvip obs\u0142uguje zam\u00f3wienia hurtowe na e-papierosy Airmez.<\/p>\n\n\n\n<p>Obs\u0142ugujemy g\u0142\u00f3wnie klient\u00f3w doros\u0142ych, sklepy vape, sprzedawc\u00f3w internetowych, dystrybutor\u00f3w, odsprzedawc\u00f3w i nabywc\u00f3w hurtowych w <strong>Europa i Australia<\/strong>. Wi\u0119ksze ilo\u015bci hurtowe mog\u0105 otrzyma\u0107 lepsze ceny jednostkowe.<\/p>\n\n\n\n<p>W przypadku zam\u00f3wie\u0144 hurtowych prosimy o kontakt z naszym dzia\u0142em obs\u0142ugi klienta przed z\u0142o\u017ceniem zam\u00f3wienia.<\/p>\n\n\n\n<p>Aby uzyska\u0107 dok\u0142adniejsz\u0105 wycen\u0119, prosimy o podanie:<\/p>\n\n\n\n<ul class=\"wp-block-list\">\n<li>Model produktu<\/li>\n\n\n\n<li>Wymagana ilo\u015b\u0107<\/li>\n\n\n\n<li>Wyb\u00f3r smaku<\/li>\n\n\n\n<li>Kraj docelowy<\/li>\n\n\n\n<li>Wymagania dotycz\u0105ce dostawy<\/li>\n\n\n\n<li>Rodzaj dzia\u0142alno\u015bci<\/li>\n\n\n\n<li>Oczekiwana cz\u0119stotliwo\u015b\u0107 zam\u00f3wie\u0144, je\u015bli jest dost\u0119pna<\/li>\n<\/ul>\n\n\n\n<p>Ceny hurtowe mog\u0105 si\u0119 r\u00f3\u017cni\u0107 w zale\u017cno\u015bci od modelu produktu, ilo\u015bci, poziomu zapas\u00f3w i miejsca docelowego. Nasz zesp\u00f3\u0142 pomo\u017ce sprawdzi\u0107 dost\u0119pne opcje i zapewni odpowiedni\u0105 obs\u0142ug\u0119 zam\u00f3wienia.<\/p>\n\n\n\n<h2 class=\"wp-block-heading\">Wsparcie wysy\u0142ki<\/h2>\n\n\n\n<p>Airmezvip koncentruje si\u0119 g\u0142\u00f3wnie na <strong>Europa i Australia<\/strong>.<\/p>\n\n\n\n<p>Dostawa do tych region\u00f3w jest zazwyczaj szybsza, poniewa\u017c zapewniamy silniejsze wsparcie produktowe i logistyczne dla tych rynk\u00f3w.<\/p>\n\n\n\n<p>Mo\u017cemy r\u00f3wnie\u017c obs\u0142ugiwa\u0107 inne globalne miejsca docelowe w zale\u017cno\u015bci od dost\u0119pno\u015bci produktu, stanu zapas\u00f3w i warunk\u00f3w wysy\u0142ki. Je\u015bli Tw\u00f3j kraj znajduje si\u0119 poza Europ\u0105 lub Australi\u0105, skontaktuj si\u0119 z nami przed z\u0142o\u017ceniem zam\u00f3wienia, aby potwierdzi\u0107, czy wysy\u0142ka jest dost\u0119pna.<\/p>\n\n\n\n<h2 class=\"wp-block-heading\">Pytania dotycz\u0105ce produktu<\/h2>\n\n\n\n<p>Nie wiesz, kt\u00f3ry model Airmez wybra\u0107?<\/p>\n\n\n\n<p>Mo\u017cesz skontaktowa\u0107 si\u0119 z nami przed z\u0142o\u017ceniem zam\u00f3wienia. Nasz zesp\u00f3\u0142 mo\u017ce pom\u00f3c w sprawdzeniu szczeg\u00f3\u0142\u00f3w produktu, takich jak:<\/p>\n\n\n\n<ul class=\"wp-block-list\">\n<li>Liczba dmuchni\u0119\u0107<\/li>\n\n\n\n<li>Opcje smaku<\/li>\n\n\n\n<li>Moc nikotyny<\/li>\n\n\n\n<li>Typ \u0142adowania<\/li>\n\n\n\n<li>Konstrukcja cewki<\/li>\n\n\n\n<li>Ilo\u015b\u0107 opakowa\u0144<\/li>\n\n\n\n<li>Dost\u0119pno\u015b\u0107 detaliczna lub hurtowa<\/li>\n\n\n\n<li>Aktualny stan zapas\u00f3w<\/li>\n\n\n\n<li>Opcje wysy\u0142ki<\/li>\n<\/ul>\n\n\n\n<p>Staramy si\u0119, aby proces zakupu by\u0142 prosty i przejrzysty dla doros\u0142ych klient\u00f3w i nabywc\u00f3w hurtowych.<\/p>\n\n\n\n<h2 class=\"wp-block-heading\">Informacje o firmie<\/h2>\n\n\n\n<p><strong>Strona internetowa:<\/strong> airmezvip.com<\/p>\n\n\n\n<p><strong>Nazwa firmy:<\/strong> WORLDWIDE TRADING LIMITEDVANTAGE<\/p>\n\n\n\n<p><strong>Adres firmy:<\/strong><br>Room I-1, 4\/F, Golden Dragon Industrial Centre Phase II, 162-170 Tai Lin Pai Road, Kwai Chung, New Territories, Hong Kong<\/p>\n\n\n\n<p><strong>Adres magazynu w Wielkiej Brytanii:<\/strong><br>Suite 12, 48 High Street, Birmingham, B4 7SR, Wielka Brytania<\/p>\n\n\n\n<h2 class=\"wp-block-heading\">Odpowiedzialne korzystanie przez doros\u0142ych<\/h2>\n\n\n\n<p>Airmezvip sprzedaje e-papierosy przeznaczone wy\u0142\u0105cznie dla doros\u0142ych klient\u00f3w.<\/p>\n\n\n\n<p>Zalecamy, aby klienci byli <strong>21 lat lub wi\u0119cej<\/strong> przed dokonaniem zakupu na naszej stronie internetowej.<\/p>\n\n\n\n<p>Nasze produkty mog\u0105 zawiera\u0107 nikotyn\u0119. Nikotyna uzale\u017cnia. E-papierosy nie s\u0105 odpowiednie dla os\u00f3b niepe\u0142noletnich, niepal\u0105cych, kobiet w ci\u0105\u017cy lub karmi\u0105cych piersi\u0105 ani dla os\u00f3b, kt\u00f3re powinny unika\u0107 produkt\u00f3w zawieraj\u0105cych nikotyn\u0119.<\/p>\n\n\n\n<p>Klienci s\u0105 odpowiedzialni za zrozumienie i przestrzeganie praw i przepis\u00f3w obowi\u0105zuj\u0105cych w ich kraju lub regionie przed dokonaniem zakupu.<\/p>\n\n\n\n<p>Airmezvip nie popiera korzystania z e-papieros\u00f3w przez osoby niepe\u0142noletnie, nielegalnej odsprzeda\u017cy ani niew\u0142a\u015bciwego u\u017cytkowania.<\/p>\n\n\n\n<h2 class=\"wp-block-heading\">Uzyskaj wsparcie teraz<\/h2>\n\n\n\n<p>Aby uzyska\u0107 najszybsz\u0105 odpowied\u017a, prosimy o kontakt przez WhatsApp.<\/p>\n\n\n\n<p><strong>WhatsApp:<\/strong> +44 7922291211<br><strong>E-mail:<\/strong> <a>chunghwashop11@gmail.com<\/a><br><strong>Facebook Messenger:<\/strong> <a href=\"https:\/\/m.me\/Chunghwashop\">https:\/\/m.me\/Chunghwashop<\/a><br><strong>Godziny pracy:<\/strong> Poniedzia\u0142ek-pi\u0105tek 09:00-18:00, sobota-niedziela 10:00-17:00 czasu brytyjskiego<\/p>\n\n\n\n<p>Airmezvip.com jest zaanga\u017cowany w dostarczanie jasnych informacji o produktach, wsparcia hurtowego i praktycznej obs\u0142ugi klienta dla doros\u0142ych nabywc\u00f3w e-papieros\u00f3w Airmez w Europie i Australii.<\/p>","protected":false},"excerpt":{"rendered":"<p>Have a question about Airmez e-cigarettes, wholesale orders, shipping, or product availability? Airmezvip.com is here to help adult customers, retailers, resellers, and wholesale buyers, especially in Europe and Australia. Whether you want to ask about Airmez product models, flavor options, bulk pricing, delivery details, or order support, our customer service team will do its best [&hellip;]<\/p>\n","protected":false},"author":1,"featured_media":0,"parent":0,"menu_order":0,"comment_status":"closed","ping_status":"closed","template":"","meta":{"_joinchat":[],"footnotes":""},"class_list":["post-634","page","type-page","status-publish","hentry"],"_links":{"self":[{"href":"https:\/\/airmezvip.com\/pl\/wp-json\/wp\/v2\/pages\/634","targetHints":{"allow":["GET"]}}],"collection":[{"href":"https:\/\/airmezvip.com\/pl\/wp-json\/wp\/v2\/pages"}],"about":[{"href":"https:\/\/airmezvip.com\/pl\/wp-json\/wp\/v2\/types\/page"}],"author":[{"embeddable":true,"href":"https:\/\/airmezvip.com\/pl\/wp-json\/wp\/v2\/users\/1"}],"replies":[{"embeddable":true,"href":"https:\/\/airmezvip.com\/pl\/wp-json\/wp\/v2\/comments?post=634"}],"version-history":[{"count":2,"href":"https:\/\/airmezvip.com\/pl\/wp-json\/wp\/v2\/pages\/634\/revisions"}],"predecessor-version":[{"id":641,"href":"https:\/\/airmezvip.com\/pl\/wp-json\/wp\/v2\/pages\/634\/revisions\/641"}],"wp:attachment":[{"href":"https:\/\/airmezvip.com\/pl\/wp-json\/wp\/v2\/media?parent=634"}],"curies":[{"name":"wp","href":"https:\/\/api.w.org\/{rel}","templated":true}]}}