{"id":25,"date":"2026-04-29T06:47:26","date_gmt":"2026-04-29T06:47:26","guid":{"rendered":"https:\/\/airmezvip.com\/?post_type=product&#038;p=25"},"modified":"2026-04-29T06:55:39","modified_gmt":"2026-04-29T06:55:39","slug":"airmez-xbeat-40k%ef%bc%885-nicotine%ef%bc%89","status":"publish","type":"product","link":"https:\/\/airmezvip.com\/it\/prodotto\/airmez-xbeat-40k%ef%bc%885-nicotine%ef%bc%89\/","title":{"rendered":"Airmez Xbeat 40K\uff085% nicotina\uff09"},"content":{"rendered":"<p data-start=\"51\" data-end=\"454\"><strong data-start=\"51\" data-end=\"71\">Airmez Xbeat 40K<\/strong> \u00e8 un dispositivo di svapo monouso ad alta capacit\u00e0 progettato per gli utenti che desiderano prestazioni e stile. \u00c8 dotato di <strong data-start=\"182\" data-end=\"202\">22ML di e-liquid<\/strong>, <strong data-start=\"204\" data-end=\"228\">5% intensit\u00e0 di nicotina<\/strong>, e un <strong data-start=\"236\" data-end=\"268\">Batteria ricaricabile da 1000mAh<\/strong> per un uso duraturo. Ci\u00f2 che distingue questo modello \u00e8 la sua <strong data-start=\"330\" data-end=\"359\">cuffie Hi-Fi integrate<\/strong> con <strong data-start=\"365\" data-end=\"382\">Bluetooth 5.0<\/strong>, che offre una combinazione unica di vaping e musica in un unico dispositivo elegante.<\/p>\n<p data-start=\"456\" data-end=\"748\">Costruito con un <strong data-start=\"469\" data-end=\"488\">design magnetico<\/strong>, <strong data-start=\"490\" data-end=\"513\">Sistema a doppio flusso d'aria<\/strong>, e <strong data-start=\"519\" data-end=\"544\">Bobina di Gen II con maglia da 0,8\u03a9<\/strong>, L'Airmez Xbeat 40K offre un vapore omogeneo, un sapore ricco e un'estrazione soddisfacente. Il <strong data-start=\"630\" data-end=\"652\">verniciatura elegante<\/strong> aggiunge un aspetto moderno, mentre il <strong data-start=\"683\" data-end=\"711\">Porta di ricarica USB Tipo-C<\/strong> rende la ricarica rapida e comoda.<\/p>\n<p data-start=\"750\" data-end=\"888\">Ogni confezione contiene <strong data-start=\"776\" data-end=\"788\">5 pezzi<\/strong>, e ogni cartone contiene <strong data-start=\"815\" data-end=\"829\">200 pezzi<\/strong>, e questo la rende un'ottima opzione sia per la vendita al dettaglio che per gli ordini all'ingrosso.<\/p>\n<h3 data-section-id=\"pm8yra\" data-start=\"890\" data-end=\"910\"><span role=\"text\"><strong data-start=\"894\" data-end=\"910\">Caratteristiche principali<\/strong><\/span><\/h3>\n<ul data-start=\"911\" data-end=\"1178\">\n<li data-section-id=\"4gp6ec\" data-start=\"911\" data-end=\"931\">22ML di e-liquid<\/li>\n<li data-section-id=\"1hhctmt\" data-start=\"932\" data-end=\"947\">5% nicotina<\/li>\n<li data-section-id=\"lhywqo\" data-start=\"948\" data-end=\"977\">Cuffie Hi-Fi integrate<\/li>\n<li data-section-id=\"f07fjp\" data-start=\"978\" data-end=\"995\">Bluetooth 5.0<\/li>\n<li data-section-id=\"fo1ta4\" data-start=\"996\" data-end=\"1012\">Doppio flusso d'aria<\/li>\n<li data-section-id=\"16bpvvo\" data-start=\"1013\" data-end=\"1032\">Design magnetico<\/li>\n<li data-section-id=\"1qqdcsd\" data-start=\"1033\" data-end=\"1059\">Bobina a rete Gen II, 0,8\u03a9<\/li>\n<li data-section-id=\"6hy93g\" data-start=\"1060\" data-end=\"1082\">Design elegante della vernice<\/li>\n<li data-section-id=\"f56uxo\" data-start=\"1083\" data-end=\"1111\">Porta di ricarica USB Tipo-C<\/li>\n<li data-section-id=\"5mulwg\" data-start=\"1112\" data-end=\"1131\">Batteria da 1000 mAh<\/li>\n<li data-section-id=\"g66iyd\" data-start=\"1132\" data-end=\"1156\">5 pezzi per espositore<\/li>\n<li data-section-id=\"wpbol4\" data-start=\"1157\" data-end=\"1178\">200 pezzi per cartone<\/li>\n<\/ul>\n<h3 data-section-id=\"piodt8\" data-start=\"1180\" data-end=\"1205\"><span role=\"text\"><strong data-start=\"1184\" data-end=\"1205\">Gusti disponibili<\/strong><\/span><\/h3>\n<ul data-start=\"1206\" data-end=\"1464\">\n<li data-section-id=\"1tc490q\" data-start=\"1206\" data-end=\"1223\">Ghiaccio Blu Razz<\/li>\n<li data-section-id=\"1ab0p9z\" data-start=\"1224\" data-end=\"1238\">Zecca di Miami<\/li>\n<li data-section-id=\"dk8g8n\" data-start=\"1239\" data-end=\"1257\">Ghiaccio all'anguria<\/li>\n<li data-section-id=\"1q5ylm7\" data-start=\"1258\" data-end=\"1270\">Zecca di ATL<\/li>\n<li data-section-id=\"u0geyc\" data-start=\"1271\" data-end=\"1289\">Ghiaccio alla mela acida<\/li>\n<li data-section-id=\"i3ow24\" data-start=\"1290\" data-end=\"1313\">Banana Taffy congelata<\/li>\n<li data-section-id=\"185wshd\" data-start=\"1314\" data-end=\"1334\">Mora B-Pop<\/li>\n<li data-section-id=\"168f2fc\" data-start=\"1335\" data-end=\"1346\">Ghiacciolo<\/li>\n<li data-section-id=\"jrjylz\" data-start=\"1347\" data-end=\"1363\">Ranchero blu<\/li>\n<li data-section-id=\"8wdv10\" data-start=\"1364\" data-end=\"1388\">Lampone Pesca Lime<\/li>\n<li data-section-id=\"aojwzn\" data-start=\"1389\" data-end=\"1413\">Mango aspro e ananas<\/li>\n<li data-section-id=\"fniel5\" data-start=\"1414\" data-end=\"1427\">Menta fresca<\/li>\n<li data-section-id=\"qo03cd\" data-start=\"1428\" data-end=\"1448\">Sour Fcuking Fab<\/li>\n<li data-section-id=\"kbg8xi\" data-start=\"1449\" data-end=\"1464\">Teste di limone<\/li>\n<\/ul>\n<h3 data-section-id=\"1j85qjy\" data-start=\"1466\" data-end=\"1481\"><span role=\"text\"><strong data-start=\"1470\" data-end=\"1481\">Prezzi<\/strong><\/span><\/h3>\n<ul data-start=\"1482\" data-end=\"1661\">\n<li data-section-id=\"1swc7pw\" data-start=\"1482\" data-end=\"1518\"><strong data-start=\"1484\" data-end=\"1500\">Sotto i 16 pezzi<\/strong> \u2014 <strong data-start=\"1503\" data-end=\"1516\">$39,99\/pc<\/strong><\/li>\n<li data-section-id=\"115wau1\" data-start=\"1519\" data-end=\"1552\"><strong data-start=\"1521\" data-end=\"1534\">16-99 pezzi<\/strong> \u2014 <strong data-start=\"1537\" data-end=\"1550\">$34.99\/pc<\/strong><\/li>\n<li data-section-id=\"1w8j6q\" data-start=\"1553\" data-end=\"1589\"><strong data-start=\"1555\" data-end=\"1571\">100-1000 pezzi<\/strong> \u2014 <strong data-start=\"1574\" data-end=\"1587\">$29,99\/pz<\/strong><\/li>\n<li data-section-id=\"1pwdwqk\" data-start=\"1590\" data-end=\"1627\"><strong data-start=\"1592\" data-end=\"1609\">1001-2000 pezzi<\/strong> \u2014 <strong data-start=\"1612\" data-end=\"1625\">$25,99\/pz<\/strong><\/li>\n<li data-section-id=\"41riua\" data-start=\"1628\" data-end=\"1661\"><strong data-start=\"1630\" data-end=\"1643\">2000+ pezzi<\/strong> \u2014 <strong data-start=\"1646\" data-end=\"1659\">$23,99\/pc<\/strong><\/li>\n<\/ul>\n<p data-start=\"1663\" data-end=\"1759\"><strong data-start=\"1663\" data-end=\"1672\">Nota:<\/strong> Questo prodotto contiene nicotina. La nicotina \u00e8 una sostanza chimica che crea dipendenza. Solo per uso adulto.<\/p>","protected":false},"excerpt":{"rendered":"<h3>Specifiche del prodotto<\/h3>\n<p>\u2611 22ML di liquido elettronico.<br \/>\n\u2611 Cuffie Hi-Fi integrate.<br \/>\n\u2611 Doppio flusso d'aria.<br \/>\nDesign magnetico<br \/>\n\u2611 Bluetooth 5.0<br \/>\n\u2611 Bobina a rete Gen II, 0,8\u03a9.<br \/>\n\u2611 Design elegante della vernice.<br \/>\nPorta di ricarica USB di tipo C<br \/>\n1000 mAh<br \/>\n\u2611 5 pezzi in una scatola da esposizione.<br \/>\n\u2611 200 pezzi per cartone<\/p>","protected":false},"featured_media":115,"comment_status":"open","ping_status":"closed","template":"","meta":{"_joinchat":[]},"product_brand":[],"product_cat":[17],"product_tag":[],"class_list":{"0":"post-25","1":"product","2":"type-product","3":"status-publish","4":"has-post-thumbnail","6":"product_cat-e-cigarettes-australia","8":"first","9":"instock","10":"shipping-taxable","11":"purchasable","12":"product-type-variable"},"_links":{"self":[{"href":"https:\/\/airmezvip.com\/it\/wp-json\/wp\/v2\/product\/25","targetHints":{"allow":["GET"]}}],"collection":[{"href":"https:\/\/airmezvip.com\/it\/wp-json\/wp\/v2\/product"}],"about":[{"href":"https:\/\/airmezvip.com\/it\/wp-json\/wp\/v2\/types\/product"}],"replies":[{"embeddable":true,"href":"https:\/\/airmezvip.com\/it\/wp-json\/wp\/v2\/comments?post=25"}],"wp:featuredmedia":[{"embeddable":true,"href":"https:\/\/airmezvip.com\/it\/wp-json\/wp\/v2\/media\/115"}],"wp:attachment":[{"href":"https:\/\/airmezvip.com\/it\/wp-json\/wp\/v2\/media?parent=25"}],"wp:term":[{"taxonomy":"product_brand","embeddable":true,"href":"https:\/\/airmezvip.com\/it\/wp-json\/wp\/v2\/product_brand?post=25"},{"taxonomy":"product_cat","embeddable":true,"href":"https:\/\/airmezvip.com\/it\/wp-json\/wp\/v2\/product_cat?post=25"},{"taxonomy":"product_tag","embeddable":true,"href":"https:\/\/airmezvip.com\/it\/wp-json\/wp\/v2\/product_tag?post=25"}],"curies":[{"name":"wp","href":"https:\/\/api.w.org\/{rel}","templated":true}]}}