{"id":19,"date":"2026-04-29T06:47:20","date_gmt":"2026-04-29T06:47:20","guid":{"rendered":"https:\/\/airmezvip.com\/?post_type=product&#038;p=19"},"modified":"2026-04-29T06:52:11","modified_gmt":"2026-04-29T06:52:11","slug":"airmez-fox-4-in-1","status":"publish","type":"product","link":"https:\/\/airmezvip.com\/it\/prodotto\/airmez-fox-4-in-1\/","title":{"rendered":"Airmez FOX 4 IN 1"},"content":{"rendered":"<p data-start=\"110\" data-end=\"372\"><strong data-start=\"110\" data-end=\"143\">Airmez FOX 4 IN 1 12000 Soffi<\/strong> \u00e8 una svapata monouso ad alta capacit\u00e0 progettata per gli utenti che desiderano un uso prolungato, un sapore morbido e una maggiore variet\u00e0 in un unico dispositivo. Combina prestazioni pratiche e un design elegante, rendendolo adatto sia alla vendita al dettaglio che all'ingrosso.<\/p>\n<p data-start=\"374\" data-end=\"684\">Questo modello \u00e8 dotato di <strong data-start=\"396\" data-end=\"417\">15ML \u00d7 4 e-liquid<\/strong>, a <strong data-start=\"421\" data-end=\"434\">rotolo di rete<\/strong>, a <strong data-start=\"438\" data-end=\"469\">Batteria ricaricabile da 650 mAh<\/strong>, e <strong data-start=\"475\" data-end=\"494\">Ricarica di tipo-C<\/strong> per un'esperienza di svapo fluida e conveniente. Il design del gusto 4-in-1 offre agli utenti pi\u00f9 scelte in un unico dispositivo, rendendolo pi\u00f9 interessante per i clienti che amano gusti diversi.<\/p>\n<h3 data-section-id=\"bfe9be\" data-start=\"686\" data-end=\"706\">Caratteristiche del prodotto<\/h3>\n<ul data-start=\"708\" data-end=\"985\">\n<li data-section-id=\"hlldc5\" data-start=\"708\" data-end=\"747\"><strong data-start=\"710\" data-end=\"727\">Nome del prodotto:<\/strong> Airmez FOX 4 IN 1<\/li>\n<li data-section-id=\"1jko59t\" data-start=\"748\" data-end=\"779\"><strong data-start=\"750\" data-end=\"765\">Conteggio dei soffi:<\/strong> 12000 soffi<\/li>\n<li data-section-id=\"abzjgk\" data-start=\"780\" data-end=\"815\"><strong data-start=\"782\" data-end=\"804\">Capacit\u00e0 del liquido elettronico:<\/strong> 15ML \u00d7 4<\/li>\n<li data-section-id=\"18s3gm1\" data-start=\"816\" data-end=\"844\"><strong data-start=\"818\" data-end=\"832\">Tipo di bobina:<\/strong> Bobina a rete<\/li>\n<li data-section-id=\"13l8j6q\" data-start=\"845\" data-end=\"874\"><strong data-start=\"847\" data-end=\"865\">Porta di ricarica:<\/strong> Tipo-C<\/li>\n<li data-section-id=\"1ykqfi4\" data-start=\"875\" data-end=\"907\"><strong data-start=\"877\" data-end=\"898\">Capacit\u00e0 della batteria:<\/strong> 650 mAh<\/li>\n<li data-section-id=\"14onshu\" data-start=\"908\" data-end=\"946\"><strong data-start=\"910\" data-end=\"922\">Imballaggio:<\/strong> 10 pezzi per espositore<\/li>\n<li data-section-id=\"gtsdgw\" data-start=\"947\" data-end=\"985\"><strong data-start=\"949\" data-end=\"960\">Cartone:<\/strong> Miscela 100pcs ogni cartone<\/li>\n<\/ul>\n<h3 data-section-id=\"1qo24uk\" data-start=\"987\" data-end=\"1010\">Combinazioni di sapori<\/h3>\n<ol data-start=\"1012\" data-end=\"1715\">\n<li data-section-id=\"1c0rr3k\" data-start=\"1012\" data-end=\"1097\">Lampone fragola \/ Kiwi fragola \/ Ghiaccio fragola \/ Pesca mango anguria<\/li>\n<li data-section-id=\"o8dc9g\" data-start=\"1098\" data-end=\"1186\">Ghiaccio all'anguria \/ Anguria alla fragola \/ Anguria al lampone \/ Lampone al mirtillo<\/li>\n<li data-section-id=\"1gbggyg\" data-start=\"1187\" data-end=\"1251\">Limonata rosa \/ Bacio della passione \/ Frutti di bosco misti \/ Tripla bacca<\/li>\n<li data-section-id=\"rf3fnm\" data-start=\"1252\" data-end=\"1302\">Ciliegia \/ Amore 66 \/ Limonata ai frutti di bosco \/ Ghiaccio all'uva<\/li>\n<li data-section-id=\"1tlb9ml\" data-start=\"1303\" data-end=\"1371\">Mango e pesca \/ Frutta tropicale \/ Pesca ghiacciata \/ Ananas mango acido<\/li>\n<li data-section-id=\"1a1kye8\" data-start=\"1372\" data-end=\"1433\">Ghiaccio all'uva \/ Amore 66 \/ Mirtillo in ghiaccio \/ Pompelmo in ghiaccio<\/li>\n<li data-section-id=\"f5i4yv\" data-start=\"1434\" data-end=\"1501\">Amore 66 \/ Ciliegia \/ Mirtillo su ghiaccio \/ Kiwi Frutto della passione Guava<\/li>\n<li data-section-id=\"b5klbg\" data-start=\"1502\" data-end=\"1560\">Ghiaccio alla pesca \/ Limonata rosa \/ Ghiaccio all'anguria \/ Dr. Blue<\/li>\n<li data-section-id=\"1m47zzg\" data-start=\"1561\" data-end=\"1626\">Mojito rosso \/ Love 66 \/ Frutti di bosco misti \/ Anguria alla fragola<\/li>\n<li data-section-id=\"ms5egh\" data-start=\"1627\" data-end=\"1715\">Pesca Mango Anguria \/ Mirtillo Ciliegia \/ Anguria Frutto del Drago \/ Bacio della Passione<\/li>\n<\/ol>\n<h3 data-section-id=\"5d9epy\" data-start=\"1717\" data-end=\"1749\">Perch\u00e9 scegliere Airmez FOX 4 IN 1<\/h3>\n<ul data-start=\"1751\" data-end=\"1951\">\n<li data-section-id=\"hccfoh\" data-start=\"1751\" data-end=\"1789\">Grande capacit\u00e0 di soffio per un uso prolungato<\/li>\n<li data-section-id=\"ib0yw8\" data-start=\"1790\" data-end=\"1821\">Vapore omogeneo con bobina a rete<\/li>\n<li data-section-id=\"1g8zwq1\" data-start=\"1822\" data-end=\"1867\">Batteria ricaricabile con ricarica Type-C<\/li>\n<li data-section-id=\"1o2cxww\" data-start=\"1868\" data-end=\"1902\">Pi\u00f9 gusti in un unico dispositivo<\/li>\n<li data-section-id=\"1w7lcbd\" data-start=\"1903\" data-end=\"1951\">Ottimo per l'esposizione al dettaglio e per gli ordini all'ingrosso<\/li>\n<\/ul>\n<h3 data-section-id=\"hwjiak\" data-start=\"1702\" data-end=\"1712\">Avviso<\/h3>\n<p data-start=\"1714\" data-end=\"1787\">Il prezzo di Airmez FOX 6 IN 1 14000 Puffs dipende dalla quantit\u00e0 dell'ordine:<\/p>\n<ul data-start=\"1789\" data-end=\"1867\">\n<li data-section-id=\"us7ftp\" data-start=\"1789\" data-end=\"1814\">1-15 pezzi: US$28,99 ciascuno<\/li>\n<li data-section-id=\"4iw75h\" data-start=\"1815\" data-end=\"1842\">16-199 pezzi: US$10,99 cad.<\/li>\n<li data-section-id=\"1f1g2s0\" data-start=\"1843\" data-end=\"1867\">200+ pezzi: US$8,99 ciascuno<\/li>\n<\/ul>\n<p data-start=\"1869\" data-end=\"1971\">Il prezzo varia in base alla quantit\u00e0 dell'ordine. Si prega di confermare la gamma di quantit\u00e0 prima di effettuare l'ordine.<\/p>\n<p data-start=\"1953\" data-end=\"2130\">Il <strong data-start=\"1957\" data-end=\"1990\">Airmez FOX 4 IN 1 12000 Soffi<\/strong> \u00e8 una buona opzione per i venditori alla ricerca di una svapata ad alta capacit\u00e0 con combinazioni di sapori misti, caratteristiche pratiche e una confezione attraente.<\/p>","protected":false},"excerpt":{"rendered":"<h3>Specifiche del prodotto<\/h3>\n<p>\u2611 15ML*4 di liquido elettronico<br \/>\nBobina a rete<br \/>\nPorta di tipo C<br \/>\n\u2611 650 mAh<br \/>\n\u2611 10 pezzi in una scatola da esposizione<br \/>\n\u2611 Miscela di 100 pezzi per cartone<\/p>","protected":false},"featured_media":49,"comment_status":"open","ping_status":"closed","template":"","meta":{"_joinchat":[]},"product_brand":[],"product_cat":[16],"product_tag":[],"class_list":{"0":"post-19","1":"product","2":"type-product","3":"status-publish","4":"has-post-thumbnail","6":"product_cat-e-cigarettes-europe","8":"first","9":"instock","10":"shipping-taxable","11":"purchasable","12":"product-type-variable"},"_links":{"self":[{"href":"https:\/\/airmezvip.com\/it\/wp-json\/wp\/v2\/product\/19","targetHints":{"allow":["GET"]}}],"collection":[{"href":"https:\/\/airmezvip.com\/it\/wp-json\/wp\/v2\/product"}],"about":[{"href":"https:\/\/airmezvip.com\/it\/wp-json\/wp\/v2\/types\/product"}],"replies":[{"embeddable":true,"href":"https:\/\/airmezvip.com\/it\/wp-json\/wp\/v2\/comments?post=19"}],"wp:featuredmedia":[{"embeddable":true,"href":"https:\/\/airmezvip.com\/it\/wp-json\/wp\/v2\/media\/49"}],"wp:attachment":[{"href":"https:\/\/airmezvip.com\/it\/wp-json\/wp\/v2\/media?parent=19"}],"wp:term":[{"taxonomy":"product_brand","embeddable":true,"href":"https:\/\/airmezvip.com\/it\/wp-json\/wp\/v2\/product_brand?post=19"},{"taxonomy":"product_cat","embeddable":true,"href":"https:\/\/airmezvip.com\/it\/wp-json\/wp\/v2\/product_cat?post=19"},{"taxonomy":"product_tag","embeddable":true,"href":"https:\/\/airmezvip.com\/it\/wp-json\/wp\/v2\/product_tag?post=19"}],"curies":[{"name":"wp","href":"https:\/\/api.w.org\/{rel}","templated":true}]}}