{"id":18,"date":"2026-04-29T06:47:19","date_gmt":"2026-04-29T06:47:19","guid":{"rendered":"https:\/\/airmezvip.com\/?post_type=product&#038;p=18"},"modified":"2026-04-29T06:52:10","modified_gmt":"2026-04-29T06:52:10","slug":"airmez-lux-60k","status":"publish","type":"product","link":"https:\/\/airmezvip.com\/it\/prodotto\/airmez-lux-60k\/","title":{"rendered":"Airmez LUX 60k"},"content":{"rendered":"<p data-start=\"106\" data-end=\"410\"><strong data-start=\"106\" data-end=\"123\">Airmez LUX 60K<\/strong> \u00e8 un dispositivo di svapo monouso elegante e ad alta capacit\u00e0, progettato per gli utenti che desiderano prestazioni fluide, sapore ricco e comodit\u00e0 moderna in un unico prodotto compatto. Con il suo design accattivante e le sue caratteristiche pratiche, \u00e8 una scelta forte sia per la vendita al dettaglio che per la distribuzione all'ingrosso.<\/p>\n<p data-start=\"412\" data-end=\"700\">Questo dispositivo \u00e8 dotato di <strong data-start=\"435\" data-end=\"455\">30 ml di e-liquid<\/strong>, a <strong data-start=\"459\" data-end=\"472\">rotolo di rete<\/strong> per una migliore erogazione del sapore, un <strong data-start=\"505\" data-end=\"536\">Batteria ricaricabile da 650 mAh<\/strong>, e un <strong data-start=\"544\" data-end=\"568\">Porta di ricarica Type-C<\/strong> per una facile ricarica. L'Airmez LUX60K \u00e8 costruito per fornire un'esperienza di svapo soddisfacente, con un'erogazione costante e un'estrazione fluida.<\/p>\n<p data-start=\"702\" data-end=\"972\">L'aspetto premium lo fa risaltare in esposizione, mentre la selezione di gusti offre ai clienti pi\u00f9 opzioni per soddisfare le diverse preferenze. Che si tratti di vendite in negozio o online, questo modello offre una forte combinazione di design, funzionalit\u00e0 e variet\u00e0 di gusti.<\/p>\n<h3 data-section-id=\"1iz91iu\" data-start=\"974\" data-end=\"990\">Caratteristiche principali<\/h3>\n<ul data-start=\"991\" data-end=\"1179\">\n<li data-section-id=\"j07jqf\" data-start=\"991\" data-end=\"1009\">30 ml di e-liquid<\/li>\n<li data-section-id=\"1u6cj9s\" data-start=\"1010\" data-end=\"1048\">Bobina a rete per un sapore morbido e ricco<\/li>\n<li data-section-id=\"nozpp4\" data-start=\"1049\" data-end=\"1071\">Porta di ricarica Type-C<\/li>\n<li data-section-id=\"suaevp\" data-start=\"1072\" data-end=\"1101\">Batteria ricaricabile da 650 mAh<\/li>\n<li data-section-id=\"1jitody\" data-start=\"1102\" data-end=\"1136\">Design moderno ed elegante del dispositivo<\/li>\n<li data-section-id=\"1turvr3\" data-start=\"1137\" data-end=\"1179\">Adatto per la fornitura al dettaglio e all'ingrosso<\/li>\n<\/ul>\n<h3 data-section-id=\"1cjeezw\" data-start=\"1181\" data-end=\"1202\">Gusti disponibili<\/h3>\n<ol data-start=\"1203\" data-end=\"1383\">\n<li data-section-id=\"1j2zj60\" data-start=\"1203\" data-end=\"1222\">Ghiaccio alla fragola<\/li>\n<li data-section-id=\"ct7xja\" data-start=\"1223\" data-end=\"1242\">Ghiaccio all'anguria<\/li>\n<li data-section-id=\"ueawe5\" data-start=\"1243\" data-end=\"1261\">Bacche miste<\/li>\n<li data-section-id=\"1ojqpom\" data-start=\"1262\" data-end=\"1285\">Frutto della passione Kiwi<\/li>\n<li data-section-id=\"1qbhb4m\" data-start=\"1286\" data-end=\"1298\">Dr. Blue<\/li>\n<li data-section-id=\"j5g2y5\" data-start=\"1299\" data-end=\"1311\">Amore 66<\/li>\n<li data-section-id=\"trqg9s\" data-start=\"1312\" data-end=\"1329\">Triplo mango<\/li>\n<li data-section-id=\"puwced\" data-start=\"1330\" data-end=\"1346\">Ciliegia Cola<\/li>\n<li data-section-id=\"sit6kg\" data-start=\"1347\" data-end=\"1363\">Bingo Crush<\/li>\n<li data-section-id=\"al94j7\" data-start=\"1364\" data-end=\"1383\">Limonata rosa<\/li>\n<\/ol>\n<h3 data-section-id=\"7vssn1\" data-start=\"1385\" data-end=\"1404\">Dettagli sull'imballaggio<\/h3>\n<ul data-start=\"1405\" data-end=\"1456\">\n<li data-section-id=\"xe8pr5\" data-start=\"1405\" data-end=\"1429\">10 pezzi per espositore<\/li>\n<li data-section-id=\"wdljr9\" data-start=\"1430\" data-end=\"1456\">Misto 200 pezzi per cartone<\/li>\n<\/ul>\n<h3 data-section-id=\"hwjiak\" data-start=\"1702\" data-end=\"1712\">Avviso<\/h3>\n<p data-start=\"1714\" data-end=\"1787\">Il prezzo di Airmez FOX 6 IN 1 14000 Puffs dipende dalla quantit\u00e0 dell'ordine:<\/p>\n<ul data-start=\"1789\" data-end=\"1867\">\n<li data-section-id=\"us7ftp\" data-start=\"1789\" data-end=\"1814\">1-15 pezzi: US$28,99 ciascuno<\/li>\n<li data-section-id=\"4iw75h\" data-start=\"1815\" data-end=\"1842\">16-199 pezzi: US$10,99 cad.<\/li>\n<li data-section-id=\"1f1g2s0\" data-start=\"1843\" data-end=\"1867\">200+ pezzi: US$8,99 ciascuno<\/li>\n<\/ul>\n<p data-start=\"1869\" data-end=\"1971\">Il prezzo varia in base alla quantit\u00e0 dell'ordine. Si prega di confermare la gamma di quantit\u00e0 prima di effettuare l'ordine.<\/p>\n<p data-start=\"1458\" data-end=\"1727\">Il <strong data-start=\"1462\" data-end=\"1479\">Airmez LUX60K<\/strong> \u00e8 un'opzione eccellente per i venditori alla ricerca di un prodotto monouso di alto valore, con una confezione attraente e gusti popolari. \u00c8 particolarmente adatto a grossisti, distributori e vape shop che desiderano un prodotto con un ampio appeal sul mercato.<\/p>","protected":false},"excerpt":{"rendered":"<h2>Specifiche di prodotto: il prodotto<\/h2>\n<p>30ML di E-liquido<br \/>\nBobina a rete<br \/>\nPorta di tipo C<br \/>\n\u2611 650 mAh<br \/>\n\u2611 10 pezzi in una scatola da esposizione<br \/>\n\u2611 Miscela 200 pezzi per cartone<\/p>","protected":false},"featured_media":48,"comment_status":"open","ping_status":"closed","template":"","meta":{"_joinchat":[]},"product_brand":[],"product_cat":[16],"product_tag":[],"class_list":{"0":"post-18","1":"product","2":"type-product","3":"status-publish","4":"has-post-thumbnail","6":"product_cat-e-cigarettes-europe","8":"first","9":"instock","10":"shipping-taxable","11":"purchasable","12":"product-type-variable"},"_links":{"self":[{"href":"https:\/\/airmezvip.com\/it\/wp-json\/wp\/v2\/product\/18","targetHints":{"allow":["GET"]}}],"collection":[{"href":"https:\/\/airmezvip.com\/it\/wp-json\/wp\/v2\/product"}],"about":[{"href":"https:\/\/airmezvip.com\/it\/wp-json\/wp\/v2\/types\/product"}],"replies":[{"embeddable":true,"href":"https:\/\/airmezvip.com\/it\/wp-json\/wp\/v2\/comments?post=18"}],"wp:featuredmedia":[{"embeddable":true,"href":"https:\/\/airmezvip.com\/it\/wp-json\/wp\/v2\/media\/48"}],"wp:attachment":[{"href":"https:\/\/airmezvip.com\/it\/wp-json\/wp\/v2\/media?parent=18"}],"wp:term":[{"taxonomy":"product_brand","embeddable":true,"href":"https:\/\/airmezvip.com\/it\/wp-json\/wp\/v2\/product_brand?post=18"},{"taxonomy":"product_cat","embeddable":true,"href":"https:\/\/airmezvip.com\/it\/wp-json\/wp\/v2\/product_cat?post=18"},{"taxonomy":"product_tag","embeddable":true,"href":"https:\/\/airmezvip.com\/it\/wp-json\/wp\/v2\/product_tag?post=18"}],"curies":[{"name":"wp","href":"https:\/\/api.w.org\/{rel}","templated":true}]}}