{"id":648,"date":"2026-05-04T07:20:21","date_gmt":"2026-05-04T07:20:21","guid":{"rendered":"https:\/\/airmezvip.com\/?page_id=648"},"modified":"2026-05-04T07:20:21","modified_gmt":"2026-05-04T07:20:21","slug":"shipping","status":"publish","type":"page","link":"https:\/\/airmezvip.com\/it\/shipping\/","title":{"rendered":"Spedizione"},"content":{"rendered":"<p><strong>Ultimo aggiornamento: 4 maggio 2026<\/strong><\/p>\n\n\n\n<p>Grazie per aver acquistato da <strong>Airmezvip.com<\/strong>.<\/p>\n\n\n\n<p>Questa politica di spedizione spiega come elaboriamo, spediamo e consegniamo gli ordini di sigarette elettroniche Airmez. Airmezvip.com serve principalmente i clienti adulti e gli acquirenti all'ingrosso di <strong>Europa, Regno Unito e Australia<\/strong>, con supporto di magazzino all'estero per una consegna pi\u00f9 rapida in regioni selezionate.<\/p>\n\n\n\n<p>Si prega di leggere attentamente la presente Politica di spedizione prima di effettuare un ordine. Effettuando un ordine su Airmezvip.com, si accettano i termini di seguito riportati.<\/p>\n\n\n\n<h2 class=\"wp-block-heading\">1. Regioni di spedizione<\/h2>\n\n\n\n<p>Airmezvip.com fornisce principalmente assistenza alla spedizione per:<\/p>\n\n\n\n<ul class=\"wp-block-list\">\n<li>Europa<\/li>\n\n\n\n<li>Regno Unito<\/li>\n\n\n\n<li>Australia<\/li>\n<\/ul>\n\n\n\n<p>Possiamo anche supportare altre destinazioni a seconda della disponibilit\u00e0 dei prodotti, dello stato delle scorte, delle rotte di spedizione e delle condizioni di consegna locali.<\/p>\n\n\n\n<p>Se il vostro paese \u00e8 al di fuori dell'Europa, del Regno Unito o dell'Australia, contattate il nostro servizio clienti prima di effettuare un ordine.<\/p>\n\n\n\n<h2 class=\"wp-block-heading\">2. Spedizione in magazzino all'estero<\/h2>\n\n\n\n<p>Airmezvip.com supporta la spedizione in magazzino all'estero per alcune regioni selezionate.<\/p>\n\n\n\n<p>I nostri magazzini in Europa e in Australia sono in grado di supportare ordini di dropshipping di singoli articoli.<\/p>\n\n\n\n<h3 class=\"wp-block-heading\">Quantit\u00e0 minima di spedizione<\/h3>\n\n\n\n<p>Per gli ordini di magazzino all'estero:<\/p>\n\n\n\n<ul class=\"wp-block-list\">\n<li>Quantit\u00e0 minima ordinabile: <strong>1 pezzo<\/strong><\/li>\n\n\n\n<li>Quantit\u00e0 d'ordine consigliata: <strong>15 pezzi o pi\u00f9<\/strong><\/li>\n<\/ul>\n\n\n\n<p>Anche se possiamo spedire a partire da 1 pezzo, consigliamo di ordinare 15 pezzi o pi\u00f9 per una migliore efficienza dei costi, soprattutto per gli acquirenti ripetuti, i rivenditori, i rivenditori e i clienti all'ingrosso.<\/p>\n\n\n\n<h2 class=\"wp-block-heading\">3. Paesi di Dropshipping Europa e Regno Unito<\/h2>\n\n\n\n<p>Il nostro magazzino europeo supporta il dropshipping di pezzi unici verso alcuni paesi europei, tra cui il Regno Unito.<\/p>\n\n\n\n<p>Le destinazioni di spedizione europee disponibili includono:<\/p>\n\n\n\n<ul class=\"wp-block-list\">\n<li>Regno Unito<\/li>\n\n\n\n<li>Spagna<\/li>\n\n\n\n<li>Portogallo<\/li>\n\n\n\n<li>Francia<\/li>\n\n\n\n<li>Germania<\/li>\n\n\n\n<li>Italia<\/li>\n\n\n\n<li>Austria<\/li>\n\n\n\n<li>Lussemburgo<\/li>\n\n\n\n<li>Paesi Bassi<\/li>\n\n\n\n<li>Belgio<\/li>\n\n\n\n<li>Danimarca<\/li>\n\n\n\n<li>Polonia<\/li>\n\n\n\n<li>Slovenia<\/li>\n\n\n\n<li>Slovacchia<\/li>\n\n\n\n<li>Estonia<\/li>\n\n\n\n<li>Lettonia<\/li>\n\n\n\n<li>Lituania<\/li>\n\n\n\n<li>Bulgaria<\/li>\n\n\n\n<li>Croazia<\/li>\n\n\n\n<li>Finlandia<\/li>\n\n\n\n<li>Romania<\/li>\n\n\n\n<li>Svezia<\/li>\n\n\n\n<li>Repubblica Ceca<\/li>\n\n\n\n<li>Ungheria<\/li>\n\n\n\n<li>Grecia<\/li>\n\n\n\n<li>Irlanda<\/li>\n<\/ul>\n\n\n\n<p>La disponibilit\u00e0 di spedizione pu\u00f2 variare a seconda delle scorte di prodotto, delle restrizioni di destinazione, delle condizioni di consegna locali e degli accordi con i fornitori di logistica.<\/p>\n\n\n\n<p>Se non siete sicuri che la vostra destinazione sia supportata, contattateci prima di effettuare un ordine.<\/p>\n\n\n\n<h2 class=\"wp-block-heading\">4. Spedizione in Australia<\/h2>\n\n\n\n<p>Airmezvip.com supporta la spedizione attraverso <strong>tutta l'Australia<\/strong>.<\/p>\n\n\n\n<p>La spedizione dal magazzino australiano pu\u00f2 essere disponibile per alcuni prodotti Airmez, a seconda delle scorte attuali e delle condizioni di spedizione.<\/p>\n\n\n\n<p>I clienti australiani possono effettuare ordini personali o all'ingrosso, ma sono responsabili della comprensione e del rispetto di tutte le leggi locali applicabili, delle regole di importazione e delle normative sui prodotti di vaping prima di effettuare l'ordine.<\/p>\n\n\n\n<p>Per domande sulla spedizione in Australia, contattare il nostro servizio clienti prima di effettuare un ordine di grandi dimensioni.<\/p>\n\n\n\n<h2 class=\"wp-block-heading\">5. Tempo di elaborazione dell'ordine<\/h2>\n\n\n\n<p>Gli ordini vengono solitamente elaborati dopo la conferma del pagamento.<\/p>\n\n\n\n<p>Dopo la conferma del pagamento, gli ordini vengono solitamente spediti entro:<\/p>\n\n\n\n<p><strong>1-3 giorni lavorativi<\/strong><\/p>\n\n\n\n<p>I tempi di elaborazione possono dipendere da:<\/p>\n\n\n\n<ul class=\"wp-block-list\">\n<li>Disponibilit\u00e0 del prodotto<\/li>\n\n\n\n<li>Quantit\u00e0 dell'ordine<\/li>\n\n\n\n<li>Conferma del pagamento<\/li>\n\n\n\n<li>Posizione del magazzino<\/li>\n\n\n\n<li>Selezione del gusto<\/li>\n\n\n\n<li>Accuratezza dell'indirizzo di spedizione<\/li>\n\n\n\n<li>Requisiti per gli ordini all'ingrosso<\/li>\n<\/ul>\n\n\n\n<p>Per gli ordini di piccole dimensioni, l'elaborazione \u00e8 solitamente pi\u00f9 rapida.<\/p>\n\n\n\n<p>Per gli ordini all'ingrosso o di grandi quantit\u00e0, l'elaborazione pu\u00f2 richiedere pi\u00f9 tempo perch\u00e9 dobbiamo confermare le scorte, le opzioni di gusto, l'imballaggio e gli accordi logistici.<\/p>\n\n\n\n<h2 class=\"wp-block-heading\">6. Tempo di consegna stimato<\/h2>\n\n\n\n<p>I tempi di consegna stimati possono variare a seconda della destinazione, dell'elaborazione del magazzino, della disponibilit\u00e0 del prodotto, del servizio di corriere locale, dello sdoganamento e di altre condizioni.<\/p>\n\n\n\n<p>Il nostro tempo di consegna abituale \u00e8 stimato in:<\/p>\n\n\n\n<figure class=\"wp-block-table\"><table class=\"has-fixed-layout\"><thead><tr><th>Regione<\/th><th>Tempo di consegna stimato<\/th><\/tr><\/thead><tbody><tr><td>Europa<\/td><td>3-7 giorni lavorativi<\/td><\/tr><tr><td>Regno Unito<\/td><td>3-7 giorni lavorativi<\/td><\/tr><tr><td>Australia<\/td><td>5-12 giorni lavorativi<\/td><\/tr><\/tbody><\/table><\/figure>\n\n\n\n<p>Si prega di notare che i tempi di consegna sono solo stime. Non sono date di consegna garantite.<\/p>\n\n\n\n<p>I ritardi possono essere dovuti a controlli doganali, ritardi del corriere locale, festivit\u00e0, condizioni atmosferiche, problemi di indirizzo, consegna in aree remote o altri fattori al di fuori del nostro controllo.<\/p>\n\n\n\n<h2 class=\"wp-block-heading\">7. Metodi di spedizione e fornitori di logistica<\/h2>\n\n\n\n<p>Airmezvip.com pu\u00f2 utilizzare diversi fornitori di servizi logistici a seconda del paese di destinazione, del tipo di prodotto, della posizione del magazzino e della quantit\u00e0 dell'ordine.<\/p>\n\n\n\n<p>I fornitori di logistica pi\u00f9 comuni possono includere:<\/p>\n\n\n\n<ul class=\"wp-block-list\">\n<li>Royal Mail<\/li>\n\n\n\n<li>DPD<\/li>\n\n\n\n<li>Evri<\/li>\n\n\n\n<li>DHL<\/li>\n\n\n\n<li>UPS<\/li>\n\n\n\n<li>Altri partner di consegna locali o internazionali<\/li>\n<\/ul>\n\n\n\n<p>Il vettore finale pu\u00f2 variare a seconda del percorso di spedizione e delle modalit\u00e0 di consegna locali.<\/p>\n\n\n\n<h2 class=\"wp-block-heading\">8. Consegna espressa e consegna locale di merci<\/h2>\n\n\n\n<p>Il prezzo di spedizione predefinito per i magazzini esteri si riferisce solitamente alla consegna con corriere espresso standard.<\/p>\n\n\n\n<p>Se \u00e8 necessaria una consegna locale su camion, pallet, merci o un vettore locale speciale, il costo della spedizione pu\u00f2 essere calcolato separatamente.<\/p>\n\n\n\n<p>Per ordini all'ingrosso di grandi dimensioni, si prega di contattare il servizio clienti prima di effettuare un ordine, in modo da poter verificare il metodo di spedizione disponibile e il costo della spedizione.<\/p>\n\n\n\n<p>Le spese di spedizione locali non sono sempre incluse nel prezzo predefinito del prodotto o della spedizione.<\/p>\n\n\n\n<h2 class=\"wp-block-heading\">9. Supplemento per le aree remote<\/h2>\n\n\n\n<p>Alcuni indirizzi possono trovarsi in aree remote.<\/p>\n\n\n\n<p>Se l'indirizzo di consegna \u00e8 classificato come area remota dal fornitore di servizi logistici, potrebbe essere applicato un supplemento per area remota.<\/p>\n\n\n\n<p>I supplementi per le aree remote vengono calcolati in base alla <strong>quotazione in tempo reale del fornitore di servizi logistici<\/strong>.<\/p>\n\n\n\n<p>La tariffa esatta pu\u00f2 variare in base a:<\/p>\n\n\n\n<ul class=\"wp-block-list\">\n<li>Paese<\/li>\n\n\n\n<li>Codice postale<\/li>\n\n\n\n<li>Percorso del corriere<\/li>\n\n\n\n<li>Peso della confezione<\/li>\n\n\n\n<li>Volume della confezione<\/li>\n\n\n\n<li>Condizioni di consegna locali<\/li>\n<\/ul>\n\n\n\n<p>Per dettagli specifici, si prega di contattare il nostro servizio clienti prima di effettuare un ordine.<\/p>\n\n\n\n<h2 class=\"wp-block-heading\">10. Sono necessarie informazioni corrette sulla spedizione<\/h2>\n\n\n\n<p>I clienti devono fornire informazioni accurate e complete sulla spedizione quando effettuano un ordine.<\/p>\n\n\n\n<p>Questo include:<\/p>\n\n\n\n<ul class=\"wp-block-list\">\n<li>Nome completo del destinatario<\/li>\n\n\n\n<li>Numero di telefono corretto<\/li>\n\n\n\n<li>Indirizzo stradale completo<\/li>\n\n\n\n<li>Citt\u00e0<\/li>\n\n\n\n<li>Stato o provincia<\/li>\n\n\n\n<li>Codice postale<\/li>\n\n\n\n<li>Paese<\/li>\n\n\n\n<li>Numero dell'appartamento, dell'unit\u00e0 o dell'edificio, se applicabile<\/li>\n<\/ul>\n\n\n\n<p>Airmezvip.com non \u00e8 responsabile per la mancata consegna, il ritardo, la perdita del pacco o la mancata firma causati da informazioni di spedizione errate o incomplete.<\/p>\n\n\n\n<p>Si prega di controllare attentamente l'indirizzo di spedizione prima di inviare l'ordine.<\/p>\n\n\n\n<h2 class=\"wp-block-heading\">11. Problemi di spedizione non ammissibili all'assistenza post-vendita<\/h2>\n\n\n\n<p>Per le spedizioni di magazzino all'estero, i seguenti problemi logistici non sono ammissibili all'assistenza post-vendita se sono causati da problemi del cliente o della consegna locale.<\/p>\n\n\n\n<p>Effettuando un ordine, i clienti accettano le presenti condizioni.<\/p>\n\n\n\n<h3 class=\"wp-block-heading\">11.1 Informazioni di spedizione non corrette<\/h3>\n\n\n\n<p>Se il cliente fornisce informazioni errate o incomplete sul destinatario e il pacco viene perso, ritardato, restituito o non pu\u00f2 essere firmato, Airmezvip.com non \u00e8 responsabile del risarcimento.<\/p>\n\n\n\n<p>Questo include l'errato:<\/p>\n\n\n\n<ul class=\"wp-block-list\">\n<li>Nome<\/li>\n\n\n\n<li>Numero di telefono<\/li>\n\n\n\n<li>Indirizzo<\/li>\n\n\n\n<li>Codice postale<\/li>\n\n\n\n<li>Citt\u00e0<\/li>\n\n\n\n<li>Paese<\/li>\n\n\n\n<li>Numero dell'appartamento o dell'unit\u00e0 abitativa<\/li>\n<\/ul>\n\n\n\n<h3 class=\"wp-block-heading\">11.2 Arresto della tracciabilit\u00e0 a causa di uno sdoganamento secondario<\/h3>\n\n\n\n<p>Se la tracciabilit\u00e0 del pacco smette di aggiornarsi a causa di uno sdoganamento secondario, di un'ispezione doganale, di un ritardo doganale o di controlli normativi locali, Airmezvip.com non pu\u00f2 garantire un risarcimento post-vendita.<\/p>\n\n\n\n<p>La gestione delle dogane \u00e8 controllata dalle autorit\u00e0 locali e dai fornitori di servizi logistici.<\/p>\n\n\n\n<h3 class=\"wp-block-heading\">11.3 Destinatario non disponibile durante la consegna<\/h3>\n\n\n\n<p>Se il destinatario non \u00e8 disponibile durante la consegna e il pacco viene perso, rubato, restituito o segnato come consegnato dal corriere locale, Airmezvip.com non \u00e8 responsabile del risarcimento.<\/p>\n\n\n\n<p>I clienti devono monitorare gli aggiornamenti del tracking e assicurarsi che qualcuno possa ricevere il pacco quando \u00e8 prevista la consegna.<\/p>\n\n\n\n<h3 class=\"wp-block-heading\">11.4 Perdita parziale del prodotto durante la consegna locale<\/h3>\n\n\n\n<p>Se un pacco viene consegnato ma alcuni prodotti all'interno del pacco sono mancanti a causa della gestione della consegna locale, di danni del corriere, di furti o di problemi di consegna all'ultimo miglio, Airmezvip.com potrebbe non essere in grado di fornire un risarcimento post-vendita.<\/p>\n\n\n\n<p>I clienti devono ispezionare il pacco subito dopo averlo ricevuto.<\/p>\n\n\n\n<p>Se l'imballaggio esterno \u00e8 danneggiato, aperto, risigillato o sospetto, si prega di scattare foto o video prima di aprirlo e di contattare il corriere locale il prima possibile.<\/p>\n\n\n\n<h3 class=\"wp-block-heading\">11.5 Modifica dell'indirizzo o del numero di telefono dopo la spedizione<\/h3>\n\n\n\n<p>Se il cliente modifica l'indirizzo di spedizione, il numero di telefono, le istruzioni di consegna o i dettagli del destinatario dopo la spedizione e il pacco viene perso, ritardato o consegnato in modo errato, Airmezvip.com non \u00e8 responsabile del risarcimento.<\/p>\n\n\n\n<p>Assicurarsi che tutti i dati di spedizione siano corretti prima di effettuare l'ordine.<\/p>\n\n\n\n<h2 class=\"wp-block-heading\">12. Politica sui pacchi smarriti<\/h2>\n\n\n\n<p>Airmezvip.com aiuter\u00e0 i clienti a controllare le informazioni logistiche quando un pacco appare in ritardo o viene perso.<\/p>\n\n\n\n<h3 class=\"wp-block-heading\">Perso prima dello sdoganamento locale<\/h3>\n\n\n\n<p>Se il tracking o la conferma logistica mostrano che il pacco \u00e8 stato smarrito <strong>prima dello sdoganamento locale<\/strong>, Airmezvip.com pu\u00f2 organizzare una spedizione sostitutiva.<\/p>\n\n\n\n<p>Il processo di sostituzione dipende dai risultati delle indagini logistiche e dalla conferma del fornitore di servizi di spedizione.<\/p>\n\n\n\n<h3 class=\"wp-block-heading\">Perso dopo lo sdoganamento locale<\/h3>\n\n\n\n<p>Se il pacco ha gi\u00e0 completato lo sdoganamento locale ed \u00e8 entrato nel processo di consegna locale all'ultimo miglio, Airmezvip.com non \u00e8 responsabile per la perdita, il furto, la mancata consegna o i problemi di consegna causati dal corriere locale.<\/p>\n\n\n\n<p>Si tratta di una situazione a bassa probabilit\u00e0, ma i clienti devono confermare attentamente l'indirizzo di ricezione prima di effettuare un ordine.<\/p>\n\n\n\n<p>Una volta che il pacco viene consegnato al corriere locale dopo lo sdoganamento, il rischio di consegna pu\u00f2 dipendere dal fornitore locale e dall'ambiente di consegna locale.<\/p>\n\n\n\n<h2 class=\"wp-block-heading\">13. Dogane, dazi e regole di importazione<\/h2>\n\n\n\n<p>I clienti sono responsabili della comprensione e dell'osservanza delle norme doganali, delle leggi sull'importazione, dei regolamenti sui prodotti di vaping, dei requisiti fiscali e dei requisiti di consegna locali nel proprio paese o regione.<\/p>\n\n\n\n<p>A seconda della destinazione, il vostro ordine potrebbe essere soggetto a:<\/p>\n\n\n\n<ul class=\"wp-block-list\">\n<li>Ispezione doganale<\/li>\n\n\n\n<li>IVA o GST<\/li>\n\n\n\n<li>Dazi all'importazione<\/li>\n\n\n\n<li>Imposte locali<\/li>\n\n\n\n<li>Spese di gestione della consegna<\/li>\n\n\n\n<li>Restrizioni all'importazione<\/li>\n\n\n\n<li>Controlli di conformit\u00e0 dei prodotti<\/li>\n<\/ul>\n\n\n\n<p>Airmezvip.com non \u00e8 responsabile di ritardi doganali, rifiuto di importazione, sequestro, oneri fiscali o mancata consegna causati da leggi locali o da problemi di conformit\u00e0 da parte del cliente.<\/p>\n\n\n\n<p>Prima di effettuare un ordine, accertarsi che i prodotti possano essere legalmente acquistati, importati, ricevuti, posseduti o rivenduti nel Paese o nella regione di destinazione.<\/p>\n\n\n\n<h2 class=\"wp-block-heading\">14. Spedizione all'ingrosso<\/h2>\n\n\n\n<p>Airmezvip.com supporta gli ordini all'ingrosso delle sigarette elettroniche Airmez.<\/p>\n\n\n\n<p>Per la spedizione all'ingrosso, contattare il servizio clienti prima di effettuare un ordine di grandi dimensioni.<\/p>\n\n\n\n<p>Il costo della spedizione all'ingrosso pu\u00f2 dipendere da:<\/p>\n\n\n\n<ul class=\"wp-block-list\">\n<li>Modello di prodotto<\/li>\n\n\n\n<li>Quantit\u00e0 dell'ordine<\/li>\n\n\n\n<li>Selezione del gusto<\/li>\n\n\n\n<li>Paese di destinazione<\/li>\n\n\n\n<li>Posizione del magazzino<\/li>\n\n\n\n<li>Metodo di spedizione<\/li>\n\n\n\n<li>Peso del pacco<\/li>\n\n\n\n<li>Volume delle parcelle<\/li>\n\n\n\n<li>Stato dell'area remota<\/li>\n\n\n\n<li>Requisiti per il trasporto locale di merci<\/li>\n<\/ul>\n\n\n\n<p>Gli ordini all'ingrosso di grandi dimensioni possono richiedere un preventivo di spedizione separato.<\/p>\n\n\n\n<p>Se avete bisogno di accordi speciali per la consegna, la consegna di merci locali o la spedizione di pallet, contattateci in anticipo.<\/p>\n\n\n\n<h2 class=\"wp-block-heading\">15. Informazioni sulla tracciabilit\u00e0<\/h2>\n\n\n\n<p>Dopo la spedizione dell'ordine, possiamo fornire informazioni sulla tracciabilit\u00e0, se disponibili.<\/p>\n\n\n\n<p>Gli aggiornamenti sulla tracciabilit\u00e0 possono richiedere del tempo per essere visualizzati dopo che il pacco \u00e8 stato consegnato al corriere.<\/p>\n\n\n\n<p>I ritardi di tracciamento possono essere dovuti a:<\/p>\n\n\n\n<ul class=\"wp-block-list\">\n<li>Ritardo nella scansione del magazzino<\/li>\n\n\n\n<li>Ritardo del sistema di corriere<\/li>\n\n\n\n<li>Elaborazione doganale<\/li>\n\n\n\n<li>Trasferimento locale<\/li>\n\n\n\n<li>Ritardo nel fine settimana o nei giorni festivi<\/li>\n\n\n\n<li>Liquidazione secondaria<\/li>\n\n\n\n<li>Consegna in aree remote<\/li>\n<\/ul>\n\n\n\n<p>Se il tracking non viene aggiornato per diversi giorni, si prega di contattare il nostro servizio clienti. Vi aiuteremo a verificare lo stato della spedizione, ove possibile.<\/p>\n\n\n\n<h2 class=\"wp-block-heading\">16. Mancata consegna<\/h2>\n\n\n\n<p>L'errore di consegna pu\u00f2 verificarsi se:<\/p>\n\n\n\n<ul class=\"wp-block-list\">\n<li>L'indirizzo non \u00e8 corretto<\/li>\n\n\n\n<li>Il numero di telefono non \u00e8 valido<\/li>\n\n\n\n<li>Il destinatario non \u00e8 disponibile<\/li>\n\n\n\n<li>Il pacco viene rifiutato<\/li>\n\n\n\n<li>Il corriere non pu\u00f2 accedere all'indirizzo<\/li>\n\n\n\n<li>Lo sdoganamento non va a buon fine<\/li>\n\n\n\n<li>Il cliente non collabora con i requisiti di consegna o doganali locali.<\/li>\n\n\n\n<li>Il pacco non viene ritirato da un punto di ritiro in tempo utile<\/li>\n<\/ul>\n\n\n\n<p>Se la mancata consegna \u00e8 causata da motivi legati al cliente, Airmezvip.com non pu\u00f2 fornire la rispedizione gratuita o il rimborso.<\/p>\n\n\n\n<p>Se il pacco deve essere rispedito, potrebbero essere applicate spese di spedizione aggiuntive.<\/p>\n\n\n\n<h2 class=\"wp-block-heading\">17. Modifiche dell'ordine dopo la spedizione<\/h2>\n\n\n\n<p>Una volta che l'ordine \u00e8 stato spedito, non possiamo garantire che i cambi di indirizzo, i cambi di numero di telefono, i cambi di prodotto o le richieste di cancellazione possano essere completati.<\/p>\n\n\n\n<p>Se \u00e8 necessario modificare i dettagli dell'ordine, contattare il servizio clienti il prima possibile prima della spedizione.<\/p>\n\n\n\n<p>Dopo la spedizione, qualsiasi modifica dipende dalle regole del corriere e pu\u00f2 comportare costi aggiuntivi o rischi di consegna.<\/p>\n\n\n\n<h2 class=\"wp-block-heading\">18. Politica di spedizione e politica di restituzione<\/h2>\n\n\n\n<p>I problemi di spedizione e le richieste di restituzione possono essere esaminati insieme alle nostre politiche in materia.<\/p>\n\n\n\n<p>Si legga anche:<\/p>\n\n\n\n<ul class=\"wp-block-list\">\n<li>Politica di restituzione<\/li>\n\n\n\n<li>Termini di servizio<\/li>\n\n\n\n<li>Informativa sulla privacy<\/li>\n<\/ul>\n\n\n\n<p>Queste pagine illustrano ulteriori dettagli su resi, rimborsi, responsabilit\u00e0 del cliente e regole del sito web.<\/p>\n\n\n\n<h2 class=\"wp-block-heading\">19. Contatti<\/h2>\n\n\n\n<p>In caso di domande sulla spedizione, la consegna, la spedizione all'ingrosso, le tariffe per le aree remote o gli aggiornamenti sulla tracciabilit\u00e0, vi preghiamo di contattarci.<\/p>\n\n\n\n<p><strong>Sito web:<\/strong> airmezvip.com<br><strong>E-mail:<\/strong> <a>chunghwashop11@gmail.com<\/a><br><strong>WhatsApp:<\/strong> +44 7922291211<br><strong>Facebook Messenger:<\/strong> <a href=\"https:\/\/m.me\/Chunghwashop\">https:\/\/m.me\/Chunghwashop<\/a><\/p>\n\n\n\n<p><strong>Servizio clienti Orari:<\/strong><br>Luned\u00ec - venerd\u00ec: 09:00 - 18:00<br>Sabato - domenica: 10:00 - 17:00<br>Fuso orario: ora del Regno Unito<\/p>\n\n\n\n<p><strong>Nome della societ\u00e0:<\/strong> WORLDWIDE TRADING LIMITEDVANTAGE<\/p>\n\n\n\n<p><strong>Indirizzo dell'azienda:<\/strong><br>Sala I-1, 4\/F, Golden Dragon Industrial Centre Phase II, 162-170 Tai Lin Pai Road, Kwai Chung, Nuovi Territori, Hong Kong<\/p>\n\n\n\n<p><strong>Indirizzo del magazzino UK:<\/strong><br>Suite 12, 48 High Street, Birmingham, B4 7SR, Regno Unito<\/p>","protected":false},"excerpt":{"rendered":"<p>Last Updated: May 4, 2026 Thank you for shopping at Airmezvip.com. This Shipping Policy explains how we process, ship, and deliver Airmez e-cigarette orders. Airmezvip.com mainly serves adult customers and wholesale buyers in Europe, the United Kingdom, and Australia, with overseas warehouse support for faster delivery in selected regions. Please read this Shipping Policy carefully [&hellip;]<\/p>\n","protected":false},"author":1,"featured_media":0,"parent":0,"menu_order":0,"comment_status":"closed","ping_status":"closed","template":"","meta":{"_joinchat":[],"footnotes":""},"class_list":["post-648","page","type-page","status-publish","hentry"],"_links":{"self":[{"href":"https:\/\/airmezvip.com\/it\/wp-json\/wp\/v2\/pages\/648","targetHints":{"allow":["GET"]}}],"collection":[{"href":"https:\/\/airmezvip.com\/it\/wp-json\/wp\/v2\/pages"}],"about":[{"href":"https:\/\/airmezvip.com\/it\/wp-json\/wp\/v2\/types\/page"}],"author":[{"embeddable":true,"href":"https:\/\/airmezvip.com\/it\/wp-json\/wp\/v2\/users\/1"}],"replies":[{"embeddable":true,"href":"https:\/\/airmezvip.com\/it\/wp-json\/wp\/v2\/comments?post=648"}],"version-history":[{"count":1,"href":"https:\/\/airmezvip.com\/it\/wp-json\/wp\/v2\/pages\/648\/revisions"}],"predecessor-version":[{"id":649,"href":"https:\/\/airmezvip.com\/it\/wp-json\/wp\/v2\/pages\/648\/revisions\/649"}],"wp:attachment":[{"href":"https:\/\/airmezvip.com\/it\/wp-json\/wp\/v2\/media?parent=648"}],"curies":[{"name":"wp","href":"https:\/\/api.w.org\/{rel}","templated":true}]}}