{"id":634,"date":"2026-05-04T06:40:48","date_gmt":"2026-05-04T06:40:48","guid":{"rendered":"https:\/\/airmezvip.com\/?page_id=634"},"modified":"2026-05-04T06:45:16","modified_gmt":"2026-05-04T06:45:16","slug":"contact-us","status":"publish","type":"page","link":"https:\/\/airmezvip.com\/it\/contact-us\/","title":{"rendered":"Contatto"},"content":{"rendered":"<p>Avete domande sulle sigarette elettroniche Airmez, sugli ordini all'ingrosso, sulla spedizione o sulla disponibilit\u00e0 dei prodotti?<\/p>\n\n\n\n<p><a href=\"https:\/\/airmezvip.com\/it\/\">Airmezvip.com<\/a> \u00e8 qui per aiutare i clienti adulti, i dettaglianti, i rivenditori e gli acquirenti all'ingrosso, in particolare in <strong>Europa e Australia<\/strong>. Se desiderate chiedere informazioni sui modelli di prodotti Airmez, sulle opzioni di aromi, sui prezzi dei prodotti sfusi, sui dettagli di consegna o sull'assistenza agli ordini, il nostro servizio clienti far\u00e0 del suo meglio per rispondervi in modo chiaro e rapido.<\/p>\n\n\n\n<h2 class=\"wp-block-heading\">Informazioni di contatto<\/h2>\n\n\n\n<p>\u00c8 possibile contattare Airmezvip tramite WhatsApp, e-mail o Facebook Messenger.<\/p>\n\n\n\n<h3 class=\"wp-block-heading\">WhatsApp<\/h3>\n\n\n\n<p><strong>+44 7922291211<\/strong><\/p>\n\n\n\n<p>Per un'assistenza pi\u00f9 rapida, vi consigliamo di contattarci via WhatsApp.<\/p>\n\n\n\n<p>Quando si invia un messaggio WhatsApp, si prega di includere:<\/p>\n\n\n\n<ul class=\"wp-block-list\">\n<li>Modello di prodotto<\/li>\n\n\n\n<li>Quantit\u00e0 richiesta<\/li>\n\n\n\n<li>Richiesta di sapore<\/li>\n\n\n\n<li>Paese di destinazione<\/li>\n\n\n\n<li>Finalit\u00e0 di vendita al dettaglio o all'ingrosso<\/li>\n<\/ul>\n\n\n\n<p>Questo aiuta il nostro team a verificare la disponibilit\u00e0 del prodotto e a fornire una risposta pi\u00f9 rapida.<\/p>\n\n\n\n<h3 class=\"wp-block-heading\">Email<\/h3>\n\n\n\n<p><strong><a>chunghwashop11@gmail.com<\/a><\/strong><\/p>\n\n\n\n<p>Potete anche contattarci via e-mail per domande sui prodotti, cooperazione all'ingrosso, dettagli dell'ordine o supporto alla spedizione.<\/p>\n\n\n\n<p>Quando si invia un'e-mail, si prega di includere il nome, il paese, il modello del prodotto, la quantit\u00e0 e qualsiasi richiesta speciale. Per le richieste di vendita all'ingrosso, si prega di includere anche il tipo di attivit\u00e0, come vape shop, rivenditore, distributore o rivenditore online.<\/p>\n\n\n\n<h3 class=\"wp-block-heading\">Facebook Messenger<\/h3>\n\n\n\n<p><strong>Facebook Messenger:<\/strong> <a href=\"https:\/\/m.me\/Chunghwashop\">https:\/\/m.me\/Chunghwashop<\/a><\/p>\n\n\n\n<p>Potete raggiungerci anche tramite Facebook Messenger per domande rapide sui prodotti, supporto agli ordini e richieste di informazioni all'ingrosso.<\/p>\n\n\n\n<p>Per un migliore supporto, vi preghiamo di inviarci il nome del prodotto, la quantit\u00e0, il paese di destinazione e i requisiti del sapore.<\/p>\n\n\n\n<h2 class=\"wp-block-heading\">Orari del servizio clienti<\/h2>\n\n\n\n<p>Il nostro servizio clienti \u00e8 disponibile nei seguenti orari:<\/p>\n\n\n\n<p><strong>Luned\u00ec - venerd\u00ec:<\/strong> 09:00 - 18:00<br><strong>Sabato e domenica:<\/strong> 10:00 - 17:00<br><strong>Fuso orario:<\/strong> Ora del Regno Unito<\/p>\n\n\n\n<p>Ai messaggi ricevuti al di fuori dell'orario di lavoro verr\u00e0 data risposta il prima possibile durante il periodo di servizio successivo.<\/p>\n\n\n\n<h2 class=\"wp-block-heading\">Richieste di informazioni all'ingrosso<\/h2>\n\n\n\n<p>Airmezvip supporta gli ordini all'ingrosso delle sigarette elettroniche Airmez.<\/p>\n\n\n\n<p>Serviamo principalmente clienti adulti, vape shop, rivenditori online, distributori, rivenditori e acquirenti all'ingrosso in <strong>Europa e Australia<\/strong>. Per quantit\u00e0 maggiori all'ingrosso \u00e8 possibile ottenere un prezzo unitario migliore.<\/p>\n\n\n\n<p>Per gli ordini all'ingrosso, si prega di contattare il nostro servizio clienti prima di effettuare un ordine.<\/p>\n\n\n\n<p>Per ottenere un preventivo pi\u00f9 accurato, si prega di fornire:<\/p>\n\n\n\n<ul class=\"wp-block-list\">\n<li>Modello di prodotto<\/li>\n\n\n\n<li>Quantit\u00e0 richiesta<\/li>\n\n\n\n<li>Selezione del gusto<\/li>\n\n\n\n<li>Paese di destinazione<\/li>\n\n\n\n<li>Requisiti di consegna<\/li>\n\n\n\n<li>Tipo di attivit\u00e0<\/li>\n\n\n\n<li>Frequenza d'ordine prevista, se disponibile<\/li>\n<\/ul>\n\n\n\n<p>I prezzi all'ingrosso possono variare a seconda del modello di prodotto, della quantit\u00e0, del livello delle scorte e della destinazione. Il nostro team vi aiuter\u00e0 a verificare le opzioni disponibili e a fornire un'assistenza adeguata agli ordini.<\/p>\n\n\n\n<h2 class=\"wp-block-heading\">Supporto alla spedizione<\/h2>\n\n\n\n<p>Airmezvip si concentra principalmente su <strong>Europa e Australia<\/strong>.<\/p>\n\n\n\n<p>Le consegne in queste regioni sono di solito pi\u00f9 rapide perch\u00e9 forniamo un supporto logistico e di prodotto pi\u00f9 forte per questi mercati.<\/p>\n\n\n\n<p>Possiamo anche supportare altre destinazioni globali a seconda della disponibilit\u00e0 del prodotto, dello stato delle scorte e delle condizioni di spedizione. Se il vostro paese \u00e8 al di fuori dell'Europa o dell'Australia, contattateci prima di effettuare l'ordine per verificare se la spedizione \u00e8 disponibile.<\/p>\n\n\n\n<h2 class=\"wp-block-heading\">Domande sul prodotto<\/h2>\n\n\n\n<p>Non siete sicuri di quale modello Airmez scegliere?<\/p>\n\n\n\n<p>Potete contattarci prima di effettuare un ordine. Il nostro team pu\u00f2 aiutarvi a verificare i dettagli del prodotto, quali:<\/p>\n\n\n\n<ul class=\"wp-block-list\">\n<li>Conteggio dei soffi<\/li>\n\n\n\n<li>Opzioni di gusto<\/li>\n\n\n\n<li>Forza della nicotina<\/li>\n\n\n\n<li>Tipo di ricarica<\/li>\n\n\n\n<li>Design della bobina<\/li>\n\n\n\n<li>Quantit\u00e0 di imballaggio<\/li>\n\n\n\n<li>Disponibilit\u00e0 al dettaglio o all'ingrosso<\/li>\n\n\n\n<li>Stato attuale delle scorte<\/li>\n\n\n\n<li>Opzioni di spedizione<\/li>\n<\/ul>\n\n\n\n<p>Il nostro obiettivo \u00e8 quello di rendere il processo di acquisto semplice e chiaro per i clienti adulti e gli acquirenti all'ingrosso.<\/p>\n\n\n\n<h2 class=\"wp-block-heading\">Informazioni sulla societ\u00e0<\/h2>\n\n\n\n<p><strong>Sito web:<\/strong> airmezvip.com<\/p>\n\n\n\n<p><strong>Nome della societ\u00e0:<\/strong> WORLDWIDE TRADING LIMITEDVANTAGE<\/p>\n\n\n\n<p><strong>Indirizzo dell'azienda:<\/strong><br>Sala I-1, 4\/F, Golden Dragon Industrial Centre Phase II, 162-170 Tai Lin Pai Road, Kwai Chung, Nuovi Territori, Hong Kong<\/p>\n\n\n\n<p><strong>Indirizzo del magazzino UK:<\/strong><br>Suite 12, 48 High Street, Birmingham, B4 7SR, Regno Unito<\/p>\n\n\n\n<h2 class=\"wp-block-heading\">Uso responsabile da parte degli adulti<\/h2>\n\n\n\n<p>Airmezvip vende prodotti per sigarette elettroniche solo per clienti adulti.<\/p>\n\n\n\n<p>Raccomandiamo ai clienti di essere <strong>21 anni o pi\u00f9<\/strong> prima di acquistare dal nostro sito web.<\/p>\n\n\n\n<p>I nostri prodotti possono contenere nicotina. La nicotina crea dipendenza. I prodotti per sigarette elettroniche non sono adatti ai minori, ai non fumatori, alle donne in gravidanza o in allattamento o a chiunque debba evitare i prodotti a base di nicotina.<\/p>\n\n\n\n<p>I clienti sono responsabili della comprensione e dell'osservanza delle leggi e dei regolamenti del proprio Paese o della propria regione prima di procedere all'acquisto.<\/p>\n\n\n\n<p>Airmezvip non supporta l'uso da parte di minorenni, la rivendita illegale o l'uso improprio di qualsiasi prodotto per sigarette elettroniche.<\/p>\n\n\n\n<h2 class=\"wp-block-heading\">Richiedi assistenza ora<\/h2>\n\n\n\n<p>Per una risposta pi\u00f9 rapida, contattateci su WhatsApp.<\/p>\n\n\n\n<p><strong>WhatsApp:<\/strong> +44 7922291211<br><strong>E-mail:<\/strong> <a>chunghwashop11@gmail.com<\/a><br><strong>Facebook Messenger:<\/strong> <a href=\"https:\/\/m.me\/Chunghwashop\">https:\/\/m.me\/Chunghwashop<\/a><br><strong>Orari di servizio:<\/strong> Luned\u00ec-venerd\u00ec 09:00-18:00, sabato-domenica 10:00-17:00, ora del Regno Unito<\/p>\n\n\n\n<p>Airmezvip.com si impegna a fornire informazioni chiare sui prodotti, assistenza all'ingrosso e un pratico servizio clienti per gli acquirenti di sigarette elettroniche Airmez per adulti in Europa e Australia.<\/p>","protected":false},"excerpt":{"rendered":"<p>Have a question about Airmez e-cigarettes, wholesale orders, shipping, or product availability? Airmezvip.com is here to help adult customers, retailers, resellers, and wholesale buyers, especially in Europe and Australia. Whether you want to ask about Airmez product models, flavor options, bulk pricing, delivery details, or order support, our customer service team will do its best [&hellip;]<\/p>\n","protected":false},"author":1,"featured_media":0,"parent":0,"menu_order":0,"comment_status":"closed","ping_status":"closed","template":"","meta":{"_joinchat":[],"footnotes":""},"class_list":["post-634","page","type-page","status-publish","hentry"],"_links":{"self":[{"href":"https:\/\/airmezvip.com\/it\/wp-json\/wp\/v2\/pages\/634","targetHints":{"allow":["GET"]}}],"collection":[{"href":"https:\/\/airmezvip.com\/it\/wp-json\/wp\/v2\/pages"}],"about":[{"href":"https:\/\/airmezvip.com\/it\/wp-json\/wp\/v2\/types\/page"}],"author":[{"embeddable":true,"href":"https:\/\/airmezvip.com\/it\/wp-json\/wp\/v2\/users\/1"}],"replies":[{"embeddable":true,"href":"https:\/\/airmezvip.com\/it\/wp-json\/wp\/v2\/comments?post=634"}],"version-history":[{"count":2,"href":"https:\/\/airmezvip.com\/it\/wp-json\/wp\/v2\/pages\/634\/revisions"}],"predecessor-version":[{"id":641,"href":"https:\/\/airmezvip.com\/it\/wp-json\/wp\/v2\/pages\/634\/revisions\/641"}],"wp:attachment":[{"href":"https:\/\/airmezvip.com\/it\/wp-json\/wp\/v2\/media?parent=634"}],"curies":[{"name":"wp","href":"https:\/\/api.w.org\/{rel}","templated":true}]}}