{"id":27,"date":"2026-04-29T06:47:28","date_gmt":"2026-04-29T06:47:28","guid":{"rendered":"https:\/\/airmezvip.com\/?post_type=product&#038;p=27"},"modified":"2026-04-29T06:56:43","modified_gmt":"2026-04-29T06:56:43","slug":"airmez-20k","status":"publish","type":"product","link":"https:\/\/airmezvip.com\/fr\/produit\/airmez-20k\/","title":{"rendered":"Airmez 20K"},"content":{"rendered":"<h3 data-section-id=\"v3byhu\" data-start=\"125\" data-end=\"204\">Airmez 20K Disposable Vape - Design \u00e9pur\u00e9, performance forte, saveur douce<\/h3>\n<p data-start=\"206\" data-end=\"464\">Le <strong data-start=\"210\" data-end=\"224\">Airmez 20K<\/strong> est con\u00e7u pour les utilisateurs qui recherchent \u00e0 la fois le style et la performance dans un seul appareil. Avec <strong data-start=\"303\" data-end=\"323\">20ML de e-liquide<\/strong>, <strong data-start=\"325\" data-end=\"349\">2% taux de nicotine<\/strong>, et un <strong data-start=\"357\" data-end=\"388\">Batterie rechargeable de 650mAh<\/strong>, Cette vape offre une satisfaction durable dans un corps compact et portable.<\/p>\n<p data-start=\"466\" data-end=\"754\">Son <strong data-start=\"470\" data-end=\"500\">un design \u00e9l\u00e9gant et luxueux<\/strong> combin\u00e9e \u00e0 une <strong data-start=\"517\" data-end=\"545\">finition m\u00e9tallique polie<\/strong> donne \u00e0 l'appareil un aspect et une sensation haut de gamme. L'\u00e9cran int\u00e9gr\u00e9 <strong data-start=\"601\" data-end=\"631\">\u00e9cran pour la vape de pr\u00e9cision<\/strong> rend l'utilisation plus pratique, tandis que le <strong data-start=\"671\" data-end=\"696\">GEN II Mesh Coil 1.2\u03a9<\/strong> permet d'obtenir des tirages plus doux et des saveurs riches et consistantes.<\/p>\n<p data-start=\"756\" data-end=\"934\">Que vous recherchiez un produit fiable pour la vente au d\u00e9tail ou la distribution en gros, l'Airmez 20K est un choix solide avec des saveurs attrayantes et des prix en vrac comp\u00e9titifs.<\/p>\n<h3 data-section-id=\"1ma7m6t\" data-start=\"936\" data-end=\"951\">Caract\u00e9ristiques principales<\/h3>\n<ul data-start=\"953\" data-end=\"1226\">\n<li data-section-id=\"p08j36\" data-start=\"953\" data-end=\"970\"><strong data-start=\"955\" data-end=\"970\">2% Nicotine<\/strong><\/li>\n<li data-section-id=\"hqoyfa\" data-start=\"971\" data-end=\"993\"><strong data-start=\"973\" data-end=\"993\">20ML de E-liquide<\/strong><\/li>\n<li data-section-id=\"16004ji\" data-start=\"994\" data-end=\"1018\"><strong data-start=\"996\" data-end=\"1018\">Jusqu'\u00e0 20 000 bouff\u00e9es<\/strong><\/li>\n<li data-section-id=\"k3awsj\" data-start=\"1019\" data-end=\"1051\"><strong data-start=\"1021\" data-end=\"1051\">Design \u00e9l\u00e9gant et luxueux<\/strong><\/li>\n<li data-section-id=\"1japhl8\" data-start=\"1052\" data-end=\"1082\"><strong data-start=\"1054\" data-end=\"1082\">Finition m\u00e9tallique polie<\/strong><\/li>\n<li data-section-id=\"ewnt4n\" data-start=\"1083\" data-end=\"1109\"><strong data-start=\"1085\" data-end=\"1109\">Compact et portable<\/strong><\/li>\n<li data-section-id=\"9ys471\" data-start=\"1110\" data-end=\"1142\"><strong data-start=\"1112\" data-end=\"1142\">Affichage pour une vape de pr\u00e9cision<\/strong><\/li>\n<li data-section-id=\"n98xtm\" data-start=\"1143\" data-end=\"1170\"><strong data-start=\"1145\" data-end=\"1170\">GEN II Mesh Coil 1.2\u03a9<\/strong><\/li>\n<li data-section-id=\"h21cut\" data-start=\"1171\" data-end=\"1204\"><strong data-start=\"1173\" data-end=\"1204\">Batterie rechargeable de 650mAh<\/strong><\/li>\n<li data-section-id=\"z0l1d\" data-start=\"1205\" data-end=\"1226\"><strong data-start=\"1207\" data-end=\"1226\">Chargement de type C<\/strong><\/li>\n<\/ul>\n<h3 data-section-id=\"6904wl\" data-start=\"1228\" data-end=\"1245\">Options de saveur<\/h3>\n<ol data-start=\"1247\" data-end=\"1445\">\n<li data-section-id=\"1yp7mvo\" data-start=\"1247\" data-end=\"1261\">Glace de raisin<\/li>\n<li data-section-id=\"ogs2a3\" data-start=\"1262\" data-end=\"1281\">Glace \u00e0 la fraise<\/li>\n<li data-section-id=\"10ykjzq\" data-start=\"1282\" data-end=\"1303\">Myrtille sur glace<\/li>\n<li data-section-id=\"73m7gq\" data-start=\"1304\" data-end=\"1320\">P\u00eache Mangue<\/li>\n<li data-section-id=\"hjtp7t\" data-start=\"1321\" data-end=\"1332\">Cerise<\/li>\n<li data-section-id=\"rvrugg\" data-start=\"1333\" data-end=\"1359\">Past\u00e8que \u00e0 la fraise<\/li>\n<li data-section-id=\"1uqm5fd\" data-start=\"1360\" data-end=\"1378\">Baies m\u00e9lang\u00e9es<\/li>\n<li data-section-id=\"1jwhc6m\" data-start=\"1379\" data-end=\"1408\">Kiwi Fruit de la passion Goyave<\/li>\n<li data-section-id=\"m4zimy\" data-start=\"1409\" data-end=\"1421\">Dr Blue<\/li>\n<li data-section-id=\"1qvcy6s\" data-start=\"1422\" data-end=\"1445\">Fraise et banane<\/li>\n<\/ol>\n<h3 data-section-id=\"5ij8zi\" data-start=\"1447\" data-end=\"1465\">D\u00e9tails de l'emballage<\/h3>\n<ul data-start=\"1467\" data-end=\"1515\">\n<li data-section-id=\"1f7v8nx\" data-start=\"1467\" data-end=\"1492\"><strong data-start=\"1469\" data-end=\"1492\">5 pcs \/ bo\u00eete de pr\u00e9sentation<\/strong><\/li>\n<li data-section-id=\"34qg1c\" data-start=\"1493\" data-end=\"1515\"><strong data-start=\"1495\" data-end=\"1515\">200 pcs \/ carton<\/strong><\/li>\n<\/ul>\n<h3 data-section-id=\"3o5mz7\" data-start=\"1517\" data-end=\"1534\">Quantit\u00e9 Prix<\/h3>\n<ul data-start=\"1536\" data-end=\"1696\">\n<li data-section-id=\"tslr8i\" data-start=\"1536\" data-end=\"1565\"><strong data-start=\"1538\" data-end=\"1551\">1-15 pcs :<\/strong> $33.99 \/ pc<\/li>\n<li data-section-id=\"utf3kr\" data-start=\"1566\" data-end=\"1596\"><strong data-start=\"1568\" data-end=\"1582\">16-99 pi\u00e8ces :<\/strong> $29.99 \/ pc<\/li>\n<li data-section-id=\"1msy31c\" data-start=\"1597\" data-end=\"1630\"><strong data-start=\"1599\" data-end=\"1616\">100-1000 pcs :<\/strong> $25.99 \/ pc<\/li>\n<li data-section-id=\"1xffat1\" data-start=\"1631\" data-end=\"1665\"><strong data-start=\"1633\" data-end=\"1651\">1001-2000 pcs :<\/strong> $22.99 \/ pc<\/li>\n<li data-section-id=\"qwlaf9\" data-start=\"1666\" data-end=\"1696\"><strong data-start=\"1668\" data-end=\"1682\">2000+ pcs :<\/strong> $19.99 \/ pc<\/li>\n<\/ul>\n<h3 data-section-id=\"at30e7\" data-start=\"1698\" data-end=\"1722\">Pourquoi choisir Airmez 20K<\/h3>\n<p data-start=\"1724\" data-end=\"2041\">L'Airmez 20K se distingue par son \u00e9quilibre entre une apparence \u00e9l\u00e9gante, une fonction d'affichage pratique, des performances de mesh coil fluides et une large gamme d'ar\u00f4mes de fruits populaires. Il convient aux distributeurs, aux grossistes et aux d\u00e9taillants de produits de vapotage \u00e0 la recherche d'un appareil qui allie l'attrait visuel \u00e0 des performances de vapotage fiables.<\/p>","protected":false},"excerpt":{"rendered":"<p>&nbsp;<\/p>\n<p>\u2611 2% Nicotine<br \/>\n20ML de E-liquide.<br \/>\n\u2611 Design \u00e9pur\u00e9 et luxueux<br \/>\n\u2611 Finition m\u00e9tallique polie<br \/>\nCompact et portable<br \/>\nAffichage \u2611 pour une vaporisation de pr\u00e9cision<br \/>\nGEN II Mesh Coil 1.2\u03a9<br \/>\n650mAh<br \/>\nRechargeable\uff0cType-C<br \/>\n5 pi\u00e8ces dans une bo\u00eete de pr\u00e9sentation.<br \/>\n200 pi\u00e8ces par carton<\/p>","protected":false},"featured_media":117,"comment_status":"open","ping_status":"closed","template":"","meta":{"_joinchat":[]},"product_brand":[],"product_cat":[17],"product_tag":[],"class_list":{"0":"post-27","1":"product","2":"type-product","3":"status-publish","4":"has-post-thumbnail","6":"product_cat-e-cigarettes-australia","8":"first","9":"instock","10":"shipping-taxable","11":"purchasable","12":"product-type-variable"},"_links":{"self":[{"href":"https:\/\/airmezvip.com\/fr\/wp-json\/wp\/v2\/product\/27","targetHints":{"allow":["GET"]}}],"collection":[{"href":"https:\/\/airmezvip.com\/fr\/wp-json\/wp\/v2\/product"}],"about":[{"href":"https:\/\/airmezvip.com\/fr\/wp-json\/wp\/v2\/types\/product"}],"replies":[{"embeddable":true,"href":"https:\/\/airmezvip.com\/fr\/wp-json\/wp\/v2\/comments?post=27"}],"wp:featuredmedia":[{"embeddable":true,"href":"https:\/\/airmezvip.com\/fr\/wp-json\/wp\/v2\/media\/117"}],"wp:attachment":[{"href":"https:\/\/airmezvip.com\/fr\/wp-json\/wp\/v2\/media?parent=27"}],"wp:term":[{"taxonomy":"product_brand","embeddable":true,"href":"https:\/\/airmezvip.com\/fr\/wp-json\/wp\/v2\/product_brand?post=27"},{"taxonomy":"product_cat","embeddable":true,"href":"https:\/\/airmezvip.com\/fr\/wp-json\/wp\/v2\/product_cat?post=27"},{"taxonomy":"product_tag","embeddable":true,"href":"https:\/\/airmezvip.com\/fr\/wp-json\/wp\/v2\/product_tag?post=27"}],"curies":[{"name":"wp","href":"https:\/\/api.w.org\/{rel}","templated":true}]}}