{"id":26,"date":"2026-04-29T06:47:27","date_gmt":"2026-04-29T06:47:27","guid":{"rendered":"https:\/\/airmezvip.com\/?post_type=product&#038;p=26"},"modified":"2026-04-29T06:56:43","modified_gmt":"2026-04-29T06:56:43","slug":"airmez-xbeat-40k%ef%bc%882-nicotine-%ef%bc%89","status":"publish","type":"product","link":"https:\/\/airmezvip.com\/fr\/produit\/airmez-xbeat-40k%ef%bc%882-nicotine-%ef%bc%89\/","title":{"rendered":"Airmez Xbeat 40K\uff082% Nicotine \uff09"},"content":{"rendered":"<p data-start=\"58\" data-end=\"433\"><strong data-start=\"58\" data-end=\"92\">Airmez Xbeat 40K (2% Nicotine)<\/strong> est un dispositif jetable rechargeable de grande capacit\u00e9, con\u00e7u dans un souci de fonctionnalit\u00e9 et de commodit\u00e9. Il est livr\u00e9 avec <strong data-start=\"215\" data-end=\"235\">22ML d'e-liquide<\/strong>, <strong data-start=\"237\" data-end=\"261\">2% taux de nicotine<\/strong>, et un <strong data-start=\"269\" data-end=\"288\">Batterie de 1000mAh<\/strong> pour une utilisation prolong\u00e9e. Ce mod\u00e8le pr\u00e9sente \u00e9galement les caract\u00e9ristiques suivantes <strong data-start=\"339\" data-end=\"368\">casque Hi-Fi int\u00e9gr\u00e9<\/strong> et <strong data-start=\"373\" data-end=\"390\">Bluetooth 5.0<\/strong>, L'appareil est un outil qui combine le vapotage et l'audio dans un seul appareil.<\/p>\n<p data-start=\"435\" data-end=\"763\">Le <strong data-start=\"439\" data-end=\"462\">syst\u00e8me de double flux d'air<\/strong> permet un tirage plus ajustable, tandis que le <strong data-start=\"504\" data-end=\"529\">Gen II 0.8\u03a9 mesh coil<\/strong> est con\u00e7u pour favoriser des performances gustatives constantes. Ses <strong data-start=\"588\" data-end=\"607\">conception magn\u00e9tique<\/strong>, <strong data-start=\"609\" data-end=\"633\">finition peinte \u00e9l\u00e9gante<\/strong>, et <strong data-start=\"639\" data-end=\"667\">Port de charge USB de type C<\/strong> La gamme de produits de la collection de l'Or\u00e9al est pratique et moderne, ce qui la rend adapt\u00e9e \u00e0 la vente au d\u00e9tail et \u00e0 l'approvisionnement en gros.<\/p>\n<p data-start=\"765\" data-end=\"845\">Chaque bo\u00eete de pr\u00e9sentation contient <strong data-start=\"791\" data-end=\"803\">5 pi\u00e8ces<\/strong>, Chaque carton contient <strong data-start=\"830\" data-end=\"844\">200 pi\u00e8ces<\/strong>.<\/p>\n<h2 data-section-id=\"1ma7m6t\" data-start=\"847\" data-end=\"862\">Caract\u00e9ristiques principales<\/h2>\n<ul data-start=\"863\" data-end=\"1139\">\n<li data-section-id=\"4gp6ec\" data-start=\"863\" data-end=\"883\">22ML d'e-liquide<\/li>\n<li data-section-id=\"ha7itj\" data-start=\"884\" data-end=\"908\">2% taux de nicotine<\/li>\n<li data-section-id=\"lhywqo\" data-start=\"909\" data-end=\"938\">Casque Hi-Fi int\u00e9gr\u00e9<\/li>\n<li data-section-id=\"fo1ta4\" data-start=\"939\" data-end=\"955\">Double flux d'air<\/li>\n<li data-section-id=\"16bpvvo\" data-start=\"956\" data-end=\"975\">Conception magn\u00e9tique<\/li>\n<li data-section-id=\"f07fjp\" data-start=\"976\" data-end=\"993\">Bluetooth 5.0<\/li>\n<li data-section-id=\"1qqdcsd\" data-start=\"994\" data-end=\"1020\">Gen II Mesh Coil, 0.8\u03a9<\/li>\n<li data-section-id=\"6hy93g\" data-start=\"1021\" data-end=\"1043\">Peinture \u00e9l\u00e9gante<\/li>\n<li data-section-id=\"f56uxo\" data-start=\"1044\" data-end=\"1072\">Port de charge USB de type C<\/li>\n<li data-section-id=\"5mulwg\" data-start=\"1073\" data-end=\"1092\">Batterie de 1000mAh<\/li>\n<li data-section-id=\"g66iyd\" data-start=\"1093\" data-end=\"1117\">5 pi\u00e8ces par bo\u00eete de pr\u00e9sentation<\/li>\n<li data-section-id=\"wpbol4\" data-start=\"1118\" data-end=\"1139\">200 pi\u00e8ces par carton<\/li>\n<\/ul>\n<h2 data-section-id=\"1nlnn3j\" data-start=\"1141\" data-end=\"1161\">Saveurs disponibles<\/h2>\n<ul data-start=\"1162\" data-end=\"1445\">\n<li data-section-id=\"8r84jo\" data-start=\"1162\" data-end=\"1193\">Fraise Past\u00e8que Raisin<\/li>\n<li data-section-id=\"vwyvja\" data-start=\"1194\" data-end=\"1210\">R\u00eave d'\u00e9t\u00e9<\/li>\n<li data-section-id=\"ivo8wr\" data-start=\"1211\" data-end=\"1235\">Kiwi Raisin Framboise<\/li>\n<li data-section-id=\"ecwm14\" data-start=\"1236\" data-end=\"1257\">Cola cerise p\u00e9tillant<\/li>\n<li data-section-id=\"m5il49\" data-start=\"1258\" data-end=\"1269\">M. Bleu<\/li>\n<li data-section-id=\"1woytqh\" data-start=\"1270\" data-end=\"1289\">Fraise Kiwi<\/li>\n<li data-section-id=\"1gnje5n\" data-start=\"1290\" data-end=\"1310\">Banane myrtille<\/li>\n<li data-section-id=\"1ofayj9\" data-start=\"1311\" data-end=\"1327\">Double pomme<\/li>\n<li data-section-id=\"1d64ckn\" data-start=\"1328\" data-end=\"1345\">Glace aux myrtilles<\/li>\n<li data-section-id=\"dk8g8n\" data-start=\"1346\" data-end=\"1364\">Glace \u00e0 la past\u00e8que<\/li>\n<li data-section-id=\"lare8m\" data-start=\"1365\" data-end=\"1383\">Punch tropical<\/li>\n<li data-section-id=\"1aknb17\" data-start=\"1384\" data-end=\"1399\">P\u00eache juteuse<\/li>\n<li data-section-id=\"1idy393\" data-start=\"1400\" data-end=\"1413\">Cola Menthe<\/li>\n<li data-section-id=\"1203gfx\" data-start=\"1414\" data-end=\"1431\">Glace \u00e0 l'ananas<\/li>\n<li data-section-id=\"1sx7sq5\" data-start=\"1432\" data-end=\"1445\">Glace \u00e0 la mangue<\/li>\n<\/ul>\n<h2 data-section-id=\"750x4d\" data-start=\"1447\" data-end=\"1457\">Tarification<\/h2>\n<ul data-start=\"1458\" data-end=\"1635\">\n<li data-section-id=\"1swc7pw\" data-start=\"1458\" data-end=\"1494\"><strong data-start=\"1460\" data-end=\"1476\">Moins de 16 pi\u00e8ces<\/strong> \u2014 <strong data-start=\"1479\" data-end=\"1492\">$39.99\/pc<\/strong><\/li>\n<li data-section-id=\"115wau1\" data-start=\"1495\" data-end=\"1528\"><strong data-start=\"1497\" data-end=\"1510\">16-99 pi\u00e8ces<\/strong> \u2014 <strong data-start=\"1513\" data-end=\"1526\">$34.99\/pc<\/strong><\/li>\n<li data-section-id=\"1w8j6q\" data-start=\"1529\" data-end=\"1565\"><strong data-start=\"1531\" data-end=\"1547\">100-1000 pi\u00e8ces<\/strong> \u2014 <strong data-start=\"1550\" data-end=\"1563\">$29.99\/pc<\/strong><\/li>\n<li data-section-id=\"1pwdwqk\" data-start=\"1566\" data-end=\"1603\"><strong data-start=\"1568\" data-end=\"1585\">1001-2000 pi\u00e8ces<\/strong> \u2014 <strong data-start=\"1588\" data-end=\"1601\">$25.99\/pc<\/strong><\/li>\n<li data-section-id=\"1u7hggy\" data-start=\"1604\" data-end=\"1635\"><strong data-start=\"1606\" data-end=\"1619\">2000+ pcs<\/strong> \u2014 <strong data-start=\"1622\" data-end=\"1635\">$23.99\/pc<\/strong><\/li>\n<\/ul>\n<h2 data-section-id=\"1xw21at\" data-start=\"1637\" data-end=\"1644\">Note<\/h2>\n<p data-start=\"1645\" data-end=\"1832\">Ce produit contient de la nicotine. La nicotine est un produit chimique qui cr\u00e9e une d\u00e9pendance. R\u00e9serv\u00e9 aux clients adultes. Veuillez respecter les lois et r\u00e9glementations locales concernant la vente et l'utilisation de produits contenant de la nicotine.<\/p>","protected":false},"excerpt":{"rendered":"<h3>Sp\u00e9cifications des produits<\/h3>\n<p>22ML de E-liquide.<br \/>\n\u2611 Casque Hi-Fi int\u00e9gr\u00e9.<br \/>\n\u2611 Double flux d'air.<br \/>\n\u2611 Design magn\u00e9tique<br \/>\nBluetooth 5.0<br \/>\nBobine Gen II Mesh Coil, 0,8\u03a9.<br \/>\n\u2611 Sleek Paint Design.<br \/>\n\u2611 Port de charge USB de type C<br \/>\n1000mAh<br \/>\n5 pi\u00e8ces dans une bo\u00eete de pr\u00e9sentation.<br \/>\n200 pi\u00e8ces par carton<\/p>","protected":false},"featured_media":116,"comment_status":"open","ping_status":"closed","template":"","meta":{"_joinchat":[]},"product_brand":[],"product_cat":[17],"product_tag":[],"class_list":{"0":"post-26","1":"product","2":"type-product","3":"status-publish","4":"has-post-thumbnail","6":"product_cat-e-cigarettes-australia","8":"first","9":"instock","10":"shipping-taxable","11":"purchasable","12":"product-type-variable"},"_links":{"self":[{"href":"https:\/\/airmezvip.com\/fr\/wp-json\/wp\/v2\/product\/26","targetHints":{"allow":["GET"]}}],"collection":[{"href":"https:\/\/airmezvip.com\/fr\/wp-json\/wp\/v2\/product"}],"about":[{"href":"https:\/\/airmezvip.com\/fr\/wp-json\/wp\/v2\/types\/product"}],"replies":[{"embeddable":true,"href":"https:\/\/airmezvip.com\/fr\/wp-json\/wp\/v2\/comments?post=26"}],"wp:featuredmedia":[{"embeddable":true,"href":"https:\/\/airmezvip.com\/fr\/wp-json\/wp\/v2\/media\/116"}],"wp:attachment":[{"href":"https:\/\/airmezvip.com\/fr\/wp-json\/wp\/v2\/media?parent=26"}],"wp:term":[{"taxonomy":"product_brand","embeddable":true,"href":"https:\/\/airmezvip.com\/fr\/wp-json\/wp\/v2\/product_brand?post=26"},{"taxonomy":"product_cat","embeddable":true,"href":"https:\/\/airmezvip.com\/fr\/wp-json\/wp\/v2\/product_cat?post=26"},{"taxonomy":"product_tag","embeddable":true,"href":"https:\/\/airmezvip.com\/fr\/wp-json\/wp\/v2\/product_tag?post=26"}],"curies":[{"name":"wp","href":"https:\/\/api.w.org\/{rel}","templated":true}]}}