{"id":25,"date":"2026-04-29T06:47:26","date_gmt":"2026-04-29T06:47:26","guid":{"rendered":"https:\/\/airmezvip.com\/?post_type=product&#038;p=25"},"modified":"2026-04-29T06:55:39","modified_gmt":"2026-04-29T06:55:39","slug":"airmez-xbeat-40k%ef%bc%885-nicotine%ef%bc%89","status":"publish","type":"product","link":"https:\/\/airmezvip.com\/fr\/produit\/airmez-xbeat-40k%ef%bc%885-nicotine%ef%bc%89\/","title":{"rendered":"Airmez Xbeat 40K\uff085% nicotine\uff09"},"content":{"rendered":"<p data-start=\"51\" data-end=\"454\"><strong data-start=\"51\" data-end=\"71\">Airmez Xbeat 40K<\/strong> est un dispositif de vaporisation jetable de grande capacit\u00e9 con\u00e7u pour les utilisateurs qui recherchent \u00e0 la fois la performance et le style. Il pr\u00e9sente les caract\u00e9ristiques suivantes <strong data-start=\"182\" data-end=\"202\">22ML d'e-liquide<\/strong>, <strong data-start=\"204\" data-end=\"228\">5% taux de nicotine<\/strong>, et un <strong data-start=\"236\" data-end=\"268\">Batterie rechargeable de 1000mAh<\/strong> pour une utilisation durable. Ce mod\u00e8le se distingue par ses <strong data-start=\"330\" data-end=\"359\">casque Hi-Fi int\u00e9gr\u00e9<\/strong> avec <strong data-start=\"365\" data-end=\"382\">Bluetooth 5.0<\/strong>, Il offre une combinaison unique de vapotage et de musique dans un seul appareil \u00e9l\u00e9gant.<\/p>\n<p data-start=\"456\" data-end=\"748\">Construit avec un <strong data-start=\"469\" data-end=\"488\">conception magn\u00e9tique<\/strong>, <strong data-start=\"490\" data-end=\"513\">syst\u00e8me de double flux d'air<\/strong>, et <strong data-start=\"519\" data-end=\"544\">Gen II 0.8\u03a9 mesh coil<\/strong>, L'Airmez Xbeat 40K offre une vapeur douce, une saveur riche et un tirage satisfaisant. Les <strong data-start=\"630\" data-end=\"652\">peinture \u00e9l\u00e9gante<\/strong> ajoute une touche de modernit\u00e9, tandis que le <strong data-start=\"683\" data-end=\"711\">Port de charge USB de type C<\/strong> permet une recharge rapide et pratique.<\/p>\n<p data-start=\"750\" data-end=\"888\">Chaque bo\u00eete de pr\u00e9sentation contient <strong data-start=\"776\" data-end=\"788\">5 pi\u00e8ces<\/strong>, Chaque carton contient <strong data-start=\"815\" data-end=\"829\">200 pi\u00e8ces<\/strong>, Il s'agit donc d'une excellente option pour les commandes au d\u00e9tail et les commandes en gros.<\/p>\n<h3 data-section-id=\"pm8yra\" data-start=\"890\" data-end=\"910\"><span role=\"text\"><strong data-start=\"894\" data-end=\"910\">Caract\u00e9ristiques principales<\/strong><\/span><\/h3>\n<ul data-start=\"911\" data-end=\"1178\">\n<li data-section-id=\"4gp6ec\" data-start=\"911\" data-end=\"931\">22ML d'e-liquide<\/li>\n<li data-section-id=\"1hhctmt\" data-start=\"932\" data-end=\"947\">5% nicotine<\/li>\n<li data-section-id=\"lhywqo\" data-start=\"948\" data-end=\"977\">Casque Hi-Fi int\u00e9gr\u00e9<\/li>\n<li data-section-id=\"f07fjp\" data-start=\"978\" data-end=\"995\">Bluetooth 5.0<\/li>\n<li data-section-id=\"fo1ta4\" data-start=\"996\" data-end=\"1012\">Double flux d'air<\/li>\n<li data-section-id=\"16bpvvo\" data-start=\"1013\" data-end=\"1032\">Conception magn\u00e9tique<\/li>\n<li data-section-id=\"1qqdcsd\" data-start=\"1033\" data-end=\"1059\">Gen II Mesh Coil, 0.8\u03a9<\/li>\n<li data-section-id=\"6hy93g\" data-start=\"1060\" data-end=\"1082\">Peinture \u00e9l\u00e9gante<\/li>\n<li data-section-id=\"f56uxo\" data-start=\"1083\" data-end=\"1111\">Port de charge USB de type C<\/li>\n<li data-section-id=\"5mulwg\" data-start=\"1112\" data-end=\"1131\">Batterie de 1000mAh<\/li>\n<li data-section-id=\"g66iyd\" data-start=\"1132\" data-end=\"1156\">5 pi\u00e8ces par bo\u00eete de pr\u00e9sentation<\/li>\n<li data-section-id=\"wpbol4\" data-start=\"1157\" data-end=\"1178\">200 pi\u00e8ces par carton<\/li>\n<\/ul>\n<h3 data-section-id=\"piodt8\" data-start=\"1180\" data-end=\"1205\"><span role=\"text\"><strong data-start=\"1184\" data-end=\"1205\">Saveurs disponibles<\/strong><\/span><\/h3>\n<ul data-start=\"1206\" data-end=\"1464\">\n<li data-section-id=\"1tc490q\" data-start=\"1206\" data-end=\"1223\">Glace Blue Razz<\/li>\n<li data-section-id=\"1ab0p9z\" data-start=\"1224\" data-end=\"1238\">Monnaie de Miami<\/li>\n<li data-section-id=\"dk8g8n\" data-start=\"1239\" data-end=\"1257\">Glace \u00e0 la past\u00e8que<\/li>\n<li data-section-id=\"1q5ylm7\" data-start=\"1258\" data-end=\"1270\">ATL Mint<\/li>\n<li data-section-id=\"u0geyc\" data-start=\"1271\" data-end=\"1289\">Glace \u00e0 la pomme acide<\/li>\n<li data-section-id=\"i3ow24\" data-start=\"1290\" data-end=\"1313\">Banana Taffy Freeze<\/li>\n<li data-section-id=\"185wshd\" data-start=\"1314\" data-end=\"1334\">Blackberry B-Pop<\/li>\n<li data-section-id=\"168f2fc\" data-start=\"1335\" data-end=\"1346\">Glaces<\/li>\n<li data-section-id=\"jrjylz\" data-start=\"1347\" data-end=\"1363\">Rancher bleu<\/li>\n<li data-section-id=\"8wdv10\" data-start=\"1364\" data-end=\"1388\">Framboise P\u00eache Citron vert<\/li>\n<li data-section-id=\"aojwzn\" data-start=\"1389\" data-end=\"1413\">Mangue acide Ananas<\/li>\n<li data-section-id=\"fniel5\" data-start=\"1414\" data-end=\"1427\">Menthe fra\u00eeche<\/li>\n<li data-section-id=\"qo03cd\" data-start=\"1428\" data-end=\"1448\">Sour Fcuking Fab<\/li>\n<li data-section-id=\"kbg8xi\" data-start=\"1449\" data-end=\"1464\">T\u00eates de citron<\/li>\n<\/ul>\n<h3 data-section-id=\"1j85qjy\" data-start=\"1466\" data-end=\"1481\"><span role=\"text\"><strong data-start=\"1470\" data-end=\"1481\">Tarification<\/strong><\/span><\/h3>\n<ul data-start=\"1482\" data-end=\"1661\">\n<li data-section-id=\"1swc7pw\" data-start=\"1482\" data-end=\"1518\"><strong data-start=\"1484\" data-end=\"1500\">Moins de 16 pi\u00e8ces<\/strong> \u2014 <strong data-start=\"1503\" data-end=\"1516\">$39.99\/pc<\/strong><\/li>\n<li data-section-id=\"115wau1\" data-start=\"1519\" data-end=\"1552\"><strong data-start=\"1521\" data-end=\"1534\">16-99 pi\u00e8ces<\/strong> \u2014 <strong data-start=\"1537\" data-end=\"1550\">$34.99\/pc<\/strong><\/li>\n<li data-section-id=\"1w8j6q\" data-start=\"1553\" data-end=\"1589\"><strong data-start=\"1555\" data-end=\"1571\">100-1000 pi\u00e8ces<\/strong> \u2014 <strong data-start=\"1574\" data-end=\"1587\">$29.99\/pc<\/strong><\/li>\n<li data-section-id=\"1pwdwqk\" data-start=\"1590\" data-end=\"1627\"><strong data-start=\"1592\" data-end=\"1609\">1001-2000 pi\u00e8ces<\/strong> \u2014 <strong data-start=\"1612\" data-end=\"1625\">$25.99\/pc<\/strong><\/li>\n<li data-section-id=\"41riua\" data-start=\"1628\" data-end=\"1661\"><strong data-start=\"1630\" data-end=\"1643\">2000+ pcs<\/strong> \u2014 <strong data-start=\"1646\" data-end=\"1659\">$23.99\/pc<\/strong><\/li>\n<\/ul>\n<p data-start=\"1663\" data-end=\"1759\"><strong data-start=\"1663\" data-end=\"1672\">Remarque :<\/strong> Ce produit contient de la nicotine. La nicotine est un produit chimique qui cr\u00e9e une d\u00e9pendance. R\u00e9serv\u00e9 \u00e0 l'usage des adultes.<\/p>","protected":false},"excerpt":{"rendered":"<h3>Sp\u00e9cifications des produits<\/h3>\n<p>22ML de E-liquide.<br \/>\n\u2611 Casque Hi-Fi int\u00e9gr\u00e9.<br \/>\n\u2611 Double flux d'air.<br \/>\n\u2611 Design magn\u00e9tique<br \/>\nBluetooth 5.0<br \/>\nBobine Gen II Mesh Coil, 0,8\u03a9.<br \/>\n\u2611 Sleek Paint Design.<br \/>\n\u2611 Port de charge USB de type C<br \/>\n1000mAh<br \/>\n5 pi\u00e8ces dans une bo\u00eete de pr\u00e9sentation.<br \/>\n200 pi\u00e8ces par carton<\/p>","protected":false},"featured_media":115,"comment_status":"open","ping_status":"closed","template":"","meta":{"_joinchat":[]},"product_brand":[],"product_cat":[17],"product_tag":[],"class_list":{"0":"post-25","1":"product","2":"type-product","3":"status-publish","4":"has-post-thumbnail","6":"product_cat-e-cigarettes-australia","8":"first","9":"instock","10":"shipping-taxable","11":"purchasable","12":"product-type-variable"},"_links":{"self":[{"href":"https:\/\/airmezvip.com\/fr\/wp-json\/wp\/v2\/product\/25","targetHints":{"allow":["GET"]}}],"collection":[{"href":"https:\/\/airmezvip.com\/fr\/wp-json\/wp\/v2\/product"}],"about":[{"href":"https:\/\/airmezvip.com\/fr\/wp-json\/wp\/v2\/types\/product"}],"replies":[{"embeddable":true,"href":"https:\/\/airmezvip.com\/fr\/wp-json\/wp\/v2\/comments?post=25"}],"wp:featuredmedia":[{"embeddable":true,"href":"https:\/\/airmezvip.com\/fr\/wp-json\/wp\/v2\/media\/115"}],"wp:attachment":[{"href":"https:\/\/airmezvip.com\/fr\/wp-json\/wp\/v2\/media?parent=25"}],"wp:term":[{"taxonomy":"product_brand","embeddable":true,"href":"https:\/\/airmezvip.com\/fr\/wp-json\/wp\/v2\/product_brand?post=25"},{"taxonomy":"product_cat","embeddable":true,"href":"https:\/\/airmezvip.com\/fr\/wp-json\/wp\/v2\/product_cat?post=25"},{"taxonomy":"product_tag","embeddable":true,"href":"https:\/\/airmezvip.com\/fr\/wp-json\/wp\/v2\/product_tag?post=25"}],"curies":[{"name":"wp","href":"https:\/\/api.w.org\/{rel}","templated":true}]}}