{"id":21,"date":"2026-04-29T06:47:22","date_gmt":"2026-04-29T06:47:22","guid":{"rendered":"https:\/\/airmezvip.com\/?post_type=product&#038;p=21"},"modified":"2026-04-29T06:52:41","modified_gmt":"2026-04-29T06:52:41","slug":"airmez-fox-8-in-1","status":"publish","type":"product","link":"https:\/\/airmezvip.com\/fr\/produit\/airmez-fox-8-in-1\/","title":{"rendered":"Airmez FOX 8 IN 1"},"content":{"rendered":"<p data-start=\"177\" data-end=\"466\"><strong data-start=\"177\" data-end=\"210\">Airmez FOX 8 EN 1 16000 bouff\u00e9es<\/strong> est une vape jetable de grande capacit\u00e9 con\u00e7ue pour les utilisateurs qui recherchent des performances fluides, un chargement pratique et de multiples options d'ar\u00f4mes dans un seul appareil. Avec son design \u00e9l\u00e9gant et ses caract\u00e9ristiques pratiques, c'est un bon choix pour les d\u00e9taillants et les grossistes.<\/p>\n<p data-start=\"468\" data-end=\"772\">Ce mod\u00e8le est livr\u00e9 avec <strong data-start=\"490\" data-end=\"511\">15ML \u00d7 4 e-liquide<\/strong>, a <strong data-start=\"515\" data-end=\"528\">bobine de maille<\/strong>, a <strong data-start=\"532\" data-end=\"563\">Batterie rechargeable de 650mAh<\/strong>, et un <strong data-start=\"571\" data-end=\"595\">Port de charge de type C<\/strong> pour une exp\u00e9rience de vapotage fluide et fiable. Avec jusqu'\u00e0 <strong data-start=\"652\" data-end=\"667\">16000 bouff\u00e9es<\/strong>, Il offre une plus longue dur\u00e9e d'utilisation et un meilleur rapport qualit\u00e9-prix pour les clients qui pr\u00e9f\u00e8rent une vape jetable de grande capacit\u00e9.<\/p>\n<h3 data-section-id=\"bfe9be\" data-start=\"774\" data-end=\"794\">Caract\u00e9ristiques du produit<\/h3>\n<ul data-start=\"796\" data-end=\"1041\">\n<li data-section-id=\"18fzkuh\" data-start=\"796\" data-end=\"831\">Nom du produit : Airmez FOX 8 IN 1<\/li>\n<li data-section-id=\"1isooqd\" data-start=\"832\" data-end=\"859\">Nombre de bouff\u00e9es : 16000 bouff\u00e9es<\/li>\n<li data-section-id=\"1x4v3us\" data-start=\"860\" data-end=\"891\">Capacit\u00e9 E-liquide : 15ML \u00d7 4<\/li>\n<li data-section-id=\"8u54nt\" data-start=\"892\" data-end=\"916\">Type de bobine : Bobine en maille<\/li>\n<li data-section-id=\"znchb6\" data-start=\"917\" data-end=\"942\">Port de charge : Type-C<\/li>\n<li data-section-id=\"106p858\" data-start=\"943\" data-end=\"971\">Capacit\u00e9 de la batterie : 650mAh<\/li>\n<li data-section-id=\"bex9qa\" data-start=\"972\" data-end=\"1006\">Emballage : 10 pi\u00e8ces par bo\u00eete de pr\u00e9sentation<\/li>\n<li data-section-id=\"9y0ots\" data-start=\"1007\" data-end=\"1041\">Carton : M\u00e9lange de 100 pi\u00e8ces par carton<\/li>\n<\/ul>\n<h3 data-section-id=\"10ynmgm\" data-start=\"1043\" data-end=\"1061\">Options de saveur<\/h3>\n<ol data-start=\"1063\" data-end=\"1716\">\n<li data-section-id=\"1z0bia\" data-start=\"1063\" data-end=\"1124\">Bingo Crush, triple mangue, baies m\u00e9lang\u00e9es, glace \u00e0 la past\u00e8que<\/li>\n<li data-section-id=\"10bh9e2\" data-start=\"1125\" data-end=\"1188\">Love 66, Strawberry Ice, Blue Razz Lemonade, Pineapple Ice<\/li>\n<li data-section-id=\"hzvpf7\" data-start=\"1189\" data-end=\"1244\">Past\u00e8que Ice, Love 66, Double Apple, Mango Peach<\/li>\n<li data-section-id=\"1h39415\" data-start=\"1245\" data-end=\"1310\">Baies m\u00e9lang\u00e9es, myrtille framboise, glace past\u00e8que, glace cola<\/li>\n<li data-section-id=\"1n0hzcj\" data-start=\"1311\" data-end=\"1382\">Mangue-p\u00eache, fruits tropicaux, limonade aux baies, fraise-melon d'eau<\/li>\n<li data-section-id=\"ki1fag\" data-start=\"1383\" data-end=\"1448\">Cerise glac\u00e9e, fraise fruit du dragon, triple mangue, Blue Razz<\/li>\n<li data-section-id=\"1xbhvun\" data-start=\"1449\" data-end=\"1515\">Dragon Fruit Ice, Bingo Crush, Love 66, Ananas Mangue P\u00eache<\/li>\n<li data-section-id=\"fa9qbg\" data-start=\"1516\" data-end=\"1579\">Dr. Blue, Cherry Berry, Strawberry Watermelon, Peach Berry<\/li>\n<li data-section-id=\"1cg85o7\" data-start=\"1580\" data-end=\"1644\">P\u00eache glac\u00e9e, baies m\u00e9lang\u00e9es, melon fruit de la passion, triple mangue<\/li>\n<li data-section-id=\"emmyr9\" data-start=\"1645\" data-end=\"1716\">Glace \u00e0 la mangue, cola p\u00e9tillant \u00e0 la cerise, fraise framboise, baies m\u00e9lang\u00e9es<\/li>\n<\/ol>\n<h3 data-section-id=\"d4iyiy\" data-start=\"1718\" data-end=\"1750\">Pourquoi choisir Airmez FOX 8 IN 1<\/h3>\n<ul data-start=\"1752\" data-end=\"2015\">\n<li data-section-id=\"1lgb11u\" data-start=\"1752\" data-end=\"1788\">Jusqu'\u00e0 16 000 bouff\u00e9es pour une utilisation prolong\u00e9e<\/li>\n<li data-section-id=\"ib0yw8\" data-start=\"1789\" data-end=\"1820\">Vapeur douce gr\u00e2ce \u00e0 la bobine en maille<\/li>\n<li data-section-id=\"1g8zwq1\" data-start=\"1821\" data-end=\"1866\">Batterie rechargeable avec chargeur de type C<\/li>\n<li data-section-id=\"1mpnmyb\" data-start=\"1867\" data-end=\"1908\">Plusieurs options d'ar\u00f4mes dans un seul appareil<\/li>\n<li data-section-id=\"uqqhx\" data-start=\"1909\" data-end=\"1961\">Convient \u00e0 la pr\u00e9sentation au d\u00e9tail et \u00e0 l'approvisionnement en gros<\/li>\n<li data-section-id=\"160n9vs\" data-start=\"1962\" data-end=\"2015\">Emballage pratique pour les ventes en magasin et les commandes en gros<\/li>\n<\/ul>\n<h3 data-section-id=\"hwjiak\" data-start=\"2017\" data-end=\"2027\">Avis<\/h3>\n<p data-start=\"2029\" data-end=\"2106\">Le prix des <strong data-start=\"2042\" data-end=\"2075\">Airmez FOX 8 EN 1 16000 bouff\u00e9es<\/strong> d\u00e9pend de la quantit\u00e9 command\u00e9e :<\/p>\n<ul data-start=\"2108\" data-end=\"2214\">\n<li data-section-id=\"l2x9i5\" data-start=\"2108\" data-end=\"2143\"><strong data-start=\"2110\" data-end=\"2123\">1-15 pcs :<\/strong> <strong data-start=\"2124\" data-end=\"2141\">US$28.99 chaque<\/strong><\/li>\n<li data-section-id=\"1r9nuet\" data-start=\"2144\" data-end=\"2181\"><strong data-start=\"2146\" data-end=\"2161\">16-199 pcs :<\/strong> <strong data-start=\"2162\" data-end=\"2179\">US$10,99 l'unit\u00e9<\/strong><\/li>\n<li data-section-id=\"1vgu9w0\" data-start=\"2182\" data-end=\"2214\"><strong data-start=\"2184\" data-end=\"2197\">200+ pcs :<\/strong> <strong data-start=\"2198\" data-end=\"2214\">US$8.99 chaque<\/strong><\/li>\n<\/ul>\n<p data-start=\"2216\" data-end=\"2322\"><strong data-start=\"2216\" data-end=\"2322\">Le prix varie en fonction de la quantit\u00e9 command\u00e9e. Veuillez confirmer la quantit\u00e9 avant de passer votre commande.<\/strong><\/p>","protected":false},"excerpt":{"rendered":"<h3>Sp\u00e9cifications des produits<\/h3>\n<p>15ML*4 de E-liquide<br \/>\n\u2611 Bobine de maille<br \/>\n\u2611 Port Type-C<br \/>\n650mAh<br \/>\n10 pi\u00e8ces dans une bo\u00eete de pr\u00e9sentation<br \/>\nM\u00e9lange de 100 pi\u00e8ces par carton<\/p>","protected":false},"featured_media":72,"comment_status":"open","ping_status":"closed","template":"","meta":{"_joinchat":[]},"product_brand":[],"product_cat":[16],"product_tag":[],"class_list":{"0":"post-21","1":"product","2":"type-product","3":"status-publish","4":"has-post-thumbnail","6":"product_cat-e-cigarettes-europe","8":"first","9":"instock","10":"shipping-taxable","11":"purchasable","12":"product-type-variable"},"_links":{"self":[{"href":"https:\/\/airmezvip.com\/fr\/wp-json\/wp\/v2\/product\/21","targetHints":{"allow":["GET"]}}],"collection":[{"href":"https:\/\/airmezvip.com\/fr\/wp-json\/wp\/v2\/product"}],"about":[{"href":"https:\/\/airmezvip.com\/fr\/wp-json\/wp\/v2\/types\/product"}],"replies":[{"embeddable":true,"href":"https:\/\/airmezvip.com\/fr\/wp-json\/wp\/v2\/comments?post=21"}],"wp:featuredmedia":[{"embeddable":true,"href":"https:\/\/airmezvip.com\/fr\/wp-json\/wp\/v2\/media\/72"}],"wp:attachment":[{"href":"https:\/\/airmezvip.com\/fr\/wp-json\/wp\/v2\/media?parent=21"}],"wp:term":[{"taxonomy":"product_brand","embeddable":true,"href":"https:\/\/airmezvip.com\/fr\/wp-json\/wp\/v2\/product_brand?post=21"},{"taxonomy":"product_cat","embeddable":true,"href":"https:\/\/airmezvip.com\/fr\/wp-json\/wp\/v2\/product_cat?post=21"},{"taxonomy":"product_tag","embeddable":true,"href":"https:\/\/airmezvip.com\/fr\/wp-json\/wp\/v2\/product_tag?post=21"}],"curies":[{"name":"wp","href":"https:\/\/api.w.org\/{rel}","templated":true}]}}