{"id":18,"date":"2026-04-29T06:47:19","date_gmt":"2026-04-29T06:47:19","guid":{"rendered":"https:\/\/airmezvip.com\/?post_type=product&#038;p=18"},"modified":"2026-04-29T06:52:10","modified_gmt":"2026-04-29T06:52:10","slug":"airmez-lux-60k","status":"publish","type":"product","link":"https:\/\/airmezvip.com\/fr\/produit\/airmez-lux-60k\/","title":{"rendered":"Airmez LUX 60k"},"content":{"rendered":"<p data-start=\"106\" data-end=\"410\"><strong data-start=\"106\" data-end=\"123\">Airmez LUX 60K<\/strong> est un dispositif de vaporisation jetable \u00e9l\u00e9gant et de grande capacit\u00e9 con\u00e7u pour les utilisateurs qui recherchent des performances fluides, une saveur riche et une commodit\u00e9 moderne dans un produit compact. Avec son design accrocheur et ses caract\u00e9ristiques pratiques, c'est un excellent choix pour la vente au d\u00e9tail et la distribution en gros.<\/p>\n<p data-start=\"412\" data-end=\"700\">Ce dispositif est livr\u00e9 avec <strong data-start=\"435\" data-end=\"455\">30 ml d'e-liquide<\/strong>, a <strong data-start=\"459\" data-end=\"472\">bobine de maille<\/strong> pour une meilleure diffusion des ar\u00f4mes, un <strong data-start=\"505\" data-end=\"536\">Batterie rechargeable de 650mAh<\/strong>, et un <strong data-start=\"544\" data-end=\"568\">Port de charge de type C<\/strong> pour une recharge facile. L'Airmez LUX60K est con\u00e7u pour offrir une exp\u00e9rience de vapotage satisfaisante avec un rendement constant et un tirage en douceur.<\/p>\n<p data-start=\"702\" data-end=\"972\">Son aspect haut de gamme lui permet de se d\u00e9marquer sur les \u00e9talages, tandis que la s\u00e9lection de saveurs offre aux clients davantage d'options pour r\u00e9pondre \u00e0 leurs pr\u00e9f\u00e9rences. Que vous vendiez en magasin ou en ligne, ce mod\u00e8le offre une excellente combinaison de design, de fonctionnalit\u00e9 et de vari\u00e9t\u00e9 d'ar\u00f4mes.<\/p>\n<h3 data-section-id=\"1iz91iu\" data-start=\"974\" data-end=\"990\">Caract\u00e9ristiques principales<\/h3>\n<ul data-start=\"991\" data-end=\"1179\">\n<li data-section-id=\"j07jqf\" data-start=\"991\" data-end=\"1009\">30 ml d'e-liquide<\/li>\n<li data-section-id=\"1u6cj9s\" data-start=\"1010\" data-end=\"1048\">Bobine en maille pour une saveur douce et riche<\/li>\n<li data-section-id=\"nozpp4\" data-start=\"1049\" data-end=\"1071\">Port de charge de type C<\/li>\n<li data-section-id=\"suaevp\" data-start=\"1072\" data-end=\"1101\">Batterie rechargeable de 650mAh<\/li>\n<li data-section-id=\"1jitody\" data-start=\"1102\" data-end=\"1136\">Conception moderne et \u00e9l\u00e9gante de l'appareil<\/li>\n<li data-section-id=\"1turvr3\" data-start=\"1137\" data-end=\"1179\">Convient pour la vente au d\u00e9tail et en gros<\/li>\n<\/ul>\n<h3 data-section-id=\"1cjeezw\" data-start=\"1181\" data-end=\"1202\">Saveurs disponibles<\/h3>\n<ol data-start=\"1203\" data-end=\"1383\">\n<li data-section-id=\"1j2zj60\" data-start=\"1203\" data-end=\"1222\">Glace \u00e0 la fraise<\/li>\n<li data-section-id=\"ct7xja\" data-start=\"1223\" data-end=\"1242\">Glace \u00e0 la past\u00e8que<\/li>\n<li data-section-id=\"ueawe5\" data-start=\"1243\" data-end=\"1261\">Baies m\u00e9lang\u00e9es<\/li>\n<li data-section-id=\"1ojqpom\" data-start=\"1262\" data-end=\"1285\">Fruit de la passion Kiwi<\/li>\n<li data-section-id=\"1qbhb4m\" data-start=\"1286\" data-end=\"1298\">Dr Blue<\/li>\n<li data-section-id=\"j5g2y5\" data-start=\"1299\" data-end=\"1311\">Amour 66<\/li>\n<li data-section-id=\"trqg9s\" data-start=\"1312\" data-end=\"1329\">Triple mangue<\/li>\n<li data-section-id=\"puwced\" data-start=\"1330\" data-end=\"1346\">Cola \u00e0 la cerise<\/li>\n<li data-section-id=\"sit6kg\" data-start=\"1347\" data-end=\"1363\">Bingo Crush<\/li>\n<li data-section-id=\"al94j7\" data-start=\"1364\" data-end=\"1383\">Limonade rose<\/li>\n<\/ol>\n<h3 data-section-id=\"7vssn1\" data-start=\"1385\" data-end=\"1404\">D\u00e9tails de l'emballage<\/h3>\n<ul data-start=\"1405\" data-end=\"1456\">\n<li data-section-id=\"xe8pr5\" data-start=\"1405\" data-end=\"1429\">10 pi\u00e8ces par bo\u00eete de pr\u00e9sentation<\/li>\n<li data-section-id=\"wdljr9\" data-start=\"1430\" data-end=\"1456\">Mixte 200 pi\u00e8ces par carton<\/li>\n<\/ul>\n<h3 data-section-id=\"hwjiak\" data-start=\"1702\" data-end=\"1712\">Avis<\/h3>\n<p data-start=\"1714\" data-end=\"1787\">Le prix de Airmez FOX 6 IN 1 14000 Puffs d\u00e9pend de la quantit\u00e9 command\u00e9e :<\/p>\n<ul data-start=\"1789\" data-end=\"1867\">\n<li data-section-id=\"us7ftp\" data-start=\"1789\" data-end=\"1814\">1-15 pcs : US$28.99 l'unit\u00e9<\/li>\n<li data-section-id=\"4iw75h\" data-start=\"1815\" data-end=\"1842\">16-199 pcs : US$10.99 l'unit\u00e9<\/li>\n<li data-section-id=\"1f1g2s0\" data-start=\"1843\" data-end=\"1867\">200+ pcs : US$8.99 par pi\u00e8ce<\/li>\n<\/ul>\n<p data-start=\"1869\" data-end=\"1971\">Le prix varie en fonction de la quantit\u00e9 command\u00e9e. Veuillez confirmer la quantit\u00e9 avant de passer votre commande.<\/p>\n<p data-start=\"1458\" data-end=\"1727\">Le <strong data-start=\"1462\" data-end=\"1479\">Airmez LUX60K<\/strong> est une excellente option pour les vendeurs \u00e0 la recherche d'une vape jetable de grande valeur avec un emballage attrayant et des choix d'ar\u00f4mes populaires. Il convient particuli\u00e8rement aux grossistes, aux distributeurs et aux boutiques de vape qui veulent un produit ayant un large attrait sur le march\u00e9.<\/p>","protected":false},"excerpt":{"rendered":"<h2>Sp\u00e9cifications du produit\uff1a<\/h2>\n<p>30ML de E-liquide<br \/>\n\u2611 Bobine de maille<br \/>\n\u2611 Port Type-C<br \/>\n650mAh<br \/>\n10 pi\u00e8ces dans une bo\u00eete de pr\u00e9sentation<br \/>\nM\u00e9lange de 200 pi\u00e8ces par carton<\/p>","protected":false},"featured_media":48,"comment_status":"open","ping_status":"closed","template":"","meta":{"_joinchat":[]},"product_brand":[],"product_cat":[16],"product_tag":[],"class_list":{"0":"post-18","1":"product","2":"type-product","3":"status-publish","4":"has-post-thumbnail","6":"product_cat-e-cigarettes-europe","8":"first","9":"instock","10":"shipping-taxable","11":"purchasable","12":"product-type-variable"},"_links":{"self":[{"href":"https:\/\/airmezvip.com\/fr\/wp-json\/wp\/v2\/product\/18","targetHints":{"allow":["GET"]}}],"collection":[{"href":"https:\/\/airmezvip.com\/fr\/wp-json\/wp\/v2\/product"}],"about":[{"href":"https:\/\/airmezvip.com\/fr\/wp-json\/wp\/v2\/types\/product"}],"replies":[{"embeddable":true,"href":"https:\/\/airmezvip.com\/fr\/wp-json\/wp\/v2\/comments?post=18"}],"wp:featuredmedia":[{"embeddable":true,"href":"https:\/\/airmezvip.com\/fr\/wp-json\/wp\/v2\/media\/48"}],"wp:attachment":[{"href":"https:\/\/airmezvip.com\/fr\/wp-json\/wp\/v2\/media?parent=18"}],"wp:term":[{"taxonomy":"product_brand","embeddable":true,"href":"https:\/\/airmezvip.com\/fr\/wp-json\/wp\/v2\/product_brand?post=18"},{"taxonomy":"product_cat","embeddable":true,"href":"https:\/\/airmezvip.com\/fr\/wp-json\/wp\/v2\/product_cat?post=18"},{"taxonomy":"product_tag","embeddable":true,"href":"https:\/\/airmezvip.com\/fr\/wp-json\/wp\/v2\/product_tag?post=18"}],"curies":[{"name":"wp","href":"https:\/\/api.w.org\/{rel}","templated":true}]}}