{"id":634,"date":"2026-05-04T06:40:48","date_gmt":"2026-05-04T06:40:48","guid":{"rendered":"https:\/\/airmezvip.com\/?page_id=634"},"modified":"2026-05-04T06:45:16","modified_gmt":"2026-05-04T06:45:16","slug":"contact-us","status":"publish","type":"page","link":"https:\/\/airmezvip.com\/fr\/contact-us\/","title":{"rendered":"Nous contacter"},"content":{"rendered":"<p>Vous avez une question concernant les e-cigarettes Airmez, les commandes en gros, la livraison ou la disponibilit\u00e9 des produits ?<\/p>\n\n\n\n<p><a href=\"https:\/\/airmezvip.com\/fr\/\">Airmezvip.com<\/a> est l\u00e0 pour aider les clients adultes, les d\u00e9taillants, les revendeurs et les acheteurs en gros, en particulier dans les domaines suivants <strong>Europe et Australie<\/strong>. Que vous souhaitiez poser des questions sur les mod\u00e8les de produits Airmez, les options d'ar\u00f4mes, les prix en vrac, les d\u00e9tails de livraison ou l'assistance \u00e0 la commande, notre \u00e9quipe du service client\u00e8le fera de son mieux pour vous r\u00e9pondre clairement et rapidement.<\/p>\n\n\n\n<h2 class=\"wp-block-heading\">Informations sur le contact<\/h2>\n\n\n\n<p>Vous pouvez contacter Airmezvip par WhatsApp, e-mail ou Facebook Messenger.<\/p>\n\n\n\n<h3 class=\"wp-block-heading\">WhatsApp<\/h3>\n\n\n\n<p><strong>+44 7922291211<\/strong><\/p>\n\n\n\n<p>Pour une assistance plus rapide, nous vous recommandons de nous contacter par WhatsApp.<\/p>\n\n\n\n<p>Lorsque vous envoyez un message WhatsApp, veuillez inclure :<\/p>\n\n\n\n<ul class=\"wp-block-list\">\n<li>Mod\u00e8le de produit<\/li>\n\n\n\n<li>Quantit\u00e9 requise<\/li>\n\n\n\n<li>Demande d'ar\u00f4me<\/li>\n\n\n\n<li>Pays de destination<\/li>\n\n\n\n<li>Vente au d\u00e9tail ou en gros<\/li>\n<\/ul>\n\n\n\n<p>Cela permet \u00e0 notre \u00e9quipe de v\u00e9rifier la disponibilit\u00e9 des produits et de fournir une r\u00e9ponse plus rapide.<\/p>\n\n\n\n<h3 class=\"wp-block-heading\">Courriel<\/h3>\n\n\n\n<p><strong><a>chunghwashop11@gmail.com<\/a><\/strong><\/p>\n\n\n\n<p>Vous pouvez \u00e9galement nous contacter par courrier \u00e9lectronique pour toute question relative aux produits, \u00e0 la coop\u00e9ration avec les grossistes, aux d\u00e9tails de la commande ou \u00e0 l'exp\u00e9dition.<\/p>\n\n\n\n<p>Lorsque vous envoyez un e-mail, veuillez indiquer votre nom, votre pays, le mod\u00e8le du produit, la quantit\u00e9 et toute demande sp\u00e9ciale. Pour les demandes de vente en gros, veuillez \u00e9galement indiquer votre type d'entreprise, comme un magasin de vape, un revendeur, un distributeur ou un d\u00e9taillant en ligne.<\/p>\n\n\n\n<h3 class=\"wp-block-heading\">Facebook Messenger<\/h3>\n\n\n\n<p><strong>Facebook Messenger :<\/strong> <a href=\"https:\/\/m.me\/Chunghwashop\">https:\/\/m.me\/Chunghwashop<\/a><\/p>\n\n\n\n<p>Vous pouvez \u00e9galement nous contacter via Facebook Messenger pour des questions rapides sur les produits, l'assistance \u00e0 la commande et les demandes de renseignements sur la vente en gros.<\/p>\n\n\n\n<p>Pour une meilleure assistance, veuillez nous envoyer le nom du produit, la quantit\u00e9, le pays de destination et les exigences en mati\u00e8re d'ar\u00f4me.<\/p>\n\n\n\n<h2 class=\"wp-block-heading\">Heures de service \u00e0 la client\u00e8le<\/h2>\n\n\n\n<p>Notre service client\u00e8le est disponible aux heures suivantes :<\/p>\n\n\n\n<p><strong>Du lundi au vendredi :<\/strong> 09:00 - 18:00<br><strong>Samedi et dimanche :<\/strong> 10:00 - 17:00<br><strong>Fuseau horaire :<\/strong> Heure du Royaume-Uni<\/p>\n\n\n\n<p>Les messages re\u00e7us en dehors des heures de travail recevront une r\u00e9ponse dans les meilleurs d\u00e9lais au cours de la p\u00e9riode de service suivante.<\/p>\n\n\n\n<h2 class=\"wp-block-heading\">Demandes de renseignements sur le commerce de gros<\/h2>\n\n\n\n<p>Airmezvip prend en charge les commandes en gros d'e-cigarettes Airmez.<\/p>\n\n\n\n<p>Nous servons principalement des clients adultes, des boutiques de vape, des d\u00e9taillants en ligne, des distributeurs, des revendeurs et des acheteurs en gros dans les pays suivants <strong>Europe et Australie<\/strong>. Les quantit\u00e9s de gros plus importantes peuvent b\u00e9n\u00e9ficier d'une meilleure tarification unitaire.<\/p>\n\n\n\n<p>Pour les commandes en gros, veuillez contacter notre service client\u00e8le avant de passer commande.<\/p>\n\n\n\n<p>Pour obtenir un devis plus pr\u00e9cis, veuillez fournir :<\/p>\n\n\n\n<ul class=\"wp-block-list\">\n<li>Mod\u00e8le de produit<\/li>\n\n\n\n<li>Quantit\u00e9 requise<\/li>\n\n\n\n<li>S\u00e9lection d'ar\u00f4mes<\/li>\n\n\n\n<li>Pays de destination<\/li>\n\n\n\n<li>Exigences de livraison<\/li>\n\n\n\n<li>Type d'entreprise<\/li>\n\n\n\n<li>Fr\u00e9quence pr\u00e9vue des commandes, si disponible<\/li>\n<\/ul>\n\n\n\n<p>Les prix de gros peuvent varier en fonction du mod\u00e8le de produit, de la quantit\u00e9, du niveau de stock et de la destination. Notre \u00e9quipe vous aidera \u00e0 v\u00e9rifier les options disponibles et vous fournira un support de commande appropri\u00e9.<\/p>\n\n\n\n<h2 class=\"wp-block-heading\">Soutien \u00e0 l'exp\u00e9dition<\/h2>\n\n\n\n<p>Airmezvip se concentre principalement sur <strong>Europe et Australie<\/strong>.<\/p>\n\n\n\n<p>La livraison dans ces r\u00e9gions est g\u00e9n\u00e9ralement plus rapide car nous fournissons des produits et un soutien logistique plus solides pour ces march\u00e9s.<\/p>\n\n\n\n<p>Nous pouvons \u00e9galement prendre en charge d'autres destinations mondiales en fonction de la disponibilit\u00e9 des produits, de l'\u00e9tat des stocks et des conditions d'exp\u00e9dition. Si votre pays se situe en dehors de l'Europe ou de l'Australie, veuillez nous contacter avant de passer commande afin de confirmer si la livraison est possible.<\/p>\n\n\n\n<h2 class=\"wp-block-heading\">Questions sur les produits<\/h2>\n\n\n\n<p>Vous ne savez pas quel mod\u00e8le Airmez choisir ?<\/p>\n\n\n\n<p>Vous pouvez nous contacter avant de passer une commande. Notre \u00e9quipe peut vous aider \u00e0 v\u00e9rifier les d\u00e9tails du produit tels que :<\/p>\n\n\n\n<ul class=\"wp-block-list\">\n<li>Nombre de bouff\u00e9es<\/li>\n\n\n\n<li>Options de saveur<\/li>\n\n\n\n<li>Intensit\u00e9 de la nicotine<\/li>\n\n\n\n<li>Type de charge<\/li>\n\n\n\n<li>Conception de la bobine<\/li>\n\n\n\n<li>Quantit\u00e9 d'emballage<\/li>\n\n\n\n<li>Disponibilit\u00e9 au d\u00e9tail ou en gros<\/li>\n\n\n\n<li>\u00c9tat actuel des stocks<\/li>\n\n\n\n<li>Options d'exp\u00e9dition<\/li>\n<\/ul>\n\n\n\n<p>Notre objectif est de rendre le processus d'achat simple et clair pour les clients adultes et les acheteurs en gros.<\/p>\n\n\n\n<h2 class=\"wp-block-heading\">Informations sur l'entreprise<\/h2>\n\n\n\n<p><strong>Site web :<\/strong> airmezvip.com<\/p>\n\n\n\n<p><strong>Nom de l'entreprise :<\/strong> WORLDWIDE TRADING LIMITEDVANTAGE<\/p>\n\n\n\n<p><strong>Adresse de l'entreprise :<\/strong><br>Salle I-1, 4\/F, Golden Dragon Industrial Centre Phase II, 162-170 Tai Lin Pai Road, Kwai Chung, New Territories, Hong Kong<\/p>\n\n\n\n<p><strong>UK Warehouse Address :<\/strong><br>Suite 12, 48 High Street, Birmingham, B4 7SR, UK<\/p>\n\n\n\n<h2 class=\"wp-block-heading\">Utilisation responsable par les adultes<\/h2>\n\n\n\n<p>Airmezvip vend des produits d'e-cigarette \u00e0 des clients adultes uniquement.<\/p>\n\n\n\n<p>Nous recommandons que les clients soient <strong>21 ans ou plus<\/strong> avant d'acheter sur notre site.<\/p>\n\n\n\n<p>Nos produits peuvent contenir de la nicotine. La nicotine cr\u00e9e une d\u00e9pendance. Les produits d'e-cigarette ne conviennent pas aux mineurs, aux non-fumeurs, aux femmes enceintes ou allaitantes, ou \u00e0 toute personne qui devrait \u00e9viter les produits contenant de la nicotine.<\/p>\n\n\n\n<p>Il incombe aux clients de comprendre et de respecter les lois et r\u00e9glementations en vigueur dans leur pays ou r\u00e9gion avant d'acheter.<\/p>\n\n\n\n<p>Airmezvip ne soutient pas l'utilisation par des mineurs, la revente ill\u00e9gale ou l'utilisation abusive d'un produit d'e-cigarette.<\/p>\n\n\n\n<h2 class=\"wp-block-heading\">Obtenir de l'aide maintenant<\/h2>\n\n\n\n<p>Pour une r\u00e9ponse rapide, veuillez nous contacter par WhatsApp.<\/p>\n\n\n\n<p><strong>WhatsApp :<\/strong> +44 7922291211<br><strong>Courriel :<\/strong> <a>chunghwashop11@gmail.com<\/a><br><strong>Facebook Messenger :<\/strong> <a href=\"https:\/\/m.me\/Chunghwashop\">https:\/\/m.me\/Chunghwashop<\/a><br><strong>Heures de service :<\/strong> Lundi-vendredi 09:00-18:00, samedi-dimanche 10:00-17:00, heure du Royaume-Uni<\/p>\n\n\n\n<p>Airmezvip.com s'engage \u00e0 fournir des informations claires sur les produits, une assistance aux grossistes et un service client\u00e8le pratique aux acheteurs adultes d'e-cigarettes Airmez en Europe et en Australie.<\/p>","protected":false},"excerpt":{"rendered":"<p>Have a question about Airmez e-cigarettes, wholesale orders, shipping, or product availability? Airmezvip.com is here to help adult customers, retailers, resellers, and wholesale buyers, especially in Europe and Australia. Whether you want to ask about Airmez product models, flavor options, bulk pricing, delivery details, or order support, our customer service team will do its best [&hellip;]<\/p>\n","protected":false},"author":1,"featured_media":0,"parent":0,"menu_order":0,"comment_status":"closed","ping_status":"closed","template":"","meta":{"_joinchat":[],"footnotes":""},"class_list":["post-634","page","type-page","status-publish","hentry"],"_links":{"self":[{"href":"https:\/\/airmezvip.com\/fr\/wp-json\/wp\/v2\/pages\/634","targetHints":{"allow":["GET"]}}],"collection":[{"href":"https:\/\/airmezvip.com\/fr\/wp-json\/wp\/v2\/pages"}],"about":[{"href":"https:\/\/airmezvip.com\/fr\/wp-json\/wp\/v2\/types\/page"}],"author":[{"embeddable":true,"href":"https:\/\/airmezvip.com\/fr\/wp-json\/wp\/v2\/users\/1"}],"replies":[{"embeddable":true,"href":"https:\/\/airmezvip.com\/fr\/wp-json\/wp\/v2\/comments?post=634"}],"version-history":[{"count":2,"href":"https:\/\/airmezvip.com\/fr\/wp-json\/wp\/v2\/pages\/634\/revisions"}],"predecessor-version":[{"id":641,"href":"https:\/\/airmezvip.com\/fr\/wp-json\/wp\/v2\/pages\/634\/revisions\/641"}],"wp:attachment":[{"href":"https:\/\/airmezvip.com\/fr\/wp-json\/wp\/v2\/media?parent=634"}],"curies":[{"name":"wp","href":"https:\/\/api.w.org\/{rel}","templated":true}]}}