{"id":629,"date":"2026-05-04T05:08:26","date_gmt":"2026-05-04T05:08:26","guid":{"rendered":"https:\/\/airmezvip.com\/?page_id=629"},"modified":"2026-05-04T05:08:26","modified_gmt":"2026-05-04T05:08:26","slug":"about-us","status":"publish","type":"page","link":"https:\/\/airmezvip.com\/fr\/about-us\/","title":{"rendered":"\u00c0 propos de nous"},"content":{"rendered":"<p><a href=\"https:\/\/airmezvip.com\/fr\/\">Airmezvip<\/a> est une boutique en ligne sp\u00e9cialis\u00e9e dans les e-cigarettes Airmez pour les clients adultes en France. <strong>Europe et Australie<\/strong>.<\/p>\n\n\n\n<p>Notre site est con\u00e7u pour les acheteurs qui souhaitent des informations claires sur les produits, des options d'ar\u00f4mes riches, un support de commande pratique et un service de vente en gros flexible. Nous fournissons principalement des produits de vapotage Airmez pour les march\u00e9s europ\u00e9en et australien, y compris des vapes jetables \u00e0 forte puissance, des mod\u00e8les multi-saveurs, des dispositifs rechargeables et des options de produits pr\u00eats pour la vente en gros.<\/p>\n\n\n\n<p>Airmezvip est exploit\u00e9 par <strong>WORLDWIDE TRADING LIMITEDVANTAGE<\/strong>.<\/p>\n\n\n\n<p><strong>Adresse de l'entreprise :<\/strong><br>Salle I-1, 4\/F, Golden Dragon Industrial Centre Phase II, 162-170 Tai Lin Pai Road, Kwai Chung, New Territories, Hong Kong<\/p>\n\n\n\n<p><strong>UK Warehouse Address :<\/strong><br>Suite 12, 48 High Street, Birmingham, B4 7SR, UK<\/p>\n\n\n\n<p>Gr\u00e2ce \u00e0 son soutien en mati\u00e8re d'approvisionnement en produits et \u00e0 ses ressources d'entreposage, Airmezvip vise \u00e0 offrir une exp\u00e9rience d'achat plus fluide aux clients adultes, aux d\u00e9taillants, aux revendeurs et aux acheteurs en gros, en particulier en Europe et en Australie.<\/p>\n\n\n\n<h2 class=\"wp-block-heading\">Qui sommes-nous ?<\/h2>\n\n\n\n<p>Airmezvip a \u00e9t\u00e9 cr\u00e9\u00e9 pour servir les acheteurs de vape adultes qui recherchent des e-cigarettes Airmez avec des choix de mod\u00e8les clairs et un service fiable.<\/p>\n\n\n\n<p>Nos principaux clients sont des :<\/p>\n\n\n\n<ul class=\"wp-block-list\">\n<li>L'Europe<\/li>\n\n\n\n<li>Australie<\/li>\n\n\n\n<li>Le Royaume-Uni<\/li>\n\n\n\n<li>Magasins de vapotage<\/li>\n\n\n\n<li>D\u00e9taillants en ligne<\/li>\n\n\n\n<li>Distributeurs<\/li>\n\n\n\n<li>Revendeurs<\/li>\n\n\n\n<li>Acheteurs en gros<\/li>\n<\/ul>\n\n\n\n<p>Nous comprenons que les clients europ\u00e9ens et australiens se pr\u00e9occupent souvent de la disponibilit\u00e9 des produits, des options d'ar\u00f4mes, du taux de nicotine, de la rapidit\u00e9 de livraison et des prix de gros avant de passer commande.<\/p>\n\n\n\n<p>C'est pourquoi Airmezvip met l'accent sur des pages de produits simples, des d\u00e9tails clairs sur les produits et un service client\u00e8le r\u00e9actif.<\/p>\n\n\n\n<p>Que vous achetiez pour un usage personnel, pour la revente au d\u00e9tail ou pour la distribution en gros, notre \u00e9quipe peut vous aider \u00e0 comprendre les mod\u00e8les Airmez disponibles et les options de commande.<\/p>\n\n\n\n<h2 class=\"wp-block-heading\">Ce que nous vendons<\/h2>\n\n\n\n<p>Airmezvip se concentre sur les produits d'e-cigarette Airmez destin\u00e9s aux adultes.<\/p>\n\n\n\n<p>Nos cat\u00e9gories de produits comprennent principalement<\/p>\n\n\n\n<ul class=\"wp-block-list\">\n<li>Les e-cigarettes Airmez pour l'Europe<\/li>\n\n\n\n<li>e-cigarettes Airmez pour l'Australie<\/li>\n\n\n\n<li>Produits de vapotage jetables \u00e0 forte consommation<\/li>\n\n\n\n<li>Dispositifs de vaporisation Airmez multi-saveurs<\/li>\n\n\n\n<li>Mod\u00e8les Airmez rechargeables<\/li>\n\n\n\n<li>Options de vente au d\u00e9tail et en gros d'Airmez<\/li>\n<\/ul>\n\n\n\n<p>Certains produits Airmez peuvent inclure des caract\u00e9ristiques telles que la technologie mesh coil, le chargement Type-C, une grande capacit\u00e9 d'e-liquide, plusieurs modes d'ar\u00f4mes et diff\u00e9rentes options d'intensit\u00e9 de nicotine.<\/p>\n\n\n\n<p>Nous nous effor\u00e7ons de pr\u00e9senter les informations sur les produits de mani\u00e8re claire, afin que les clients puissent comparer les mod\u00e8les et choisir les produits ad\u00e9quats avant de passer commande.<\/p>\n\n\n\n<h2 class=\"wp-block-heading\">Ax\u00e9 sur l'Europe et l'Australie<\/h2>\n\n\n\n<p>Airmezvip dessert principalement les march\u00e9s europ\u00e9en et australien.<\/p>\n\n\n\n<p>Ces deux march\u00e9s sont importants pour nous car de nombreux clients de ces r\u00e9gions recherchent des e-cigarettes \u00e0 forte puissance, une grande vari\u00e9t\u00e9 d'ar\u00f4mes, des commandes pratiques et un service de livraison plus rapide.<\/p>\n\n\n\n<p>Pour les clients europ\u00e9ens, le soutien de notre entrep\u00f4t britannique peut contribuer \u00e0 am\u00e9liorer l'efficacit\u00e9 du traitement de certaines commandes.<\/p>\n\n\n\n<p>Pour les clients australiens, nous proposons \u00e9galement des options de produits et une aide \u00e0 la commande en fonction des mod\u00e8les Airmez disponibles et des modalit\u00e9s d'exp\u00e9dition actuelles.<\/p>\n\n\n\n<p>Le d\u00e9lai de livraison r\u00e9el peut varier en fonction du stock de produits, de la destination, du d\u00e9douanement et du service de messagerie local.<\/p>\n\n\n\n<h2 class=\"wp-block-heading\">Pourquoi choisir Airmezvip ?<\/h2>\n\n\n\n<p>Airmezvip s'appuie sur une s\u00e9lection de produits cibl\u00e9e, une communication claire et des commandes flexibles pour l'Europe et l'Australie.<\/p>\n\n\n\n<h3 class=\"wp-block-heading\">1. Une s\u00e9lection de produits ax\u00e9e sur Airmez<\/h3>\n\n\n\n<p>Airmezvip est sp\u00e9cialis\u00e9 dans les e-cigarettes Airmez.<\/p>\n\n\n\n<p>Au lieu de lister trop de produits de vape sans rapport, nous nous concentrons sur les mod\u00e8les Airmez qui conviennent aux clients adultes et aux acheteurs en gros en Europe et en Australie.<\/p>\n\n\n\n<p>Il est ainsi plus facile de parcourir les produits, de comparer leurs caract\u00e9ristiques et de choisir le bon mod\u00e8le.<\/p>\n\n\n\n<h3 class=\"wp-block-heading\">2. Des informations claires sur les produits<\/h3>\n\n\n\n<p>Chaque page de produit est con\u00e7ue pour pr\u00e9senter des d\u00e9tails utiles avant l'achat.<\/p>\n\n\n\n<p>Les clients peuvent v\u00e9rifier des informations telles que<\/p>\n\n\n\n<ul class=\"wp-block-list\">\n<li>Mod\u00e8le de produit<\/li>\n\n\n\n<li>Nombre de bouff\u00e9es<\/li>\n\n\n\n<li>Liste des ar\u00f4mes<\/li>\n\n\n\n<li>Intensit\u00e9 de la nicotine<\/li>\n\n\n\n<li>Type de charge<\/li>\n\n\n\n<li>Type de bobine<\/li>\n\n\n\n<li>Quantit\u00e9 d'emballage<\/li>\n\n\n\n<li>Disponibilit\u00e9 au d\u00e9tail ou en gros<\/li>\n<\/ul>\n\n\n\n<p>Des informations claires aident les clients \u00e0 prendre de meilleures d\u00e9cisions d'achat.<\/p>\n\n\n\n<h3 class=\"wp-block-heading\">3. Livraison plus rapide pour l'Europe et l'Australie<\/h3>\n\n\n\n<p>Airmezvip prend en charge l'exp\u00e9dition mondiale, mais <strong>L'Europe et l'Australie sont nos principaux march\u00e9s de services<\/strong>.<\/p>\n\n\n\n<p>La livraison dans ces r\u00e9gions est g\u00e9n\u00e9ralement plus rapide car nous nous concentrons davantage sur la disponibilit\u00e9 des produits, le soutien logistique et le traitement des commandes pour ces destinations.<\/p>\n\n\n\n<p>Pour les clients situ\u00e9s en dehors de l'Europe et de l'Australie, veuillez contacter notre service client\u00e8le avant de passer commande afin de confirmer les options d'exp\u00e9dition.<\/p>\n\n\n\n<h3 class=\"wp-block-heading\">4. Soutien \u00e0 l'entrep\u00f4t au Royaume-Uni<\/h3>\n\n\n\n<p>L'adresse de notre entrep\u00f4t au Royaume-Uni est la suivante<\/p>\n\n\n\n<p><strong>Suite 12, 48 High Street, Birmingham, B4 7SR, UK<\/strong><\/p>\n\n\n\n<p>Ce soutien \u00e0 l'entrep\u00f4t nous permet de r\u00e9pondre plus efficacement \u00e0 certaines commandes britanniques et europ\u00e9ennes.<\/p>\n\n\n\n<p>Pour les acheteurs en gros en Europe, cela peut \u00eatre particuli\u00e8rement utile pour v\u00e9rifier les stocks, les options de livraison et le traitement des commandes.<\/p>\n\n\n\n<h3 class=\"wp-block-heading\">5. Soutien aux commandes de gros<\/h3>\n\n\n\n<p>Airmezvip prend en charge les commandes en gros d'e-cigarettes Airmez.<\/p>\n\n\n\n<p>Les prix de gros sont g\u00e9n\u00e9ralement bas\u00e9s sur le mod\u00e8le de produit, la quantit\u00e9, la destination et le stock actuel.<\/p>\n\n\n\n<p>En g\u00e9n\u00e9ral, plus la quantit\u00e9 en gros est importante, plus le prix unitaire possible est bas.<\/p>\n\n\n\n<p>Les acheteurs en gros peuvent contacter notre \u00e9quipe de service \u00e0 la client\u00e8le pour :<\/p>\n\n\n\n<ul class=\"wp-block-list\">\n<li>Mod\u00e8les Airmez disponibles<\/li>\n\n\n\n<li>Options de saveur<\/li>\n\n\n\n<li>Quantit\u00e9 de commande en vrac<\/li>\n\n\n\n<li>Paliers de prix de gros<\/li>\n\n\n\n<li>D\u00e9tails de l'emballage<\/li>\n\n\n\n<li>Aide \u00e0 l'exp\u00e9dition<\/li>\n\n\n\n<li>Modalit\u00e9s de livraison<\/li>\n\n\n\n<li>Coop\u00e9ration \u00e0 long terme<\/li>\n<\/ul>\n\n\n\n<p>Si vous \u00eates propri\u00e9taire d'une boutique de vape, revendeur, distributeur ou d\u00e9taillant en ligne en Europe ou en Australie, Airmezvip peut vous aider \u00e0 v\u00e9rifier les produits Airmez appropri\u00e9s et les options de vente en gros.<\/p>\n\n\n\n<h2 class=\"wp-block-heading\">Pour les clients europ\u00e9ens<\/h2>\n\n\n\n<p>Airmezvip propose des options d'e-cigarettes Airmez aux clients adultes et aux acheteurs en gros dans toute l'Europe.<\/p>\n\n\n\n<p>Les acheteurs europ\u00e9ens peuvent nous contacter pour :<\/p>\n\n\n\n<ul class=\"wp-block-list\">\n<li>Disponibilit\u00e9 des produits Airmez<\/li>\n\n\n\n<li>S\u00e9lection d'ar\u00f4mes<\/li>\n\n\n\n<li>Prix de gros<\/li>\n\n\n\n<li>Soutien \u00e0 l'entrep\u00f4t du Royaume-Uni<\/li>\n\n\n\n<li>D\u00e9tails de la quantit\u00e9 command\u00e9e<\/li>\n\n\n\n<li>Informations sur l'exp\u00e9dition<\/li>\n\n\n\n<li>Soutien aux achats en gros<\/li>\n<\/ul>\n\n\n\n<p>Nous nous effor\u00e7ons de rendre le processus de commande simple et clair pour les clients europ\u00e9ens.<\/p>\n\n\n\n<p>Pour les acheteurs en gros, veuillez contacter le service client\u00e8le avant de passer une commande importante. Notre \u00e9quipe peut vous aider \u00e0 confirmer la disponibilit\u00e9 des mod\u00e8les, les choix d'ar\u00f4mes et l'estimation des frais de port.<\/p>\n\n\n\n<h2 class=\"wp-block-heading\">Pour les clients australiens<\/h2>\n\n\n\n<p>Airmezvip sert \u00e9galement des clients adultes et des acheteurs en gros en Australie.<\/p>\n\n\n\n<p>Les acheteurs australiens peuvent nous contacter pour :<\/p>\n\n\n\n<ul class=\"wp-block-list\">\n<li>Mod\u00e8les Airmez disponibles<\/li>\n\n\n\n<li>Caract\u00e9ristiques du produit<\/li>\n\n\n\n<li>Options de saveur<\/li>\n\n\n\n<li>D\u00e9tails de la commande en vrac<\/li>\n\n\n\n<li>Aide \u00e0 l'exp\u00e9dition<\/li>\n\n\n\n<li>Prix de gros<\/li>\n<\/ul>\n\n\n\n<p>Les r\u00e8gles relatives \u00e0 l'e-cigarette et les exigences en mati\u00e8re d'importation pouvant varier d'une r\u00e9gion \u00e0 l'autre, il incombe aux clients de comprendre et de respecter les lois locales avant de proc\u00e9der \u00e0 l'achat.<\/p>\n\n\n\n<p>Notre \u00e9quipe peut fournir des informations sur les produits et les commandes, mais les clients doivent toujours s'assurer que l'achat est conforme aux r\u00e9glementations locales.<\/p>\n\n\n\n<h2 class=\"wp-block-heading\">Utilisation responsable par les adultes<\/h2>\n\n\n\n<p>Airmezvip vend des produits d'e-cigarette \u00e0 des clients adultes uniquement.<\/p>\n\n\n\n<p>Nous recommandons que les clients soient <strong>21 ans ou plus<\/strong> avant d'acheter sur notre site.<\/p>\n\n\n\n<p>Nos produits peuvent contenir de la nicotine. La nicotine cr\u00e9e une d\u00e9pendance. Les produits d'e-cigarette ne conviennent pas aux mineurs, aux non-fumeurs, aux femmes enceintes ou allaitantes, ou \u00e0 toute personne qui devrait \u00e9viter les produits contenant de la nicotine.<\/p>\n\n\n\n<p>Il incombe aux clients de se conformer aux lois et r\u00e9glementations de leur pays ou r\u00e9gion avant d'acheter.<\/p>\n\n\n\n<p>Airmezvip ne soutient pas l'utilisation par des mineurs, la revente ill\u00e9gale ou l'utilisation abusive d'un produit d'e-cigarette.<\/p>\n\n\n\n<h2 class=\"wp-block-heading\">Notre engagement en mati\u00e8re de services<\/h2>\n\n\n\n<p>Airmezvip vise \u00e0 fournir une exp\u00e9rience d'achat claire et fiable aux clients adultes en Europe et en Australie.<\/p>\n\n\n\n<h3 class=\"wp-block-heading\">Transparent D\u00e9tails du produit<\/h3>\n\n\n\n<p>Nous nous effor\u00e7ons de rendre chaque page produit simple et utile, afin que les clients puissent comprendre rapidement les principales caract\u00e9ristiques de chaque mod\u00e8le Airmez.<\/p>\n\n\n\n<h3 class=\"wp-block-heading\">Soutien pratique \u00e0 la client\u00e8le<\/h3>\n\n\n\n<p>Notre \u00e9quipe peut vous aider \u00e0 s\u00e9lectionner des produits, \u00e0 r\u00e9pondre \u00e0 des questions sur les ar\u00f4mes, \u00e0 poser des questions aux grossistes et \u00e0 obtenir des informations sur l'exp\u00e9dition.<\/p>\n\n\n\n<h3 class=\"wp-block-heading\">Des commandes flexibles pour le commerce de d\u00e9tail et de gros<\/h3>\n\n\n\n<p>Nous prenons en charge aussi bien les petites commandes que les commandes en gros plus importantes.<\/p>\n\n\n\n<p>Pour les acheteurs en gros, les quantit\u00e9s plus importantes peuvent b\u00e9n\u00e9ficier d'une meilleure tarification unitaire.<\/p>\n\n\n\n<h3 class=\"wp-block-heading\">L'Europe et l'Australie en point de mire<\/h3>\n\n\n\n<p>Bien que nous puissions prendre en charge des envois internationaux, nous nous concentrons principalement sur l'Europe et l'Australie.<\/p>\n\n\n\n<p>Cela nous permet de fournir des informations plus cibl\u00e9es sur les produits et d'am\u00e9liorer le suivi des commandes pour ces r\u00e9gions.<\/p>\n\n\n\n<h2 class=\"wp-block-heading\">Coop\u00e9ration avec le commerce de gros<\/h2>\n\n\n\n<p>Airmezvip accueille volontiers les grossistes d'Europe et d'Australie.<\/p>\n\n\n\n<p>Si vous \u00eates un distributeur, un magasin de vape, un vendeur en ligne ou un acheteur en gros, veuillez contacter notre service client\u00e8le avant de passer une commande en gros.<\/p>\n\n\n\n<p>Pour obtenir un devis de gros plus pr\u00e9cis, veuillez fournir :<\/p>\n\n\n\n<ul class=\"wp-block-list\">\n<li>Mod\u00e8le de produit<\/li>\n\n\n\n<li>Quantit\u00e9 requise<\/li>\n\n\n\n<li>S\u00e9lection d'ar\u00f4mes<\/li>\n\n\n\n<li>Pays de destination<\/li>\n\n\n\n<li>Vente au d\u00e9tail ou en gros<\/li>\n\n\n\n<li>Exigences en mati\u00e8re de livraison<\/li>\n<\/ul>\n\n\n\n<p>Plus vous fournissez d'informations, plus il est facile pour notre \u00e9quipe de v\u00e9rifier la disponibilit\u00e9 des produits et d'offrir une assistance appropri\u00e9e.<\/p>\n\n\n\n<h2 class=\"wp-block-heading\">Notre mission<\/h2>\n\n\n\n<p>Notre mission est de rendre l'achat d'e-cigarettes Airmez plus facile et plus clair pour les clients adultes en Europe et en Australie.<\/p>\n\n\n\n<p>Nous voulons qu'Airmezvip devienne une destination en ligne cibl\u00e9e pour les produits Airmez, o\u00f9 les clients peuvent comparer les mod\u00e8les, comprendre les caract\u00e9ristiques des produits, s'informer sur les prix de gros et b\u00e9n\u00e9ficier d'une assistance pratique pour les commandes.<\/p>\n\n\n\n<p>Nous nous concentrons sur :<\/p>\n\n\n\n<ul class=\"wp-block-list\">\n<li>Produits d'e-cigarette Airmez<\/li>\n\n\n\n<li>Soutien aux march\u00e9s d'Europe et d'Australie<\/li>\n\n\n\n<li>Des informations claires sur les produits<\/li>\n\n\n\n<li>Ventes responsables r\u00e9serv\u00e9es aux adultes<\/li>\n\n\n\n<li>Service de commandes en gros<\/li>\n\n\n\n<li>Meilleur prix pour les grandes quantit\u00e9s<\/li>\n\n\n\n<li>Communication pratique avec les clients<\/li>\n<\/ul>\n\n\n\n<p>Airmezvip est l\u00e0 pour aider les clients adultes et les acheteurs en gros \u00e0 trouver des produits Airmez appropri\u00e9s en toute confiance.<\/p>\n\n\n\n<h2 class=\"wp-block-heading\">Nous contacter<\/h2>\n\n\n\n<p>Vous avez des questions sur les e-cigarettes Airmez, les prix de gros, la livraison ou la disponibilit\u00e9 des produits ?<\/p>\n\n\n\n<p>Veuillez contacter notre service client\u00e8le.<\/p>\n\n\n\n<p>Pour les demandes de vente en gros, veuillez indiquer le mod\u00e8le du produit, la quantit\u00e9, la saveur souhait\u00e9e et le pays de destination. Notre \u00e9quipe vous aidera \u00e0 v\u00e9rifier les options disponibles et vous fournira une aide \u00e0 la commande.<\/p>\n\n\n\n<p><strong>Nom de l'entreprise :<\/strong> WORLDWIDE TRADING LIMITEDVANTAGE<br><strong>Adresse de l'entreprise :<\/strong> Salle I-1, 4\/F, Golden Dragon Industrial Centre Phase II, 162-170 Tai Lin Pai Road, Kwai Chung, New Territories, Hong Kong<br><strong>UK Warehouse Address :<\/strong> Suite 12, 48 High Street, Birmingham, B4 7SR, UK<\/p>\n\n\n\n<p>Airmezvip s'adresse principalement aux clients adultes et aux acheteurs en gros d'Europe et d'Australie, avec des informations claires sur les produits, un soutien flexible aux grossistes et un service d'exp\u00e9dition pratique.<\/p>","protected":false},"excerpt":{"rendered":"<p>Airmezvip is an online store focused on Airmez e-cigarettes for adult customers in Europe and Australia. Our website is designed for buyers who want clear product information, rich flavor options, practical order support, and flexible wholesale service. We mainly provide Airmez vape products for the European and Australian markets, including high-puff disposable vapes, multi-flavor models, [&hellip;]<\/p>\n","protected":false},"author":1,"featured_media":0,"parent":0,"menu_order":0,"comment_status":"closed","ping_status":"closed","template":"","meta":{"_joinchat":[],"footnotes":""},"class_list":["post-629","page","type-page","status-publish","hentry"],"_links":{"self":[{"href":"https:\/\/airmezvip.com\/fr\/wp-json\/wp\/v2\/pages\/629","targetHints":{"allow":["GET"]}}],"collection":[{"href":"https:\/\/airmezvip.com\/fr\/wp-json\/wp\/v2\/pages"}],"about":[{"href":"https:\/\/airmezvip.com\/fr\/wp-json\/wp\/v2\/types\/page"}],"author":[{"embeddable":true,"href":"https:\/\/airmezvip.com\/fr\/wp-json\/wp\/v2\/users\/1"}],"replies":[{"embeddable":true,"href":"https:\/\/airmezvip.com\/fr\/wp-json\/wp\/v2\/comments?post=629"}],"version-history":[{"count":1,"href":"https:\/\/airmezvip.com\/fr\/wp-json\/wp\/v2\/pages\/629\/revisions"}],"predecessor-version":[{"id":630,"href":"https:\/\/airmezvip.com\/fr\/wp-json\/wp\/v2\/pages\/629\/revisions\/630"}],"wp:attachment":[{"href":"https:\/\/airmezvip.com\/fr\/wp-json\/wp\/v2\/media?parent=629"}],"curies":[{"name":"wp","href":"https:\/\/api.w.org\/{rel}","templated":true}]}}