{"id":652,"date":"2026-05-04T07:29:18","date_gmt":"2026-05-04T07:29:18","guid":{"rendered":"https:\/\/airmezvip.com\/?page_id=652"},"modified":"2026-05-04T07:29:18","modified_gmt":"2026-05-04T07:29:18","slug":"faq","status":"publish","type":"page","link":"https:\/\/airmezvip.com\/es\/faq\/","title":{"rendered":"PREGUNTAS FRECUENTES"},"content":{"rendered":"<p><strong>Preguntas frecuentes sobre Airmezvip.com<\/strong><\/p>\n\n\n\n<p>Bienvenido a la p\u00e1gina de preguntas frecuentes de Airmezvip.<\/p>\n\n\n\n<p>Aqu\u00ed encontrar\u00e1 respuestas r\u00e1pidas sobre los cigarrillos electr\u00f3nicos Airmez, los pedidos al por mayor, el env\u00edo, el pago, las devoluciones, los reembolsos y la atenci\u00f3n al cliente.<\/p>\n\n\n\n<p>Airmezvip.com atiende principalmente a clientes adultos y compradores mayoristas en <strong>Europa, Reino Unido y Australia<\/strong>.<\/p>\n\n\n\n<h2 class=\"wp-block-heading\">Cuestiones generales<\/h2>\n\n\n\n<h3 class=\"wp-block-heading\">\u00bfQu\u00e9 es Airmezvip.com?<\/h3>\n\n\n\n<p>Airmezvip.com es una tienda en l\u00ednea dedicada a los productos de cigarrillos electr\u00f3nicos Airmez.<\/p>\n\n\n\n<p>Suministramos productos de vapeo Airmez a clientes adultos, minoristas, revendedores y compradores al por mayor, principalmente en Europa, Reino Unido y Australia.<\/p>\n\n\n\n<p>Nuestro sitio web se centra en una informaci\u00f3n clara sobre los productos, un apoyo flexible a los pedidos, la cooperaci\u00f3n al por mayor y un pr\u00e1ctico servicio de atenci\u00f3n al cliente.<\/p>\n\n\n\n<h3 class=\"wp-block-heading\">\u00bfEs Airmezvip.com un sitio web s\u00f3lo para adultos?<\/h3>\n\n\n\n<p>S\u00ed. Airmezvip.com vende cigarrillos electr\u00f3nicos s\u00f3lo para adultos.<\/p>\n\n\n\n<p>Recomendamos a los clientes que <strong>21 a\u00f1os o m\u00e1s<\/strong> antes de comprar en nuestro sitio web.<\/p>\n\n\n\n<p>Nuestros productos pueden contener nicotina. La nicotina es adictiva. Los cigarrillos electr\u00f3nicos no son aptos para menores, no fumadores, mujeres embarazadas o en periodo de lactancia, o cualquier persona que deba evitar los productos con nicotina.<\/p>\n\n\n\n<h3 class=\"wp-block-heading\">\u00bfTengo que subir un documento de identidad para verificar la edad?<\/h3>\n\n\n\n<p>No. No exigimos a los clientes que carguen documentos de identidad para la verificaci\u00f3n normal de la edad.<\/p>\n\n\n\n<p>Al utilizar nuestro sitio web o realizar un pedido, los clientes confirman que tienen edad suficiente para comprar legalmente cigarrillos electr\u00f3nicos en su pa\u00eds o regi\u00f3n.<\/p>\n\n\n\n<p>Si creemos que un cliente es menor de edad o utiliza nuestro sitio web de forma inadecuada, podemos denegar el servicio o cancelar el pedido.<\/p>\n\n\n\n<h3 class=\"wp-block-heading\">\u00bfA qu\u00e9 pa\u00edses sirven principalmente?<\/h3>\n\n\n\n<p>Airmezvip.com sirve principalmente:<\/p>\n\n\n\n<ul class=\"wp-block-list\">\n<li>Europa<\/li>\n\n\n\n<li>Reino Unido<\/li>\n\n\n\n<li>Australia<\/li>\n<\/ul>\n\n\n\n<p>Tambi\u00e9n podemos ofrecer asistencia a otros destinos mundiales en funci\u00f3n de la disponibilidad del producto, la ruta de env\u00edo y las condiciones de entrega locales.<\/p>\n\n\n\n<p>Si su pa\u00eds no pertenece a Europa, Reino Unido o Australia, p\u00f3ngase en contacto con el servicio de atenci\u00f3n al cliente antes de realizar el pedido.<\/p>\n\n\n\n<h2 class=\"wp-block-heading\">Preguntas sobre el producto<\/h2>\n\n\n\n<h3 class=\"wp-block-heading\">\u00bfQu\u00e9 productos vende Airmezvip.com?<\/h3>\n\n\n\n<p>Airmezvip.com vende productos de cigarrillos electr\u00f3nicos Airmez, incluidos modelos de vape desechables, dispositivos de gran potencia, modelos multi-sabor y productos Airmez listos para la venta al por mayor.<\/p>\n\n\n\n<p>La disponibilidad del producto puede variar en funci\u00f3n de las existencias en almac\u00e9n, el pa\u00eds de destino y las condiciones actuales de suministro.<\/p>\n\n\n\n<h3 class=\"wp-block-heading\">\u00bfC\u00f3mo elijo el producto Airmez adecuado?<\/h3>\n\n\n\n<p>Puede comparar productos consultando:<\/p>\n\n\n\n<ul class=\"wp-block-list\">\n<li>Recuento de puff<\/li>\n\n\n\n<li>Opciones de sabor<\/li>\n\n\n\n<li>Potencia de nicotina<\/li>\n\n\n\n<li>Tipo de carga<\/li>\n\n\n\n<li>Dise\u00f1o de la bobina<\/li>\n\n\n\n<li>Cantidad de productos<\/li>\n\n\n\n<li>Disponibilidad al por menor o al por mayor<\/li>\n\n\n\n<li>Apoyo al env\u00edo en destino<\/li>\n<\/ul>\n\n\n\n<p>Si no est\u00e1 seguro de qu\u00e9 modelo elegir, p\u00f3ngase en contacto con nuestro equipo de atenci\u00f3n al cliente por WhatsApp, correo electr\u00f3nico o Facebook Messenger.<\/p>\n\n\n\n<h3 class=\"wp-block-heading\">\u00bfCu\u00e1nto dura un vaporizador Airmez?<\/h3>\n\n\n\n<p>El tiempo de uso real depende del modelo de producto y de sus h\u00e1bitos personales de uso.<\/p>\n\n\n\n<p>Un dispositivo puede durar m\u00e1s o menos en funci\u00f3n de:<\/p>\n\n\n\n<ul class=\"wp-block-list\">\n<li>Recuento de puff<\/li>\n\n\n\n<li>Frecuencia de uso<\/li>\n\n\n\n<li>Duraci\u00f3n del soplo<\/li>\n\n\n\n<li>Capacidad de la bater\u00eda<\/li>\n\n\n\n<li>Capacidad de e-l\u00edquido<\/li>\n\n\n\n<li>Dise\u00f1o de dispositivos<\/li>\n<\/ul>\n\n\n\n<p>Consulte la p\u00e1gina del producto para ver el recuento de soplidos espec\u00edfico del modelo y los detalles del producto.<\/p>\n\n\n\n<h3 class=\"wp-block-heading\">\u00bfC\u00f3mo s\u00e9 si un vaporizador est\u00e1 vac\u00edo?<\/h3>\n\n\n\n<p>Un vape puede estar vac\u00edo o cerca del final de su uso si:<\/p>\n\n\n\n<ul class=\"wp-block-list\">\n<li>El vapor se vuelve muy d\u00e9bil<\/li>\n\n\n\n<li>El sabor se vuelve m\u00e1s ligero<\/li>\n\n\n\n<li>El aparato ya no produce vapor<\/li>\n\n\n\n<li>La bater\u00eda o el e-l\u00edquido se han acabado<\/li>\n\n\n\n<li>El indicador del dispositivo muestra baja potencia, dependiendo del modelo<\/li>\n<\/ul>\n\n\n\n<p>Si el aparato es recargable, c\u00e1rguelo primero antes de decidir si est\u00e1 vac\u00edo.<\/p>\n\n\n\n<h3 class=\"wp-block-heading\">\u00bfSon las im\u00e1genes del producto exactamente iguales a las del producto real?<\/h3>\n\n\n\n<p>Las im\u00e1genes de los productos son de referencia.<\/p>\n\n\n\n<p>El embalaje real, el color, la etiqueta o peque\u00f1os detalles de dise\u00f1o pueden variar debido a actualizaciones de lotes de productos, cambios del fabricante o ajustes del embalaje.<\/p>\n\n\n\n<p>Intentamos que las p\u00e1ginas de productos sean precisas y est\u00e9n actualizadas.<\/p>\n\n\n\n<h2 class=\"wp-block-heading\">Preguntas sobre pedidos<\/h2>\n\n\n\n<h3 class=\"wp-block-heading\">\u00bfC\u00f3mo puedo hacer un pedido?<\/h3>\n\n\n\n<p>Puede hacer un pedido directamente en Airmezvip.com.<\/p>\n\n\n\n<p>Si necesita ayuda antes de realizar el pedido, p\u00f3ngase en contacto con el servicio de atenci\u00f3n al cliente e ind\u00edquelo:<\/p>\n\n\n\n<ul class=\"wp-block-list\">\n<li>Modelo de producto<\/li>\n\n\n\n<li>Cantidad<\/li>\n\n\n\n<li>Solicitud de sabor<\/li>\n\n\n\n<li>Pa\u00eds de destino<\/li>\n\n\n\n<li>Venta al por menor o al por mayor<\/li>\n<\/ul>\n\n\n\n<p>Para pedidos al por mayor, recomendamos ponerse en contacto con el servicio de atenci\u00f3n al cliente antes de realizar el pedido.<\/p>\n\n\n\n<h3 class=\"wp-block-heading\">\u00bfPuedo modificar mi pedido despu\u00e9s de haberlo hecho?<\/h3>\n\n\n\n<p>P\u00f3ngase en contacto con el servicio de atenci\u00f3n al cliente lo antes posible.<\/p>\n\n\n\n<p>Podemos ayudar a cambiar ciertos detalles antes del env\u00edo, tales como:<\/p>\n\n\n\n<ul class=\"wp-block-list\">\n<li>Direcci\u00f3n<\/li>\n\n\n\n<li>N\u00famero de tel\u00e9fono<\/li>\n\n\n\n<li>Cantidad de productos<\/li>\n\n\n\n<li>Selecci\u00f3n de sabores<\/li>\n\n\n\n<li>Forma de env\u00edo<\/li>\n<\/ul>\n\n\n\n<p>Una vez que el pedido ha sido procesado, empaquetado o enviado, es posible que ya no se puedan realizar cambios.<\/p>\n\n\n\n<h3 class=\"wp-block-heading\">\u00bfPuedo anular mi pedido?<\/h3>\n\n\n\n<p>Si su pedido no ha sido procesado o enviado, podemos ayudarle a cancelarlo.<\/p>\n\n\n\n<p>Si el pedido ya ha sido procesado, empaquetado o enviado, es posible que no se pueda cancelar.<\/p>\n\n\n\n<p>P\u00f3ngase en contacto con el servicio de atenci\u00f3n al cliente lo antes posible si necesita cancelar un pedido.<\/p>\n\n\n\n<h2 class=\"wp-block-heading\">Preguntas sobre los pagos<\/h2>\n\n\n\n<h3 class=\"wp-block-heading\">\u00bfQu\u00e9 m\u00e9todos de pago aceptan?<\/h3>\n\n\n\n<p>Airmezvip.com admite varios m\u00e9todos de pago, entre ellos:<\/p>\n\n\n\n<ul class=\"wp-block-list\">\n<li>PayPal<\/li>\n\n\n\n<li>Raya<\/li>\n\n\n\n<li>Tarjeta de cr\u00e9dito<\/li>\n\n\n\n<li>USDT<\/li>\n\n\n\n<li>Transferencia bancaria<\/li>\n\n\n\n<li>Western Union<\/li>\n\n\n\n<li>Alipay<\/li>\n\n\n\n<li>WeChat Pay<\/li>\n\n\n\n<li>UnionPay<\/li>\n<\/ul>\n\n\n\n<p>Los m\u00e9todos de pago disponibles pueden variar en funci\u00f3n del tipo de pedido, el pa\u00eds, la revisi\u00f3n del riesgo de pago y el importe del pedido.<\/p>\n\n\n\n<h3 class=\"wp-block-heading\">\u00bfCu\u00e1ndo se tramitar\u00e1 mi pedido?<\/h3>\n\n\n\n<p>Los pedidos suelen tramitarse una vez confirmado el pago.<\/p>\n\n\n\n<p>En el caso de m\u00e9todos de pago manuales como USDT, transferencia bancaria, Western Union, Alipay, WeChat Pay o UnionPay, el pedido podr\u00e1 procesarse despu\u00e9s de que nuestro equipo confirme el pago.<\/p>\n\n\n\n<h3 class=\"wp-block-heading\">\u00bfAdmite el pago con USDT?<\/h3>\n\n\n\n<p>S\u00ed. Podemos apoyar el pago USDT.<\/p>\n\n\n\n<p>Si elige el pago con USDT, p\u00f3ngase en contacto con el servicio de atenci\u00f3n al cliente para obtener la direcci\u00f3n correcta del monedero, la red y las instrucciones de pago.<\/p>\n\n\n\n<p>Aseg\u00farese de que la direcci\u00f3n del monedero y la red son correctas antes de enviar el pago.<\/p>\n\n\n\n<h2 class=\"wp-block-heading\">Preguntas al por mayor<\/h2>\n\n\n\n<h3 class=\"wp-block-heading\">\u00bfAceptan pedidos al por mayor?<\/h3>\n\n\n\n<p>S\u00ed. Airmezvip.com admite pedidos al por mayor.<\/p>\n\n\n\n<p>Servimos principalmente a tiendas de vapeo, minoristas en l\u00ednea, distribuidores, revendedores y compradores al por mayor de Europa, Reino Unido y Australia.<\/p>\n\n\n\n<h3 class=\"wp-block-heading\">\u00bfCu\u00e1l es la cantidad m\u00ednima al por mayor?<\/h3>\n\n\n\n<p>Nuestros pedidos de almac\u00e9n en el extranjero pueden partir de <strong>1 pieza<\/strong>.<\/p>\n\n\n\n<p>Para una mayor rentabilidad, recomendamos pedir <strong>15 piezas o m\u00e1s<\/strong>, especialmente para compradores habituales, revendedores y clientes mayoristas.<\/p>\n\n\n\n<p>Para pedidos al por mayor de mayor volumen, p\u00f3ngase en contacto con el servicio de atenci\u00f3n al cliente para solicitar un presupuesto.<\/p>\n\n\n\n<h3 class=\"wp-block-heading\">\u00bfEs m\u00e1s bajo el precio al por mayor para pedidos grandes?<\/h3>\n\n\n\n<p>S\u00ed. Las grandes cantidades al por mayor pueden recibir mejores precios unitarios.<\/p>\n\n\n\n<p>Los precios al por mayor pueden depender de:<\/p>\n\n\n\n<ul class=\"wp-block-list\">\n<li>Modelo de producto<\/li>\n\n\n\n<li>Cantidad<\/li>\n\n\n\n<li>Selecci\u00f3n de sabores<\/li>\n\n\n\n<li>Pa\u00eds de destino<\/li>\n\n\n\n<li>Forma de env\u00edo<\/li>\n\n\n\n<li>Nivel de existencias<\/li>\n\n\n\n<li>Forma de pago<\/li>\n\n\n\n<li>Condiciones actuales del mercado<\/li>\n<\/ul>\n\n\n\n<p>P\u00f3ngase en contacto con el servicio de atenci\u00f3n al cliente para conocer el precio exacto al por mayor.<\/p>\n\n\n\n<h3 class=\"wp-block-heading\">\u00bfC\u00f3mo puedo obtener un presupuesto al por mayor?<\/h3>\n\n\n\n<p>P\u00f3ngase en contacto con nosotros por WhatsApp, correo electr\u00f3nico o Facebook Messenger.<\/p>\n\n\n\n<p>Para obtener un presupuesto m\u00e1s r\u00e1pido, facil\u00edtenos sus datos:<\/p>\n\n\n\n<ul class=\"wp-block-list\">\n<li>Modelo de producto<\/li>\n\n\n\n<li>Cantidad requerida<\/li>\n\n\n\n<li>Selecci\u00f3n de sabores<\/li>\n\n\n\n<li>Pa\u00eds de destino<\/li>\n\n\n\n<li>Requisitos de entrega<\/li>\n\n\n\n<li>Tipo de empresa<\/li>\n\n\n\n<li>Frecuencia prevista de los pedidos, si est\u00e1 disponible<\/li>\n<\/ul>\n\n\n\n<h2 class=\"wp-block-heading\">Preguntas sobre env\u00edos<\/h2>\n\n\n\n<h3 class=\"wp-block-heading\">\u00bfDesde d\u00f3nde realizan los env\u00edos?<\/h3>\n\n\n\n<p>Airmezvip.com admite env\u00edos al extranjero para determinadas regiones.<\/p>\n\n\n\n<p>Realizamos principalmente env\u00edos a Europa, Reino Unido y Australia.<\/p>\n\n\n\n<p>La direcci\u00f3n de nuestro almac\u00e9n en el Reino Unido es<\/p>\n\n\n\n<p><strong>Suite 12, 48 High Street, Birmingham, B4 7SR, Reino Unido<\/strong><\/p>\n\n\n\n<p>La ruta de env\u00edo y la disposici\u00f3n del almac\u00e9n pueden variar en funci\u00f3n de las existencias del producto y del pa\u00eds de destino.<\/p>\n\n\n\n<h3 class=\"wp-block-heading\">\u00bfHacen env\u00edos al Reino Unido?<\/h3>\n\n\n\n<p>S\u00ed. Airmezvip.com admite env\u00edos al Reino Unido.<\/p>\n\n\n\n<p>El plazo de entrega estimado para el Reino Unido suele ser <strong>3-7 d\u00edas laborables<\/strong>, dependiendo de la disponibilidad del producto y del servicio de mensajer\u00eda local.<\/p>\n\n\n\n<h3 class=\"wp-block-heading\">\u00bfHacen env\u00edos a toda Australia?<\/h3>\n\n\n\n<p>S\u00ed. Airmezvip.com admite env\u00edos a trav\u00e9s de <strong>toda Australia<\/strong>.<\/p>\n\n\n\n<p>El plazo de entrega estimado para Australia suele ser <strong>5-12 d\u00edas laborables<\/strong>.<\/p>\n\n\n\n<p>La entrega en zonas remotas puede requerir gastos de env\u00edo adicionales en funci\u00f3n del presupuesto en tiempo real del proveedor log\u00edstico.<\/p>\n\n\n\n<h3 class=\"wp-block-heading\">\u00bfA qu\u00e9 pa\u00edses europeos realizan env\u00edos?<\/h3>\n\n\n\n<p>Nuestro almac\u00e9n de Europa admite dropshipping de una pieza a determinados pa\u00edses europeos, incluidos:<\/p>\n\n\n\n<ul class=\"wp-block-list\">\n<li>Reino Unido<\/li>\n\n\n\n<li>Espa\u00f1a<\/li>\n\n\n\n<li>Portugal<\/li>\n\n\n\n<li>Francia<\/li>\n\n\n\n<li>Alemania<\/li>\n\n\n\n<li>Italia<\/li>\n\n\n\n<li>Austria<\/li>\n\n\n\n<li>Luxemburgo<\/li>\n\n\n\n<li>Pa\u00edses Bajos<\/li>\n\n\n\n<li>B\u00e9lgica<\/li>\n\n\n\n<li>Dinamarca<\/li>\n\n\n\n<li>Polonia<\/li>\n\n\n\n<li>Eslovenia<\/li>\n\n\n\n<li>Eslovaquia<\/li>\n\n\n\n<li>Estonia<\/li>\n\n\n\n<li>Letonia<\/li>\n\n\n\n<li>Lituania<\/li>\n\n\n\n<li>Bulgaria<\/li>\n\n\n\n<li>Croacia<\/li>\n\n\n\n<li>Finlandia<\/li>\n\n\n\n<li>Ruman\u00eda<\/li>\n\n\n\n<li>Suecia<\/li>\n\n\n\n<li>Rep\u00fablica Checa<\/li>\n\n\n\n<li>Hungr\u00eda<\/li>\n\n\n\n<li>Grecia<\/li>\n\n\n\n<li>Irlanda<\/li>\n<\/ul>\n\n\n\n<p>La disponibilidad de env\u00edo puede variar en funci\u00f3n de las existencias del producto, las restricciones de destino, las condiciones locales de entrega y los acuerdos con el proveedor log\u00edstico.<\/p>\n\n\n\n<h3 class=\"wp-block-heading\">\u00bfCu\u00e1nto tarda la entrega?<\/h3>\n\n\n\n<p>El plazo de entrega estimado suele ser:<\/p>\n\n\n\n<figure class=\"wp-block-table\"><table class=\"has-fixed-layout\"><thead><tr><th>Regi\u00f3n<\/th><th>Plazo de entrega estimado<\/th><\/tr><\/thead><tbody><tr><td>Europa<\/td><td>3-7 d\u00edas laborables<\/td><\/tr><tr><td>Reino Unido<\/td><td>3-7 d\u00edas laborables<\/td><\/tr><tr><td>Australia<\/td><td>5-12 d\u00edas laborables<\/td><\/tr><\/tbody><\/table><\/figure>\n\n\n\n<p>Los pedidos suelen enviarse en un plazo de <strong>1-3 d\u00edas laborables tras la confirmaci\u00f3n del pago<\/strong>.<\/p>\n\n\n\n<p>Los plazos de entrega son s\u00f3lo estimaciones y no son fechas de entrega garantizadas.<\/p>\n\n\n\n<h3 class=\"wp-block-heading\">\u00bfQu\u00e9 proveedores log\u00edsticos utiliza?<\/h3>\n\n\n\n<p>Podemos utilizar distintos proveedores log\u00edsticos en funci\u00f3n del destino, la ruta de env\u00edo, el tipo de producto y la cantidad del pedido.<\/p>\n\n\n\n<p>Los proveedores log\u00edsticos habituales pueden ser:<\/p>\n\n\n\n<ul class=\"wp-block-list\">\n<li>Royal Mail<\/li>\n\n\n\n<li>DPD<\/li>\n\n\n\n<li>Evri<\/li>\n\n\n\n<li>DHL<\/li>\n\n\n\n<li>UPS<\/li>\n\n\n\n<li>Otros socios locales o internacionales<\/li>\n<\/ul>\n\n\n\n<h3 class=\"wp-block-heading\">\u00bfLas zonas remotas requieren gastos de env\u00edo adicionales?<\/h3>\n\n\n\n<p>S\u00ed, pueden aplicarse recargos por zonas remotas.<\/p>\n\n\n\n<p>Las tasas por zona remota se calculan en funci\u00f3n de la cotizaci\u00f3n en tiempo real del proveedor log\u00edstico.<\/p>\n\n\n\n<p>Para obtener informaci\u00f3n espec\u00edfica, p\u00f3ngase en contacto con el servicio de atenci\u00f3n al cliente antes de realizar el pedido.<\/p>\n\n\n\n<h3 class=\"wp-block-heading\">\u00bfQu\u00e9 debo hacer si mi n\u00famero de seguimiento no se actualiza?<\/h3>\n\n\n\n<p>Las actualizaciones de seguimiento pueden tardar en aparecer despu\u00e9s de que el paquete se entregue al servicio de mensajer\u00eda.<\/p>\n\n\n\n<p>Los retrasos en el seguimiento pueden deberse a:<\/p>\n\n\n\n<ul class=\"wp-block-list\">\n<li>Retraso en el escaneado del almac\u00e9n<\/li>\n\n\n\n<li>Retraso del sistema de mensajer\u00eda<\/li>\n\n\n\n<li>Tramitaci\u00f3n aduanera<\/li>\n\n\n\n<li>Traslado local<\/li>\n\n\n\n<li>Retraso por fin de semana o vacaciones<\/li>\n\n\n\n<li>Liquidaci\u00f3n secundaria<\/li>\n\n\n\n<li>Entrega en zonas remotas<\/li>\n<\/ul>\n\n\n\n<p>Si el seguimiento no se actualiza durante varios d\u00edas, p\u00f3ngase en contacto con el servicio de atenci\u00f3n al cliente. Le ayudaremos a comprobar el env\u00edo siempre que sea posible.<\/p>\n\n\n\n<h2 class=\"wp-block-heading\">Preguntas sobre paquetes perdidos<\/h2>\n\n\n\n<h3 class=\"wp-block-heading\">\u00bfQu\u00e9 ocurre si mi paquete se pierde antes del despacho de aduana?<\/h3>\n\n\n\n<p>Si el seguimiento o la confirmaci\u00f3n log\u00edstica indican que el paquete se ha perdido <strong>antes del despacho de aduana local<\/strong>, Airmezvip.com puede organizar un env\u00edo de reemplazo.<\/p>\n\n\n\n<p>El proceso de sustituci\u00f3n depende de los resultados de la investigaci\u00f3n log\u00edstica y de la confirmaci\u00f3n del transportista.<\/p>\n\n\n\n<h3 class=\"wp-block-heading\">\u00bfQu\u00e9 ocurre si mi paquete se pierde despu\u00e9s del despacho de aduana?<\/h3>\n\n\n\n<p>Si el paquete ya ha pasado el despacho de aduanas local y ha entrado en el proceso de entrega final local, Airmezvip.com no se hace responsable de la p\u00e9rdida, robo, entrega fallida o problemas de entrega causados por el mensajero local.<\/p>\n\n\n\n<p>Se trata de una situaci\u00f3n poco probable, pero los clientes deben confirmar cuidadosamente la direcci\u00f3n de entrega antes de hacer un pedido.<\/p>\n\n\n\n<h3 class=\"wp-block-heading\">\u00bfQu\u00e9 ocurre si he introducido una direcci\u00f3n de env\u00edo incorrecta?<\/h3>\n\n\n\n<p>Los clientes son responsables de proporcionar informaci\u00f3n precisa sobre el env\u00edo.<\/p>\n\n\n\n<p>Airmezvip.com no es responsable de la p\u00e9rdida del paquete, entrega fallida, retraso o firma fallida causada por informaci\u00f3n de env\u00edo incorrecta o incompleta.<\/p>\n\n\n\n<p>Por favor, compruebe cuidadosamente su nombre, n\u00famero de tel\u00e9fono, c\u00f3digo postal, ciudad, pa\u00eds y direcci\u00f3n completa antes de realizar un pedido.<\/p>\n\n\n\n<h2 class=\"wp-block-heading\">Preguntas sobre devoluciones y reembolsos<\/h2>\n\n\n\n<h3 class=\"wp-block-heading\">\u00bfPuedo devolver mi pedido?<\/h3>\n\n\n\n<p>Los clientes pueden solicitar una devoluci\u00f3n en el plazo de <strong>7 d\u00edas despu\u00e9s de recibir la mercanc\u00eda<\/strong>.<\/p>\n\n\n\n<p>Las solicitudes de devoluci\u00f3n deben enviarse al servicio de atenci\u00f3n al cliente en un plazo de 7 d\u00edas a partir de la entrega.<\/p>\n\n\n\n<p>Por lo general, los productos deben estar sin usar, sin abrir, en su caso, y en su embalaje original.<\/p>\n\n\n\n<h3 class=\"wp-block-heading\">\u00bfSe pueden devolver los cigarrillos electr\u00f3nicos abiertos?<\/h3>\n\n\n\n<p>Por razones de higiene, seguridad e integridad del producto, los cigarrillos electr\u00f3nicos abiertos o usados no pueden devolverse.<\/p>\n\n\n\n<p>La posibilidad de devoluci\u00f3n depende del estado del producto, el estado del paquete, el motivo de la devoluci\u00f3n y la revisi\u00f3n del servicio de atenci\u00f3n al cliente.<\/p>\n\n\n\n<h3 class=\"wp-block-heading\">\u00bfC\u00f3mo solicito una devoluci\u00f3n?<\/h3>\n\n\n\n<p>P\u00f3ngase en contacto con el servicio de atenci\u00f3n al cliente e ind\u00edquelo:<\/p>\n\n\n\n<ul class=\"wp-block-list\">\n<li>N\u00famero de pedido<\/li>\n\n\n\n<li>Nombre o modelo del producto<\/li>\n\n\n\n<li>Cantidad<\/li>\n\n\n\n<li>Motivo de la devoluci\u00f3n<\/li>\n\n\n\n<li>Fotos o v\u00eddeos, si es necesario<\/li>\n\n\n\n<li>Fecha de entrega<\/li>\n\n\n\n<li>Sus datos de contacto<\/li>\n<\/ul>\n\n\n\n<p>No devuelva ning\u00fan producto sin antes ponerse en contacto con el servicio de atenci\u00f3n al cliente.<\/p>\n\n\n\n<h3 class=\"wp-block-heading\">\u00bfCu\u00e1nto tarda una devoluci\u00f3n?<\/h3>\n\n\n\n<p>Una vez aprobado el reembolso, suele tramitarse en el plazo de <strong>3-10 d\u00edas laborables<\/strong>.<\/p>\n\n\n\n<p>En la mayor\u00eda de los casos, el reembolso se devolver\u00e1 al m\u00e9todo de pago original.<\/p>\n\n\n\n<h3 class=\"wp-block-heading\">\u00bfC\u00f3mo se gestionan los reembolsos por USDT o transferencia bancaria?<\/h3>\n\n\n\n<p>Para reembolsos por USDT, transferencia bancaria o transferencia bancaria, los clientes deben ponerse en contacto con el servicio de atenci\u00f3n al cliente y proporcionar los datos correctos de la cuenta receptora.<\/p>\n\n\n\n<p>Para los reembolsos USDT, los clientes deben proporcionar:<\/p>\n\n\n\n<ul class=\"wp-block-list\">\n<li>Direcci\u00f3n correcta del monedero<\/li>\n\n\n\n<li>Red blockchain correcta<\/li>\n\n\n\n<li>Confirmaci\u00f3n del destinatario<\/li>\n<\/ul>\n\n\n\n<p>Para los reembolsos por transferencia bancaria o giro, los clientes deben facilitar informaci\u00f3n exacta sobre su cuenta bancaria.<\/p>\n\n\n\n<p>Airmezvip.com no se hace responsable de los reembolsos fallidos o retrasados causados por informaci\u00f3n incorrecta de la cuenta receptora.<\/p>\n\n\n\n<h2 class=\"wp-block-heading\">Cuestiones aduaneras y de conformidad<\/h2>\n\n\n\n<h3 class=\"wp-block-heading\">\u00bfSoy responsable de las leyes locales y las normas de importaci\u00f3n?<\/h3>\n\n\n\n<p>S\u00ed.<\/p>\n\n\n\n<p>Los clientes son responsables de conocer y cumplir las leyes, normas de importaci\u00f3n, requisitos aduaneros, normas fiscales y reglamentos sobre cigarrillos electr\u00f3nicos de su propio pa\u00eds o regi\u00f3n.<\/p>\n\n\n\n<p>Antes de realizar un pedido, confirme si el producto puede comprarse, importarse, recibirse, poseerse o revenderse legalmente en su pa\u00eds o regi\u00f3n de destino.<\/p>\n\n\n\n<h3 class=\"wp-block-heading\">\u00bfTendr\u00e9 que pagar derechos de aduana o impuestos?<\/h3>\n\n\n\n<p>Dependiendo de su pa\u00eds o regi\u00f3n, su pedido puede estar sujeto a:<\/p>\n\n\n\n<ul class=\"wp-block-list\">\n<li>Derechos de importaci\u00f3n<\/li>\n\n\n\n<li>IVA o GST<\/li>\n\n\n\n<li>Inspecci\u00f3n aduanera<\/li>\n\n\n\n<li>Impuestos locales<\/li>\n\n\n\n<li>Gastos de env\u00edo<\/li>\n\n\n\n<li>Restricciones a la importaci\u00f3n<\/li>\n\n\n\n<li>Controles de conformidad de los productos<\/li>\n<\/ul>\n\n\n\n<p>Los clientes son responsables de los derechos de aduana, los impuestos y los requisitos de cumplimiento locales, en su caso.<\/p>\n\n\n\n<h2 class=\"wp-block-heading\">Preguntas sobre el servicio de atenci\u00f3n al cliente<\/h2>\n\n\n\n<h3 class=\"wp-block-heading\">\u00bfC\u00f3mo puedo ponerme en contacto con Airmezvip.com?<\/h3>\n\n\n\n<p>Puede ponerse en contacto con nosotros a trav\u00e9s de:<\/p>\n\n\n\n<p><strong>WhatsApp:<\/strong> +44 7922291211<br><strong>Correo electr\u00f3nico:<\/strong> <a>chunghwashop11@gmail.com<\/a><br><strong>Facebook Messenger:<\/strong> <a href=\"https:\/\/m.me\/Chunghwashop\">https:\/\/m.me\/Chunghwashop<\/a><\/p>\n\n\n\n<h3 class=\"wp-block-heading\">\u00bfCu\u00e1l es su horario de atenci\u00f3n al cliente?<\/h3>\n\n\n\n<p>Nuestro horario de atenci\u00f3n al cliente es:<\/p>\n\n\n\n<p><strong>De lunes a viernes:<\/strong> 09:00 - 18:00<br><strong>S\u00e1bado - Domingo:<\/strong> 10:00 - 17:00<br><strong>Zona horaria:<\/strong> Hora del Reino Unido<\/p>\n\n\n\n<p>Los mensajes recibidos fuera del horario laboral se responder\u00e1n durante el siguiente periodo de servicio.<\/p>\n\n\n\n<h3 class=\"wp-block-heading\">\u00bfQu\u00e9 informaci\u00f3n debo facilitar cuando me ponga en contacto con el servicio de atenci\u00f3n al cliente?<\/h3>\n\n\n\n<p>Para ayudarnos a responder con mayor rapidez, facil\u00edtenos sus datos:<\/p>\n\n\n\n<ul class=\"wp-block-list\">\n<li>Su n\u00famero de pedido, si est\u00e1 disponible<\/li>\n\n\n\n<li>Modelo de producto<\/li>\n\n\n\n<li>Cantidad<\/li>\n\n\n\n<li>Solicitud de sabor<\/li>\n\n\n\n<li>Pa\u00eds de destino<\/li>\n\n\n\n<li>Estado de los pagos<\/li>\n\n\n\n<li>N\u00famero de seguimiento, si est\u00e1 disponible<\/li>\n\n\n\n<li>Descripci\u00f3n clara de su pregunta<\/li>\n<\/ul>\n\n\n\n<h2 class=\"wp-block-heading\">Contacto r\u00e1pido<\/h2>\n\n\n\n<p>\u00bfNecesita ayuda con los productos Airmez, precios al por mayor, env\u00edos, devoluciones o asistencia para pedidos?<\/p>\n\n\n\n<p>P\u00f3ngase en contacto con Airmezvip.com:<\/p>\n\n\n\n<p><strong>P\u00e1gina web:<\/strong> airmezvip.com<br><strong>WhatsApp:<\/strong> +44 7922291211<br><strong>Correo electr\u00f3nico:<\/strong> <a>chunghwashop11@gmail.com<\/a><br><strong>Facebook Messenger:<\/strong> <a href=\"https:\/\/m.me\/Chunghwashop\">https:\/\/m.me\/Chunghwashop<\/a><\/p>\n\n\n\n<p>Airmezvip.com atiende principalmente a clientes adultos y compradores mayoristas de Europa, Reino Unido y Australia. Los clientes deben tener 21 a\u00f1os o m\u00e1s antes de comprar productos de cigarrillos electr\u00f3nicos.<\/p>","protected":false},"excerpt":{"rendered":"<p>Frequently Asked Questions About Airmezvip.com Welcome to the Airmezvip FAQ page. Here you can find quick answers about Airmez e-cigarettes, wholesale orders, shipping, payment, returns, refunds, and customer support. Airmezvip.com mainly serves adult customers and wholesale buyers in Europe, the United Kingdom, and Australia. General Questions What is Airmezvip.com? Airmezvip.com is an online store focused [&hellip;]<\/p>\n","protected":false},"author":1,"featured_media":0,"parent":0,"menu_order":0,"comment_status":"closed","ping_status":"closed","template":"","meta":{"_joinchat":[],"footnotes":""},"class_list":["post-652","page","type-page","status-publish","hentry"],"_links":{"self":[{"href":"https:\/\/airmezvip.com\/es\/wp-json\/wp\/v2\/pages\/652","targetHints":{"allow":["GET"]}}],"collection":[{"href":"https:\/\/airmezvip.com\/es\/wp-json\/wp\/v2\/pages"}],"about":[{"href":"https:\/\/airmezvip.com\/es\/wp-json\/wp\/v2\/types\/page"}],"author":[{"embeddable":true,"href":"https:\/\/airmezvip.com\/es\/wp-json\/wp\/v2\/users\/1"}],"replies":[{"embeddable":true,"href":"https:\/\/airmezvip.com\/es\/wp-json\/wp\/v2\/comments?post=652"}],"version-history":[{"count":1,"href":"https:\/\/airmezvip.com\/es\/wp-json\/wp\/v2\/pages\/652\/revisions"}],"predecessor-version":[{"id":653,"href":"https:\/\/airmezvip.com\/es\/wp-json\/wp\/v2\/pages\/652\/revisions\/653"}],"wp:attachment":[{"href":"https:\/\/airmezvip.com\/es\/wp-json\/wp\/v2\/media?parent=652"}],"curies":[{"name":"wp","href":"https:\/\/api.w.org\/{rel}","templated":true}]}}