{"id":648,"date":"2026-05-04T07:20:21","date_gmt":"2026-05-04T07:20:21","guid":{"rendered":"https:\/\/airmezvip.com\/?page_id=648"},"modified":"2026-05-04T07:20:21","modified_gmt":"2026-05-04T07:20:21","slug":"shipping","status":"publish","type":"page","link":"https:\/\/airmezvip.com\/es\/shipping\/","title":{"rendered":"Env\u00edo"},"content":{"rendered":"<p><strong>\u00daltima actualizaci\u00f3n: 4 de mayo de 2026<\/strong><\/p>\n\n\n\n<p>Gracias por comprar en <strong>Airmezvip.com<\/strong>.<\/p>\n\n\n\n<p>Esta pol\u00edtica de env\u00edo explica c\u00f3mo procesamos, enviamos y entregamos los pedidos de cigarrillos electr\u00f3nicos Airmez. Airmezvip.com sirve principalmente a clientes adultos y compradores al por mayor en <strong>Europa, Reino Unido y Australia<\/strong>, con apoyo de almacenes en el extranjero para una entrega m\u00e1s r\u00e1pida en determinadas regiones.<\/p>\n\n\n\n<p>Lea atentamente esta Pol\u00edtica de env\u00edos antes de realizar un pedido. Al realizar un pedido en Airmezvip.com, acepta los t\u00e9rminos que se indican a continuaci\u00f3n.<\/p>\n\n\n\n<h2 class=\"wp-block-heading\">1. Regiones de expedici\u00f3n<\/h2>\n\n\n\n<p>Airmezvip.com ofrece principalmente servicios de env\u00edo para:<\/p>\n\n\n\n<ul class=\"wp-block-list\">\n<li>Europa<\/li>\n\n\n\n<li>Reino Unido<\/li>\n\n\n\n<li>Australia<\/li>\n<\/ul>\n\n\n\n<p>Tambi\u00e9n podemos ofrecer asistencia a otros destinos en funci\u00f3n de la disponibilidad del producto, el estado de las existencias, las rutas de env\u00edo y las condiciones de entrega locales.<\/p>\n\n\n\n<p>Si su pa\u00eds no pertenece a Europa, Reino Unido o Australia, p\u00f3ngase en contacto con nuestro equipo de atenci\u00f3n al cliente antes de realizar el pedido.<\/p>\n\n\n\n<h2 class=\"wp-block-heading\">2. Env\u00edo al extranjero<\/h2>\n\n\n\n<p>Airmezvip.com admite env\u00edos al extranjero para determinadas regiones.<\/p>\n\n\n\n<p>Nuestros almacenes de Europa y Australia admiten pedidos de dropshipping de un solo art\u00edculo.<\/p>\n\n\n\n<h3 class=\"wp-block-heading\">Cantidad m\u00ednima de env\u00edo<\/h3>\n\n\n\n<p>Para pedidos de almac\u00e9n en el extranjero:<\/p>\n\n\n\n<ul class=\"wp-block-list\">\n<li>Cantidad m\u00ednima de pedido: <strong>1 pieza<\/strong><\/li>\n\n\n\n<li>Cantidad de pedido recomendada: <strong>15 piezas o m\u00e1s<\/strong><\/li>\n<\/ul>\n\n\n\n<p>Aunque podemos enviar desde 1 pieza, recomendamos hacer pedidos de 15 piezas o m\u00e1s para una mayor rentabilidad, especialmente para compradores habituales, minoristas, revendedores y clientes mayoristas.<\/p>\n\n\n\n<h2 class=\"wp-block-heading\">3. Europa y Reino Unido Pa\u00edses Dropshipping<\/h2>\n\n\n\n<p>Nuestro almac\u00e9n de Europa admite dropshipping de una pieza a determinados pa\u00edses europeos, incluido el Reino Unido.<\/p>\n\n\n\n<p>Los destinos de env\u00edo europeos disponibles incluyen:<\/p>\n\n\n\n<ul class=\"wp-block-list\">\n<li>Reino Unido<\/li>\n\n\n\n<li>Espa\u00f1a<\/li>\n\n\n\n<li>Portugal<\/li>\n\n\n\n<li>Francia<\/li>\n\n\n\n<li>Alemania<\/li>\n\n\n\n<li>Italia<\/li>\n\n\n\n<li>Austria<\/li>\n\n\n\n<li>Luxemburgo<\/li>\n\n\n\n<li>Pa\u00edses Bajos<\/li>\n\n\n\n<li>B\u00e9lgica<\/li>\n\n\n\n<li>Dinamarca<\/li>\n\n\n\n<li>Polonia<\/li>\n\n\n\n<li>Eslovenia<\/li>\n\n\n\n<li>Eslovaquia<\/li>\n\n\n\n<li>Estonia<\/li>\n\n\n\n<li>Letonia<\/li>\n\n\n\n<li>Lituania<\/li>\n\n\n\n<li>Bulgaria<\/li>\n\n\n\n<li>Croacia<\/li>\n\n\n\n<li>Finlandia<\/li>\n\n\n\n<li>Ruman\u00eda<\/li>\n\n\n\n<li>Suecia<\/li>\n\n\n\n<li>Rep\u00fablica Checa<\/li>\n\n\n\n<li>Hungr\u00eda<\/li>\n\n\n\n<li>Grecia<\/li>\n\n\n\n<li>Irlanda<\/li>\n<\/ul>\n\n\n\n<p>La disponibilidad de env\u00edo puede variar en funci\u00f3n de las existencias del producto, las restricciones de destino, las condiciones locales de entrega y los acuerdos con el proveedor log\u00edstico.<\/p>\n\n\n\n<p>Si no est\u00e1 seguro de si su destino es compatible, p\u00f3ngase en contacto con nosotros antes de realizar el pedido.<\/p>\n\n\n\n<h2 class=\"wp-block-heading\">4. Env\u00edo a Australia<\/h2>\n\n\n\n<p>Airmezvip.com admite env\u00edos a trav\u00e9s de <strong>toda Australia<\/strong>.<\/p>\n\n\n\n<p>El env\u00edo desde almac\u00e9n en Australia puede estar disponible para productos Airmez seleccionados, dependiendo del stock actual y de las condiciones de env\u00edo.<\/p>\n\n\n\n<p>Los clientes australianos pueden hacer pedidos personales o al por mayor, pero los clientes son responsables de entender y seguir todas las leyes locales aplicables, las normas de importaci\u00f3n y las regulaciones de productos vaping antes de hacer el pedido.<\/p>\n\n\n\n<p>Si tiene preguntas sobre el env\u00edo a Australia, p\u00f3ngase en contacto con nuestro equipo de atenci\u00f3n al cliente antes de realizar un pedido grande.<\/p>\n\n\n\n<h2 class=\"wp-block-heading\">5. Tiempo de tramitaci\u00f3n del pedido<\/h2>\n\n\n\n<p>Los pedidos suelen tramitarse una vez confirmado el pago.<\/p>\n\n\n\n<p>Una vez confirmado el pago, los pedidos suelen enviarse en un plazo de:<\/p>\n\n\n\n<p><strong>1-3 d\u00edas laborables<\/strong><\/p>\n\n\n\n<p>El tiempo de tramitaci\u00f3n puede depender de:<\/p>\n\n\n\n<ul class=\"wp-block-list\">\n<li>Disponibilidad del producto<\/li>\n\n\n\n<li>Cantidad del pedido<\/li>\n\n\n\n<li>Confirmaci\u00f3n de pago<\/li>\n\n\n\n<li>Ubicaci\u00f3n del almac\u00e9n<\/li>\n\n\n\n<li>Selecci\u00f3n de sabores<\/li>\n\n\n\n<li>Exactitud de la direcci\u00f3n de env\u00edo<\/li>\n\n\n\n<li>Requisitos de los pedidos al por mayor<\/li>\n<\/ul>\n\n\n\n<p>Para pedidos peque\u00f1os, la tramitaci\u00f3n suele ser m\u00e1s r\u00e1pida.<\/p>\n\n\n\n<p>En el caso de pedidos al por mayor o de grandes cantidades, la tramitaci\u00f3n puede llevar m\u00e1s tiempo porque tenemos que confirmar las existencias, las opciones de sabores, el envasado y los acuerdos log\u00edsticos.<\/p>\n\n\n\n<h2 class=\"wp-block-heading\">6. Tiempo estimado de entrega<\/h2>\n\n\n\n<p>El plazo de entrega estimado puede variar en funci\u00f3n del destino, la tramitaci\u00f3n en almac\u00e9n, la disponibilidad del producto, el servicio de mensajer\u00eda local, el despacho de aduanas y otras condiciones.<\/p>\n\n\n\n<p>Nuestro plazo de entrega estimado habitual es:<\/p>\n\n\n\n<figure class=\"wp-block-table\"><table class=\"has-fixed-layout\"><thead><tr><th>Regi\u00f3n<\/th><th>Plazo de entrega estimado<\/th><\/tr><\/thead><tbody><tr><td>Europa<\/td><td>3-7 d\u00edas laborables<\/td><\/tr><tr><td>Reino Unido<\/td><td>3-7 d\u00edas laborables<\/td><\/tr><tr><td>Australia<\/td><td>5-12 d\u00edas laborables<\/td><\/tr><\/tbody><\/table><\/figure>\n\n\n\n<p>Tenga en cuenta que los plazos de entrega son s\u00f3lo estimaciones. No son fechas de entrega garantizadas.<\/p>\n\n\n\n<p>Los retrasos pueden deberse a controles de aduanas, retrasos del servicio de mensajer\u00eda local, d\u00edas festivos, condiciones meteorol\u00f3gicas, problemas con la direcci\u00f3n, entrega en zonas remotas u otros factores fuera de nuestro control.<\/p>\n\n\n\n<h2 class=\"wp-block-heading\">7. M\u00e9todos de env\u00edo y proveedores log\u00edsticos<\/h2>\n\n\n\n<p>Airmezvip.com puede utilizar diferentes proveedores log\u00edsticos en funci\u00f3n del pa\u00eds de destino, el tipo de producto, la ubicaci\u00f3n del almac\u00e9n y la cantidad del pedido.<\/p>\n\n\n\n<p>Los proveedores log\u00edsticos habituales pueden ser:<\/p>\n\n\n\n<ul class=\"wp-block-list\">\n<li>Royal Mail<\/li>\n\n\n\n<li>DPD<\/li>\n\n\n\n<li>Evri<\/li>\n\n\n\n<li>DHL<\/li>\n\n\n\n<li>UPS<\/li>\n\n\n\n<li>Otros socios locales o internacionales<\/li>\n<\/ul>\n\n\n\n<p>El transportista final puede variar en funci\u00f3n de la ruta de env\u00edo y la disposici\u00f3n local de entrega.<\/p>\n\n\n\n<h2 class=\"wp-block-heading\">8. Entrega urgente y entrega local de mercanc\u00edas<\/h2>\n\n\n\n<p>El precio predeterminado de env\u00edo al almac\u00e9n en el extranjero suele referirse a la entrega por mensajer\u00eda urgente est\u00e1ndar.<\/p>\n\n\n\n<p>Si necesita entrega local en cami\u00f3n, entrega en pal\u00e9, entrega de carga o entrega especial de transportista local, el coste de env\u00edo puede calcularse por separado.<\/p>\n\n\n\n<p>Para pedidos al por mayor de mayor volumen, p\u00f3ngase en contacto con el servicio de atenci\u00f3n al cliente antes de realizar el pedido para que podamos comprobar el m\u00e9todo de env\u00edo disponible y los gastos de env\u00edo.<\/p>\n\n\n\n<p>Los gastos de env\u00edo locales no siempre est\u00e1n incluidos en el precio por defecto del producto o del env\u00edo.<\/p>\n\n\n\n<h2 class=\"wp-block-heading\">9. Recargo por zona remota<\/h2>\n\n\n\n<p>Algunas direcciones pueden estar situadas en zonas remotas.<\/p>\n\n\n\n<p>Si el proveedor log\u00edstico clasifica la direcci\u00f3n de entrega como zona remota, puede aplicarse un recargo adicional por zona remota.<\/p>\n\n\n\n<p>Los recargos por zona remota se calculan en funci\u00f3n del <strong>presupuesto en tiempo real del proveedor log\u00edstico<\/strong>.<\/p>\n\n\n\n<p>La tarifa exacta puede variar en funci\u00f3n de:<\/p>\n\n\n\n<ul class=\"wp-block-list\">\n<li>Pa\u00eds<\/li>\n\n\n\n<li>C\u00f3digo postal<\/li>\n\n\n\n<li>Ruta del mensajero<\/li>\n\n\n\n<li>Peso del paquete<\/li>\n\n\n\n<li>Volumen del envase<\/li>\n\n\n\n<li>Condiciones locales de entrega<\/li>\n<\/ul>\n\n\n\n<p>Para obtener informaci\u00f3n espec\u00edfica, p\u00f3ngase en contacto con nuestro equipo de atenci\u00f3n al cliente antes de realizar un pedido.<\/p>\n\n\n\n<h2 class=\"wp-block-heading\">10. Se requiere informaci\u00f3n de env\u00edo correcta<\/h2>\n\n\n\n<p>Los clientes deben proporcionar informaci\u00f3n de env\u00edo precisa y completa al realizar un pedido.<\/p>\n\n\n\n<p>Esto incluye:<\/p>\n\n\n\n<ul class=\"wp-block-list\">\n<li>Nombre completo del destinatario<\/li>\n\n\n\n<li>N\u00famero de tel\u00e9fono correcto<\/li>\n\n\n\n<li>Direcci\u00f3n completa<\/li>\n\n\n\n<li>Ciudad<\/li>\n\n\n\n<li>Estado o provincia<\/li>\n\n\n\n<li>C\u00f3digo postal<\/li>\n\n\n\n<li>Pa\u00eds<\/li>\n\n\n\n<li>N\u00famero de apartamento, unidad o edificio, si procede<\/li>\n<\/ul>\n\n\n\n<p>Airmezvip.com no se hace responsable de fallos en la entrega, retrasos, p\u00e9rdida de paquetes o falta de firma causados por informaci\u00f3n de env\u00edo incorrecta o incompleta.<\/p>\n\n\n\n<p>Compruebe cuidadosamente su direcci\u00f3n de env\u00edo antes de enviar el pedido.<\/p>\n\n\n\n<h2 class=\"wp-block-heading\">11. Problemas de env\u00edo no aptos para asistencia posventa<\/h2>\n\n\n\n<p>En el caso de los env\u00edos a almacenes extranjeros, los siguientes problemas log\u00edsticos no son susceptibles de asistencia posventa si est\u00e1n causados por problemas del cliente o de entrega local.<\/p>\n\n\n\n<p>Al hacer un pedido, los clientes aceptan estas condiciones.<\/p>\n\n\n\n<h3 class=\"wp-block-heading\">11.1 Informaci\u00f3n de env\u00edo incorrecta<\/h3>\n\n\n\n<p>Si el cliente proporciona informaci\u00f3n incorrecta o incompleta sobre el destinatario, y el paquete se pierde, se retrasa, se devuelve o no se puede firmar su recepci\u00f3n, Airmezvip.com no se hace responsable de la compensaci\u00f3n.<\/p>\n\n\n\n<p>Esto incluye lo incorrecto:<\/p>\n\n\n\n<ul class=\"wp-block-list\">\n<li>Nombre<\/li>\n\n\n\n<li>N\u00famero de tel\u00e9fono<\/li>\n\n\n\n<li>Direcci\u00f3n<\/li>\n\n\n\n<li>C\u00f3digo postal<\/li>\n\n\n\n<li>Ciudad<\/li>\n\n\n\n<li>Pa\u00eds<\/li>\n\n\n\n<li>N\u00famero de apartamento o unidad<\/li>\n<\/ul>\n\n\n\n<h3 class=\"wp-block-heading\">11.2 Paradas de seguimiento debidas al despacho aduanero secundario<\/h3>\n\n\n\n<p>Si el seguimiento del paquete deja de actualizarse debido a un despacho de aduanas secundario, una inspecci\u00f3n aduanera, un retraso aduanero o controles reglamentarios locales, Airmezvip.com no puede garantizar una compensaci\u00f3n posventa.<\/p>\n\n\n\n<p>La gesti\u00f3n aduanera est\u00e1 controlada por las autoridades locales y los proveedores log\u00edsticos.<\/p>\n\n\n\n<h3 class=\"wp-block-heading\">11.3 Destinatario no disponible durante la entrega<\/h3>\n\n\n\n<p>Si el destinatario no est\u00e1 disponible durante la entrega, y el paquete se pierde, es robado, devuelto o marcado como entregado por el servicio de mensajer\u00eda local, Airmezvip.com no se hace responsable de la indemnizaci\u00f3n.<\/p>\n\n\n\n<p>Los clientes deben supervisar las actualizaciones de seguimiento y asegurarse de que alguien pueda recibir el paquete cuando se espera la entrega.<\/p>\n\n\n\n<h3 class=\"wp-block-heading\">11.4 P\u00e9rdida parcial del producto durante la entrega local<\/h3>\n\n\n\n<p>Si se entrega un paquete pero faltan algunos de los productos que contiene debido a la manipulaci\u00f3n local de la entrega, da\u00f1os causados por el mensajero, robo o problemas de entrega en la \u00faltima milla, es posible que Airmezvip.com no pueda proporcionar una compensaci\u00f3n posventa.<\/p>\n\n\n\n<p>Los clientes deben inspeccionar el paquete inmediatamente despu\u00e9s de recibirlo.<\/p>\n\n\n\n<p>Si el paquete exterior est\u00e1 da\u00f1ado, abierto, resellado o es sospechoso, haga fotos o v\u00eddeos antes de abrirlo y p\u00f3ngase en contacto con el servicio de mensajer\u00eda local lo antes posible.<\/p>\n\n\n\n<h3 class=\"wp-block-heading\">11.5 Cambio de direcci\u00f3n o n\u00famero de tel\u00e9fono despu\u00e9s del env\u00edo<\/h3>\n\n\n\n<p>Si el cliente cambia la direcci\u00f3n de env\u00edo, el n\u00famero de tel\u00e9fono, las instrucciones de entrega o los detalles del destinatario despu\u00e9s del env\u00edo, y el paquete se pierde, se retrasa o se entrega incorrectamente, Airmezvip.com no se hace responsable de la compensaci\u00f3n.<\/p>\n\n\n\n<p>Aseg\u00farese de que todos los datos de env\u00edo son correctos antes de realizar el pedido.<\/p>\n\n\n\n<h2 class=\"wp-block-heading\">12. Pol\u00edtica de p\u00e9rdida de paquetes<\/h2>\n\n\n\n<p>Airmezvip.com ayudar\u00e1 a los clientes a comprobar la informaci\u00f3n log\u00edstica cuando un paquete parezca retrasado o perdido.<\/p>\n\n\n\n<h3 class=\"wp-block-heading\">P\u00e9rdida antes del despacho de aduana local<\/h3>\n\n\n\n<p>Si el seguimiento o la confirmaci\u00f3n log\u00edstica indican que el paquete se ha perdido <strong>antes del despacho de aduana local<\/strong>, Airmezvip.com puede organizar un env\u00edo de reemplazo.<\/p>\n\n\n\n<p>El proceso de sustituci\u00f3n depende de los resultados de la investigaci\u00f3n log\u00edstica y de la confirmaci\u00f3n del transportista.<\/p>\n\n\n\n<h3 class=\"wp-block-heading\">P\u00e9rdida tras el despacho de aduana local<\/h3>\n\n\n\n<p>Si el paquete ya ha pasado el despacho de aduanas local y ha entrado en el proceso de entrega final local, Airmezvip.com no se hace responsable de la p\u00e9rdida, robo, entrega fallida o problemas de entrega causados por el mensajero local.<\/p>\n\n\n\n<p>Se trata de una situaci\u00f3n poco probable, pero los clientes deben confirmar cuidadosamente la direcci\u00f3n de recepci\u00f3n antes de hacer un pedido.<\/p>\n\n\n\n<p>Una vez que el paquete se entrega al mensajero local tras el despacho de aduanas, el riesgo de entrega puede depender del proveedor local y del entorno local de entrega.<\/p>\n\n\n\n<h2 class=\"wp-block-heading\">13. Aduanas, derechos y normas de importaci\u00f3n<\/h2>\n\n\n\n<p>Los clientes son responsables de conocer y cumplir las normas aduaneras, las leyes de importaci\u00f3n, la normativa sobre productos de vapeo, los requisitos fiscales y los requisitos locales de entrega de su propio pa\u00eds o regi\u00f3n.<\/p>\n\n\n\n<p>Dependiendo de su destino, su pedido puede estar sujeto a:<\/p>\n\n\n\n<ul class=\"wp-block-list\">\n<li>Inspecci\u00f3n aduanera<\/li>\n\n\n\n<li>IVA o GST<\/li>\n\n\n\n<li>Derechos de importaci\u00f3n<\/li>\n\n\n\n<li>Impuestos locales<\/li>\n\n\n\n<li>Gastos de env\u00edo<\/li>\n\n\n\n<li>Restricciones a la importaci\u00f3n<\/li>\n\n\n\n<li>Controles de conformidad de los productos<\/li>\n<\/ul>\n\n\n\n<p>Airmezvip.com no se hace responsable de los retrasos aduaneros, denegaciones de importaci\u00f3n, confiscaciones, cargas fiscales o fallos en la entrega causados por las leyes locales o problemas de conformidad del cliente.<\/p>\n\n\n\n<p>Antes de hacer un pedido, aseg\u00farese de que los productos pueden comprarse, importarse, recibirse, poseerse o revenderse legalmente en su pa\u00eds o regi\u00f3n de destino.<\/p>\n\n\n\n<h2 class=\"wp-block-heading\">14. Env\u00edo al por mayor<\/h2>\n\n\n\n<p>Airmezvip.com admite pedidos al por mayor de cigarrillos electr\u00f3nicos Airmez.<\/p>\n\n\n\n<p>Para env\u00edos al por mayor, p\u00f3ngase en contacto con el servicio de atenci\u00f3n al cliente antes de realizar un pedido grande.<\/p>\n\n\n\n<p>El coste de env\u00edo al por mayor puede depender de:<\/p>\n\n\n\n<ul class=\"wp-block-list\">\n<li>Modelo de producto<\/li>\n\n\n\n<li>Cantidad del pedido<\/li>\n\n\n\n<li>Selecci\u00f3n de sabores<\/li>\n\n\n\n<li>Pa\u00eds de destino<\/li>\n\n\n\n<li>Ubicaci\u00f3n del almac\u00e9n<\/li>\n\n\n\n<li>Forma de env\u00edo<\/li>\n\n\n\n<li>Peso del paquete<\/li>\n\n\n\n<li>Volumen de las parcelas<\/li>\n\n\n\n<li>Estado del \u00e1rea remota<\/li>\n\n\n\n<li>Requisitos para el transporte local de mercanc\u00edas<\/li>\n<\/ul>\n\n\n\n<p>Los pedidos al por mayor de mayor volumen pueden requerir un presupuesto de env\u00edo aparte.<\/p>\n\n\n\n<p>Si necesita arreglos especiales de entrega, entrega de carga local o env\u00edo de pal\u00e9s, p\u00f3ngase en contacto con nosotros con antelaci\u00f3n.<\/p>\n\n\n\n<h2 class=\"wp-block-heading\">15. Informaci\u00f3n de seguimiento<\/h2>\n\n\n\n<p>Una vez enviado su pedido, podemos proporcionarle informaci\u00f3n de seguimiento cuando est\u00e9 disponible.<\/p>\n\n\n\n<p>Las actualizaciones de seguimiento pueden tardar en aparecer despu\u00e9s de que el paquete se entregue al servicio de mensajer\u00eda.<\/p>\n\n\n\n<p>Los retrasos en el seguimiento pueden deberse a:<\/p>\n\n\n\n<ul class=\"wp-block-list\">\n<li>Retraso en el escaneado del almac\u00e9n<\/li>\n\n\n\n<li>Retraso del sistema de mensajer\u00eda<\/li>\n\n\n\n<li>Tramitaci\u00f3n aduanera<\/li>\n\n\n\n<li>Traslado local<\/li>\n\n\n\n<li>Retraso por fin de semana o vacaciones<\/li>\n\n\n\n<li>Liquidaci\u00f3n secundaria<\/li>\n\n\n\n<li>Entrega en zonas remotas<\/li>\n<\/ul>\n\n\n\n<p>Si el seguimiento no se actualiza durante varios d\u00edas, p\u00f3ngase en contacto con nuestro equipo de atenci\u00f3n al cliente. Le ayudaremos a comprobar el estado del env\u00edo siempre que sea posible.<\/p>\n\n\n\n<h2 class=\"wp-block-heading\">16. Fallo en la entrega<\/h2>\n\n\n\n<p>Puede producirse un fallo en la entrega si:<\/p>\n\n\n\n<ul class=\"wp-block-list\">\n<li>La direcci\u00f3n es incorrecta<\/li>\n\n\n\n<li>El n\u00famero de tel\u00e9fono no es v\u00e1lido<\/li>\n\n\n\n<li>El destinatario no est\u00e1 disponible<\/li>\n\n\n\n<li>Se rechaza el paquete<\/li>\n\n\n\n<li>El mensajero no puede acceder a la direcci\u00f3n<\/li>\n\n\n\n<li>El despacho de aduanas fracasa<\/li>\n\n\n\n<li>El cliente no coopera con los requisitos locales de entrega o aduanas.<\/li>\n\n\n\n<li>El paquete no se recoge en un punto de recogida a tiempo<\/li>\n<\/ul>\n\n\n\n<p>Si el fallo en la entrega se debe a razones ajenas al cliente, Airmezvip.com puede no proporcionar un reenv\u00edo o reembolso gratuitos.<\/p>\n\n\n\n<p>Pueden aplicarse gastos de env\u00edo adicionales si es necesario reenviar un paquete.<\/p>\n\n\n\n<h2 class=\"wp-block-heading\">17. Cambios en el pedido despu\u00e9s del env\u00edo<\/h2>\n\n\n\n<p>Una vez enviado el pedido, no podemos garantizar que se puedan realizar cambios de direcci\u00f3n, de n\u00famero de tel\u00e9fono, de producto o solicitudes de cancelaci\u00f3n.<\/p>\n\n\n\n<p>Si necesita modificar los datos del pedido, p\u00f3ngase en contacto con el servicio de atenci\u00f3n al cliente lo antes posible antes del env\u00edo.<\/p>\n\n\n\n<p>Despu\u00e9s del env\u00edo, cualquier cambio depende de las normas del servicio de mensajer\u00eda y puede generar gastos adicionales o riesgo de entrega.<\/p>\n\n\n\n<h2 class=\"wp-block-heading\">18. Pol\u00edtica de env\u00edos y devoluciones<\/h2>\n\n\n\n<p>Los problemas de env\u00edo y las solicitudes de devoluci\u00f3n pueden revisarse junto con nuestras pol\u00edticas relacionadas.<\/p>\n\n\n\n<p>Lea tambi\u00e9n:<\/p>\n\n\n\n<ul class=\"wp-block-list\">\n<li>Pol\u00edtica de devoluciones<\/li>\n\n\n\n<li>Condiciones de uso<\/li>\n\n\n\n<li>Pol\u00edtica de privacidad<\/li>\n<\/ul>\n\n\n\n<p>Estas p\u00e1ginas explican m\u00e1s detalles sobre devoluciones, reembolsos, responsabilidades del cliente y normas del sitio web.<\/p>\n\n\n\n<h2 class=\"wp-block-heading\">19. Contacto<\/h2>\n\n\n\n<p>Si tiene alguna pregunta sobre el env\u00edo, la entrega, el env\u00edo al por mayor, las tarifas de zonas remotas o las actualizaciones de seguimiento, p\u00f3ngase en contacto con nosotros.<\/p>\n\n\n\n<p><strong>P\u00e1gina web:<\/strong> airmezvip.com<br><strong>Correo electr\u00f3nico:<\/strong> <a>chunghwashop11@gmail.com<\/a><br><strong>WhatsApp:<\/strong> +44 7922291211<br><strong>Facebook Messenger:<\/strong> <a href=\"https:\/\/m.me\/Chunghwashop\">https:\/\/m.me\/Chunghwashop<\/a><\/p>\n\n\n\n<p><strong>Horario de atenci\u00f3n al cliente:<\/strong><br>De lunes a viernes 09:00 - 18:00<br>S\u00e1bado - Domingo: 10:00 - 17:00<br>Zona horaria: Hora del Reino Unido<\/p>\n\n\n\n<p><strong>Nombre de la empresa:<\/strong> WORLDWIDE TRADING LIMITEDVANTAGE<\/p>\n\n\n\n<p><strong>Direcci\u00f3n de la empresa:<\/strong><br>Oficina I-1, 4\/F, Golden Dragon Industrial Centre Phase II, 162-170 Tai Lin Pai Road, Kwai Chung, Nuevos Territorios, Hong Kong<\/p>\n\n\n\n<p><strong>UK Warehouse Address:<\/strong><br>Suite 12, 48 High Street, Birmingham, B4 7SR, Reino Unido<\/p>","protected":false},"excerpt":{"rendered":"<p>Last Updated: May 4, 2026 Thank you for shopping at Airmezvip.com. This Shipping Policy explains how we process, ship, and deliver Airmez e-cigarette orders. Airmezvip.com mainly serves adult customers and wholesale buyers in Europe, the United Kingdom, and Australia, with overseas warehouse support for faster delivery in selected regions. Please read this Shipping Policy carefully [&hellip;]<\/p>\n","protected":false},"author":1,"featured_media":0,"parent":0,"menu_order":0,"comment_status":"closed","ping_status":"closed","template":"","meta":{"_joinchat":[],"footnotes":""},"class_list":["post-648","page","type-page","status-publish","hentry"],"_links":{"self":[{"href":"https:\/\/airmezvip.com\/es\/wp-json\/wp\/v2\/pages\/648","targetHints":{"allow":["GET"]}}],"collection":[{"href":"https:\/\/airmezvip.com\/es\/wp-json\/wp\/v2\/pages"}],"about":[{"href":"https:\/\/airmezvip.com\/es\/wp-json\/wp\/v2\/types\/page"}],"author":[{"embeddable":true,"href":"https:\/\/airmezvip.com\/es\/wp-json\/wp\/v2\/users\/1"}],"replies":[{"embeddable":true,"href":"https:\/\/airmezvip.com\/es\/wp-json\/wp\/v2\/comments?post=648"}],"version-history":[{"count":1,"href":"https:\/\/airmezvip.com\/es\/wp-json\/wp\/v2\/pages\/648\/revisions"}],"predecessor-version":[{"id":649,"href":"https:\/\/airmezvip.com\/es\/wp-json\/wp\/v2\/pages\/648\/revisions\/649"}],"wp:attachment":[{"href":"https:\/\/airmezvip.com\/es\/wp-json\/wp\/v2\/media?parent=648"}],"curies":[{"name":"wp","href":"https:\/\/api.w.org\/{rel}","templated":true}]}}