{"id":634,"date":"2026-05-04T06:40:48","date_gmt":"2026-05-04T06:40:48","guid":{"rendered":"https:\/\/airmezvip.com\/?page_id=634"},"modified":"2026-05-04T06:45:16","modified_gmt":"2026-05-04T06:45:16","slug":"contact-us","status":"publish","type":"page","link":"https:\/\/airmezvip.com\/es\/contact-us\/","title":{"rendered":"Contacte con nosotros"},"content":{"rendered":"<p>\u00bfTiene alguna pregunta sobre los cigarrillos electr\u00f3nicos Airmez, los pedidos al por mayor, el env\u00edo o la disponibilidad del producto?<\/p>\n\n\n\n<p><a href=\"https:\/\/airmezvip.com\/es\/\">Airmezvip.com<\/a> est\u00e1 aqu\u00ed para ayudar a los clientes adultos, minoristas, revendedores y compradores al por mayor, especialmente en <strong>Europa y Australia<\/strong>. Si desea preguntar sobre modelos de productos Airmez, opciones de sabores, precios al por mayor, detalles de entrega o asistencia para pedidos, nuestro equipo de atenci\u00f3n al cliente har\u00e1 todo lo posible por responderle de forma clara y r\u00e1pida.<\/p>\n\n\n\n<h2 class=\"wp-block-heading\">Informaci\u00f3n de contacto<\/h2>\n\n\n\n<p>Puedes ponerte en contacto con Airmezvip a trav\u00e9s de WhatsApp, correo electr\u00f3nico o Facebook Messenger.<\/p>\n\n\n\n<h3 class=\"wp-block-heading\">WhatsApp<\/h3>\n\n\n\n<p><strong>+44 7922291211<\/strong><\/p>\n\n\n\n<p>Para una asistencia m\u00e1s r\u00e1pida, le recomendamos que se ponga en contacto con nosotros por WhatsApp.<\/p>\n\n\n\n<p>Cuando env\u00ede un mensaje de WhatsApp, incluya:<\/p>\n\n\n\n<ul class=\"wp-block-list\">\n<li>Modelo de producto<\/li>\n\n\n\n<li>Cantidad requerida<\/li>\n\n\n\n<li>Solicitud de sabor<\/li>\n\n\n\n<li>Pa\u00eds de destino<\/li>\n\n\n\n<li>Venta al por menor o al por mayor<\/li>\n<\/ul>\n\n\n\n<p>Esto ayuda a nuestro equipo a comprobar la disponibilidad del producto y proporcionar una respuesta m\u00e1s r\u00e1pida.<\/p>\n\n\n\n<h3 class=\"wp-block-heading\">Correo electr\u00f3nico<\/h3>\n\n\n\n<p><strong><a>chunghwashop11@gmail.com<\/a><\/strong><\/p>\n\n\n\n<p>Tambi\u00e9n puede ponerse en contacto con nosotros por correo electr\u00f3nico para preguntas sobre productos, cooperaci\u00f3n al por mayor, detalles del pedido o ayuda para el env\u00edo.<\/p>\n\n\n\n<p>Cuando env\u00ede un correo electr\u00f3nico, incluya su nombre, pa\u00eds, modelo de producto, cantidad y cualquier solicitud especial. Para consultas al por mayor, incluya tambi\u00e9n su tipo de negocio, como vape shop, revendedor, distribuidor o minorista en l\u00ednea.<\/p>\n\n\n\n<h3 class=\"wp-block-heading\">Facebook Messenger<\/h3>\n\n\n\n<p><strong>Facebook Messenger:<\/strong> <a href=\"https:\/\/m.me\/Chunghwashop\">https:\/\/m.me\/Chunghwashop<\/a><\/p>\n\n\n\n<p>Tambi\u00e9n puedes ponerte en contacto con nosotros a trav\u00e9s de Facebook Messenger si tienes preguntas sobre productos, pedidos o consultas sobre ventas al por mayor.<\/p>\n\n\n\n<p>Para una mejor asistencia, env\u00edenos el nombre del producto, la cantidad, el pa\u00eds de destino y los requisitos de sabor.<\/p>\n\n\n\n<h2 class=\"wp-block-heading\">Horario de atenci\u00f3n al cliente<\/h2>\n\n\n\n<p>Nuestro equipo de atenci\u00f3n al cliente est\u00e1 disponible en el siguiente horario:<\/p>\n\n\n\n<p><strong>De lunes a viernes:<\/strong> 09:00 - 18:00<br><strong>S\u00e1bado - Domingo:<\/strong> 10:00 - 17:00<br><strong>Zona horaria:<\/strong> Hora del Reino Unido<\/p>\n\n\n\n<p>Los mensajes recibidos fuera del horario laboral se contestar\u00e1n lo antes posible durante el siguiente periodo de servicio.<\/p>\n\n\n\n<h2 class=\"wp-block-heading\">Consultas al por mayor<\/h2>\n\n\n\n<p>Airmezvip admite pedidos al por mayor de cigarrillos electr\u00f3nicos Airmez.<\/p>\n\n\n\n<p>Atendemos principalmente a clientes adultos, vape shops, minoristas en l\u00ednea, distribuidores, revendedores y compradores al por mayor en <strong>Europa y Australia<\/strong>. Las grandes cantidades al por mayor pueden recibir mejores precios unitarios.<\/p>\n\n\n\n<p>Para pedidos al por mayor, p\u00f3ngase en contacto con nuestro equipo de atenci\u00f3n al cliente antes de realizar el pedido.<\/p>\n\n\n\n<p>Para obtener un presupuesto m\u00e1s preciso, facil\u00edtenos sus datos:<\/p>\n\n\n\n<ul class=\"wp-block-list\">\n<li>Modelo de producto<\/li>\n\n\n\n<li>Cantidad requerida<\/li>\n\n\n\n<li>Selecci\u00f3n de sabores<\/li>\n\n\n\n<li>Pa\u00eds de destino<\/li>\n\n\n\n<li>Requisitos de entrega<\/li>\n\n\n\n<li>Tipo de empresa<\/li>\n\n\n\n<li>Frecuencia prevista de los pedidos, si est\u00e1 disponible<\/li>\n<\/ul>\n\n\n\n<p>Los precios al por mayor pueden variar en funci\u00f3n del modelo de producto, la cantidad, el nivel de existencias y el destino. Nuestro equipo le ayudar\u00e1 a comprobar las opciones disponibles y le proporcionar\u00e1 la asistencia adecuada para el pedido.<\/p>\n\n\n\n<h2 class=\"wp-block-heading\">Asistencia para env\u00edos<\/h2>\n\n\n\n<p>Airmezvip se centra principalmente en <strong>Europa y Australia<\/strong>.<\/p>\n\n\n\n<p>La entrega en estas regiones suele ser m\u00e1s r\u00e1pida porque ofrecemos un mayor apoyo log\u00edstico y de producto para estos mercados.<\/p>\n\n\n\n<p>Es posible que tambi\u00e9n ofrezcamos asistencia a otros destinos internacionales en funci\u00f3n de la disponibilidad del producto, el estado de las existencias y las condiciones de env\u00edo. Si su pa\u00eds est\u00e1 fuera de Europa o Australia, p\u00f3ngase en contacto con nosotros antes de realizar el pedido para confirmar si el env\u00edo est\u00e1 disponible.<\/p>\n\n\n\n<h2 class=\"wp-block-heading\">Preguntas sobre el producto<\/h2>\n\n\n\n<p>\u00bfNo est\u00e1 seguro de qu\u00e9 modelo Airmez elegir?<\/p>\n\n\n\n<p>Puede ponerse en contacto con nosotros antes de realizar un pedido. Nuestro equipo puede ayudarle a comprobar detalles del producto como:<\/p>\n\n\n\n<ul class=\"wp-block-list\">\n<li>Recuento de puff<\/li>\n\n\n\n<li>Opciones de sabor<\/li>\n\n\n\n<li>Potencia de nicotina<\/li>\n\n\n\n<li>Tipo de carga<\/li>\n\n\n\n<li>Dise\u00f1o de la bobina<\/li>\n\n\n\n<li>Cantidad de envases<\/li>\n\n\n\n<li>Disponibilidad al por menor o al por mayor<\/li>\n\n\n\n<li>Estado actual de las existencias<\/li>\n\n\n\n<li>Opciones de env\u00edo<\/li>\n<\/ul>\n\n\n\n<p>Nuestro objetivo es que el proceso de compra sea sencillo y claro para los clientes adultos y los compradores al por mayor.<\/p>\n\n\n\n<h2 class=\"wp-block-heading\">Informaci\u00f3n sobre la empresa<\/h2>\n\n\n\n<p><strong>P\u00e1gina web:<\/strong> airmezvip.com<\/p>\n\n\n\n<p><strong>Nombre de la empresa:<\/strong> WORLDWIDE TRADING LIMITEDVANTAGE<\/p>\n\n\n\n<p><strong>Direcci\u00f3n de la empresa:<\/strong><br>Oficina I-1, 4\/F, Golden Dragon Industrial Centre Phase II, 162-170 Tai Lin Pai Road, Kwai Chung, Nuevos Territorios, Hong Kong<\/p>\n\n\n\n<p><strong>UK Warehouse Address:<\/strong><br>Suite 12, 48 High Street, Birmingham, B4 7SR, Reino Unido<\/p>\n\n\n\n<h2 class=\"wp-block-heading\">Uso responsable por parte de los adultos<\/h2>\n\n\n\n<p>Airmezvip vende cigarrillos electr\u00f3nicos s\u00f3lo para adultos.<\/p>\n\n\n\n<p>Recomendamos a los clientes que <strong>21 a\u00f1os o m\u00e1s<\/strong> antes de comprar en nuestro sitio web.<\/p>\n\n\n\n<p>Nuestros productos pueden contener nicotina. La nicotina es adictiva. Los cigarrillos electr\u00f3nicos no son aptos para menores, no fumadores, mujeres embarazadas o en periodo de lactancia, o cualquier persona que deba evitar los productos con nicotina.<\/p>\n\n\n\n<p>Los clientes son responsables de comprender y cumplir las leyes y normativas de su propio pa\u00eds o regi\u00f3n antes de comprar.<\/p>\n\n\n\n<p>Airmezvip no apoya el uso por parte de menores, la reventa ilegal ni el uso indebido de ning\u00fan producto de cigarrillo electr\u00f3nico.<\/p>\n\n\n\n<h2 class=\"wp-block-heading\">Obtenga ayuda ahora<\/h2>\n\n\n\n<p>Para una respuesta m\u00e1s r\u00e1pida, p\u00f3ngase en contacto con nosotros por WhatsApp.<\/p>\n\n\n\n<p><strong>WhatsApp:<\/strong> +44 7922291211<br><strong>Correo electr\u00f3nico:<\/strong> <a>chunghwashop11@gmail.com<\/a><br><strong>Facebook Messenger:<\/strong> <a href=\"https:\/\/m.me\/Chunghwashop\">https:\/\/m.me\/Chunghwashop<\/a><br><strong>Horario de atenci\u00f3n al p\u00fablico:<\/strong> Lunes-viernes 09:00-18:00, s\u00e1bado-domingo 10:00-17:00, hora del Reino Unido<\/p>\n\n\n\n<p>Airmezvip.com se compromete a proporcionar informaci\u00f3n clara sobre los productos, asistencia al por mayor y un pr\u00e1ctico servicio de atenci\u00f3n al cliente para los compradores adultos de cigarrillos electr\u00f3nicos Airmez en Europa y Australia.<\/p>","protected":false},"excerpt":{"rendered":"<p>Have a question about Airmez e-cigarettes, wholesale orders, shipping, or product availability? Airmezvip.com is here to help adult customers, retailers, resellers, and wholesale buyers, especially in Europe and Australia. Whether you want to ask about Airmez product models, flavor options, bulk pricing, delivery details, or order support, our customer service team will do its best [&hellip;]<\/p>\n","protected":false},"author":1,"featured_media":0,"parent":0,"menu_order":0,"comment_status":"closed","ping_status":"closed","template":"","meta":{"_joinchat":[],"footnotes":""},"class_list":["post-634","page","type-page","status-publish","hentry"],"_links":{"self":[{"href":"https:\/\/airmezvip.com\/es\/wp-json\/wp\/v2\/pages\/634","targetHints":{"allow":["GET"]}}],"collection":[{"href":"https:\/\/airmezvip.com\/es\/wp-json\/wp\/v2\/pages"}],"about":[{"href":"https:\/\/airmezvip.com\/es\/wp-json\/wp\/v2\/types\/page"}],"author":[{"embeddable":true,"href":"https:\/\/airmezvip.com\/es\/wp-json\/wp\/v2\/users\/1"}],"replies":[{"embeddable":true,"href":"https:\/\/airmezvip.com\/es\/wp-json\/wp\/v2\/comments?post=634"}],"version-history":[{"count":2,"href":"https:\/\/airmezvip.com\/es\/wp-json\/wp\/v2\/pages\/634\/revisions"}],"predecessor-version":[{"id":641,"href":"https:\/\/airmezvip.com\/es\/wp-json\/wp\/v2\/pages\/634\/revisions\/641"}],"wp:attachment":[{"href":"https:\/\/airmezvip.com\/es\/wp-json\/wp\/v2\/media?parent=634"}],"curies":[{"name":"wp","href":"https:\/\/api.w.org\/{rel}","templated":true}]}}