{"id":629,"date":"2026-05-04T05:08:26","date_gmt":"2026-05-04T05:08:26","guid":{"rendered":"https:\/\/airmezvip.com\/?page_id=629"},"modified":"2026-05-04T05:08:26","modified_gmt":"2026-05-04T05:08:26","slug":"about-us","status":"publish","type":"page","link":"https:\/\/airmezvip.com\/es\/about-us\/","title":{"rendered":"Qui\u00e9nes somos"},"content":{"rendered":"<p><a href=\"https:\/\/airmezvip.com\/es\/\">Airmezvip<\/a> es una tienda en l\u00ednea dedicada a los cigarrillos electr\u00f3nicos Airmez para clientes adultos en <strong>Europa y Australia<\/strong>.<\/p>\n\n\n\n<p>Nuestro sitio web est\u00e1 dise\u00f1ado para compradores que desean informaci\u00f3n clara sobre los productos, opciones de sabores, asistencia pr\u00e1ctica para pedidos y un servicio flexible de venta al por mayor. Proporcionamos principalmente productos de vapeo Airmez para los mercados europeo y australiano, incluyendo vapeadores desechables de gran potencia, modelos multi-sabor, dispositivos recargables y opciones de productos listos para la venta al por mayor.<\/p>\n\n\n\n<p>Airmezvip est\u00e1 gestionado por <strong>WORLDWIDE TRADING LIMITEDVANTAGE<\/strong>.<\/p>\n\n\n\n<p><strong>Direcci\u00f3n de la empresa:<\/strong><br>Oficina I-1, 4\/F, Golden Dragon Industrial Centre Phase II, 162-170 Tai Lin Pai Road, Kwai Chung, Nuevos Territorios, Hong Kong<\/p>\n\n\n\n<p><strong>UK Warehouse Address:<\/strong><br>Suite 12, 48 High Street, Birmingham, B4 7SR, Reino Unido<\/p>\n\n\n\n<p>Con el apoyo de suministro de productos y recursos de almac\u00e9n, Airmezvip pretende proporcionar una experiencia de compra m\u00e1s fluida a los clientes adultos, minoristas, revendedores y compradores al por mayor, especialmente en Europa y Australia.<\/p>\n\n\n\n<h2 class=\"wp-block-heading\">Qui\u00e9nes somos<\/h2>\n\n\n\n<p>Airmezvip se cre\u00f3 para servir a los compradores de vape para adultos que buscan cigarrillos electr\u00f3nicos Airmez con opciones de modelos claras y un servicio fiable.<\/p>\n\n\n\n<p>Nuestros principales clientes son de:<\/p>\n\n\n\n<ul class=\"wp-block-list\">\n<li>Europa<\/li>\n\n\n\n<li>Australia<\/li>\n\n\n\n<li>Reino Unido<\/li>\n\n\n\n<li>Vape shops<\/li>\n\n\n\n<li>Minoristas en l\u00ednea<\/li>\n\n\n\n<li>Distribuidores<\/li>\n\n\n\n<li>Revendedores<\/li>\n\n\n\n<li>Compradores a granel<\/li>\n<\/ul>\n\n\n\n<p>Entendemos que los clientes europeos y australianos a menudo se preocupan por la disponibilidad del producto, las opciones de sabor, la potencia de la nicotina, la velocidad de entrega y los precios al por mayor antes de realizar un pedido.<\/p>\n\n\n\n<p>Por eso Airmezvip se centra en p\u00e1ginas de productos sencillas, detalles claros de los productos y una atenci\u00f3n al cliente receptiva.<\/p>\n\n\n\n<p>Tanto si compra para uso personal, reventa al por menor o distribuci\u00f3n al por mayor, nuestro equipo puede ayudarle a comprender los modelos Airmez disponibles y las opciones de pedido.<\/p>\n\n\n\n<h2 class=\"wp-block-heading\">Qu\u00e9 vendemos<\/h2>\n\n\n\n<p>Airmezvip se centra en los productos de cigarrillos electr\u00f3nicos Airmez para clientes adultos.<\/p>\n\n\n\n<p>Nuestras categor\u00edas de productos incluyen principalmente:<\/p>\n\n\n\n<ul class=\"wp-block-list\">\n<li>Cigarrillos electr\u00f3nicos Airmez para Europa<\/li>\n\n\n\n<li>Cigarrillos electr\u00f3nicos Airmez para Australia<\/li>\n\n\n\n<li>Vapeadores desechables de gran potencia<\/li>\n\n\n\n<li>Dispositivos de vapeo Airmez multi-sabor<\/li>\n\n\n\n<li>Modelos Airmez recargables<\/li>\n\n\n\n<li>Opciones Airmez para minoristas y mayoristas<\/li>\n<\/ul>\n\n\n\n<p>Algunos productos Airmez pueden incluir caracter\u00edsticas como tecnolog\u00eda de bobina de malla, carga Type-C, gran capacidad de e-l\u00edquido, m\u00faltiples modos de sabor y diferentes opciones de potencia de nicotina.<\/p>\n\n\n\n<p>Nuestro objetivo es presentar la informaci\u00f3n de los productos de forma clara, para que los clientes puedan comparar modelos y elegir los productos adecuados antes de hacer el pedido.<\/p>\n\n\n\n<h2 class=\"wp-block-heading\">Centrado en Europa y Australia<\/h2>\n\n\n\n<p>Airmezvip abastece principalmente a los mercados europeo y australiano.<\/p>\n\n\n\n<p>Estos dos mercados son importantes para nosotros porque muchos clientes de estas regiones buscan cigarrillos electr\u00f3nicos con gran cantidad de caladas, gran variedad de sabores, pedidos c\u00f3modos y un servicio de entrega m\u00e1s r\u00e1pido.<\/p>\n\n\n\n<p>Para los clientes europeos, el apoyo de nuestro almac\u00e9n en el Reino Unido puede ayudar a mejorar la eficacia de la tramitaci\u00f3n de determinados pedidos.<\/p>\n\n\n\n<p>Para los clientes australianos, tambi\u00e9n ofrecemos opciones de productos y asistencia para pedidos en funci\u00f3n de los modelos Airmez disponibles y los acuerdos de env\u00edo actuales.<\/p>\n\n\n\n<p>El plazo de entrega real puede variar en funci\u00f3n de las existencias del producto, el destino, el despacho de aduanas y el servicio de mensajer\u00eda local.<\/p>\n\n\n\n<h2 class=\"wp-block-heading\">\u00bfPor qu\u00e9 elegir Airmezvip?<\/h2>\n\n\n\n<p>Airmezvip se basa en la selecci\u00f3n de productos, la comunicaci\u00f3n clara y la flexibilidad en los pedidos para Europa y Australia.<\/p>\n\n\n\n<h3 class=\"wp-block-heading\">1. Selecci\u00f3n de productos Airmez<\/h3>\n\n\n\n<p>Airmezvip se especializa en cigarrillos electr\u00f3nicos Airmez.<\/p>\n\n\n\n<p>En lugar de enumerar demasiados productos de vapeo no relacionados, nos centramos en los modelos Airmez que son adecuados para clientes adultos y compradores al por mayor en Europa y Australia.<\/p>\n\n\n\n<p>Esto facilita la b\u00fasqueda de productos, la comparaci\u00f3n de caracter\u00edsticas y la selecci\u00f3n del modelo adecuado.<\/p>\n\n\n\n<h3 class=\"wp-block-heading\">2. Informaci\u00f3n clara sobre el producto<\/h3>\n\n\n\n<p>Cada p\u00e1gina de producto est\u00e1 dise\u00f1ada para mostrar detalles \u00fatiles antes de la compra.<\/p>\n\n\n\n<p>Los clientes pueden consultar informaci\u00f3n como:<\/p>\n\n\n\n<ul class=\"wp-block-list\">\n<li>Modelo de producto<\/li>\n\n\n\n<li>Recuento de puff<\/li>\n\n\n\n<li>Lista de sabores<\/li>\n\n\n\n<li>Potencia de nicotina<\/li>\n\n\n\n<li>Tipo de carga<\/li>\n\n\n\n<li>Tipo de bobina<\/li>\n\n\n\n<li>Cantidad de envases<\/li>\n\n\n\n<li>Disponibilidad al por menor o al por mayor<\/li>\n<\/ul>\n\n\n\n<p>Una informaci\u00f3n clara ayuda a los clientes a tomar mejores decisiones de compra.<\/p>\n\n\n\n<h3 class=\"wp-block-heading\">3. Soporte de entrega m\u00e1s r\u00e1pido para Europa y Australia<\/h3>\n\n\n\n<p>Airmezvip admite env\u00edos internacionales, pero <strong>Europa y Australia son nuestros principales mercados de servicios<\/strong>.<\/p>\n\n\n\n<p>La entrega en estas regiones suele ser m\u00e1s r\u00e1pida porque nos centramos m\u00e1s en la disponibilidad de los productos, el apoyo log\u00edstico y la gesti\u00f3n de los pedidos para estos destinos.<\/p>\n\n\n\n<p>Para los clientes de fuera de Europa y Australia, p\u00f3ngase en contacto con nuestro equipo de atenci\u00f3n al cliente antes de realizar el pedido para confirmar las opciones de env\u00edo.<\/p>\n\n\n\n<h3 class=\"wp-block-heading\">4. Asistencia en almac\u00e9n en el Reino Unido<\/h3>\n\n\n\n<p>La direcci\u00f3n de nuestro almac\u00e9n en el Reino Unido es<\/p>\n\n\n\n<p><strong>Suite 12, 48 High Street, Birmingham, B4 7SR, Reino Unido<\/strong><\/p>\n\n\n\n<p>Este apoyo de almac\u00e9n nos ayuda a servir m\u00e1s eficazmente determinados pedidos del Reino Unido y Europa.<\/p>\n\n\n\n<p>Para los compradores al por mayor en Europa, esto puede ser especialmente \u00fatil a la hora de comprobar las existencias, las opciones de entrega y la gesti\u00f3n de los pedidos.<\/p>\n\n\n\n<h3 class=\"wp-block-heading\">5. Apoyo a pedidos al por mayor<\/h3>\n\n\n\n<p>Airmezvip admite pedidos al por mayor de cigarrillos electr\u00f3nicos Airmez.<\/p>\n\n\n\n<p>Los precios al por mayor suelen basarse en el modelo de producto, la cantidad, el destino y las existencias actuales.<\/p>\n\n\n\n<p>En general, cuanto mayor sea la cantidad al por mayor, menor ser\u00e1 el precio unitario posible.<\/p>\n\n\n\n<p>Los compradores al por mayor pueden ponerse en contacto con nuestro equipo de atenci\u00f3n al cliente para:<\/p>\n\n\n\n<ul class=\"wp-block-list\">\n<li>Modelos Airmez disponibles<\/li>\n\n\n\n<li>Opciones de sabor<\/li>\n\n\n\n<li>Cantidad de pedidos a granel<\/li>\n\n\n\n<li>Niveles de precios al por mayor<\/li>\n\n\n\n<li>Detalles del embalaje<\/li>\n\n\n\n<li>Ayuda a la expedici\u00f3n<\/li>\n\n\n\n<li>Modalidades de entrega<\/li>\n\n\n\n<li>Cooperaci\u00f3n a largo plazo<\/li>\n<\/ul>\n\n\n\n<p>Si es propietario de una tienda de vapeo, revendedor, distribuidor o minorista en l\u00ednea en Europa o Australia, Airmezvip puede ayudarle a comprobar los productos Airmez adecuados y las opciones de venta al por mayor.<\/p>\n\n\n\n<h2 class=\"wp-block-heading\">Para clientes europeos<\/h2>\n\n\n\n<p>Airmezvip ofrece opciones de cigarrillos electr\u00f3nicos Airmez para clientes adultos y compradores mayoristas de toda Europa.<\/p>\n\n\n\n<p>Los compradores europeos pueden ponerse en contacto con nosotros:<\/p>\n\n\n\n<ul class=\"wp-block-list\">\n<li>Disponibilidad de los productos Airmez<\/li>\n\n\n\n<li>Selecci\u00f3n de sabores<\/li>\n\n\n\n<li>Precios al por mayor<\/li>\n\n\n\n<li>Asistencia en almac\u00e9n en el Reino Unido<\/li>\n\n\n\n<li>Detalles de la cantidad del pedido<\/li>\n\n\n\n<li>Informaci\u00f3n de env\u00edo<\/li>\n\n\n\n<li>Ayuda para compras al por mayor<\/li>\n<\/ul>\n\n\n\n<p>Nuestro objetivo es que el proceso de pedido sea sencillo y claro para los clientes europeos.<\/p>\n\n\n\n<p>Para los compradores al por mayor, p\u00f3ngase en contacto con el servicio de atenci\u00f3n al cliente antes de realizar un pedido grande. Nuestro equipo puede ayudar a confirmar la disponibilidad del modelo, las opciones de sabor, y el apoyo estimado de env\u00edo.<\/p>\n\n\n\n<h2 class=\"wp-block-heading\">Para clientes australianos<\/h2>\n\n\n\n<p>Airmezvip tambi\u00e9n atiende a clientes adultos y compradores mayoristas en Australia.<\/p>\n\n\n\n<p>Los compradores australianos pueden ponerse en contacto con nosotros para:<\/p>\n\n\n\n<ul class=\"wp-block-list\">\n<li>Modelos Airmez disponibles<\/li>\n\n\n\n<li>Caracter\u00edsticas del producto<\/li>\n\n\n\n<li>Opciones de sabor<\/li>\n\n\n\n<li>Detalles del pedido a granel<\/li>\n\n\n\n<li>Ayuda a la expedici\u00f3n<\/li>\n\n\n\n<li>Precios al por mayor<\/li>\n<\/ul>\n\n\n\n<p>Dado que las normas y los requisitos de importaci\u00f3n de los cigarrillos electr\u00f3nicos pueden variar seg\u00fan la regi\u00f3n, los clientes son responsables de conocer y cumplir las leyes locales antes de comprar.<\/p>\n\n\n\n<p>Nuestro equipo puede facilitar informaci\u00f3n sobre productos y pedidos, pero los clientes deben asegurarse siempre de que la compra cumple la normativa local.<\/p>\n\n\n\n<h2 class=\"wp-block-heading\">Uso responsable por parte de los adultos<\/h2>\n\n\n\n<p>Airmezvip vende cigarrillos electr\u00f3nicos s\u00f3lo para adultos.<\/p>\n\n\n\n<p>Recomendamos a los clientes que <strong>21 a\u00f1os o m\u00e1s<\/strong> antes de comprar en nuestro sitio web.<\/p>\n\n\n\n<p>Nuestros productos pueden contener nicotina. La nicotina es adictiva. Los cigarrillos electr\u00f3nicos no son aptos para menores, no fumadores, mujeres embarazadas o en periodo de lactancia, o cualquier persona que deba evitar los productos con nicotina.<\/p>\n\n\n\n<p>Los clientes son responsables de cumplir las leyes y normativas de su propio pa\u00eds o regi\u00f3n antes de comprar.<\/p>\n\n\n\n<p>Airmezvip no apoya el uso por parte de menores, la reventa ilegal ni el uso indebido de ning\u00fan producto de cigarrillo electr\u00f3nico.<\/p>\n\n\n\n<h2 class=\"wp-block-heading\">Nuestro compromiso de servicio<\/h2>\n\n\n\n<p>El objetivo de Airmezvip es ofrecer una experiencia de compra clara y fiable a los clientes adultos de Europa y Australia.<\/p>\n\n\n\n<h3 class=\"wp-block-heading\">Detalles del producto<\/h3>\n\n\n\n<p>Intentamos que cada p\u00e1gina de producto sea sencilla y \u00fatil, para que los clientes puedan comprender r\u00e1pidamente las caracter\u00edsticas principales de cada modelo Airmez.<\/p>\n\n\n\n<h3 class=\"wp-block-heading\">Asistencia pr\u00e1ctica al cliente<\/h3>\n\n\n\n<p>Nuestro equipo puede ayudarle con la selecci\u00f3n de productos, preguntas sobre sabores, consultas sobre venta al por mayor e informaci\u00f3n sobre env\u00edos.<\/p>\n\n\n\n<h3 class=\"wp-block-heading\">Pedidos flexibles al por menor y al por mayor<\/h3>\n\n\n\n<p>Atendemos tanto pedidos peque\u00f1os como grandes pedidos al por mayor.<\/p>\n\n\n\n<p>Para los compradores al por mayor, las cantidades mayores pueden recibir mejores precios unitarios.<\/p>\n\n\n\n<h3 class=\"wp-block-heading\">Europa y Australia<\/h3>\n\n\n\n<p>Aunque realizamos env\u00edos a todo el mundo, nos centramos principalmente en Europa y Australia.<\/p>\n\n\n\n<p>Esto nos ayuda a proporcionar informaci\u00f3n de productos m\u00e1s espec\u00edfica y un mejor servicio de pedidos para estas regiones.<\/p>\n\n\n\n<h2 class=\"wp-block-heading\">Cooperaci\u00f3n mayorista<\/h2>\n\n\n\n<p>Airmezvip da la bienvenida a la cooperaci\u00f3n al por mayor de Europa y Australia.<\/p>\n\n\n\n<p>Si es usted distribuidor, tienda de vapeo, vendedor en l\u00ednea o comprador al por mayor, p\u00f3ngase en contacto con nuestro equipo de atenci\u00f3n al cliente antes de realizar un pedido al por mayor.<\/p>\n\n\n\n<p>Para obtener un presupuesto al por mayor m\u00e1s preciso, facil\u00edtenos:<\/p>\n\n\n\n<ul class=\"wp-block-list\">\n<li>Modelo de producto<\/li>\n\n\n\n<li>Cantidad requerida<\/li>\n\n\n\n<li>Selecci\u00f3n de sabores<\/li>\n\n\n\n<li>Pa\u00eds de destino<\/li>\n\n\n\n<li>Venta al por menor o al por mayor<\/li>\n\n\n\n<li>Requisitos de entrega preferidos<\/li>\n<\/ul>\n\n\n\n<p>Cuanta m\u00e1s informaci\u00f3n nos facilite, m\u00e1s f\u00e1cil ser\u00e1 para nuestro equipo comprobar la disponibilidad del producto y ofrecerle la asistencia adecuada.<\/p>\n\n\n\n<h2 class=\"wp-block-heading\">Nuestra misi\u00f3n<\/h2>\n\n\n\n<p>Nuestra misi\u00f3n es hacer que la compra de cigarrillos electr\u00f3nicos Airmez sea m\u00e1s f\u00e1cil y clara para los clientes adultos de Europa y Australia.<\/p>\n\n\n\n<p>Queremos que Airmezvip se convierta en un destino en l\u00ednea centrado en los productos Airmez, donde los clientes puedan comparar modelos, conocer las caracter\u00edsticas de los productos, preguntar sobre precios al por mayor y recibir asistencia pr\u00e1ctica para realizar pedidos.<\/p>\n\n\n\n<p>Nos centramos en:<\/p>\n\n\n\n<ul class=\"wp-block-list\">\n<li>Productos de cigarrillos electr\u00f3nicos Airmez<\/li>\n\n\n\n<li>Apoyo a los mercados de Europa y Australia<\/li>\n\n\n\n<li>Informaci\u00f3n clara sobre el producto<\/li>\n\n\n\n<li>Venta responsable s\u00f3lo para adultos<\/li>\n\n\n\n<li>Servicio de pedidos al por mayor<\/li>\n\n\n\n<li>Mejores precios para grandes cantidades<\/li>\n\n\n\n<li>Comunicaci\u00f3n pr\u00e1ctica con el cliente<\/li>\n<\/ul>\n\n\n\n<p>Airmezvip est\u00e1 aqu\u00ed para ayudar a los clientes adultos y a los compradores al por mayor a encontrar los productos Airmez adecuados con confianza.<\/p>\n\n\n\n<h2 class=\"wp-block-heading\">Contacte con nosotros<\/h2>\n\n\n\n<p>\u00bfTiene alguna pregunta sobre los cigarrillos electr\u00f3nicos Airmez, los precios al por mayor, el env\u00edo o la disponibilidad del producto?<\/p>\n\n\n\n<p>P\u00f3ngase en contacto con nuestro servicio de atenci\u00f3n al cliente.<\/p>\n\n\n\n<p>Para consultas sobre ventas al por mayor, incluya el modelo de producto, la cantidad, el sabor solicitado y el pa\u00eds de destino. Nuestro equipo le ayudar\u00e1 a comprobar las opciones disponibles y le prestar\u00e1 asistencia en el pedido.<\/p>\n\n\n\n<p><strong>Nombre de la empresa:<\/strong> WORLDWIDE TRADING LIMITEDVANTAGE<br><strong>Direcci\u00f3n de la empresa:<\/strong> Oficina I-1, 4\/F, Golden Dragon Industrial Centre Phase II, 162-170 Tai Lin Pai Road, Kwai Chung, Nuevos Territorios, Hong Kong<br><strong>UK Warehouse Address:<\/strong> Suite 12, 48 High Street, Birmingham, B4 7SR, Reino Unido<\/p>\n\n\n\n<p>Airmezvip atiende principalmente a clientes adultos y compradores al por mayor de Europa y Australia, con informaci\u00f3n clara sobre los productos, asistencia flexible al por mayor y un pr\u00e1ctico servicio de env\u00edo.<\/p>","protected":false},"excerpt":{"rendered":"<p>Airmezvip is an online store focused on Airmez e-cigarettes for adult customers in Europe and Australia. Our website is designed for buyers who want clear product information, rich flavor options, practical order support, and flexible wholesale service. We mainly provide Airmez vape products for the European and Australian markets, including high-puff disposable vapes, multi-flavor models, [&hellip;]<\/p>\n","protected":false},"author":1,"featured_media":0,"parent":0,"menu_order":0,"comment_status":"closed","ping_status":"closed","template":"","meta":{"_joinchat":[],"footnotes":""},"class_list":["post-629","page","type-page","status-publish","hentry"],"_links":{"self":[{"href":"https:\/\/airmezvip.com\/es\/wp-json\/wp\/v2\/pages\/629","targetHints":{"allow":["GET"]}}],"collection":[{"href":"https:\/\/airmezvip.com\/es\/wp-json\/wp\/v2\/pages"}],"about":[{"href":"https:\/\/airmezvip.com\/es\/wp-json\/wp\/v2\/types\/page"}],"author":[{"embeddable":true,"href":"https:\/\/airmezvip.com\/es\/wp-json\/wp\/v2\/users\/1"}],"replies":[{"embeddable":true,"href":"https:\/\/airmezvip.com\/es\/wp-json\/wp\/v2\/comments?post=629"}],"version-history":[{"count":1,"href":"https:\/\/airmezvip.com\/es\/wp-json\/wp\/v2\/pages\/629\/revisions"}],"predecessor-version":[{"id":630,"href":"https:\/\/airmezvip.com\/es\/wp-json\/wp\/v2\/pages\/629\/revisions\/630"}],"wp:attachment":[{"href":"https:\/\/airmezvip.com\/es\/wp-json\/wp\/v2\/media?parent=629"}],"curies":[{"name":"wp","href":"https:\/\/api.w.org\/{rel}","templated":true}]}}