{"id":22,"date":"2026-04-29T06:47:23","date_gmt":"2026-04-29T06:47:23","guid":{"rendered":"https:\/\/airmezvip.com\/?post_type=product&#038;p=22"},"modified":"2026-04-29T06:52:41","modified_gmt":"2026-04-29T06:52:41","slug":"airmez-fox-2-in-1","status":"publish","type":"product","link":"https:\/\/airmezvip.com\/de\/produkt\/airmez-fox-2-in-1\/","title":{"rendered":"Airmez FOX 2 IN 1"},"content":{"rendered":"<p data-start=\"175\" data-end=\"470\"><strong data-start=\"175\" data-end=\"207\">Airmez FOX 2 IN 1 8000 Puffs<\/strong> ist ein kompakter und praktischer Einwegdampfer f\u00fcr Benutzer, die eine reibungslose Leistung, bequemes Aufladen und zwei Geschmacksoptionen in einem Ger\u00e4t w\u00fcnschen. Mit seinem stilvollen Aussehen und einfach zu bedienenden Design ist er eine gute Wahl f\u00fcr Einzel- und Gro\u00dfhandelskunden.<\/p>\n<p data-start=\"472\" data-end=\"776\">Dieses Modell ist ausgestattet mit <strong data-start=\"494\" data-end=\"515\">15ML \u00d7 2 e-Fl\u00fcssigkeit<\/strong>, a <strong data-start=\"519\" data-end=\"532\">Netzspule<\/strong>, a <strong data-start=\"536\" data-end=\"567\">650mAh wiederaufladbare Batterie<\/strong>, und eine <strong data-start=\"575\" data-end=\"599\">Typ-C-Ladeanschluss<\/strong> f\u00fcr ein reibungsloses und zuverl\u00e4ssiges Dampferlebnis. Das 2-in-1-Design mit zwei Geschmacksrichtungen bietet den Nutzern mehr Abwechslung in einem Ger\u00e4t, was es zu einer praktischen Option f\u00fcr den t\u00e4glichen Gebrauch und die Versorgung mit gro\u00dfen Mengen macht.<\/p>\n<h3 data-section-id=\"bfe9be\" data-start=\"778\" data-end=\"798\">Produktmerkmale<\/h3>\n<ul data-start=\"800\" data-end=\"1044\">\n<li data-section-id=\"zsvy0z\" data-start=\"800\" data-end=\"835\">Produktname: Airmez FOX 2 IN 1<\/li>\n<li data-section-id=\"ol9jre\" data-start=\"836\" data-end=\"862\">Anzahl der Puffs: 8000 Puffs<\/li>\n<li data-section-id=\"1x4v26a\" data-start=\"863\" data-end=\"894\">E-Fl\u00fcssigkeit Kapazit\u00e4t: 15ML \u00d7 2<\/li>\n<li data-section-id=\"8u54nt\" data-start=\"895\" data-end=\"919\">Typ der Spule: Mesh-Spule<\/li>\n<li data-section-id=\"znchb6\" data-start=\"920\" data-end=\"945\">Ladeanschluss: Typ-C<\/li>\n<li data-section-id=\"106p858\" data-start=\"946\" data-end=\"974\">Akku-Kapazit\u00e4t: 650mAh<\/li>\n<li data-section-id=\"bex9qa\" data-start=\"975\" data-end=\"1009\">Verpackung: 10 St\u00fcck pro Displaykarton<\/li>\n<li data-section-id=\"zkx00j\" data-start=\"1010\" data-end=\"1044\">Schachtel: Mix 200pcs jeder Karton<\/li>\n<\/ul>\n<h3 data-section-id=\"10ynmgm\" data-start=\"1046\" data-end=\"1064\">Geschmacksoptionen<\/h3>\n<ol data-start=\"1066\" data-end=\"1416\">\n<li data-section-id=\"rc4948\" data-start=\"1066\" data-end=\"1114\">Erdbeere-Wassermelone, Erdbeere-Himbeere<\/li>\n<li data-section-id=\"19uz65s\" data-start=\"1115\" data-end=\"1149\">Blue Razz Limonade, Blue Razz<\/li>\n<li data-section-id=\"9rvxxw\" data-start=\"1150\" data-end=\"1192\">Heidelbeere auf Eis, Heidelbeere-Himbeere<\/li>\n<li data-section-id=\"q4v41s\" data-start=\"1193\" data-end=\"1229\">Erdbeer-Kiwi, Erdbeereis<\/li>\n<li data-section-id=\"1mbl7hv\" data-start=\"1230\" data-end=\"1271\">Wassermeloneneis, Himbeer-Wassermelone<\/li>\n<li data-section-id=\"1x1ls8y\" data-start=\"1272\" data-end=\"1303\">Beerenlimonade, Zitrone-Limette<\/li>\n<li data-section-id=\"1rfnxaa\" data-start=\"1304\" data-end=\"1332\">Tropische Fr\u00fcchte, Liebe 66<\/li>\n<li data-section-id=\"fx0ypm\" data-start=\"1333\" data-end=\"1360\">Pfirsich-Eis, Mango-Pfirsich<\/li>\n<li data-section-id=\"yeos7x\" data-start=\"1361\" data-end=\"1389\">Gemischte Beeren, Dr. Blue<\/li>\n<li data-section-id=\"1h25bpc\" data-start=\"1390\" data-end=\"1416\">Traubeneis, Schwarzes Eis<\/li>\n<\/ol>\n<h3 data-section-id=\"98yzgg\" data-start=\"1418\" data-end=\"1450\">Warum Airmez FOX 2 IN 1 w\u00e4hlen?<\/h3>\n<ul data-start=\"1452\" data-end=\"1717\">\n<li data-section-id=\"15nx2ez\" data-start=\"1452\" data-end=\"1492\">Kompaktes und praktisches 2-in-1-Design<\/li>\n<li data-section-id=\"ib0yw8\" data-start=\"1493\" data-end=\"1524\">Glatter Dampf mit Netzspule<\/li>\n<li data-section-id=\"1g8zwq1\" data-start=\"1525\" data-end=\"1570\">Wiederaufladbarer Akku mit Typ-C-Ladung<\/li>\n<li data-section-id=\"1a9minq\" data-start=\"1571\" data-end=\"1610\">Doppelte Geschmacksoptionen in einem Ger\u00e4t<\/li>\n<li data-section-id=\"uqqhx\" data-start=\"1611\" data-end=\"1663\">Geeignet f\u00fcr den Einzelhandel und den Gro\u00dfhandel<\/li>\n<li data-section-id=\"160n9vs\" data-start=\"1664\" data-end=\"1717\">Praktische Verpackung f\u00fcr Ladenverkauf und Gro\u00dfbestellungen<\/li>\n<\/ul>\n<h3 data-section-id=\"hwjiak\" data-start=\"1719\" data-end=\"1729\">Hinweis<\/h3>\n<p data-start=\"1731\" data-end=\"1807\">Der Preis f\u00fcr <strong data-start=\"1744\" data-end=\"1776\">Airmez FOX 2 IN 1 8000 Puffs<\/strong> h\u00e4ngt von der Bestellmenge ab:<\/p>\n<ul data-start=\"1809\" data-end=\"1914\">\n<li data-section-id=\"130wclv\" data-start=\"1809\" data-end=\"1844\"><strong data-start=\"1811\" data-end=\"1824\">1-15 St\u00fcck:<\/strong> <strong data-start=\"1825\" data-end=\"1842\">US$26,99 pro St\u00fcck<\/strong><\/li>\n<li data-section-id=\"o602fh\" data-start=\"1845\" data-end=\"1881\"><strong data-start=\"1847\" data-end=\"1862\">16-199 St\u00fcck:<\/strong> <strong data-start=\"1863\" data-end=\"1879\">US$9,99 pro St\u00fcck<\/strong><\/li>\n<li data-section-id=\"15m7rhb\" data-start=\"1882\" data-end=\"1914\"><strong data-start=\"1884\" data-end=\"1897\">200+ St\u00fcck:<\/strong> <strong data-start=\"1898\" data-end=\"1914\">US$7,99 pro St\u00fcck<\/strong><\/li>\n<\/ul>\n<p data-start=\"1916\" data-end=\"2022\"><strong data-start=\"1916\" data-end=\"2022\">Der Preis variiert je nach Bestellmenge. Bitte best\u00e4tigen Sie den Mengenbereich, bevor Sie Ihre Bestellung aufgeben.<\/strong><\/p>","protected":false},"excerpt":{"rendered":"<h3>Produktspezifikationen<\/h3>\n<p>\u2611 15ML*2 von E-Fl\u00fcssigkeit<br \/>\n\u2611 Maschenspule<br \/>\n\u2611 Typ-C-Anschluss<br \/>\n\u2611 650mAh<br \/>\n\u2611 10 St\u00fcck im Displaykarton<br \/>\n\u2611 Mix 200 St\u00fcck pro Karton<\/p>","protected":false},"featured_media":84,"comment_status":"open","ping_status":"closed","template":"","meta":{"_joinchat":[]},"product_brand":[],"product_cat":[16],"product_tag":[],"class_list":{"0":"post-22","1":"product","2":"type-product","3":"status-publish","4":"has-post-thumbnail","6":"product_cat-e-cigarettes-europe","8":"first","9":"instock","10":"shipping-taxable","11":"purchasable","12":"product-type-variable"},"_links":{"self":[{"href":"https:\/\/airmezvip.com\/de\/wp-json\/wp\/v2\/product\/22","targetHints":{"allow":["GET"]}}],"collection":[{"href":"https:\/\/airmezvip.com\/de\/wp-json\/wp\/v2\/product"}],"about":[{"href":"https:\/\/airmezvip.com\/de\/wp-json\/wp\/v2\/types\/product"}],"replies":[{"embeddable":true,"href":"https:\/\/airmezvip.com\/de\/wp-json\/wp\/v2\/comments?post=22"}],"wp:featuredmedia":[{"embeddable":true,"href":"https:\/\/airmezvip.com\/de\/wp-json\/wp\/v2\/media\/84"}],"wp:attachment":[{"href":"https:\/\/airmezvip.com\/de\/wp-json\/wp\/v2\/media?parent=22"}],"wp:term":[{"taxonomy":"product_brand","embeddable":true,"href":"https:\/\/airmezvip.com\/de\/wp-json\/wp\/v2\/product_brand?post=22"},{"taxonomy":"product_cat","embeddable":true,"href":"https:\/\/airmezvip.com\/de\/wp-json\/wp\/v2\/product_cat?post=22"},{"taxonomy":"product_tag","embeddable":true,"href":"https:\/\/airmezvip.com\/de\/wp-json\/wp\/v2\/product_tag?post=22"}],"curies":[{"name":"wp","href":"https:\/\/api.w.org\/{rel}","templated":true}]}}