{"id":18,"date":"2026-04-29T06:47:19","date_gmt":"2026-04-29T06:47:19","guid":{"rendered":"https:\/\/airmezvip.com\/?post_type=product&#038;p=18"},"modified":"2026-04-29T06:52:10","modified_gmt":"2026-04-29T06:52:10","slug":"airmez-lux-60k","status":"publish","type":"product","link":"https:\/\/airmezvip.com\/de\/produkt\/airmez-lux-60k\/","title":{"rendered":"Airmez LUX 60k"},"content":{"rendered":"<p data-start=\"106\" data-end=\"410\"><strong data-start=\"106\" data-end=\"123\">Airmez LUX 60K<\/strong> ist ein stilvolles Einwegger\u00e4t mit hoher Kapazit\u00e4t, das f\u00fcr Benutzer entwickelt wurde, die eine reibungslose Leistung, einen reichen Geschmack und modernen Komfort in einem kompakten Produkt w\u00fcnschen. Mit seinem auff\u00e4lligen Design und seinen praktischen Funktionen ist er eine gute Wahl f\u00fcr den Einzelhandel und den Gro\u00dfhandel.<\/p>\n<p data-start=\"412\" data-end=\"700\">Dieses Ger\u00e4t wird geliefert mit <strong data-start=\"435\" data-end=\"455\">30mL e-Fl\u00fcssigkeit<\/strong>, a <strong data-start=\"459\" data-end=\"472\">Netzspule<\/strong> f\u00fcr eine verbesserte Geschmacksabgabe, ein <strong data-start=\"505\" data-end=\"536\">650mAh wiederaufladbare Batterie<\/strong>, und eine <strong data-start=\"544\" data-end=\"568\">Typ-C-Ladeanschluss<\/strong> f\u00fcr einfaches Aufladen. Der Airmez LUX60K ist so gebaut, dass er ein befriedigendes Dampferlebnis mit konstanter Leistung und einem gleichm\u00e4\u00dfigen Zug bietet.<\/p>\n<p data-start=\"702\" data-end=\"972\">Durch sein hochwertiges Aussehen sticht er in der Auslage hervor, w\u00e4hrend die Geschmacksauswahl den Kunden mehr M\u00f6glichkeiten bietet, unterschiedliche Vorlieben zu erf\u00fcllen. Ob Sie nun im Laden oder online verkaufen, dieses Modell bietet eine starke Kombination aus Design, Funktionalit\u00e4t und Geschmacksvielfalt.<\/p>\n<h3 data-section-id=\"1iz91iu\" data-start=\"974\" data-end=\"990\">Wesentliche Merkmale<\/h3>\n<ul data-start=\"991\" data-end=\"1179\">\n<li data-section-id=\"j07jqf\" data-start=\"991\" data-end=\"1009\">30mL e-Fl\u00fcssigkeit<\/li>\n<li data-section-id=\"1u6cj9s\" data-start=\"1010\" data-end=\"1048\">Mesh-Spule f\u00fcr weichen und reichen Geschmack<\/li>\n<li data-section-id=\"nozpp4\" data-start=\"1049\" data-end=\"1071\">Typ-C-Ladeanschluss<\/li>\n<li data-section-id=\"suaevp\" data-start=\"1072\" data-end=\"1101\">650mAh wiederaufladbare Batterie<\/li>\n<li data-section-id=\"1jitody\" data-start=\"1102\" data-end=\"1136\">Modernes und elegantes Ger\u00e4tedesign<\/li>\n<li data-section-id=\"1turvr3\" data-start=\"1137\" data-end=\"1179\">Geeignet f\u00fcr Einzel- und Gro\u00dfhandelslieferungen<\/li>\n<\/ul>\n<h3 data-section-id=\"1cjeezw\" data-start=\"1181\" data-end=\"1202\">Verf\u00fcgbare Geschmacksrichtungen<\/h3>\n<ol data-start=\"1203\" data-end=\"1383\">\n<li data-section-id=\"1j2zj60\" data-start=\"1203\" data-end=\"1222\">Erdbeereis<\/li>\n<li data-section-id=\"ct7xja\" data-start=\"1223\" data-end=\"1242\">Wassermelone Eis<\/li>\n<li data-section-id=\"ueawe5\" data-start=\"1243\" data-end=\"1261\">Gemischte Beeren<\/li>\n<li data-section-id=\"1ojqpom\" data-start=\"1262\" data-end=\"1285\">Passionsfrucht-Kiwi<\/li>\n<li data-section-id=\"1qbhb4m\" data-start=\"1286\" data-end=\"1298\">Dr. Blau<\/li>\n<li data-section-id=\"j5g2y5\" data-start=\"1299\" data-end=\"1311\">Liebe 66<\/li>\n<li data-section-id=\"trqg9s\" data-start=\"1312\" data-end=\"1329\">Dreifache Mango<\/li>\n<li data-section-id=\"puwced\" data-start=\"1330\" data-end=\"1346\">Kirsche Cola<\/li>\n<li data-section-id=\"sit6kg\" data-start=\"1347\" data-end=\"1363\">Bingo Quetschung<\/li>\n<li data-section-id=\"al94j7\" data-start=\"1364\" data-end=\"1383\">Rosa Limonade<\/li>\n<\/ol>\n<h3 data-section-id=\"7vssn1\" data-start=\"1385\" data-end=\"1404\">Details zur Verpackung<\/h3>\n<ul data-start=\"1405\" data-end=\"1456\">\n<li data-section-id=\"xe8pr5\" data-start=\"1405\" data-end=\"1429\">10 St\u00fcck pro Displaykarton<\/li>\n<li data-section-id=\"wdljr9\" data-start=\"1430\" data-end=\"1456\">Gemischt 200 St\u00fcck pro Karton<\/li>\n<\/ul>\n<h3 data-section-id=\"hwjiak\" data-start=\"1702\" data-end=\"1712\">Hinweis<\/h3>\n<p data-start=\"1714\" data-end=\"1787\">Der Preis von Airmez FOX 6 IN 1 14000 Puffs h\u00e4ngt von der Bestellmenge ab:<\/p>\n<ul data-start=\"1789\" data-end=\"1867\">\n<li data-section-id=\"us7ftp\" data-start=\"1789\" data-end=\"1814\">1-15 St\u00fcck: US$28,99 pro St\u00fcck<\/li>\n<li data-section-id=\"4iw75h\" data-start=\"1815\" data-end=\"1842\">16-199 St\u00fcck: US$10,99 pro St\u00fcck<\/li>\n<li data-section-id=\"1f1g2s0\" data-start=\"1843\" data-end=\"1867\">200+ St\u00fcck: US$8.99 pro St\u00fcck<\/li>\n<\/ul>\n<p data-start=\"1869\" data-end=\"1971\">Der Preis variiert je nach Bestellmenge. Bitte best\u00e4tigen Sie den Mengenbereich, bevor Sie Ihre Bestellung aufgeben.<\/p>\n<p data-start=\"1458\" data-end=\"1727\">Die <strong data-start=\"1462\" data-end=\"1479\">Airmez LUX60K<\/strong> ist eine hervorragende Option f\u00fcr Verk\u00e4ufer, die ein hochwertiges Einwegprodukt mit attraktiver Verpackung und beliebter Geschmacksauswahl suchen. Es ist besonders geeignet f\u00fcr Gro\u00dfh\u00e4ndler, Distributoren und Vape-Shops, die ein Produkt mit breiter Marktansprache suchen.<\/p>","protected":false},"excerpt":{"rendered":"<h2>Produktspezifikationen\uff1a<\/h2>\n<p>\u2611 30ML von E-Fl\u00fcssigkeit<br \/>\n\u2611 Maschenspule<br \/>\n\u2611 Typ-C-Anschluss<br \/>\n\u2611 650mAh<br \/>\n\u2611 10 St\u00fcck im Displaykarton<br \/>\n\u2611 Mix 200 St\u00fcck pro Karton<\/p>","protected":false},"featured_media":48,"comment_status":"open","ping_status":"closed","template":"","meta":{"_joinchat":[]},"product_brand":[],"product_cat":[16],"product_tag":[],"class_list":{"0":"post-18","1":"product","2":"type-product","3":"status-publish","4":"has-post-thumbnail","6":"product_cat-e-cigarettes-europe","8":"first","9":"instock","10":"shipping-taxable","11":"purchasable","12":"product-type-variable"},"_links":{"self":[{"href":"https:\/\/airmezvip.com\/de\/wp-json\/wp\/v2\/product\/18","targetHints":{"allow":["GET"]}}],"collection":[{"href":"https:\/\/airmezvip.com\/de\/wp-json\/wp\/v2\/product"}],"about":[{"href":"https:\/\/airmezvip.com\/de\/wp-json\/wp\/v2\/types\/product"}],"replies":[{"embeddable":true,"href":"https:\/\/airmezvip.com\/de\/wp-json\/wp\/v2\/comments?post=18"}],"wp:featuredmedia":[{"embeddable":true,"href":"https:\/\/airmezvip.com\/de\/wp-json\/wp\/v2\/media\/48"}],"wp:attachment":[{"href":"https:\/\/airmezvip.com\/de\/wp-json\/wp\/v2\/media?parent=18"}],"wp:term":[{"taxonomy":"product_brand","embeddable":true,"href":"https:\/\/airmezvip.com\/de\/wp-json\/wp\/v2\/product_brand?post=18"},{"taxonomy":"product_cat","embeddable":true,"href":"https:\/\/airmezvip.com\/de\/wp-json\/wp\/v2\/product_cat?post=18"},{"taxonomy":"product_tag","embeddable":true,"href":"https:\/\/airmezvip.com\/de\/wp-json\/wp\/v2\/product_tag?post=18"}],"curies":[{"name":"wp","href":"https:\/\/api.w.org\/{rel}","templated":true}]}}