{"id":652,"date":"2026-05-04T07:29:18","date_gmt":"2026-05-04T07:29:18","guid":{"rendered":"https:\/\/airmezvip.com\/?page_id=652"},"modified":"2026-05-04T07:29:18","modified_gmt":"2026-05-04T07:29:18","slug":"faq","status":"publish","type":"page","link":"https:\/\/airmezvip.com\/de\/faq\/","title":{"rendered":"FAQ"},"content":{"rendered":"<p><strong>H\u00e4ufig gestellte Fragen \u00fcber Airmezvip.com<\/strong><\/p>\n\n\n\n<p>Willkommen auf der Airmezvip FAQ Seite.<\/p>\n\n\n\n<p>Hier finden Sie schnelle Antworten zu Airmez E-Zigaretten, Gro\u00dfhandelsbestellungen, Versand, Zahlung, R\u00fcckgabe, R\u00fcckerstattung und Kundenbetreuung.<\/p>\n\n\n\n<p>Airmezvip.com bedient haupts\u00e4chlich erwachsene Kunden und Gro\u00dfabnehmer in <strong>Europa, das Vereinigte K\u00f6nigreich und Australien<\/strong>.<\/p>\n\n\n\n<h2 class=\"wp-block-heading\">Allgemeine Fragen<\/h2>\n\n\n\n<h3 class=\"wp-block-heading\">Was ist Airmezvip.com?<\/h3>\n\n\n\n<p>Airmezvip.com ist ein Online-Shop, der sich auf E-Zigarettenprodukte von Airmez konzentriert.<\/p>\n\n\n\n<p>Wir bieten Airmez Vape-Produkte f\u00fcr erwachsene Kunden, Einzelh\u00e4ndler, Wiederverk\u00e4ufer und Gro\u00dfabnehmer an, haupts\u00e4chlich in Europa, dem Vereinigten K\u00f6nigreich und Australien.<\/p>\n\n\n\n<p>Unsere Website konzentriert sich auf klare Produktinformationen, flexible Bestellm\u00f6glichkeiten, Zusammenarbeit mit dem Gro\u00dfhandel und praktischen Kundenservice.<\/p>\n\n\n\n<h3 class=\"wp-block-heading\">Ist Airmezvip.com eine Website nur f\u00fcr Erwachsene?<\/h3>\n\n\n\n<p>Ja. Airmezvip.com verkauft E-Zigarettenprodukte nur f\u00fcr erwachsene Kunden.<\/p>\n\n\n\n<p>Wir empfehlen, dass die Kunden <strong>21 Jahre alt oder \u00e4lter<\/strong> bevor Sie auf unserer Website einkaufen.<\/p>\n\n\n\n<p>Unsere Produkte k\u00f6nnen Nikotin enthalten. Nikotin ist s\u00fcchtig machend. E-Zigarettenprodukte sind nicht f\u00fcr Minderj\u00e4hrige, Nichtraucher, schwangere oder stillende Frauen oder Personen geeignet, die Nikotinprodukte meiden sollten.<\/p>\n\n\n\n<h3 class=\"wp-block-heading\">Muss ich zur Altersverifizierung einen Ausweis hochladen?<\/h3>\n\n\n\n<p>Nein. Wir verlangen von unseren Kunden nicht, dass sie Ausweisdokumente zur normalen Altersverifizierung hochladen.<\/p>\n\n\n\n<p>Durch die Nutzung unserer Website oder die Aufgabe einer Bestellung best\u00e4tigen die Kunden, dass sie alt genug sind, um in ihrem Land oder ihrer Region legal E-Zigarettenprodukte zu kaufen.<\/p>\n\n\n\n<p>Wenn wir glauben, dass ein Kunde minderj\u00e4hrig ist oder unsere Website missbr\u00e4uchlich nutzt, k\u00f6nnen wir den Service verweigern oder die Bestellung stornieren.<\/p>\n\n\n\n<h3 class=\"wp-block-heading\">Welche L\u00e4nder bedienen Sie haupts\u00e4chlich?<\/h3>\n\n\n\n<p>Airmezvip.com dient haupts\u00e4chlich:<\/p>\n\n\n\n<ul class=\"wp-block-list\">\n<li>Europa<\/li>\n\n\n\n<li>Vereinigtes K\u00f6nigreich<\/li>\n\n\n\n<li>Australien<\/li>\n<\/ul>\n\n\n\n<p>Abh\u00e4ngig von der Produktverf\u00fcgbarkeit, der Versandroute und den lokalen Lieferbedingungen k\u00f6nnen wir auch andere globale Ziele unterst\u00fctzen.<\/p>\n\n\n\n<p>Wenn Ihr Land au\u00dferhalb Europas, Gro\u00dfbritanniens oder Australiens liegt, wenden Sie sich bitte vor der Bestellung an den Kundendienst.<\/p>\n\n\n\n<h2 class=\"wp-block-heading\">Fragen zum Produkt<\/h2>\n\n\n\n<h3 class=\"wp-block-heading\">Welche Produkte verkauft Airmezvip.com?<\/h3>\n\n\n\n<p>Airmezvip.com verkauft Airmez E-Zigarettenprodukte, einschlie\u00dflich Einweg-Vape-Modelle, High-Puff-Ger\u00e4te, Multi-Flavor-Modelle und f\u00fcr den Gro\u00dfhandel fertige Airmez-Produkte.<\/p>\n\n\n\n<p>Die Produktverf\u00fcgbarkeit kann je nach Lagerbestand, Bestimmungsland und aktuellen Lieferbedingungen variieren.<\/p>\n\n\n\n<h3 class=\"wp-block-heading\">Wie w\u00e4hle ich das richtige Airmez-Produkt?<\/h3>\n\n\n\n<p>Sie k\u00f6nnen Produkte vergleichen, indem Sie nachsehen:<\/p>\n\n\n\n<ul class=\"wp-block-list\">\n<li>Anzahl der Puffs<\/li>\n\n\n\n<li>Geschmackliche Optionen<\/li>\n\n\n\n<li>Nikotinst\u00e4rke<\/li>\n\n\n\n<li>Art der Aufladung<\/li>\n\n\n\n<li>Konstruktion der Spule<\/li>\n\n\n\n<li>Produktmenge<\/li>\n\n\n\n<li>Verf\u00fcgbarkeit im Einzel- oder Gro\u00dfhandel<\/li>\n\n\n\n<li>Unterst\u00fctzung f\u00fcr den Zielortversand<\/li>\n<\/ul>\n\n\n\n<p>Wenn Sie sich nicht sicher sind, welches Modell Sie w\u00e4hlen sollen, kontaktieren Sie bitte unseren Kundenservice per WhatsApp, E-Mail oder Facebook Messenger.<\/p>\n\n\n\n<h3 class=\"wp-block-heading\">Wie lange h\u00e4lt ein Airmez Vape?<\/h3>\n\n\n\n<p>Die tats\u00e4chliche Nutzungsdauer h\u00e4ngt vom jeweiligen Produktmodell und Ihren pers\u00f6nlichen Nutzungsgewohnheiten ab.<\/p>\n\n\n\n<p>Die Lebensdauer eines Ger\u00e4ts kann je nach dem l\u00e4nger oder k\u00fcrzer sein:<\/p>\n\n\n\n<ul class=\"wp-block-list\">\n<li>Anzahl der Puffs<\/li>\n\n\n\n<li>Wie oft Sie es verwenden<\/li>\n\n\n\n<li>Dauer des Puffs<\/li>\n\n\n\n<li>Kapazit\u00e4t der Batterie<\/li>\n\n\n\n<li>E-Fl\u00fcssigkeitskapazit\u00e4t<\/li>\n\n\n\n<li>Ger\u00e4tedesign<\/li>\n<\/ul>\n\n\n\n<p>Auf der Produktseite finden Sie die modellspezifische Puffanzahl und Produktdetails.<\/p>\n\n\n\n<h3 class=\"wp-block-heading\">Wie erkenne ich, wann ein Vape leer ist?<\/h3>\n\n\n\n<p>Ein Vape kann leer sein oder kurz vor dem Ende des Gebrauchs stehen, wenn:<\/p>\n\n\n\n<ul class=\"wp-block-list\">\n<li>Der Dampf wird sehr schwach<\/li>\n\n\n\n<li>Der Geschmack wird heller<\/li>\n\n\n\n<li>Das Ger\u00e4t produziert keine D\u00e4mpfe mehr<\/li>\n\n\n\n<li>Der Akku oder das E-Liquid ist fertig<\/li>\n\n\n\n<li>Die Ger\u00e4teanzeige zeigt je nach Modell einen niedrigen Stromverbrauch an.<\/li>\n<\/ul>\n\n\n\n<p>Wenn das Ger\u00e4t wiederaufladbar ist, laden Sie es bitte zuerst auf, bevor Sie entscheiden, ob es leer ist.<\/p>\n\n\n\n<h3 class=\"wp-block-heading\">Entsprechen die Produktbilder genau dem tats\u00e4chlichen Produkt?<\/h3>\n\n\n\n<p>Die Produktbilder dienen als Referenz.<\/p>\n\n\n\n<p>Die tats\u00e4chliche Verpackung, die Farbe, das Etikett oder kleine Designdetails k\u00f6nnen aufgrund von Aktualisierungen der Produktchargen, Hersteller\u00e4nderungen oder Verpackungsanpassungen variieren.<\/p>\n\n\n\n<p>Wir bem\u00fchen uns, die Produktseiten korrekt und aktuell zu halten.<\/p>\n\n\n\n<h2 class=\"wp-block-heading\">Fragen zur Bestellung<\/h2>\n\n\n\n<h3 class=\"wp-block-heading\">Wie kann ich eine Bestellung aufgeben?<\/h3>\n\n\n\n<p>Sie k\u00f6nnen eine Bestellung direkt auf Airmezvip.com aufgeben.<\/p>\n\n\n\n<p>Wenn Sie vor der Bestellung Hilfe ben\u00f6tigen, wenden Sie sich bitte an den Kundendienst und teilen Sie uns dies mit:<\/p>\n\n\n\n<ul class=\"wp-block-list\">\n<li>Modell des Produkts<\/li>\n\n\n\n<li>Menge<\/li>\n\n\n\n<li>Geschmacksanfrage<\/li>\n\n\n\n<li>Bestimmungsland<\/li>\n\n\n\n<li>Einzel- oder Gro\u00dfhandelszwecke<\/li>\n<\/ul>\n\n\n\n<p>Bei Gro\u00dfhandelsbestellungen empfehlen wir, vor der Bestellung den Kundendienst zu kontaktieren.<\/p>\n\n\n\n<h3 class=\"wp-block-heading\">Kann ich meine Bestellung nach der Bestellung \u00e4ndern?<\/h3>\n\n\n\n<p>Bitte kontaktieren Sie den Kundendienst so schnell wie m\u00f6glich.<\/p>\n\n\n\n<p>Wir k\u00f6nnen helfen, bestimmte Details vor dem Versand zu \u00e4ndern, wie zum Beispiel:<\/p>\n\n\n\n<ul class=\"wp-block-list\">\n<li>Adresse<\/li>\n\n\n\n<li>Rufnummer<\/li>\n\n\n\n<li>Produktmenge<\/li>\n\n\n\n<li>Auswahl der Geschmacksrichtungen<\/li>\n\n\n\n<li>Versandart<\/li>\n<\/ul>\n\n\n\n<p>Sobald die Bestellung bearbeitet, verpackt oder versandt wurde, sind \u00c4nderungen m\u00f6glicherweise nicht mehr m\u00f6glich.<\/p>\n\n\n\n<h3 class=\"wp-block-heading\">Kann ich meine Bestellung stornieren?<\/h3>\n\n\n\n<p>Wenn Ihre Bestellung noch nicht bearbeitet oder versandt wurde, k\u00f6nnen wir Ihnen helfen, sie zu stornieren.<\/p>\n\n\n\n<p>Wenn die Bestellung bereits bearbeitet, verpackt oder versandt wurde, ist eine Stornierung m\u00f6glicherweise nicht mehr m\u00f6glich.<\/p>\n\n\n\n<p>Bitte kontaktieren Sie den Kundenservice so schnell wie m\u00f6glich, wenn Sie eine Bestellung stornieren m\u00fcssen.<\/p>\n\n\n\n<h2 class=\"wp-block-heading\">Fragen zur Bezahlung<\/h2>\n\n\n\n<h3 class=\"wp-block-heading\">Welche Zahlungsarten akzeptieren Sie?<\/h3>\n\n\n\n<p>Airmezvip.com unterst\u00fctzt mehrere Zahlungsarten, darunter:<\/p>\n\n\n\n<ul class=\"wp-block-list\">\n<li>PayPal<\/li>\n\n\n\n<li>Streifen<\/li>\n\n\n\n<li>Kreditkarte<\/li>\n\n\n\n<li>USDT<\/li>\n\n\n\n<li>Bank\u00fcberweisung<\/li>\n\n\n\n<li>Western Union<\/li>\n\n\n\n<li>Alipay<\/li>\n\n\n\n<li>WeChat Pay<\/li>\n\n\n\n<li>UnionPay<\/li>\n<\/ul>\n\n\n\n<p>Die verf\u00fcgbaren Zahlungsmethoden k\u00f6nnen je nach Bestellungsart, Land, \u00dcberpr\u00fcfung des Zahlungsrisikos und Bestellungsbetrag variieren.<\/p>\n\n\n\n<h3 class=\"wp-block-heading\">Wann wird meine Bestellung bearbeitet?<\/h3>\n\n\n\n<p>Die Bestellungen werden in der Regel nach Best\u00e4tigung der Zahlung bearbeitet.<\/p>\n\n\n\n<p>Bei manuellen Zahlungsmethoden wie USDT, Bank\u00fcberweisung, Western Union, Alipay, WeChat Pay oder UnionPay kann die Bestellung bearbeitet werden, nachdem unser Team die Zahlung best\u00e4tigt hat.<\/p>\n\n\n\n<h3 class=\"wp-block-heading\">Unterst\u00fctzen Sie USDT-Zahlungen?<\/h3>\n\n\n\n<p>Ja. Wir k\u00f6nnen USDT-Zahlungen unterst\u00fctzen.<\/p>\n\n\n\n<p>Wenn Sie sich f\u00fcr die USDT-Zahlung entscheiden, wenden Sie sich bitte an den Kundenservice, um die richtige Wallet-Adresse, das Netzwerk und die Zahlungsanweisungen zu erhalten.<\/p>\n\n\n\n<p>Bitte vergewissern Sie sich, dass die Wallet-Adresse und das Netzwerk korrekt sind, bevor Sie die Zahlung senden.<\/p>\n\n\n\n<h2 class=\"wp-block-heading\">Fragen zum Gro\u00dfhandel<\/h2>\n\n\n\n<h3 class=\"wp-block-heading\">Unterst\u00fctzen Sie Gro\u00dfhandelsbestellungen?<\/h3>\n\n\n\n<p>Ja. Airmezvip.com unterst\u00fctzt Gro\u00dfhandelsbestellungen.<\/p>\n\n\n\n<p>Wir beliefern haupts\u00e4chlich Vape-Shops, Online-H\u00e4ndler, Distributoren, Wiederverk\u00e4ufer und Gro\u00dfabnehmer in Europa, dem Vereinigten K\u00f6nigreich und Australien.<\/p>\n\n\n\n<h3 class=\"wp-block-heading\">Was ist die Mindestmenge f\u00fcr den Gro\u00dfhandel?<\/h3>\n\n\n\n<p>Unsere Lagerbestellungen in \u00dcbersee k\u00f6nnen ab <strong>1 St\u00fcck<\/strong>.<\/p>\n\n\n\n<p>F\u00fcr eine bessere Kosteneffizienz empfehlen wir die Bestellung von <strong>15 St\u00fcck oder mehr<\/strong>, insbesondere f\u00fcr Wiederholungsk\u00e4ufer, Wiederverk\u00e4ufer und Gro\u00dfhandelskunden.<\/p>\n\n\n\n<p>Bei gr\u00f6\u00dferen Bestellungen wenden Sie sich bitte an den Kundendienst, um ein Angebot zu erhalten.<\/p>\n\n\n\n<h3 class=\"wp-block-heading\">Ist der Gro\u00dfhandelspreis bei gr\u00f6\u00dferen Bestellungen niedriger?<\/h3>\n\n\n\n<p>Ja. F\u00fcr gr\u00f6\u00dfere Mengen im Gro\u00dfhandel k\u00f6nnen g\u00fcnstigere St\u00fcckpreise gelten.<\/p>\n\n\n\n<p>Die Gro\u00dfhandelspreise k\u00f6nnen davon abh\u00e4ngen:<\/p>\n\n\n\n<ul class=\"wp-block-list\">\n<li>Modell des Produkts<\/li>\n\n\n\n<li>Menge<\/li>\n\n\n\n<li>Auswahl der Geschmacksrichtungen<\/li>\n\n\n\n<li>Bestimmungsland<\/li>\n\n\n\n<li>Versandart<\/li>\n\n\n\n<li>Lagerbestand<\/li>\n\n\n\n<li>Zahlungsmethode<\/li>\n\n\n\n<li>Aktuelle Marktbedingungen<\/li>\n<\/ul>\n\n\n\n<p>Bitte wenden Sie sich an den Kundendienst, um die genauen Gro\u00dfhandelspreise zu erfahren.<\/p>\n\n\n\n<h3 class=\"wp-block-heading\">Wie kann ich ein Angebot f\u00fcr den Gro\u00dfhandel erhalten?<\/h3>\n\n\n\n<p>Bitte kontaktieren Sie uns per WhatsApp, E-Mail oder Facebook Messenger.<\/p>\n\n\n\n<p>Um ein schnelleres Angebot zu erhalten, geben Sie bitte an:<\/p>\n\n\n\n<ul class=\"wp-block-list\">\n<li>Modell des Produkts<\/li>\n\n\n\n<li>Erforderliche Menge<\/li>\n\n\n\n<li>Auswahl der Geschmacksrichtungen<\/li>\n\n\n\n<li>Bestimmungsland<\/li>\n\n\n\n<li>Anforderung an die Lieferung<\/li>\n\n\n\n<li>Gesch\u00e4ftsart<\/li>\n\n\n\n<li>Erwartete Bestellh\u00e4ufigkeit, falls verf\u00fcgbar<\/li>\n<\/ul>\n\n\n\n<h2 class=\"wp-block-heading\">Fragen zum Versand<\/h2>\n\n\n\n<h3 class=\"wp-block-heading\">Von wo aus liefern Sie?<\/h3>\n\n\n\n<p>Airmezvip.com unterst\u00fctzt den Versand aus \u00dcbersee f\u00fcr ausgew\u00e4hlte Regionen.<\/p>\n\n\n\n<p>Wir unterst\u00fctzen haupts\u00e4chlich den Versand nach Europa, das Vereinigte K\u00f6nigreich und Australien.<\/p>\n\n\n\n<p>Die Adresse unseres britischen Lagers lautet:<\/p>\n\n\n\n<p><strong>Suite 12, 48 High Street, Birmingham, B4 7SR, UK<\/strong><\/p>\n\n\n\n<p>Versandweg und Lageranordnung k\u00f6nnen je nach Produktbestand und Bestimmungsland variieren.<\/p>\n\n\n\n<h3 class=\"wp-block-heading\">Liefern Sie in das Vereinigte K\u00f6nigreich?<\/h3>\n\n\n\n<p>Ja. Airmezvip.com unterst\u00fctzt den Versand nach Gro\u00dfbritannien.<\/p>\n\n\n\n<p>Die voraussichtliche Lieferzeit f\u00fcr das Vereinigte K\u00f6nigreich betr\u00e4gt in der Regel <strong>3-7 Arbeitstage<\/strong>, je nach Verf\u00fcgbarkeit des Produkts und des \u00f6rtlichen Kurierdienstes.<\/p>\n\n\n\n<h3 class=\"wp-block-heading\">Versenden Sie in ganz Australien?<\/h3>\n\n\n\n<p>Ja. Airmezvip.com unterst\u00fctzt den Versand \u00fcber <strong>ganz Australien<\/strong>.<\/p>\n\n\n\n<p>Die gesch\u00e4tzte Lieferzeit f\u00fcr Australien betr\u00e4gt in der Regel <strong>5-12 Arbeitstage<\/strong>.<\/p>\n\n\n\n<p>F\u00fcr die Lieferung in abgelegene Gebiete k\u00f6nnen zus\u00e4tzliche Versandgeb\u00fchren anfallen, die sich nach dem Echtzeit-Angebot des Logistikanbieters richten.<\/p>\n\n\n\n<h3 class=\"wp-block-heading\">In welche europ\u00e4ischen L\u00e4nder liefern Sie?<\/h3>\n\n\n\n<p>Unser Europa-Lager unterst\u00fctzt den Versand von Einzelteilen in ausgew\u00e4hlte europ\u00e4ische L\u00e4nder, einschlie\u00dflich:<\/p>\n\n\n\n<ul class=\"wp-block-list\">\n<li>Vereinigtes K\u00f6nigreich<\/li>\n\n\n\n<li>Spanien<\/li>\n\n\n\n<li>Portugal<\/li>\n\n\n\n<li>Frankreich<\/li>\n\n\n\n<li>Deutschland<\/li>\n\n\n\n<li>Italien<\/li>\n\n\n\n<li>\u00d6sterreich<\/li>\n\n\n\n<li>Luxemburg<\/li>\n\n\n\n<li>Niederlande<\/li>\n\n\n\n<li>Belgien<\/li>\n\n\n\n<li>D\u00e4nemark<\/li>\n\n\n\n<li>Polen<\/li>\n\n\n\n<li>Slowenien<\/li>\n\n\n\n<li>Slowakei<\/li>\n\n\n\n<li>Estland<\/li>\n\n\n\n<li>Lettland<\/li>\n\n\n\n<li>Litauen<\/li>\n\n\n\n<li>Bulgarien<\/li>\n\n\n\n<li>Kroatien<\/li>\n\n\n\n<li>Finnland<\/li>\n\n\n\n<li>Rum\u00e4nien<\/li>\n\n\n\n<li>Schweden<\/li>\n\n\n\n<li>Tschechische Republik<\/li>\n\n\n\n<li>Ungarn<\/li>\n\n\n\n<li>Griechenland<\/li>\n\n\n\n<li>Irland<\/li>\n<\/ul>\n\n\n\n<p>Die Versandverf\u00fcgbarkeit kann sich je nach Produktbestand, Bestimmungsortbeschr\u00e4nkungen, lokalen Lieferbedingungen und Vereinbarungen mit Logistikanbietern \u00e4ndern.<\/p>\n\n\n\n<h3 class=\"wp-block-heading\">Wie lange dauert die Lieferung?<\/h3>\n\n\n\n<p>Die voraussichtliche Lieferzeit betr\u00e4gt in der Regel:<\/p>\n\n\n\n<figure class=\"wp-block-table\"><table class=\"has-fixed-layout\"><thead><tr><th>Region<\/th><th>Gesch\u00e4tzte Lieferfrist<\/th><\/tr><\/thead><tbody><tr><td>Europa<\/td><td>3-7 Arbeitstage<\/td><\/tr><tr><td>Vereinigtes K\u00f6nigreich<\/td><td>3-7 Arbeitstage<\/td><\/tr><tr><td>Australien<\/td><td>5-12 Arbeitstage<\/td><\/tr><\/tbody><\/table><\/figure>\n\n\n\n<p>Die Bestellungen werden in der Regel innerhalb von <strong>1-3 Arbeitstage nach Zahlungsbest\u00e4tigung<\/strong>.<\/p>\n\n\n\n<p>Bei den Lieferzeiten handelt es sich nur um Sch\u00e4tzungen und nicht um garantierte Liefertermine.<\/p>\n\n\n\n<h3 class=\"wp-block-heading\">Welche Logistikanbieter nutzen Sie?<\/h3>\n\n\n\n<p>Je nach Zielort, Versandweg, Produkttyp und Bestellmenge k\u00f6nnen wir verschiedene Logistikanbieter einsetzen.<\/p>\n\n\n\n<p>Zu den g\u00e4ngigen Logistikanbietern geh\u00f6ren:<\/p>\n\n\n\n<ul class=\"wp-block-list\">\n<li>Royal Mail<\/li>\n\n\n\n<li>DPD<\/li>\n\n\n\n<li>Evri<\/li>\n\n\n\n<li>DHL<\/li>\n\n\n\n<li>UPS<\/li>\n\n\n\n<li>Andere lokale oder internationale Lieferpartner<\/li>\n<\/ul>\n\n\n\n<h3 class=\"wp-block-heading\">M\u00fcssen in abgelegenen Gebieten zus\u00e4tzliche Versandgeb\u00fchren gezahlt werden?<\/h3>\n\n\n\n<p>Ja, es k\u00f6nnen Zuschl\u00e4ge f\u00fcr abgelegene Gebiete anfallen.<\/p>\n\n\n\n<p>Die Geb\u00fchren f\u00fcr entlegene Gebiete werden auf der Grundlage des Echtzeitangebots des Logistikdienstleisters berechnet.<\/p>\n\n\n\n<p>F\u00fcr spezifische Details wenden Sie sich bitte an den Kundendienst, bevor Sie Ihre Bestellung aufgeben.<\/p>\n\n\n\n<h3 class=\"wp-block-heading\">Was soll ich tun, wenn meine Kontrollnummer nicht aktualisiert wird?<\/h3>\n\n\n\n<p>Es kann einige Zeit dauern, bis die Sendungsverfolgung aktualisiert wird, nachdem das Paket an den Kurier \u00fcbergeben wurde.<\/p>\n\n\n\n<p>Verz\u00f6gerungen bei der Verfolgung k\u00f6nnen auftreten aufgrund von:<\/p>\n\n\n\n<ul class=\"wp-block-list\">\n<li>Verz\u00f6gerung beim Scannen des Lagers<\/li>\n\n\n\n<li>Verz\u00f6gerung des Kuriersystems<\/li>\n\n\n\n<li>Zollabfertigung<\/li>\n\n\n\n<li>Lokaler Transfer<\/li>\n\n\n\n<li>Versp\u00e4tung an Wochenenden oder Feiertagen<\/li>\n\n\n\n<li>Sekund\u00e4re Freigabe<\/li>\n\n\n\n<li>Zustellung in entlegenen Gebieten<\/li>\n<\/ul>\n\n\n\n<p>Wenn die Sendungsverfolgung mehrere Tage lang nicht aktualisiert wird, wenden Sie sich bitte an den Kundendienst. Wir werden Ihnen helfen, die Sendung nach M\u00f6glichkeit zu \u00fcberpr\u00fcfen.<\/p>\n\n\n\n<h2 class=\"wp-block-heading\">Fragen zum verlorenen Paket<\/h2>\n\n\n\n<h3 class=\"wp-block-heading\">Was passiert, wenn mein Paket vor der Zollabfertigung verloren geht?<\/h3>\n\n\n\n<p>Wenn die Sendungsverfolgung oder die Logistikbest\u00e4tigung zeigt, dass das Paket verloren gegangen ist <strong>vor der \u00f6rtlichen Zollabfertigung<\/strong>, kann Airmezvip.com eine Ersatzlieferung organisieren.<\/p>\n\n\n\n<p>Der Austauschprozess h\u00e4ngt von den Ergebnissen der logistischen Untersuchung und der Best\u00e4tigung durch den Versanddienstleister ab.<\/p>\n\n\n\n<h3 class=\"wp-block-heading\">Was passiert, wenn mein Paket nach der Zollabfertigung verloren geht?<\/h3>\n\n\n\n<p>Wenn das Paket bereits die lokale Zollabfertigung durchlaufen hat und in den lokalen Zustellungsprozess \u00fcbergegangen ist, ist Airmezvip.com nicht verantwortlich f\u00fcr Verlust, Diebstahl, fehlgeschlagene Zustellung oder Zustellungsprobleme, die durch den lokalen Kurier verursacht wurden.<\/p>\n\n\n\n<p>Diese Situation ist zwar unwahrscheinlich, aber die Kunden m\u00fcssen die Lieferadresse vor der Bestellung sorgf\u00e4ltig best\u00e4tigen.<\/p>\n\n\n\n<h3 class=\"wp-block-heading\">Was ist, wenn ich eine falsche Lieferadresse angegeben habe?<\/h3>\n\n\n\n<p>Die Kunden sind f\u00fcr die Angabe genauer Versandinformationen verantwortlich.<\/p>\n\n\n\n<p>Airmezvip.com ist nicht verantwortlich f\u00fcr Paketverluste, fehlgeschlagene Zustellungen, Verz\u00f6gerungen oder fehlende Unterschriften, die durch falsche oder unvollst\u00e4ndige Versandinformationen verursacht wurden.<\/p>\n\n\n\n<p>Bitte \u00fcberpr\u00fcfen Sie sorgf\u00e4ltig Ihren Namen, Ihre Telefonnummer, Ihre Postleitzahl, Ihre Stadt, Ihr Land und Ihre vollst\u00e4ndige Adresse, bevor Sie eine Bestellung aufgeben.<\/p>\n\n\n\n<h2 class=\"wp-block-heading\">Fragen zu R\u00fcckgabe und R\u00fcckerstattung<\/h2>\n\n\n\n<h3 class=\"wp-block-heading\">Kann ich meine Bestellung zur\u00fcckgeben?<\/h3>\n\n\n\n<p>Kunden k\u00f6nnen eine R\u00fcckgabe innerhalb von <strong>7 Tage nach Erhalt der Ware<\/strong>.<\/p>\n\n\n\n<p>R\u00fcckgabeantr\u00e4ge m\u00fcssen innerhalb von 7 Tagen nach der Lieferung beim Kundendienst eingereicht werden.<\/p>\n\n\n\n<p>Die Produkte m\u00fcssen in der Regel unbenutzt, gegebenenfalls unge\u00f6ffnet und in der Originalverpackung sein.<\/p>\n\n\n\n<h3 class=\"wp-block-heading\">K\u00f6nnen ge\u00f6ffnete E-Zigarettenprodukte zur\u00fcckgegeben werden?<\/h3>\n\n\n\n<p>Aus Gr\u00fcnden der Hygiene, der Sicherheit und der Produktintegrit\u00e4t k\u00f6nnen ge\u00f6ffnete oder benutzte E-Zigarettenprodukte nicht zur\u00fcckgegeben werden.<\/p>\n\n\n\n<p>Die R\u00fcckgabeberechtigung h\u00e4ngt vom Zustand des Produkts, dem Zustand der Verpackung, dem Grund f\u00fcr die R\u00fcckgabe und der Bewertung durch den Kundendienst ab.<\/p>\n\n\n\n<h3 class=\"wp-block-heading\">Wie kann ich eine R\u00fccksendung beantragen?<\/h3>\n\n\n\n<p>Bitte wenden Sie sich an den Kundendienst und geben Sie Ihre Kontaktdaten an:<\/p>\n\n\n\n<ul class=\"wp-block-list\">\n<li>Bestellnummer<\/li>\n\n\n\n<li>Produktname oder Modell<\/li>\n\n\n\n<li>Menge<\/li>\n\n\n\n<li>Grund f\u00fcr die R\u00fcckgabe<\/li>\n\n\n\n<li>Fotos oder Videos, falls erforderlich<\/li>\n\n\n\n<li>Liefertermin<\/li>\n\n\n\n<li>Ihre Kontaktinformationen<\/li>\n<\/ul>\n\n\n\n<p>Bitte senden Sie kein Produkt zur\u00fcck, ohne vorher den Kundendienst zu kontaktieren.<\/p>\n\n\n\n<h3 class=\"wp-block-heading\">Wie lange dauert eine Erstattung?<\/h3>\n\n\n\n<p>Nachdem eine Erstattung genehmigt wurde, wird sie in der Regel innerhalb von <strong>3-10 Arbeitstage<\/strong>.<\/p>\n\n\n\n<p>In den meisten F\u00e4llen wird die Erstattung auf die urspr\u00fcngliche Zahlungsmethode zur\u00fcck\u00fcberwiesen.<\/p>\n\n\n\n<h3 class=\"wp-block-heading\">Wie werden Erstattungen von USDT oder Bank\u00fcberweisungen gehandhabt?<\/h3>\n\n\n\n<p>F\u00fcr R\u00fcckerstattungen per USDT, Bank\u00fcberweisung oder telegrafischer \u00dcberweisung m\u00fcssen sich die Kunden an den Kundendienst wenden und die korrekten Daten des Empf\u00e4ngerkontos angeben.<\/p>\n\n\n\n<p>F\u00fcr USDT-R\u00fcckerstattungen m\u00fcssen die Kunden angeben:<\/p>\n\n\n\n<ul class=\"wp-block-list\">\n<li>Korrekte Brieftaschenadresse<\/li>\n\n\n\n<li>Korrektes Blockchain-Netzwerk<\/li>\n\n\n\n<li>Best\u00e4tigung des Empf\u00e4ngers<\/li>\n<\/ul>\n\n\n\n<p>F\u00fcr R\u00fcckerstattungen per Bank\u00fcberweisung m\u00fcssen die Kunden genaue Angaben zu ihrem Bankkonto machen.<\/p>\n\n\n\n<p>Airmezvip.com ist nicht verantwortlich f\u00fcr fehlgeschlagene oder verz\u00f6gerte R\u00fcckerstattungen, die durch falsche Kontoinformationen verursacht wurden.<\/p>\n\n\n\n<h2 class=\"wp-block-heading\">Fragen zu Zoll und Compliance<\/h2>\n\n\n\n<h3 class=\"wp-block-heading\">Bin ich f\u00fcr die \u00f6rtlichen Gesetze und Einfuhrbestimmungen verantwortlich?<\/h3>\n\n\n\n<p>Ja.<\/p>\n\n\n\n<p>Die Kunden sind daf\u00fcr verantwortlich, die Gesetze, Einfuhrbestimmungen, Zollvorschriften, Steuervorschriften und Vorschriften f\u00fcr E-Zigaretten in ihrem Land oder ihrer Region zu kennen und zu befolgen.<\/p>\n\n\n\n<p>Bevor Sie eine Bestellung aufgeben, vergewissern Sie sich bitte, ob das Produkt in Ihrem Zielland oder Ihrer Zielregion legal erworben, eingef\u00fchrt, erhalten, besessen oder weiterverkauft werden darf.<\/p>\n\n\n\n<h3 class=\"wp-block-heading\">Muss ich Zollgeb\u00fchren oder Steuern zahlen?<\/h3>\n\n\n\n<p>Abh\u00e4ngig von Ihrem Land oder Ihrer Region k\u00f6nnen f\u00fcr Ihre Bestellung Geb\u00fchren anfallen:<\/p>\n\n\n\n<ul class=\"wp-block-list\">\n<li>Einfuhrz\u00f6lle<\/li>\n\n\n\n<li>Mehrwertsteuer oder GST<\/li>\n\n\n\n<li>Zollkontrolle<\/li>\n\n\n\n<li>Lokale Steuern<\/li>\n\n\n\n<li>Bearbeitungsgeb\u00fchren f\u00fcr die Lieferung<\/li>\n\n\n\n<li>Einfuhrbeschr\u00e4nkungen<\/li>\n\n\n\n<li>Kontrolle der Einhaltung der Produktvorschriften<\/li>\n<\/ul>\n\n\n\n<p>Der Kunde ist f\u00fcr Z\u00f6lle, Steuern und gegebenenfalls f\u00fcr die Einhaltung lokaler Vorschriften verantwortlich.<\/p>\n\n\n\n<h2 class=\"wp-block-heading\">Fragen zum Kundenservice<\/h2>\n\n\n\n<h3 class=\"wp-block-heading\">Wie kann ich Airmezvip.com kontaktieren?<\/h3>\n\n\n\n<p>Sie k\u00f6nnen uns \u00fcber folgende Adresse kontaktieren:<\/p>\n\n\n\n<p><strong>WhatsApp:<\/strong> +44 7922291211<br><strong>E-Mail:<\/strong> <a>chunghwashop11@gmail.com<\/a><br><strong>Facebook Messenger:<\/strong> <a href=\"https:\/\/m.me\/Chunghwashop\">https:\/\/m.me\/Chunghwashop<\/a><\/p>\n\n\n\n<h3 class=\"wp-block-heading\">Wie sind die \u00d6ffnungszeiten Ihres Kundendienstes?<\/h3>\n\n\n\n<p>Unsere Kundendienstzeiten sind:<\/p>\n\n\n\n<p><strong>Montag - Freitag:<\/strong> 09:00 - 18:00<br><strong>Samstag - Sonntag:<\/strong> 10:00 - 17:00<br><strong>Zeitzone:<\/strong> UK Zeit<\/p>\n\n\n\n<p>Nachrichten, die au\u00dferhalb der Gesch\u00e4ftszeiten eingehen, werden in der n\u00e4chsten Dienstzeit beantwortet.<\/p>\n\n\n\n<h3 class=\"wp-block-heading\">Welche Informationen sollte ich angeben, wenn ich den Kundendienst kontaktiere?<\/h3>\n\n\n\n<p>Damit wir Ihnen schneller antworten k\u00f6nnen, bitten wir Sie um Ihre Angaben:<\/p>\n\n\n\n<ul class=\"wp-block-list\">\n<li>Ihre Auftragsnummer, falls vorhanden<\/li>\n\n\n\n<li>Modell des Produkts<\/li>\n\n\n\n<li>Menge<\/li>\n\n\n\n<li>Geschmacksanfrage<\/li>\n\n\n\n<li>Bestimmungsland<\/li>\n\n\n\n<li>Zahlungsstatus<\/li>\n\n\n\n<li>Tracking-Nummer, falls vorhanden<\/li>\n\n\n\n<li>Klare Beschreibung Ihrer Frage<\/li>\n<\/ul>\n\n\n\n<h2 class=\"wp-block-heading\">Schneller Kontakt<\/h2>\n\n\n\n<p>Ben\u00f6tigen Sie Hilfe zu Airmez-Produkten, Gro\u00dfhandelspreisen, Versand, R\u00fccksendungen oder Bestellunterst\u00fctzung?<\/p>\n\n\n\n<p>Bitte kontaktieren Sie Airmezvip.com:<\/p>\n\n\n\n<p><strong>Website:<\/strong> airmezvip.com<br><strong>WhatsApp:<\/strong> +44 7922291211<br><strong>E-Mail:<\/strong> <a>chunghwashop11@gmail.com<\/a><br><strong>Facebook Messenger:<\/strong> <a href=\"https:\/\/m.me\/Chunghwashop\">https:\/\/m.me\/Chunghwashop<\/a><\/p>\n\n\n\n<p>Airmezvip.com bedient haupts\u00e4chlich erwachsene Kunden und Gro\u00dfhandelskunden in Europa, dem Vereinigten K\u00f6nigreich und Australien. Kunden sollten 21 Jahre alt oder \u00e4lter sein, bevor sie E-Zigarettenprodukte kaufen.<\/p>","protected":false},"excerpt":{"rendered":"<p>Frequently Asked Questions About Airmezvip.com Welcome to the Airmezvip FAQ page. Here you can find quick answers about Airmez e-cigarettes, wholesale orders, shipping, payment, returns, refunds, and customer support. Airmezvip.com mainly serves adult customers and wholesale buyers in Europe, the United Kingdom, and Australia. General Questions What is Airmezvip.com? Airmezvip.com is an online store focused [&hellip;]<\/p>\n","protected":false},"author":1,"featured_media":0,"parent":0,"menu_order":0,"comment_status":"closed","ping_status":"closed","template":"","meta":{"_joinchat":[],"footnotes":""},"class_list":["post-652","page","type-page","status-publish","hentry"],"_links":{"self":[{"href":"https:\/\/airmezvip.com\/de\/wp-json\/wp\/v2\/pages\/652","targetHints":{"allow":["GET"]}}],"collection":[{"href":"https:\/\/airmezvip.com\/de\/wp-json\/wp\/v2\/pages"}],"about":[{"href":"https:\/\/airmezvip.com\/de\/wp-json\/wp\/v2\/types\/page"}],"author":[{"embeddable":true,"href":"https:\/\/airmezvip.com\/de\/wp-json\/wp\/v2\/users\/1"}],"replies":[{"embeddable":true,"href":"https:\/\/airmezvip.com\/de\/wp-json\/wp\/v2\/comments?post=652"}],"version-history":[{"count":1,"href":"https:\/\/airmezvip.com\/de\/wp-json\/wp\/v2\/pages\/652\/revisions"}],"predecessor-version":[{"id":653,"href":"https:\/\/airmezvip.com\/de\/wp-json\/wp\/v2\/pages\/652\/revisions\/653"}],"wp:attachment":[{"href":"https:\/\/airmezvip.com\/de\/wp-json\/wp\/v2\/media?parent=652"}],"curies":[{"name":"wp","href":"https:\/\/api.w.org\/{rel}","templated":true}]}}