{"id":629,"date":"2026-05-04T05:08:26","date_gmt":"2026-05-04T05:08:26","guid":{"rendered":"https:\/\/airmezvip.com\/?page_id=629"},"modified":"2026-05-04T05:08:26","modified_gmt":"2026-05-04T05:08:26","slug":"about-us","status":"publish","type":"page","link":"https:\/\/airmezvip.com\/de\/about-us\/","title":{"rendered":"\u00dcber uns"},"content":{"rendered":"<p><a href=\"https:\/\/airmezvip.com\/de\/\">Airmezvip<\/a> ist ein Online-Shop, der sich auf Airmez-E-Zigaretten f\u00fcr erwachsene Kunden in <strong>Europa und Australien<\/strong>.<\/p>\n\n\n\n<p>Unsere Website ist f\u00fcr K\u00e4ufer gedacht, die klare Produktinformationen, reichhaltige Geschmacksoptionen, praktische Bestellunterst\u00fctzung und einen flexiblen Gro\u00dfhandelsservice w\u00fcnschen. Wir bieten haupts\u00e4chlich Airmez Vape-Produkte f\u00fcr den europ\u00e4ischen und australischen Markt, einschlie\u00dflich High-Puff Einweg-Vapes, Multi-Flavor-Modelle, wiederaufladbare Ger\u00e4te und Gro\u00dfhandel-ready Produkt-Optionen.<\/p>\n\n\n\n<p>Airmezvip wird betrieben von <strong>WELTWEITES HANDELSSYSTEM LIMITEDVANTAGE<\/strong>.<\/p>\n\n\n\n<p><strong>Adresse des Unternehmens:<\/strong><br>Raum I-1, 4\/F, Golden Dragon Industrial Centre Phase II, 162-170 Tai Lin Pai Road, Kwai Chung, New Territories, Hongkong<\/p>\n\n\n\n<p><strong>UK Warehouse Adresse:<\/strong><br>Suite 12, 48 High Street, Birmingham, B4 7SR, UK<\/p>\n\n\n\n<p>Mit der Unterst\u00fctzung von Produktlieferungen und Lagerressourcen m\u00f6chte Airmezvip erwachsenen Kunden, Einzelh\u00e4ndlern, Wiederverk\u00e4ufern und Gro\u00dfhandelsk\u00e4ufern, insbesondere in Europa und Australien, ein reibungsloseres Einkaufserlebnis bieten.<\/p>\n\n\n\n<h2 class=\"wp-block-heading\">Wer wir sind<\/h2>\n\n\n\n<p>Airmezvip wurde gegr\u00fcndet, um erwachsenen Vape-K\u00e4ufern, die Airmez E-Zigaretten suchen, mit einer klaren Modellauswahl und zuverl\u00e4ssigem Service zu dienen.<\/p>\n\n\n\n<p>Unsere Hauptkunden sind aus:<\/p>\n\n\n\n<ul class=\"wp-block-list\">\n<li>Europa<\/li>\n\n\n\n<li>Australien<\/li>\n\n\n\n<li>Das Vereinigte K\u00f6nigreich<\/li>\n\n\n\n<li>Vape-L\u00e4den<\/li>\n\n\n\n<li>Online-Einzelh\u00e4ndler<\/li>\n\n\n\n<li>Vertriebspartner<\/li>\n\n\n\n<li>Wiederverk\u00e4ufer<\/li>\n\n\n\n<li>Gro\u00dfabnehmer<\/li>\n<\/ul>\n\n\n\n<p>Wir wissen, dass sich europ\u00e4ische und australische Kunden vor einer Bestellung h\u00e4ufig \u00fcber Produktverf\u00fcgbarkeit, Geschmacksoptionen, Nikotinst\u00e4rke, Liefergeschwindigkeit und Gro\u00dfhandelspreise informieren.<\/p>\n\n\n\n<p>Deshalb konzentriert sich Airmezvip auf einfache Produktseiten, klare Produktdetails und einen reaktionsschnellen Kundensupport.<\/p>\n\n\n\n<p>Ganz gleich, ob Sie f\u00fcr den pers\u00f6nlichen Gebrauch, den Wiederverkauf im Einzelhandel oder den Gro\u00dfhandel kaufen m\u00f6chten, unser Team kann Ihnen helfen, die verf\u00fcgbaren Airmez-Modelle und Bestelloptionen zu verstehen.<\/p>\n\n\n\n<h2 class=\"wp-block-heading\">Was wir verkaufen<\/h2>\n\n\n\n<p>Airmezvip konzentriert sich auf Airmez-E-Zigarettenprodukte f\u00fcr erwachsene Kunden.<\/p>\n\n\n\n<p>Unsere Produktkategorien umfassen haupts\u00e4chlich:<\/p>\n\n\n\n<ul class=\"wp-block-list\">\n<li>Airmez-E-Zigaretten f\u00fcr Europa<\/li>\n\n\n\n<li>Airmez E-Zigaretten f\u00fcr Australien<\/li>\n\n\n\n<li>Einweg-Vape-Produkte mit hoher Puste<\/li>\n\n\n\n<li>Airmez-Vaporizer mit mehreren Aromen<\/li>\n\n\n\n<li>Wiederaufladbare Airmez-Modelle<\/li>\n\n\n\n<li>Airmez-Optionen f\u00fcr Einzel- und Gro\u00dfhandel<\/li>\n<\/ul>\n\n\n\n<p>Einige Airmez-Produkte verf\u00fcgen \u00fcber Funktionen wie Mesh-Coil-Technologie, Typ-C-Aufladung, gro\u00dfe E-Liquid-Kapazit\u00e4t, mehrere Geschmacksrichtungen und verschiedene Nikotinst\u00e4rken.<\/p>\n\n\n\n<p>Unser Ziel ist es, die Produktinformationen \u00fcbersichtlich darzustellen, damit die Kunden die Modelle vergleichen und vor der Bestellung die passenden Produkte ausw\u00e4hlen k\u00f6nnen.<\/p>\n\n\n\n<h2 class=\"wp-block-heading\">Konzentration auf Europa und Australien<\/h2>\n\n\n\n<p>Airmezvip bedient haupts\u00e4chlich den europ\u00e4ischen und den australischen Markt.<\/p>\n\n\n\n<p>Diese beiden M\u00e4rkte sind f\u00fcr uns wichtig, weil viele Kunden in diesen Regionen E-Zigaretten mit hohem Puff-Wert, eine gro\u00dfe Geschmacksvielfalt, bequeme Bestellm\u00f6glichkeiten und einen schnellen Lieferservice suchen.<\/p>\n\n\n\n<p>F\u00fcr europ\u00e4ische Kunden kann die Unterst\u00fctzung durch unser britisches Lager dazu beitragen, die Effizienz bei der Bearbeitung bestimmter Auftr\u00e4ge zu verbessern.<\/p>\n\n\n\n<p>F\u00fcr australische Kunden bieten wir auch Produktoptionen und Bestellunterst\u00fctzung auf der Grundlage der verf\u00fcgbaren Airmez-Modelle und der aktuellen Versandvereinbarungen.<\/p>\n\n\n\n<p>Die tats\u00e4chliche Lieferzeit kann je nach Produktbestand, Bestimmungsort, Zollabfertigung und lokalem Kurierdienst variieren.<\/p>\n\n\n\n<h2 class=\"wp-block-heading\">Warum Airmezvip w\u00e4hlen?<\/h2>\n\n\n\n<p>Airmezvip setzt auf eine gezielte Produktauswahl, klare Kommunikation und flexible Bestellm\u00f6glichkeiten f\u00fcr Europa und Australien.<\/p>\n\n\n\n<h3 class=\"wp-block-heading\">1. Airmez-fokussierte Produktauswahl<\/h3>\n\n\n\n<p>Airmezvip ist spezialisiert auf Airmez E-Zigaretten.<\/p>\n\n\n\n<p>Anstatt zu viele unzusammenh\u00e4ngende Vape-Produkte aufzulisten, konzentrieren wir uns auf Airmez-Modelle, die f\u00fcr erwachsene Kunden und Gro\u00dfhandelsk\u00e4ufer in Europa und Australien geeignet sind.<\/p>\n\n\n\n<p>Dies erleichtert das Durchsuchen von Produkten, den Vergleich von Funktionen und die Auswahl des richtigen Modells.<\/p>\n\n\n\n<h3 class=\"wp-block-heading\">2. Klare Produktinformation<\/h3>\n\n\n\n<p>Jede Produktseite ist so gestaltet, dass sie vor dem Kauf n\u00fctzliche Details enth\u00e4lt.<\/p>\n\n\n\n<p>Die Kunden k\u00f6nnen Informationen wie z. B.:<\/p>\n\n\n\n<ul class=\"wp-block-list\">\n<li>Modell des Produkts<\/li>\n\n\n\n<li>Anzahl der Puffs<\/li>\n\n\n\n<li>Geschmacksliste<\/li>\n\n\n\n<li>Nikotinst\u00e4rke<\/li>\n\n\n\n<li>Art der Aufladung<\/li>\n\n\n\n<li>Typ der Spule<\/li>\n\n\n\n<li>Verpackungsmenge<\/li>\n\n\n\n<li>Verf\u00fcgbarkeit im Einzel- oder Gro\u00dfhandel<\/li>\n<\/ul>\n\n\n\n<p>Klare Informationen helfen den Kunden, bessere Kaufentscheidungen zu treffen.<\/p>\n\n\n\n<h3 class=\"wp-block-heading\">3. Schnellerer Liefersupport f\u00fcr Europa und Australien<\/h3>\n\n\n\n<p>Airmezvip unterst\u00fctzt den weltweiten Versand, aber <strong>Europa und Australien sind unsere wichtigsten Dienstleistungsm\u00e4rkte<\/strong>.<\/p>\n\n\n\n<p>Die Lieferung in diese Regionen erfolgt in der Regel schneller, da wir uns mehr auf die Produktverf\u00fcgbarkeit, die logistische Unterst\u00fctzung und die Auftragsabwicklung f\u00fcr diese Zielorte konzentrieren.<\/p>\n\n\n\n<p>Kunden au\u00dferhalb Europas und Australiens wenden sich bitte vor der Bestellung an unseren Kundendienst, um die Versandoptionen zu best\u00e4tigen.<\/p>\n\n\n\n<h3 class=\"wp-block-heading\">4. UK-Lagerunterst\u00fctzung<\/h3>\n\n\n\n<p>Die Adresse unseres britischen Lagers lautet:<\/p>\n\n\n\n<p><strong>Suite 12, 48 High Street, Birmingham, B4 7SR, UK<\/strong><\/p>\n\n\n\n<p>Diese Lagerunterst\u00fctzung hilft uns, bestimmte Auftr\u00e4ge im Vereinigten K\u00f6nigreich und in Europa effizienter zu bearbeiten.<\/p>\n\n\n\n<p>F\u00fcr Gro\u00dfeink\u00e4ufer in Europa kann dies besonders n\u00fctzlich sein, wenn es darum geht, den Lagerbestand, die Lieferoptionen und die Auftragsabwicklung zu \u00fcberpr\u00fcfen.<\/p>\n\n\n\n<h3 class=\"wp-block-heading\">5. Unterst\u00fctzung von Gro\u00dfhandelsauftr\u00e4gen<\/h3>\n\n\n\n<p>Airmezvip unterst\u00fctzt Gro\u00dfhandelsbestellungen f\u00fcr Airmez E-Zigaretten.<\/p>\n\n\n\n<p>Die Gro\u00dfhandelspreise richten sich in der Regel nach Produktmodell, Menge, Bestimmungsort und aktuellem Lagerbestand.<\/p>\n\n\n\n<p>Im Allgemeinen gilt: Je gr\u00f6\u00dfer die Gro\u00dfhandelsmenge, desto niedriger der m\u00f6gliche St\u00fcckpreis.<\/p>\n\n\n\n<p>Gro\u00dfabnehmer k\u00f6nnen sich an unseren Kundendienst wenden:<\/p>\n\n\n\n<ul class=\"wp-block-list\">\n<li>Verf\u00fcgbare Airmez-Modelle<\/li>\n\n\n\n<li>Geschmackliche Optionen<\/li>\n\n\n\n<li>Menge der Gro\u00dfbestellung<\/li>\n\n\n\n<li>Preisstufen im Gro\u00dfhandel<\/li>\n\n\n\n<li>Details zur Verpackung<\/li>\n\n\n\n<li>Unterst\u00fctzung beim Versand<\/li>\n\n\n\n<li>Lieferbedingungen<\/li>\n\n\n\n<li>Langfristige Zusammenarbeit<\/li>\n<\/ul>\n\n\n\n<p>Wenn Sie ein Vape-Shop-Besitzer, Wiederverk\u00e4ufer, Distributor oder Online-H\u00e4ndler in Europa oder Australien sind, kann Airmezvip Ihnen helfen, geeignete Airmez-Produkte und Gro\u00dfhandelsoptionen zu pr\u00fcfen.<\/p>\n\n\n\n<h2 class=\"wp-block-heading\">F\u00fcr europ\u00e4ische Kunden<\/h2>\n\n\n\n<p>Airmezvip bietet E-Zigarettenoptionen von Airmez f\u00fcr erwachsene Kunden und Gro\u00dfabnehmer in ganz Europa.<\/p>\n\n\n\n<p>Europ\u00e4ische K\u00e4ufer k\u00f6nnen sich mit uns in Verbindung setzen:<\/p>\n\n\n\n<ul class=\"wp-block-list\">\n<li>Verf\u00fcgbarkeit der Airmez-Produkte<\/li>\n\n\n\n<li>Auswahl der Geschmacksrichtungen<\/li>\n\n\n\n<li>Gro\u00dfhandelspreise<\/li>\n\n\n\n<li>Unterst\u00fctzung f\u00fcr britische Lagerh\u00e4user<\/li>\n\n\n\n<li>Angaben zur Bestellmenge<\/li>\n\n\n\n<li>Informationen zum Versand<\/li>\n\n\n\n<li>Unterst\u00fctzung bei Gro\u00dfeink\u00e4ufen<\/li>\n<\/ul>\n\n\n\n<p>Wir bem\u00fchen uns, den Bestellvorgang f\u00fcr europ\u00e4ische Kunden einfach und \u00fcbersichtlich zu gestalten.<\/p>\n\n\n\n<p>Gro\u00dfhandelskunden wenden sich bitte an den Kundendienst, bevor sie eine gr\u00f6\u00dfere Bestellung aufgeben. Unser Team kann Ihnen helfen, die Verf\u00fcgbarkeit der Modelle, die Auswahl der Geschmacksrichtungen und den voraussichtlichen Versand zu best\u00e4tigen.<\/p>\n\n\n\n<h2 class=\"wp-block-heading\">F\u00fcr australische Kunden<\/h2>\n\n\n\n<p>Airmezvip bedient auch erwachsene Kunden und Gro\u00dfabnehmer in Australien.<\/p>\n\n\n\n<p>Australische K\u00e4ufer k\u00f6nnen sich mit uns in Verbindung setzen:<\/p>\n\n\n\n<ul class=\"wp-block-list\">\n<li>Verf\u00fcgbare Airmez-Modelle<\/li>\n\n\n\n<li>Produktmerkmale<\/li>\n\n\n\n<li>Geschmackliche Optionen<\/li>\n\n\n\n<li>Details zur Sammelbestellung<\/li>\n\n\n\n<li>Unterst\u00fctzung beim Versand<\/li>\n\n\n\n<li>Gro\u00dfhandelspreise<\/li>\n<\/ul>\n\n\n\n<p>Da die Vorschriften und Einfuhrbestimmungen f\u00fcr E-Zigaretten je nach Region unterschiedlich sein k\u00f6nnen, sind die Kunden daf\u00fcr verantwortlich, sich vor dem Kauf \u00fcber die \u00f6rtlichen Gesetze zu informieren und diese zu befolgen.<\/p>\n\n\n\n<p>Unser Team kann Produkt- und Bestellinformationen zur Verf\u00fcgung stellen, aber Kunden sollten immer sicherstellen, dass der Kauf mit den \u00f6rtlichen Vorschriften \u00fcbereinstimmt.<\/p>\n\n\n\n<h2 class=\"wp-block-heading\">Verantwortungsvolle Nutzung durch Erwachsene<\/h2>\n\n\n\n<p>Airmezvip verkauft E-Zigarettenprodukte nur f\u00fcr erwachsene Kunden.<\/p>\n\n\n\n<p>Wir empfehlen, dass die Kunden <strong>21 Jahre alt oder \u00e4lter<\/strong> bevor Sie auf unserer Website einkaufen.<\/p>\n\n\n\n<p>Unsere Produkte k\u00f6nnen Nikotin enthalten. Nikotin ist s\u00fcchtig machend. E-Zigarettenprodukte sind nicht f\u00fcr Minderj\u00e4hrige, Nichtraucher, schwangere oder stillende Frauen oder Personen geeignet, die Nikotinprodukte meiden sollten.<\/p>\n\n\n\n<p>Die Kunden sind daf\u00fcr verantwortlich, vor dem Kauf die Gesetze und Vorschriften in ihrem Land oder ihrer Region zu beachten.<\/p>\n\n\n\n<p>Airmezvip unterst\u00fctzt weder den Gebrauch durch Minderj\u00e4hrige noch den illegalen Weiterverkauf oder den Missbrauch von E-Zigarettenprodukten.<\/p>\n\n\n\n<h2 class=\"wp-block-heading\">Unser Service-Engagement<\/h2>\n\n\n\n<p>Airmezvip hat sich zum Ziel gesetzt, ein klares und zuverl\u00e4ssiges Einkaufserlebnis f\u00fcr erwachsene Kunden in Europa und Australien zu bieten.<\/p>\n\n\n\n<h3 class=\"wp-block-heading\">Klare Produkt-Details<\/h3>\n\n\n\n<p>Wir versuchen, jede Produktseite einfach und n\u00fctzlich zu gestalten, damit die Kunden die wichtigsten Merkmale jedes Airmez-Modells schnell verstehen k\u00f6nnen.<\/p>\n\n\n\n<h3 class=\"wp-block-heading\">Praktische Kundenbetreuung<\/h3>\n\n\n\n<p>Unser Team hilft Ihnen bei der Produktauswahl, bei Fragen zum Geschmack, bei Gro\u00dfhandelsanfragen und bei Versandinformationen.<\/p>\n\n\n\n<h3 class=\"wp-block-heading\">Flexible Einzel- und Gro\u00dfhandelsbestellungen<\/h3>\n\n\n\n<p>Wir unterst\u00fctzen sowohl kleinere Bestellungen als auch gr\u00f6\u00dfere Gro\u00dfhandelsauftr\u00e4ge.<\/p>\n\n\n\n<p>F\u00fcr Gro\u00dfabnehmer k\u00f6nnen gr\u00f6\u00dfere Mengen zu g\u00fcnstigeren St\u00fcckpreisen angeboten werden.<\/p>\n\n\n\n<h3 class=\"wp-block-heading\">Europa und Australien Marktfokus<\/h3>\n\n\n\n<p>Auch wenn wir den weltweiten Versand unterst\u00fctzen, liegt unser Schwerpunkt auf Europa und Australien.<\/p>\n\n\n\n<p>So k\u00f6nnen wir gezieltere Produktinformationen und einen besseren Bestellservice f\u00fcr diese Regionen anbieten.<\/p>\n\n\n\n<h2 class=\"wp-block-heading\">Zusammenarbeit im Gro\u00dfhandel<\/h2>\n\n\n\n<p>Airmezvip begr\u00fc\u00dft die Zusammenarbeit mit Gro\u00dfh\u00e4ndlern aus Europa und Australien.<\/p>\n\n\n\n<p>Wenn Sie ein H\u00e4ndler, ein Vape-Shop, ein Online-Verk\u00e4ufer oder ein Gro\u00dfabnehmer sind, wenden Sie sich bitte an unser Kundendienstteam, bevor Sie eine Gro\u00dfhandelsbestellung aufgeben.<\/p>\n\n\n\n<p>Um ein genaueres Angebot f\u00fcr den Gro\u00dfhandel zu erhalten, geben Sie bitte an:<\/p>\n\n\n\n<ul class=\"wp-block-list\">\n<li>Modell des Produkts<\/li>\n\n\n\n<li>Erforderliche Menge<\/li>\n\n\n\n<li>Auswahl der Geschmacksrichtungen<\/li>\n\n\n\n<li>Bestimmungsland<\/li>\n\n\n\n<li>Einzel- oder Gro\u00dfhandelszwecke<\/li>\n\n\n\n<li>Bevorzugte Lieferbedingungen<\/li>\n<\/ul>\n\n\n\n<p>Je mehr Informationen Sie uns zur Verf\u00fcgung stellen, desto einfacher ist es f\u00fcr unser Team, die Produktverf\u00fcgbarkeit zu pr\u00fcfen und entsprechende Unterst\u00fctzung anzubieten.<\/p>\n\n\n\n<h2 class=\"wp-block-heading\">Unser Auftrag<\/h2>\n\n\n\n<p>Unser Ziel ist es, den Einkauf von E-Zigaretten bei Airmez f\u00fcr erwachsene Kunden in Europa und Australien einfacher und \u00fcbersichtlicher zu gestalten.<\/p>\n\n\n\n<p>Wir m\u00f6chten, dass Airmezvip ein fokussiertes Online-Ziel f\u00fcr Airmez-Produkte wird, wo Kunden Modelle vergleichen, Produkteigenschaften verstehen, Gro\u00dfhandelspreise erfragen und praktische Bestellunterst\u00fctzung erhalten k\u00f6nnen.<\/p>\n\n\n\n<p>Wir konzentrieren uns auf:<\/p>\n\n\n\n<ul class=\"wp-block-list\">\n<li>Airmez E-Zigaretten-Produkte<\/li>\n\n\n\n<li>Marktunterst\u00fctzung in Europa und Australien<\/li>\n\n\n\n<li>Klare Produktinformation<\/li>\n\n\n\n<li>Verantwortungsvolle Verk\u00e4ufe nur f\u00fcr Erwachsene<\/li>\n\n\n\n<li>Bestellservice f\u00fcr Gro\u00dfh\u00e4ndler<\/li>\n\n\n\n<li>Bessere Preise f\u00fcr gr\u00f6\u00dfere Mengen<\/li>\n\n\n\n<li>Praktische Kundenkommunikation<\/li>\n<\/ul>\n\n\n\n<p>Airmezvip ist hier, um erwachsenen Kunden und Gro\u00dfh\u00e4ndlern zu helfen, geeignete Airmez-Produkte mit Vertrauen zu finden.<\/p>\n\n\n\n<h2 class=\"wp-block-heading\">Kontakt<\/h2>\n\n\n\n<p>Haben Sie Fragen zu Airmez E-Zigaretten, Gro\u00dfhandelspreisen, Versand oder Produktverf\u00fcgbarkeit?<\/p>\n\n\n\n<p>Bitte kontaktieren Sie unseren Kundenservice.<\/p>\n\n\n\n<p>Bei Gro\u00dfhandelsanfragen geben Sie bitte Ihr Produktmodell, die Menge, die gew\u00fcnschte Geschmacksrichtung und das Zielland an. Unser Team wird Ihnen helfen, die verf\u00fcgbaren Optionen zu pr\u00fcfen und Sie bei der Bestellung unterst\u00fctzen.<\/p>\n\n\n\n<p><strong>Name des Unternehmens:<\/strong> WELTWEITES HANDELSSYSTEM LIMITEDVANTAGE<br><strong>Adresse des Unternehmens:<\/strong> Raum I-1, 4\/F, Golden Dragon Industrial Centre Phase II, 162-170 Tai Lin Pai Road, Kwai Chung, New Territories, Hongkong<br><strong>UK Warehouse Adresse:<\/strong> Suite 12, 48 High Street, Birmingham, B4 7SR, UK<\/p>\n\n\n\n<p>Airmezvip bedient haupts\u00e4chlich erwachsene Kunden und Gro\u00dfh\u00e4ndler in Europa und Australien mit klaren Produktinformationen, flexibler Unterst\u00fctzung f\u00fcr Gro\u00dfh\u00e4ndler und praktischem Versandservice.<\/p>","protected":false},"excerpt":{"rendered":"<p>Airmezvip is an online store focused on Airmez e-cigarettes for adult customers in Europe and Australia. Our website is designed for buyers who want clear product information, rich flavor options, practical order support, and flexible wholesale service. We mainly provide Airmez vape products for the European and Australian markets, including high-puff disposable vapes, multi-flavor models, [&hellip;]<\/p>\n","protected":false},"author":1,"featured_media":0,"parent":0,"menu_order":0,"comment_status":"closed","ping_status":"closed","template":"","meta":{"_joinchat":[],"footnotes":""},"class_list":["post-629","page","type-page","status-publish","hentry"],"_links":{"self":[{"href":"https:\/\/airmezvip.com\/de\/wp-json\/wp\/v2\/pages\/629","targetHints":{"allow":["GET"]}}],"collection":[{"href":"https:\/\/airmezvip.com\/de\/wp-json\/wp\/v2\/pages"}],"about":[{"href":"https:\/\/airmezvip.com\/de\/wp-json\/wp\/v2\/types\/page"}],"author":[{"embeddable":true,"href":"https:\/\/airmezvip.com\/de\/wp-json\/wp\/v2\/users\/1"}],"replies":[{"embeddable":true,"href":"https:\/\/airmezvip.com\/de\/wp-json\/wp\/v2\/comments?post=629"}],"version-history":[{"count":1,"href":"https:\/\/airmezvip.com\/de\/wp-json\/wp\/v2\/pages\/629\/revisions"}],"predecessor-version":[{"id":630,"href":"https:\/\/airmezvip.com\/de\/wp-json\/wp\/v2\/pages\/629\/revisions\/630"}],"wp:attachment":[{"href":"https:\/\/airmezvip.com\/de\/wp-json\/wp\/v2\/media?parent=629"}],"curies":[{"name":"wp","href":"https:\/\/api.w.org\/{rel}","templated":true}]}}